{"id":10285,"date":"2022-05-20T13:03:06","date_gmt":"2022-05-20T13:03:06","guid":{"rendered":"https:\/\/deveho2.sfdbeta.be\/business-intelligence\/"},"modified":"2025-10-31T14:38:28","modified_gmt":"2025-10-31T12:38:28","slug":"business-intelligence","status":"publish","type":"page","link":"https:\/\/deveho.com\/sk\/sluzby\/business-intelligence\/","title":{"rendered":"Business Intelligence"},"content":{"rendered":"<br \/>\n<h2><red>Business Intelligence V\u00fdzvy <\/red><\/h2>\n<h3>D\u00e1ta rast\u00fa v priemere o 56 % ro\u010dne.<\/h3>\n<p><p>Pre podnikov\u00fdch l\u00eddrov sa stalo kritick\u00fdm, aby sa vyhli neusporiadan\u00fdm d\u00e1tam a mali pr\u00edstup k presn\u00fdm \u00fadajom a preh\u013eadom potrebn\u00fdm na m\u00fadre a v\u010dasn\u00e9 rozhodnutia.<\/p>\n<\/p>\n<h3>Prekonajte obchodn\u00fa neistotu pomocou relevantn\u00e9ho a vami prisp\u00f4soben\u00e9ho reportingu<\/h3>\n<p><p>V\u00fdzvy s\u00favisiace s vidite\u013enos\u0165ou v\u00fdkonu, prev\u00e1dzkov\u00fdmi silami, finan\u010dnou zlo\u017eitos\u0165ou a stratami produktivity ved\u00fa k podnikovej neistote.<\/p>\n<\/p>\n<h3>Progres\u00edvne firmy vidia v\u00e4\u010d\u0161iu hodnotu v zdie\u013ean\u00ed poznatkov<\/h3>\n<p><p>Roz\u0161\u00edrenie pr\u00edstupu kolegov k \u00fadajom m\u00f4\u017ee podpori\u0165 zodpovednos\u0165, inov\u00e1cie a vysok\u00fd v\u00fdkon.<\/p>\n<\/p>\n<h3>Poskytnite relevantn\u00e9 inform\u00e1cie <\/h3>\n<p><p>Pou\u017e\u00edvate\u013eovi, aby mohol \u010do najlep\u0161ie usmer\u0148ova\u0165 strat\u00e9giu firmy alebo jej \u010dinnos\u0165.<\/p>\n<\/p>\n<h2><\/h2>\n<h3>Business Intelligence v\u00e1m umo\u017e\u0148uje:<\/h3>\n<h3><\/h3>\n<ul>\n<li>Uve\u010fte svoje podnikanie do s\u00faladu na z\u00e1klade ucelen\u00e9ho s\u00faboru k\u013e\u00fa\u010dov\u00fdch ukazovate\u013eov v\u00fdkonu a meran\u00ed,<\/li>\n<li>Rozhodujte sa r\u00fdchlej\u0161ie,<\/li>\n<li>Zjednodu\u0161te grafick\u00e9 zn\u00e1zornenie ukazovate\u013eov<\/li>\n<li>Prezentujte spo\u013eahliv\u00e9 inform\u00e1cie jednotn\u00fdm sp\u00f4sobom<\/li>\n<li>Ur\u00fdchlite zber a distrib\u00faciu inform\u00e1ci\u00ed pomocou automatiz\u00e1cie<\/li>\n<\/ul>\n<h2>Sage X3 pon\u00faka rie\u0161enie Business Intelligence s n\u00e1zvom Sage Enterprise Intelligence (SEI).<\/h2>\n<p>Integrovan\u00e9 rie\u0161enie BI Sage Enterprise Intelligence pom\u00e1ha va\u0161im pou\u017e\u00edvate\u013eom robi\u0165 tie najlep\u0161ie rozhodnutia r\u00fdchlej\u0161ie so v\u0161etk\u00fdmi relevantn\u00fdmi \u00fadajmi, ktor\u00e9 potrebuj\u00fa.<\/p>\n<p>Pomocou SEI s\u00fa \u00fadaje extrahovan\u00e9, transformovan\u00e9, konsolidovan\u00e9, migrovan\u00e9 a prezentovan\u00e9 v jednoduchej forme, dostupn\u00e9 v re\u00e1lnom \u010dase, v samoobslu\u017enom re\u017eime a nieko\u013ek\u00fdmi kliknutiami.<\/p>\n<p>Ergonomick\u00e9 rie\u0161enie SEI podporuje auton\u00f3miu pou\u017e\u00edvate\u013ea bez potreby \u0161peci\u00e1lnych zru\u010dnost\u00ed.<\/p>\n<h2><\/h2>\n<h3>S\u00favisiace str\u00e1nky<\/h3>\n<\/p>\n<h3><\/h3>\n<\/p>\n<h3><\/h3><\/p>\n","protected":false},"excerpt":{"rendered":"<p>Business Intelligence je zalo\u017een\u00e1 na princ\u00edpe spo\u013eahlivosti pou\u017eit\u00fdch \u00fadajov. Ich spracovanie, ako aj ich formul\u00e1cia v preh\u013eadn\u00fdch spr\u00e1vach zamestnancovi d\u00e1va mo\u017enos\u0165 robi\u0165 spr\u00e1vne rozhodnutia v spr\u00e1vnom \u010dase.<\/p>\n","protected":false},"author":3,"featured_media":0,"parent":10287,"menu_order":0,"comment_status":"closed","ping_status":"closed","template":"templates\/template-prod_serv.php","meta":{"_acf_changed":false,"footnotes":""},"class_list":["post-10285","page","type-page","status-publish","hentry"],"acf":[],"yoast_head":"<!-- This site is optimized with the Yoast SEO plugin v23.5 - https:\/\/yoast.com\/wordpress\/plugins\/seo\/ -->\n<title>Business Intelligence - Deveho<\/title>\n<meta name=\"robots\" content=\"index, follow, max-snippet:-1, max-image-preview:large, max-video-preview:-1\" \/>\n<link rel=\"canonical\" href=\"https:\/\/deveho.com\/sk\/sluzby\/business-intelligence\/\" \/>\n<meta property=\"og:locale\" content=\"sk_SK\" \/>\n<meta property=\"og:type\" content=\"article\" \/>\n<meta property=\"og:title\" content=\"Business Intelligence - Deveho\" \/>\n<meta property=\"og:description\" content=\"Business Intelligence je zalo\u017een\u00e1 na princ\u00edpe spo\u013eahlivosti pou\u017eit\u00fdch \u00fadajov. Ich spracovanie, ako aj ich formul\u00e1cia v preh\u013eadn\u00fdch spr\u00e1vach zamestnancovi d\u00e1va mo\u017enos\u0165 robi\u0165 spr\u00e1vne rozhodnutia v spr\u00e1vnom \u010dase.\" \/>\n<meta property=\"og:url\" content=\"https:\/\/deveho.com\/sk\/sluzby\/business-intelligence\/\" \/>\n<meta property=\"og:site_name\" content=\"Deveho\" \/>\n<meta property=\"article:publisher\" content=\"https:\/\/www.facebook.com\/deveho\" \/>\n<meta property=\"article:modified_time\" content=\"2025-10-31T12:38:28+00:00\" \/>\n<meta name=\"twitter:card\" content=\"summary_large_image\" \/>\n<meta name=\"twitter:site\" content=\"@Deveho1\" \/>\n<meta name=\"twitter:label1\" content=\"Predpokladan\u00fd \u010das \u010d\u00edtania\" \/>\n\t<meta name=\"twitter:data1\" content=\"1 min\u00fata\" \/>\n<script type=\"application\/ld+json\" class=\"yoast-schema-graph\">{\"@context\":\"https:\/\/schema.org\",\"@graph\":[{\"@type\":\"WebPage\",\"@id\":\"https:\/\/deveho.com\/sk\/sluzby\/business-intelligence\/\",\"url\":\"https:\/\/deveho.com\/sk\/sluzby\/business-intelligence\/\",\"name\":\"Business Intelligence - Deveho\",\"isPartOf\":{\"@id\":\"https:\/\/deveho.com\/#website\"},\"datePublished\":\"2022-05-20T13:03:06+00:00\",\"dateModified\":\"2025-10-31T12:38:28+00:00\",\"breadcrumb\":{\"@id\":\"https:\/\/deveho.com\/sk\/sluzby\/business-intelligence\/#breadcrumb\"},\"inLanguage\":\"sk-SK\",\"potentialAction\":[{\"@type\":\"ReadAction\",\"target\":[\"https:\/\/deveho.com\/sk\/sluzby\/business-intelligence\/\"]}]},{\"@type\":\"BreadcrumbList\",\"@id\":\"https:\/\/deveho.com\/sk\/sluzby\/business-intelligence\/#breadcrumb\",\"itemListElement\":[{\"@type\":\"ListItem\",\"position\":1,\"name\":\"Home\",\"item\":\"https:\/\/deveho.com\/sk\/\"},{\"@type\":\"ListItem\",\"position\":2,\"name\":\"Slu\u017eby\",\"item\":\"https:\/\/deveho.com\/sk\/sluzby\/\"},{\"@type\":\"ListItem\",\"position\":3,\"name\":\"Business Intelligence\"}]},{\"@type\":\"WebSite\",\"@id\":\"https:\/\/deveho.com\/#website\",\"url\":\"https:\/\/deveho.com\/\",\"name\":\"Deveho Consulting Group\",\"description\":\"Let\u2019s boost your growth\",\"publisher\":{\"@id\":\"https:\/\/deveho.com\/#organization\"},\"potentialAction\":[{\"@type\":\"SearchAction\",\"target\":{\"@type\":\"EntryPoint\",\"urlTemplate\":\"https:\/\/deveho.com\/?s={search_term_string}\"},\"query-input\":{\"@type\":\"PropertyValueSpecification\",\"valueRequired\":true,\"valueName\":\"search_term_string\"}}],\"inLanguage\":\"sk-SK\"},{\"@type\":\"Organization\",\"@id\":\"https:\/\/deveho.com\/#organization\",\"name\":\"Deveho Consulting Group\",\"url\":\"https:\/\/deveho.com\/\",\"logo\":{\"@type\":\"ImageObject\",\"inLanguage\":\"sk-SK\",\"@id\":\"https:\/\/deveho.com\/#\/schema\/logo\/image\/\",\"url\":\"https:\/\/deveho.com\/wp-content\/uploads\/2023\/02\/DEVEHO-LOGO-Baseline-COLOR.png\",\"contentUrl\":\"https:\/\/deveho.com\/wp-content\/uploads\/2023\/02\/DEVEHO-LOGO-Baseline-COLOR.png\",\"width\":2251,\"height\":585,\"caption\":\"Deveho Consulting Group\"},\"image\":{\"@id\":\"https:\/\/deveho.com\/#\/schema\/logo\/image\/\"},\"sameAs\":[\"https:\/\/www.facebook.com\/deveho\",\"https:\/\/x.com\/Deveho1\",\"https:\/\/www.linkedin.com\/company\/deveho-consulting\/\"]}]}<\/script>\n<!-- \/ Yoast SEO plugin. -->","yoast_head_json":{"title":"Business Intelligence - Deveho","robots":{"index":"index","follow":"follow","max-snippet":"max-snippet:-1","max-image-preview":"max-image-preview:large","max-video-preview":"max-video-preview:-1"},"canonical":"https:\/\/deveho.com\/sk\/sluzby\/business-intelligence\/","og_locale":"sk_SK","og_type":"article","og_title":"Business Intelligence - Deveho","og_description":"Business Intelligence je zalo\u017een\u00e1 na princ\u00edpe spo\u013eahlivosti pou\u017eit\u00fdch \u00fadajov. Ich spracovanie, ako aj ich formul\u00e1cia v preh\u013eadn\u00fdch spr\u00e1vach zamestnancovi d\u00e1va mo\u017enos\u0165 robi\u0165 spr\u00e1vne rozhodnutia v spr\u00e1vnom \u010dase.","og_url":"https:\/\/deveho.com\/sk\/sluzby\/business-intelligence\/","og_site_name":"Deveho","article_publisher":"https:\/\/www.facebook.com\/deveho","article_modified_time":"2025-10-31T12:38:28+00:00","twitter_card":"summary_large_image","twitter_site":"@Deveho1","twitter_misc":{"Predpokladan\u00fd \u010das \u010d\u00edtania":"1 min\u00fata"},"schema":{"@context":"https:\/\/schema.org","@graph":[{"@type":"WebPage","@id":"https:\/\/deveho.com\/sk\/sluzby\/business-intelligence\/","url":"https:\/\/deveho.com\/sk\/sluzby\/business-intelligence\/","name":"Business Intelligence - Deveho","isPartOf":{"@id":"https:\/\/deveho.com\/#website"},"datePublished":"2022-05-20T13:03:06+00:00","dateModified":"2025-10-31T12:38:28+00:00","breadcrumb":{"@id":"https:\/\/deveho.com\/sk\/sluzby\/business-intelligence\/#breadcrumb"},"inLanguage":"sk-SK","potentialAction":[{"@type":"ReadAction","target":["https:\/\/deveho.com\/sk\/sluzby\/business-intelligence\/"]}]},{"@type":"BreadcrumbList","@id":"https:\/\/deveho.com\/sk\/sluzby\/business-intelligence\/#breadcrumb","itemListElement":[{"@type":"ListItem","position":1,"name":"Home","item":"https:\/\/deveho.com\/sk\/"},{"@type":"ListItem","position":2,"name":"Slu\u017eby","item":"https:\/\/deveho.com\/sk\/sluzby\/"},{"@type":"ListItem","position":3,"name":"Business Intelligence"}]},{"@type":"WebSite","@id":"https:\/\/deveho.com\/#website","url":"https:\/\/deveho.com\/","name":"Deveho Consulting Group","description":"Let\u2019s boost your growth","publisher":{"@id":"https:\/\/deveho.com\/#organization"},"potentialAction":[{"@type":"SearchAction","target":{"@type":"EntryPoint","urlTemplate":"https:\/\/deveho.com\/?s={search_term_string}"},"query-input":{"@type":"PropertyValueSpecification","valueRequired":true,"valueName":"search_term_string"}}],"inLanguage":"sk-SK"},{"@type":"Organization","@id":"https:\/\/deveho.com\/#organization","name":"Deveho Consulting Group","url":"https:\/\/deveho.com\/","logo":{"@type":"ImageObject","inLanguage":"sk-SK","@id":"https:\/\/deveho.com\/#\/schema\/logo\/image\/","url":"https:\/\/deveho.com\/wp-content\/uploads\/2023\/02\/DEVEHO-LOGO-Baseline-COLOR.png","contentUrl":"https:\/\/deveho.com\/wp-content\/uploads\/2023\/02\/DEVEHO-LOGO-Baseline-COLOR.png","width":2251,"height":585,"caption":"Deveho Consulting Group"},"image":{"@id":"https:\/\/deveho.com\/#\/schema\/logo\/image\/"},"sameAs":["https:\/\/www.facebook.com\/deveho","https:\/\/x.com\/Deveho1","https:\/\/www.linkedin.com\/company\/deveho-consulting\/"]}]}},"_links":{"self":[{"href":"https:\/\/deveho.com\/sk\/wp-json\/wp\/v2\/pages\/10285"}],"collection":[{"href":"https:\/\/deveho.com\/sk\/wp-json\/wp\/v2\/pages"}],"about":[{"href":"https:\/\/deveho.com\/sk\/wp-json\/wp\/v2\/types\/page"}],"author":[{"embeddable":true,"href":"https:\/\/deveho.com\/sk\/wp-json\/wp\/v2\/users\/3"}],"replies":[{"embeddable":true,"href":"https:\/\/deveho.com\/sk\/wp-json\/wp\/v2\/comments?post=10285"}],"version-history":[{"count":1,"href":"https:\/\/deveho.com\/sk\/wp-json\/wp\/v2\/pages\/10285\/revisions"}],"predecessor-version":[{"id":43391,"href":"https:\/\/deveho.com\/sk\/wp-json\/wp\/v2\/pages\/10285\/revisions\/43391"}],"up":[{"embeddable":true,"href":"https:\/\/deveho.com\/sk\/wp-json\/wp\/v2\/pages\/10287"}],"wp:attachment":[{"href":"https:\/\/deveho.com\/sk\/wp-json\/wp\/v2\/media?parent=10285"}],"curies":[{"name":"wp","href":"https:\/\/api.w.org\/{rel}","templated":true}]}}