{"id":10291,"date":"2022-05-20T13:39:35","date_gmt":"2022-05-20T13:39:35","guid":{"rendered":"https:\/\/deveho2.sfdbeta.be\/sluzby\/cloud-hosting\/"},"modified":"2025-12-03T11:40:11","modified_gmt":"2025-12-03T09:40:11","slug":"cloud-hosting","status":"publish","type":"page","link":"https:\/\/deveho.com\/sk\/sluzby\/cloud-hosting\/","title":{"rendered":"Cloud &#038; Hosting"},"content":{"rendered":"<br \/>\n<h2><\/h2>\n<h3>V\u0161eobecn\u00e9 inform\u00e1cie o Cloud x3<\/h3>\n<h3><\/h3>\n<p><p>Sage X3 je mo\u017en\u00e9 implementova\u0165 v re\u017eime \u201eon premise\u201c (na mieste) alebo v re\u017eime hos\u0165ovania (s\u00fakromn\u00fd cloud alebo verejn\u00fd cloud). Sage X3 predstavuje rad nov\u00fdch technologick\u00fdch komponentov, ktor\u00e9 s\u00fa uzn\u00e1van\u00e9 ako najlep\u0161ie a najprogres\u00edvnej\u0161ie vo\u013eby v odvetv\u00ed pre pou\u017e\u00edvanie viacer\u00fdch prehliada\u010dov a mobiln\u00fdch zariaden\u00ed, r\u00fdchlos\u0165 vyh\u013ead\u00e1vania, v\u00fdvoj webov\u00fdch slu\u017eieb, integr\u00e1ciu cloudov\u00fdch datab\u00e1z a spr\u00e1vu dokumentov.<\/p>\n<ul>\n<li><a href=\"https:\/\/deveho.com\/sk\/sluzby\/cloud-hosting\/aws\/\">AWS \u203a<\/a><\/li>\n<li><a href=\"https:\/\/deveho.com\/sk\/sluzby\/cloud-hosting\/ovh\/\">OVH \u203a<\/a><\/li>\n<\/ul>\n<h2><red><b>V\u00fdhody<\/b><\/red>      <\/h2>\n<h3>VYNIKAJ\u00daCI ROZSAH FUNKCI\u00cd A INTEGR\u00c1CIA<\/h3>\n<p><p>Nerobte kompromisy v oblasti podnikov\u00fdch funkci\u00ed pre cloudov\u00e9 technol\u00f3gie. Sage X3 riadi v\u0161etky va\u0161e procesy, od financi\u00ed po distrib\u00faciu a v\u00fdrobu, prostredn\u00edctvom jedine\u010dn\u00e9ho integrovan\u00e9ho cloudov\u00e9ho rie\u0161enia. V\u00fdsledkom s\u00fa zjednodu\u0161en\u00e9 oper\u00e1cie, inform\u00e1cie o va\u0161ich aktivit\u00e1ch v re\u00e1lnom \u010dase a lep\u0161\u00ed v\u00fdkon.<\/p>\n<\/p>\n<h3>VY\u0160\u0160IE PODPORA PRE GLOB\u00c1LNE ORGANIZ\u00c1CIE<\/h3>\n<p><p>Nedovo\u013ete, aby cloudov\u00e9 rie\u0161enia obmedzovali va\u0161e amb\u00edcie expandova\u0165. Sage X3 podporuje riadenie distribuovan\u00fdch a medzin\u00e1rodn\u00fdch oper\u00e1ci\u00ed, riadenie zlo\u017eit\u00fdch organiza\u010dn\u00fdch a reportovac\u00edch \u0161trukt\u00far (multi-spolo\u010dnos\u0165, multi-pobo\u010dka, multi-v\u00fdri\u00f3ba, multi-hlavn\u00e9 knihy a multi-legislat\u00edva).<\/p>\n<\/p>\n<h3>POSTAVEN\u00c9 PRE PREV\u00c1DZKY V \u0160PECIFICK\u00ddCH ODVETVIACH<\/h3>\n<p><p>Nenechajte sa obmedzi\u0165 univerz\u00e1lnymi cloudov\u00fdmi rie\u0161eniami. <a href=\"https:\/\/deveho.com\/sk\/produkty\/sage-x3\/\"><strong>Sage X<\/strong><\/a>3 je prisp\u00f4soben\u00fd pre v\u00fdrobn\u00fd, distribu\u010dn\u00fd a servisn\u00fd priemysel a poskytuje rozsiahle a pripraven\u00e9 funkcie, ktor\u00e9 v\u00e1m umo\u017enia r\u00fdchlej\u0161ie riadi\u0165 va\u0161e oper\u00e1cie a zlep\u0161i\u0165 v\u00fdkon.<\/p>\n<\/p>\n<h3>VYNIKAJ\u00daCA FLEXIBILITA A SCHOPNOSTI PRISP\u00d4SOBOVANIA<\/h3>\n<p><p>Nedovo\u013ete, aby technol\u00f3gie riadili va\u0161e obchodn\u00e9 po\u017eiadavky. Sage X3 je mimoriadne flexibiln\u00fd a d\u00e1 sa prisp\u00f4sobi\u0165 va\u0161im \u0161pecifick\u00fdm obchodn\u00fdm procesom a pracovn\u00fdm tokom. Rie\u0161enie m\u00f4\u017eete pou\u017e\u00edva\u0165 aj v r\u00e1mci vlastnej s\u00fakromnej infra\u0161trukt\u00fary (na mieste alebo hos\u0165ovanej partnerom) bez straty d\u00e1t alebo funk\u010dnosti.<\/p>\n<\/p>\n<h3>VYNIKAJ\u00daCE ZABEZPE\u010cENIE, V\u00ddKON A \u0160K\u00c1LABILITA<\/h3>\n<p><p>Nie v\u0161etky cloudov\u00e9 rie\u0161enia s\u00fa si rovn\u00e9. Sage X3 stavia na \u0161pi\u010dkovej cloudovej infra\u0161trukt\u00fare na poskytovanie naj\u0161k\u00e1lovate\u013enej\u0161ej, najspo\u013eahlivej\u0161ej a najbezpe\u010dnej\u0161ej cloudovej platformy, o \u010dom sved\u010dia po\u010detn\u00e9 certifik\u00e1cie, ktor\u00e9 z\u00edskala, a jej pr\u00edsny s\u00falad s r\u00f4znymi smernicami a region\u00e1lnymi z\u00e1konmi o d\u00f4vernosti.<\/p>\n<\/p>\n<h3>UNIVERZ\u00c1LNY WEB A MOBILN\u00dd PR\u00cdSTUP<\/h3>\n<p><p>Mobilita nie je v\u00fdsadou vrcholov\u00fdch mana\u017e\u00e9rov. So Sage X3 maj\u00fa v\u0161etci pou\u017e\u00edvatelia v\u00fdhodu zabezpe\u010den\u00e9ho pr\u00edstupu ku v\u0161etk\u00fdm \u00fadajom a funkci\u00e1m v syst\u00e9me z ak\u00e9hoko\u013evek prehliada\u010da alebo mobiln\u00e9ho zariadenia, bez oh\u013eadu na ich polohu a na rade be\u017ene pou\u017e\u00edvan\u00fdch termin\u00e1lov. Rozhranie HTML5 zais\u0165uje intuit\u00edvne prehliadanie a umo\u017e\u0148uje jednoduch\u00fa personaliz\u00e1ciu pou\u017e\u00edvate\u013emi.<\/p>\n<\/p>\n<h2><\/h2>\n<h3>S\u00favisiace Str\u00e1nky <\/h3>\n<\/p>\n<h3><\/h3>\n<\/p>\n<h3><\/h3><\/p>\n","protected":false},"excerpt":{"rendered":"<p>Spolo\u010dnos\u0165 Deveho Consulting Group poskytuje cloudov\u00e9 a hostingov\u00e9 slu\u017eby, ktor\u00e9 s\u00fa prisp\u00f4soben\u00e9 tak, aby vyhovovali siln\u00fdm str\u00e1nkam va\u0161ej existuj\u00facej organiz\u00e1cie a z\u00e1rove\u0148 zoh\u013ead\u0148ovali va\u0161e bud\u00face rastov\u00e9 amb\u00edcie.<\/p>\n","protected":false},"author":3,"featured_media":0,"parent":10287,"menu_order":0,"comment_status":"closed","ping_status":"closed","template":"templates\/template-prod_serv.php","meta":{"_acf_changed":false,"footnotes":""},"class_list":["post-10291","page","type-page","status-publish","hentry"],"acf":[],"yoast_head":"<!-- This site is optimized with the Yoast SEO plugin v23.5 - https:\/\/yoast.com\/wordpress\/plugins\/seo\/ -->\n<title>Cloud &amp; Hosting - Deveho<\/title>\n<meta name=\"robots\" content=\"index, follow, max-snippet:-1, max-image-preview:large, max-video-preview:-1\" \/>\n<link rel=\"canonical\" href=\"https:\/\/deveho.com\/sk\/sluzby\/cloud-hosting\/\" \/>\n<meta property=\"og:locale\" content=\"sk_SK\" \/>\n<meta property=\"og:type\" content=\"article\" \/>\n<meta property=\"og:title\" content=\"Cloud &amp; Hosting - Deveho\" \/>\n<meta property=\"og:description\" content=\"Spolo\u010dnos\u0165 Deveho Consulting Group poskytuje cloudov\u00e9 a hostingov\u00e9 slu\u017eby, ktor\u00e9 s\u00fa prisp\u00f4soben\u00e9 tak, aby vyhovovali siln\u00fdm str\u00e1nkam va\u0161ej existuj\u00facej organiz\u00e1cie a z\u00e1rove\u0148 zoh\u013ead\u0148ovali va\u0161e bud\u00face rastov\u00e9 amb\u00edcie.\" \/>\n<meta property=\"og:url\" content=\"https:\/\/deveho.com\/sk\/sluzby\/cloud-hosting\/\" \/>\n<meta property=\"og:site_name\" content=\"Deveho\" \/>\n<meta property=\"article:publisher\" content=\"https:\/\/www.facebook.com\/deveho\" \/>\n<meta property=\"article:modified_time\" content=\"2025-12-03T09:40:11+00:00\" \/>\n<meta name=\"twitter:card\" content=\"summary_large_image\" \/>\n<meta name=\"twitter:site\" content=\"@Deveho1\" \/>\n<meta name=\"twitter:label1\" content=\"Predpokladan\u00fd \u010das \u010d\u00edtania\" \/>\n\t<meta name=\"twitter:data1\" content=\"2 min\u00faty\" \/>\n<script type=\"application\/ld+json\" class=\"yoast-schema-graph\">{\"@context\":\"https:\/\/schema.org\",\"@graph\":[{\"@type\":\"WebPage\",\"@id\":\"https:\/\/deveho.com\/sk\/sluzby\/cloud-hosting\/\",\"url\":\"https:\/\/deveho.com\/sk\/sluzby\/cloud-hosting\/\",\"name\":\"Cloud & Hosting - Deveho\",\"isPartOf\":{\"@id\":\"https:\/\/deveho.com\/#website\"},\"datePublished\":\"2022-05-20T13:39:35+00:00\",\"dateModified\":\"2025-12-03T09:40:11+00:00\",\"breadcrumb\":{\"@id\":\"https:\/\/deveho.com\/sk\/sluzby\/cloud-hosting\/#breadcrumb\"},\"inLanguage\":\"sk-SK\",\"potentialAction\":[{\"@type\":\"ReadAction\",\"target\":[\"https:\/\/deveho.com\/sk\/sluzby\/cloud-hosting\/\"]}]},{\"@type\":\"BreadcrumbList\",\"@id\":\"https:\/\/deveho.com\/sk\/sluzby\/cloud-hosting\/#breadcrumb\",\"itemListElement\":[{\"@type\":\"ListItem\",\"position\":1,\"name\":\"Home\",\"item\":\"https:\/\/deveho.com\/sk\/\"},{\"@type\":\"ListItem\",\"position\":2,\"name\":\"Slu\u017eby\",\"item\":\"https:\/\/deveho.com\/sk\/sluzby\/\"},{\"@type\":\"ListItem\",\"position\":3,\"name\":\"Cloud &#038; Hosting\"}]},{\"@type\":\"WebSite\",\"@id\":\"https:\/\/deveho.com\/#website\",\"url\":\"https:\/\/deveho.com\/\",\"name\":\"Deveho Consulting Group\",\"description\":\"Let\u2019s boost your growth\",\"publisher\":{\"@id\":\"https:\/\/deveho.com\/#organization\"},\"potentialAction\":[{\"@type\":\"SearchAction\",\"target\":{\"@type\":\"EntryPoint\",\"urlTemplate\":\"https:\/\/deveho.com\/?s={search_term_string}\"},\"query-input\":{\"@type\":\"PropertyValueSpecification\",\"valueRequired\":true,\"valueName\":\"search_term_string\"}}],\"inLanguage\":\"sk-SK\"},{\"@type\":\"Organization\",\"@id\":\"https:\/\/deveho.com\/#organization\",\"name\":\"Deveho Consulting Group\",\"url\":\"https:\/\/deveho.com\/\",\"logo\":{\"@type\":\"ImageObject\",\"inLanguage\":\"sk-SK\",\"@id\":\"https:\/\/deveho.com\/#\/schema\/logo\/image\/\",\"url\":\"https:\/\/deveho.com\/wp-content\/uploads\/2023\/02\/DEVEHO-LOGO-Baseline-COLOR.png\",\"contentUrl\":\"https:\/\/deveho.com\/wp-content\/uploads\/2023\/02\/DEVEHO-LOGO-Baseline-COLOR.png\",\"width\":2251,\"height\":585,\"caption\":\"Deveho Consulting Group\"},\"image\":{\"@id\":\"https:\/\/deveho.com\/#\/schema\/logo\/image\/\"},\"sameAs\":[\"https:\/\/www.facebook.com\/deveho\",\"https:\/\/x.com\/Deveho1\",\"https:\/\/www.linkedin.com\/company\/deveho-consulting\/\"]}]}<\/script>\n<!-- \/ Yoast SEO plugin. -->","yoast_head_json":{"title":"Cloud & Hosting - Deveho","robots":{"index":"index","follow":"follow","max-snippet":"max-snippet:-1","max-image-preview":"max-image-preview:large","max-video-preview":"max-video-preview:-1"},"canonical":"https:\/\/deveho.com\/sk\/sluzby\/cloud-hosting\/","og_locale":"sk_SK","og_type":"article","og_title":"Cloud & Hosting - Deveho","og_description":"Spolo\u010dnos\u0165 Deveho Consulting Group poskytuje cloudov\u00e9 a hostingov\u00e9 slu\u017eby, ktor\u00e9 s\u00fa prisp\u00f4soben\u00e9 tak, aby vyhovovali siln\u00fdm str\u00e1nkam va\u0161ej existuj\u00facej organiz\u00e1cie a z\u00e1rove\u0148 zoh\u013ead\u0148ovali va\u0161e bud\u00face rastov\u00e9 amb\u00edcie.","og_url":"https:\/\/deveho.com\/sk\/sluzby\/cloud-hosting\/","og_site_name":"Deveho","article_publisher":"https:\/\/www.facebook.com\/deveho","article_modified_time":"2025-12-03T09:40:11+00:00","twitter_card":"summary_large_image","twitter_site":"@Deveho1","twitter_misc":{"Predpokladan\u00fd \u010das \u010d\u00edtania":"2 min\u00faty"},"schema":{"@context":"https:\/\/schema.org","@graph":[{"@type":"WebPage","@id":"https:\/\/deveho.com\/sk\/sluzby\/cloud-hosting\/","url":"https:\/\/deveho.com\/sk\/sluzby\/cloud-hosting\/","name":"Cloud & Hosting - Deveho","isPartOf":{"@id":"https:\/\/deveho.com\/#website"},"datePublished":"2022-05-20T13:39:35+00:00","dateModified":"2025-12-03T09:40:11+00:00","breadcrumb":{"@id":"https:\/\/deveho.com\/sk\/sluzby\/cloud-hosting\/#breadcrumb"},"inLanguage":"sk-SK","potentialAction":[{"@type":"ReadAction","target":["https:\/\/deveho.com\/sk\/sluzby\/cloud-hosting\/"]}]},{"@type":"BreadcrumbList","@id":"https:\/\/deveho.com\/sk\/sluzby\/cloud-hosting\/#breadcrumb","itemListElement":[{"@type":"ListItem","position":1,"name":"Home","item":"https:\/\/deveho.com\/sk\/"},{"@type":"ListItem","position":2,"name":"Slu\u017eby","item":"https:\/\/deveho.com\/sk\/sluzby\/"},{"@type":"ListItem","position":3,"name":"Cloud &#038; Hosting"}]},{"@type":"WebSite","@id":"https:\/\/deveho.com\/#website","url":"https:\/\/deveho.com\/","name":"Deveho Consulting Group","description":"Let\u2019s boost your growth","publisher":{"@id":"https:\/\/deveho.com\/#organization"},"potentialAction":[{"@type":"SearchAction","target":{"@type":"EntryPoint","urlTemplate":"https:\/\/deveho.com\/?s={search_term_string}"},"query-input":{"@type":"PropertyValueSpecification","valueRequired":true,"valueName":"search_term_string"}}],"inLanguage":"sk-SK"},{"@type":"Organization","@id":"https:\/\/deveho.com\/#organization","name":"Deveho Consulting Group","url":"https:\/\/deveho.com\/","logo":{"@type":"ImageObject","inLanguage":"sk-SK","@id":"https:\/\/deveho.com\/#\/schema\/logo\/image\/","url":"https:\/\/deveho.com\/wp-content\/uploads\/2023\/02\/DEVEHO-LOGO-Baseline-COLOR.png","contentUrl":"https:\/\/deveho.com\/wp-content\/uploads\/2023\/02\/DEVEHO-LOGO-Baseline-COLOR.png","width":2251,"height":585,"caption":"Deveho Consulting Group"},"image":{"@id":"https:\/\/deveho.com\/#\/schema\/logo\/image\/"},"sameAs":["https:\/\/www.facebook.com\/deveho","https:\/\/x.com\/Deveho1","https:\/\/www.linkedin.com\/company\/deveho-consulting\/"]}]}},"_links":{"self":[{"href":"https:\/\/deveho.com\/sk\/wp-json\/wp\/v2\/pages\/10291"}],"collection":[{"href":"https:\/\/deveho.com\/sk\/wp-json\/wp\/v2\/pages"}],"about":[{"href":"https:\/\/deveho.com\/sk\/wp-json\/wp\/v2\/types\/page"}],"author":[{"embeddable":true,"href":"https:\/\/deveho.com\/sk\/wp-json\/wp\/v2\/users\/3"}],"replies":[{"embeddable":true,"href":"https:\/\/deveho.com\/sk\/wp-json\/wp\/v2\/comments?post=10291"}],"version-history":[{"count":5,"href":"https:\/\/deveho.com\/sk\/wp-json\/wp\/v2\/pages\/10291\/revisions"}],"predecessor-version":[{"id":44275,"href":"https:\/\/deveho.com\/sk\/wp-json\/wp\/v2\/pages\/10291\/revisions\/44275"}],"up":[{"embeddable":true,"href":"https:\/\/deveho.com\/sk\/wp-json\/wp\/v2\/pages\/10287"}],"wp:attachment":[{"href":"https:\/\/deveho.com\/sk\/wp-json\/wp\/v2\/media?parent=10291"}],"curies":[{"name":"wp","href":"https:\/\/api.w.org\/{rel}","templated":true}]}}