{"id":10292,"date":"2022-05-20T14:04:36","date_gmt":"2022-05-20T14:04:36","guid":{"rendered":"https:\/\/deveho2.sfdbeta.be\/produkty\/riesenia-sage-xrt\/"},"modified":"2022-10-26T16:08:41","modified_gmt":"2022-10-26T14:08:41","slug":"riesenia-sage-xrt","status":"publish","type":"page","link":"https:\/\/deveho.com\/sk\/produkty\/riesenia-sage-xrt\/","title":{"rendered":"Sage XRT"},"content":{"rendered":"<br \/>\n<h2>Pre\u010do si vybra\u0165 rie\u0161enia Sage XRT?<\/h2>\n<h3>Bezpe\u010dnos\u0165<\/h3>\n<p><p>Certifik\u00e1t ISO 27001\/27018 a ISAE 3402, SWIFTReady for Corporates \u2013 zna\u010dka Cash Management<\/p>\n<\/p>\n<h3>R\u00fdchlos\u0165 a agilita<\/h3>\n<p><p>Integr\u00e1cia rie\u0161enia do 20 dn\u00ed<\/p>\n<\/p>\n<h3>V\u00fdkon<\/h3>\n<div id=\"flexitem-c2c160bab3ef4eeea3840d1427b61c05-1\" class=\"flex-item\">\n<div id=\"stylebox-158b6b18ec2b406ca846335f248bd090-0\" class=\"score-style-box\" data-ux-module=\"score_bootstrap\/Components\/StyleBox\" data-ux-state=\"loaded\">\n<div id=\"highlight-e8e038f240c3433d8ae0a7c178d633bd-0\" class=\"score-highlight highlight--horizontal\">\n<div class=\"caption\">\n<div class=\"score-highlight-body\">100 000 \u00fa\u010dtovn\u00fdch riadkov za 20 sek\u00fand<\/div>\n<\/div>\n<\/div>\n<\/div>\n<\/div>\n<div id=\"flexitem-4ac2555df4cb4237a831f91ef63b4536-1\" class=\"flex-item\">\n<div id=\"stylebox-53bb1a7cced64bffa7db982351240792-0\" class=\"score-style-box\" data-ux-module=\"score_bootstrap\/Components\/StyleBox\" data-ux-state=\"loaded\">\n<div id=\"highlight-72ccb4d4c3a7403686f86acbae58adf1-0\" class=\"score-highlight highlight--horizontal\"><\/div>\n<\/div>\n<\/div>\n<h3>Spo\u013eahlivos\u0165<\/h3>\n<p><p>Rie\u0161enie pou\u017e\u00edvan\u00e9 najv\u00e4\u010d\u0161\u00edmi franc\u00fazskymi bankami<\/p>\n<\/p>\n<h3>Spokojnos\u0165<\/h3>\n<p><p>Rie\u0161enia XRT pou\u017e\u00edva viac ako 2 300 z\u00e1kazn\u00edkov<\/p>\n<\/p>\n<h2>Optimalizova\u0165 riadenie pracovn\u00e9ho kapit\u00e1lu, likvidity, vies\u0165 efekt\u00edvnu strat\u00e9giu a z\u00edska\u0165 konkuren\u010dn\u00fa v\u00fdhodu.<\/h2>\n<h3>Ovl\u00e1danie v\u00e1\u0161ho cash flow<\/h3>\n<p><p>Poh\u013ead na va\u0161u likviditu v re\u00e1lnom \u010dase v\u00e1m umo\u017en\u00ed robi\u0165 d\u00f4sledn\u00e9 kompromisy, sledova\u0165 \u010dinnos\u0165 spolo\u010dnosti a v\u0161etk\u00fdch jej dc\u00e9rskych spolo\u010dnost\u00ed a optimalizova\u0165 vz\u0165ahy s bankov\u00fdmi partnermi.<\/p>\n<\/p>\n<h3>Zos\u00faladenie va\u0161ich finan\u010dn\u00fdch tokov<\/h3>\n<p><p>V\u00fdkonn\u00fd n\u00e1stroj na automatick\u00e9 zos\u00fala\u010fovanie (a\u017e 90 %) optimalizuje \u010dasy spracovania pre ve\u013ek\u00e9 objemy \u00fadajov. Krit\u00e9ri\u00e1 zos\u00faladenia s\u00fa neobmedzen\u00e9, doladen\u00e9 a ve\u013emi pokro\u010dil\u00e9. Manu\u00e1lne zos\u00fala\u010fovanie je v\u00fdrazne u\u013eah\u010den\u00e9 v\u010faka obrazovke, ktor\u00fa si pou\u017e\u00edvate\u013e m\u00f4\u017ee prisp\u00f4sobi\u0165.<\/p>\n<\/p>\n<h3>Riadenie b\u00e1nkov\u00fdch pr\u00e1vomoci\u00ed<\/h3>\n<p><p>Bankov\u00e9 pr\u00e1vomoci s\u00fa z\u00e1kladn\u00fdm prvkom v re\u0165azci finan\u010dn\u00e9ho zabezpe\u010denia spolo\u010dnosti. Definuj\u00fa, kto \u010do m\u00f4\u017ee robi\u0165 na firemn\u00fdch bankov\u00fdch \u00fa\u010dtoch.<\/p>\n<\/p>\n<h3>Reporting<\/h3>\n<p><p>Obchodn\u00e9 dashboardy s k\u013e\u00fa\u010dov\u00fdmi indik\u00e1tormi s\u00fa prisp\u00f4soben\u00e9 pod\u013ea \u010dinnosti spolo\u010dnosti a profilov ka\u017ed\u00e9ho pou\u017e\u00edvate\u013ea. Integrovan\u00fd je n\u00e1vrh\u00e1r zost\u00e1v, ktor\u00fd pon\u00faka mno\u017estvo mo\u017enost\u00ed na anal\u00fdzu \u00fadajov bu\u010f prostredn\u00edctvom mrie\u017eky \u00fadajov, kontingen\u010dnej tabu\u013eky alebo grafu, alebo na export \u00fadajov v r\u00f4znych form\u00e1toch (Excel\u00ae, PDF, in\u00e9 konfigurovate\u013en\u00e9 form\u00e1ty).<\/p>\n<\/p>\n<h3>Spolupracuj\u00faca a otvoren\u00e1 pracovn\u00e1 platforma<\/h3>\n<p><p>U\u013eah\u010duje v\u00fdmeny s finan\u010dn\u00fdmi hr\u00e1\u010dmi va\u0161ej spolo\u010dnosti (pokladn\u00edk, finan\u010dn\u00fd riadite\u013e, banky at\u010f.) a integruje sa s rie\u0161eniami Sage, ako aj so v\u0161etk\u00fdmi ERP syst\u00e9mami na trhu. V\u00fdmena d\u00e1t je u\u013eah\u010den\u00e1 v\u010faka konfigurovate\u013en\u00e9mu rozhraniu obohaten\u00e9mu o prevodn\u00edky.<\/p>\n<\/p>\n<h3>Optimaliz\u00e1cia vz\u0165ahu dc\u00e9rska spolo\u010dnos\u0165-holding<\/h3>\n<p><p>Vn\u00fatroskupinov\u00e1 organiza\u010dn\u00e1 sch\u00e9ma a vz\u0165ah medzi materskou spolo\u010dnos\u0165ou a jej dc\u00e9rskymi spolo\u010dnos\u0165ami by mali by\u0165 definovan\u00e9 pod\u013ea vn\u00fatornej organiz\u00e1cie spolo\u010dnosti. Mo\u017en\u00e9 s\u00fa r\u00f4zne typy vz\u0165ahov, ako napr\u00edklad prevod finan\u010dn\u00fdch prostriedkov alebo p\u00f4\u017ei\u010diek.<\/p>\n<\/p>\n<h3>Zv\u00fd\u0161en\u00e1 produktivita<\/h3>\n<p><p>Platforma, ktor\u00e1 je pr\u00edstupn\u00e1 prostredn\u00edctvom jednoduch\u00e9ho internetov\u00e9ho prehliada\u010da a z r\u00f4znych zariaden\u00ed (po\u010d\u00edta\u010de, tablety, smartf\u00f3ny), pon\u00faka jednoduch\u00fa, intuit\u00edvnu a u\u017e\u00edvate\u013esky pr\u00edvetiv\u00fa navig\u00e1ciu a umo\u017e\u0148uje bezpe\u010dn\u00fd pr\u00edstup kdeko\u013evek a kedyko\u013evek na zdie\u013eanie finan\u010dn\u00fdch inform\u00e1ci\u00ed.<\/p>\n<\/p>\n<h3><red>Vyu\u017eite komplexn\u00fa vidite\u013enos\u0165 va\u0161ej likvidity v re\u00e1lnom \u010dase a optimalizujte svoje finan\u010dn\u00e9 zdroje.<\/red><\/h3>\n<\/p>\n<p>Dostupn\u00e1 technol\u00f3gia<\/p>\n<p>Glob\u00e1lny poh\u013ead na likviditu<\/p>\n<p>Pln\u00e1 kompatibilita<\/p>\n<p>Inteligentnej\u0161ie rozhodnutia<\/p>\n<p>Posilnen\u00e1 bezpe\u010dnos\u0165<\/p>\n<p>Zn\u00ed\u017een\u00e9 rizik\u00e1<\/p>\n<p>Zn\u00ed\u017een\u00e9 n\u00e1klady<\/p>\n<p>Lep\u0161ia efektivita<\/p>\n<p>Bezprobl\u00e9mov\u00e1 integr\u00e1cia<\/p>\n<p>Komplexn\u00e9 riadenie cash flow<\/p>\n<p>Normat\u00edvne dodr\u017eiavanie<\/p>\n<h2><\/h2>\n<h3>S\u00favisiace str\u00e1nky<\/h3>\n<\/p>\n<h3><\/h3>\n<\/p>\n<h3><\/h3><\/p>\n","protected":false},"excerpt":{"rendered":"<p>Rie\u0161enia Sage XRT (Treasury, Business Exchange, Online Banking) umo\u017e\u0148uj\u00fa podnikom na celom svete centralizova\u0165 inform\u00e1cie o pe\u0148a\u017en\u00fdch tokoch, zefekt\u00edvni\u0165 strategick\u00e9 obchodn\u00e9 procesy a automatizova\u0165 finan\u010dn\u00fa komunik\u00e1ciu s obchodn\u00fdmi a bankov\u00fdmi partnermi. . V\u010faka svojim v\u00fdkonn\u00fdm funkci\u00e1m pom\u00e1ha Sage XRT Solutions podnikom vykon\u00e1va\u0165 \u00falohy v oblasti pokladnice, spr\u00e1vy hotovosti a online bankovn\u00edctva. Tieto tri dimenzie, ktor\u00e9 s\u00fa nevyhnutn\u00e9 pre udr\u017eate\u013enos\u0165 spolo\u010dnost\u00ed, s\u00fa tie\u017e pilierom sol\u00eddnych strat\u00e9gi\u00ed na podporu ich rastu.<\/p>\n","protected":false},"author":3,"featured_media":0,"parent":10284,"menu_order":0,"comment_status":"closed","ping_status":"closed","template":"templates\/template-prod_serv.php","meta":{"_acf_changed":false,"footnotes":""},"class_list":["post-10292","page","type-page","status-publish","hentry"],"acf":[],"yoast_head":"<!-- This site is optimized with the Yoast SEO plugin v23.5 - https:\/\/yoast.com\/wordpress\/plugins\/seo\/ -->\n<title>Sage XRT - Deveho<\/title>\n<meta name=\"robots\" content=\"index, follow, max-snippet:-1, max-image-preview:large, max-video-preview:-1\" \/>\n<link rel=\"canonical\" href=\"https:\/\/deveho.com\/products\/sage-xrt\/\" \/>\n<meta property=\"og:locale\" content=\"sk_SK\" \/>\n<meta property=\"og:type\" content=\"article\" \/>\n<meta property=\"og:title\" content=\"Sage XRT - Deveho\" \/>\n<meta property=\"og:description\" content=\"Rie\u0161enia Sage XRT (Treasury, Business Exchange, Online Banking) umo\u017e\u0148uj\u00fa podnikom na celom svete centralizova\u0165 inform\u00e1cie o pe\u0148a\u017en\u00fdch tokoch, zefekt\u00edvni\u0165 strategick\u00e9 obchodn\u00e9 procesy a automatizova\u0165 finan\u010dn\u00fa komunik\u00e1ciu s obchodn\u00fdmi a bankov\u00fdmi partnermi. . V\u010faka svojim v\u00fdkonn\u00fdm funkci\u00e1m pom\u00e1ha Sage XRT Solutions podnikom vykon\u00e1va\u0165 \u00falohy v oblasti pokladnice, spr\u00e1vy hotovosti a online bankovn\u00edctva. Tieto tri dimenzie, ktor\u00e9 s\u00fa nevyhnutn\u00e9 pre udr\u017eate\u013enos\u0165 spolo\u010dnost\u00ed, s\u00fa tie\u017e pilierom sol\u00eddnych strat\u00e9gi\u00ed na podporu ich rastu.\" \/>\n<meta property=\"og:url\" content=\"https:\/\/deveho.com\/products\/sage-xrt\/\" \/>\n<meta property=\"og:site_name\" content=\"Deveho\" \/>\n<meta property=\"article:publisher\" content=\"https:\/\/www.facebook.com\/deveho\" \/>\n<meta property=\"article:modified_time\" content=\"2022-10-26T14:08:41+00:00\" \/>\n<meta name=\"twitter:card\" content=\"summary_large_image\" \/>\n<meta name=\"twitter:site\" content=\"@Deveho1\" \/>\n<meta name=\"twitter:label1\" content=\"Predpokladan\u00fd \u010das \u010d\u00edtania\" \/>\n\t<meta name=\"twitter:data1\" content=\"3 min\u00faty\" \/>\n<script type=\"application\/ld+json\" class=\"yoast-schema-graph\">{\"@context\":\"https:\/\/schema.org\",\"@graph\":[{\"@type\":\"WebPage\",\"@id\":\"https:\/\/deveho.com\/products\/sage-xrt\/\",\"url\":\"https:\/\/deveho.com\/products\/sage-xrt\/\",\"name\":\"Sage XRT - Deveho\",\"isPartOf\":{\"@id\":\"https:\/\/deveho.com\/#website\"},\"datePublished\":\"2022-05-20T14:04:36+00:00\",\"dateModified\":\"2022-10-26T14:08:41+00:00\",\"breadcrumb\":{\"@id\":\"https:\/\/deveho.com\/products\/sage-xrt\/#breadcrumb\"},\"inLanguage\":\"sk-SK\",\"potentialAction\":[{\"@type\":\"ReadAction\",\"target\":[\"https:\/\/deveho.com\/products\/sage-xrt\/\"]}]},{\"@type\":\"BreadcrumbList\",\"@id\":\"https:\/\/deveho.com\/products\/sage-xrt\/#breadcrumb\",\"itemListElement\":[{\"@type\":\"ListItem\",\"position\":1,\"name\":\"Home\",\"item\":\"https:\/\/deveho.com\/sk\/\"},{\"@type\":\"ListItem\",\"position\":2,\"name\":\"Produkty\",\"item\":\"https:\/\/deveho.com\/sk\/produkty\/\"},{\"@type\":\"ListItem\",\"position\":3,\"name\":\"Sage XRT\"}]},{\"@type\":\"WebSite\",\"@id\":\"https:\/\/deveho.com\/#website\",\"url\":\"https:\/\/deveho.com\/\",\"name\":\"Deveho Consulting Group\",\"description\":\"Let\u2019s boost your growth\",\"publisher\":{\"@id\":\"https:\/\/deveho.com\/#organization\"},\"potentialAction\":[{\"@type\":\"SearchAction\",\"target\":{\"@type\":\"EntryPoint\",\"urlTemplate\":\"https:\/\/deveho.com\/?s={search_term_string}\"},\"query-input\":{\"@type\":\"PropertyValueSpecification\",\"valueRequired\":true,\"valueName\":\"search_term_string\"}}],\"inLanguage\":\"sk-SK\"},{\"@type\":\"Organization\",\"@id\":\"https:\/\/deveho.com\/#organization\",\"name\":\"Deveho Consulting Group\",\"url\":\"https:\/\/deveho.com\/\",\"logo\":{\"@type\":\"ImageObject\",\"inLanguage\":\"sk-SK\",\"@id\":\"https:\/\/deveho.com\/#\/schema\/logo\/image\/\",\"url\":\"https:\/\/deveho.com\/wp-content\/uploads\/2023\/02\/DEVEHO-LOGO-Baseline-COLOR.png\",\"contentUrl\":\"https:\/\/deveho.com\/wp-content\/uploads\/2023\/02\/DEVEHO-LOGO-Baseline-COLOR.png\",\"width\":2251,\"height\":585,\"caption\":\"Deveho Consulting Group\"},\"image\":{\"@id\":\"https:\/\/deveho.com\/#\/schema\/logo\/image\/\"},\"sameAs\":[\"https:\/\/www.facebook.com\/deveho\",\"https:\/\/x.com\/Deveho1\",\"https:\/\/www.linkedin.com\/company\/deveho-consulting\/\"]}]}<\/script>\n<!-- \/ Yoast SEO plugin. -->","yoast_head_json":{"title":"Sage XRT - Deveho","robots":{"index":"index","follow":"follow","max-snippet":"max-snippet:-1","max-image-preview":"max-image-preview:large","max-video-preview":"max-video-preview:-1"},"canonical":"https:\/\/deveho.com\/products\/sage-xrt\/","og_locale":"sk_SK","og_type":"article","og_title":"Sage XRT - Deveho","og_description":"Rie\u0161enia Sage XRT (Treasury, Business Exchange, Online Banking) umo\u017e\u0148uj\u00fa podnikom na celom svete centralizova\u0165 inform\u00e1cie o pe\u0148a\u017en\u00fdch tokoch, zefekt\u00edvni\u0165 strategick\u00e9 obchodn\u00e9 procesy a automatizova\u0165 finan\u010dn\u00fa komunik\u00e1ciu s obchodn\u00fdmi a bankov\u00fdmi partnermi. . V\u010faka svojim v\u00fdkonn\u00fdm funkci\u00e1m pom\u00e1ha Sage XRT Solutions podnikom vykon\u00e1va\u0165 \u00falohy v oblasti pokladnice, spr\u00e1vy hotovosti a online bankovn\u00edctva. Tieto tri dimenzie, ktor\u00e9 s\u00fa nevyhnutn\u00e9 pre udr\u017eate\u013enos\u0165 spolo\u010dnost\u00ed, s\u00fa tie\u017e pilierom sol\u00eddnych strat\u00e9gi\u00ed na podporu ich rastu.","og_url":"https:\/\/deveho.com\/products\/sage-xrt\/","og_site_name":"Deveho","article_publisher":"https:\/\/www.facebook.com\/deveho","article_modified_time":"2022-10-26T14:08:41+00:00","twitter_card":"summary_large_image","twitter_site":"@Deveho1","twitter_misc":{"Predpokladan\u00fd \u010das \u010d\u00edtania":"3 min\u00faty"},"schema":{"@context":"https:\/\/schema.org","@graph":[{"@type":"WebPage","@id":"https:\/\/deveho.com\/products\/sage-xrt\/","url":"https:\/\/deveho.com\/products\/sage-xrt\/","name":"Sage XRT - Deveho","isPartOf":{"@id":"https:\/\/deveho.com\/#website"},"datePublished":"2022-05-20T14:04:36+00:00","dateModified":"2022-10-26T14:08:41+00:00","breadcrumb":{"@id":"https:\/\/deveho.com\/products\/sage-xrt\/#breadcrumb"},"inLanguage":"sk-SK","potentialAction":[{"@type":"ReadAction","target":["https:\/\/deveho.com\/products\/sage-xrt\/"]}]},{"@type":"BreadcrumbList","@id":"https:\/\/deveho.com\/products\/sage-xrt\/#breadcrumb","itemListElement":[{"@type":"ListItem","position":1,"name":"Home","item":"https:\/\/deveho.com\/sk\/"},{"@type":"ListItem","position":2,"name":"Produkty","item":"https:\/\/deveho.com\/sk\/produkty\/"},{"@type":"ListItem","position":3,"name":"Sage XRT"}]},{"@type":"WebSite","@id":"https:\/\/deveho.com\/#website","url":"https:\/\/deveho.com\/","name":"Deveho Consulting Group","description":"Let\u2019s boost your growth","publisher":{"@id":"https:\/\/deveho.com\/#organization"},"potentialAction":[{"@type":"SearchAction","target":{"@type":"EntryPoint","urlTemplate":"https:\/\/deveho.com\/?s={search_term_string}"},"query-input":{"@type":"PropertyValueSpecification","valueRequired":true,"valueName":"search_term_string"}}],"inLanguage":"sk-SK"},{"@type":"Organization","@id":"https:\/\/deveho.com\/#organization","name":"Deveho Consulting Group","url":"https:\/\/deveho.com\/","logo":{"@type":"ImageObject","inLanguage":"sk-SK","@id":"https:\/\/deveho.com\/#\/schema\/logo\/image\/","url":"https:\/\/deveho.com\/wp-content\/uploads\/2023\/02\/DEVEHO-LOGO-Baseline-COLOR.png","contentUrl":"https:\/\/deveho.com\/wp-content\/uploads\/2023\/02\/DEVEHO-LOGO-Baseline-COLOR.png","width":2251,"height":585,"caption":"Deveho Consulting Group"},"image":{"@id":"https:\/\/deveho.com\/#\/schema\/logo\/image\/"},"sameAs":["https:\/\/www.facebook.com\/deveho","https:\/\/x.com\/Deveho1","https:\/\/www.linkedin.com\/company\/deveho-consulting\/"]}]}},"_links":{"self":[{"href":"https:\/\/deveho.com\/sk\/wp-json\/wp\/v2\/pages\/10292"}],"collection":[{"href":"https:\/\/deveho.com\/sk\/wp-json\/wp\/v2\/pages"}],"about":[{"href":"https:\/\/deveho.com\/sk\/wp-json\/wp\/v2\/types\/page"}],"author":[{"embeddable":true,"href":"https:\/\/deveho.com\/sk\/wp-json\/wp\/v2\/users\/3"}],"replies":[{"embeddable":true,"href":"https:\/\/deveho.com\/sk\/wp-json\/wp\/v2\/comments?post=10292"}],"version-history":[{"count":0,"href":"https:\/\/deveho.com\/sk\/wp-json\/wp\/v2\/pages\/10292\/revisions"}],"up":[{"embeddable":true,"href":"https:\/\/deveho.com\/sk\/wp-json\/wp\/v2\/pages\/10284"}],"wp:attachment":[{"href":"https:\/\/deveho.com\/sk\/wp-json\/wp\/v2\/media?parent=10292"}],"curies":[{"name":"wp","href":"https:\/\/api.w.org\/{rel}","templated":true}]}}