{"id":10341,"date":"2022-05-27T07:38:51","date_gmt":"2022-05-27T07:38:51","guid":{"rendered":"https:\/\/deveho2.sfdbeta.be\/produkty\/bezpecnost\/"},"modified":"2022-07-07T14:08:26","modified_gmt":"2022-07-07T14:08:26","slug":"bezpecnost","status":"publish","type":"page","link":"https:\/\/deveho.com\/sk\/produkty\/bezpecnost\/","title":{"rendered":"Bezpe\u010dnos\u0165"},"content":{"rendered":"<br \/>\n<h3>Kybernetick\u00e1 bezpe\u010dnos\u0165 zah\u0155\u0148a v\u0161etky prostriedky ochrany informa\u010dn\u00fdch syst\u00e9mov a \u00fadajov. <\/h3>\n<\/p>\n<p>Zabezpe\u010denie siete <\/p>\n<p>Zabezpe\u010denie aplik\u00e1ci\u00ed<\/p>\n<p>Bezpe\u010dnos\u0165 pren\u00e1\u0161an\u00fdch a ulo\u017een\u00fdch \u00fadajov<\/p>\n<p>Zvy\u0161ovanie povedomia ob\u010danov a odborn\u00e1 pr\u00edprava.<\/p>\n<h2>VULPUTATE MATTIS<\/h2>\n<h3>Euismod Tellus Aenean<\/h3>\n<p>Ak spolo\u010dnos\u0165 vlastn\u00ed zastaran\u00fd syst\u00e9m a rie\u0161enia nevhodn\u00e9 pre jej \u010dinnos\u0165, \u010dasto sa st\u00e1va \u017ee mus\u00ed zabezpe\u010di\u0165 a implementova\u0165 mno\u017estvo manu\u00e1lnych procesov v celej firme, aby bola spolo\u010dnos\u0165 aspo\u0148 trochu efekt\u00edvna.<\/p>\n<h3>S\u00favisiace profily<\/h3>\n<p>lacinia bibendum nulla sed consectetur. Curabitur blandit tempus porttitor. Maecenas sed diam.<\/p>\n<h3>S\u00favisiace slu\u017eby<\/h3>\n<p>lacinia bibendum nulla sed consectetur. Curabitur blandit tempus porttitor. Maecenas sed diam.<\/p>\n","protected":false},"excerpt":{"rendered":"<p>Aenean eu leo quam. Pellentesque ornare sem lacinia quam venenatis vestibulum. Fusce dapibus, tellus ac cursus commodo, tortor mauris condimentum nibh, ut fermentum massa justo sit amet risus. Cum sociis natoque.<\/p>\n","protected":false},"author":8,"featured_media":0,"parent":10284,"menu_order":0,"comment_status":"closed","ping_status":"closed","template":"templates\/template-prod_serv.php","meta":{"_acf_changed":false,"footnotes":""},"class_list":["post-10341","page","type-page","status-publish","hentry"],"acf":[],"yoast_head":"<!-- This site is optimized with the Yoast SEO plugin v23.5 - https:\/\/yoast.com\/wordpress\/plugins\/seo\/ -->\n<title>Bezpe\u010dnos\u0165 - Deveho<\/title>\n<meta name=\"robots\" content=\"index, follow, max-snippet:-1, max-image-preview:large, max-video-preview:-1\" \/>\n<link rel=\"canonical\" href=\"https:\/\/deveho.com\/products\/security\/\" \/>\n<meta property=\"og:locale\" content=\"sk_SK\" \/>\n<meta property=\"og:type\" content=\"article\" \/>\n<meta property=\"og:title\" content=\"Bezpe\u010dnos\u0165 - Deveho\" \/>\n<meta property=\"og:description\" content=\"Aenean eu leo quam. Pellentesque ornare sem lacinia quam venenatis vestibulum. Fusce dapibus, tellus ac cursus commodo, tortor mauris condimentum nibh, ut fermentum massa justo sit amet risus. Cum sociis natoque.\" \/>\n<meta property=\"og:url\" content=\"https:\/\/deveho.com\/products\/security\/\" \/>\n<meta property=\"og:site_name\" content=\"Deveho\" \/>\n<meta property=\"article:publisher\" content=\"https:\/\/www.facebook.com\/deveho\" \/>\n<meta property=\"article:modified_time\" content=\"2022-07-07T14:08:26+00:00\" \/>\n<meta name=\"twitter:card\" content=\"summary_large_image\" \/>\n<meta name=\"twitter:site\" content=\"@Deveho1\" \/>\n<meta name=\"twitter:label1\" content=\"Predpokladan\u00fd \u010das \u010d\u00edtania\" \/>\n\t<meta name=\"twitter:data1\" content=\"1 min\u00fata\" \/>\n<script type=\"application\/ld+json\" class=\"yoast-schema-graph\">{\"@context\":\"https:\/\/schema.org\",\"@graph\":[{\"@type\":\"WebPage\",\"@id\":\"https:\/\/deveho.com\/products\/security\/\",\"url\":\"https:\/\/deveho.com\/products\/security\/\",\"name\":\"Bezpe\u010dnos\u0165 - Deveho\",\"isPartOf\":{\"@id\":\"https:\/\/deveho.com\/#website\"},\"datePublished\":\"2022-05-27T07:38:51+00:00\",\"dateModified\":\"2022-07-07T14:08:26+00:00\",\"breadcrumb\":{\"@id\":\"https:\/\/deveho.com\/products\/security\/#breadcrumb\"},\"inLanguage\":\"sk-SK\",\"potentialAction\":[{\"@type\":\"ReadAction\",\"target\":[\"https:\/\/deveho.com\/products\/security\/\"]}]},{\"@type\":\"BreadcrumbList\",\"@id\":\"https:\/\/deveho.com\/products\/security\/#breadcrumb\",\"itemListElement\":[{\"@type\":\"ListItem\",\"position\":1,\"name\":\"Home\",\"item\":\"https:\/\/deveho.com\/sk\/\"},{\"@type\":\"ListItem\",\"position\":2,\"name\":\"Produkty\",\"item\":\"https:\/\/deveho.com\/sk\/produkty\/\"},{\"@type\":\"ListItem\",\"position\":3,\"name\":\"Bezpe\u010dnos\u0165\"}]},{\"@type\":\"WebSite\",\"@id\":\"https:\/\/deveho.com\/#website\",\"url\":\"https:\/\/deveho.com\/\",\"name\":\"Deveho Consulting Group\",\"description\":\"Let\u2019s boost your growth\",\"publisher\":{\"@id\":\"https:\/\/deveho.com\/#organization\"},\"potentialAction\":[{\"@type\":\"SearchAction\",\"target\":{\"@type\":\"EntryPoint\",\"urlTemplate\":\"https:\/\/deveho.com\/?s={search_term_string}\"},\"query-input\":{\"@type\":\"PropertyValueSpecification\",\"valueRequired\":true,\"valueName\":\"search_term_string\"}}],\"inLanguage\":\"sk-SK\"},{\"@type\":\"Organization\",\"@id\":\"https:\/\/deveho.com\/#organization\",\"name\":\"Deveho Consulting Group\",\"url\":\"https:\/\/deveho.com\/\",\"logo\":{\"@type\":\"ImageObject\",\"inLanguage\":\"sk-SK\",\"@id\":\"https:\/\/deveho.com\/#\/schema\/logo\/image\/\",\"url\":\"https:\/\/deveho.com\/wp-content\/uploads\/2023\/02\/DEVEHO-LOGO-Baseline-COLOR.png\",\"contentUrl\":\"https:\/\/deveho.com\/wp-content\/uploads\/2023\/02\/DEVEHO-LOGO-Baseline-COLOR.png\",\"width\":2251,\"height\":585,\"caption\":\"Deveho Consulting Group\"},\"image\":{\"@id\":\"https:\/\/deveho.com\/#\/schema\/logo\/image\/\"},\"sameAs\":[\"https:\/\/www.facebook.com\/deveho\",\"https:\/\/x.com\/Deveho1\",\"https:\/\/www.linkedin.com\/company\/deveho-consulting\/\"]}]}<\/script>\n<!-- \/ Yoast SEO plugin. -->","yoast_head_json":{"title":"Bezpe\u010dnos\u0165 - Deveho","robots":{"index":"index","follow":"follow","max-snippet":"max-snippet:-1","max-image-preview":"max-image-preview:large","max-video-preview":"max-video-preview:-1"},"canonical":"https:\/\/deveho.com\/products\/security\/","og_locale":"sk_SK","og_type":"article","og_title":"Bezpe\u010dnos\u0165 - Deveho","og_description":"Aenean eu leo quam. Pellentesque ornare sem lacinia quam venenatis vestibulum. Fusce dapibus, tellus ac cursus commodo, tortor mauris condimentum nibh, ut fermentum massa justo sit amet risus. Cum sociis natoque.","og_url":"https:\/\/deveho.com\/products\/security\/","og_site_name":"Deveho","article_publisher":"https:\/\/www.facebook.com\/deveho","article_modified_time":"2022-07-07T14:08:26+00:00","twitter_card":"summary_large_image","twitter_site":"@Deveho1","twitter_misc":{"Predpokladan\u00fd \u010das \u010d\u00edtania":"1 min\u00fata"},"schema":{"@context":"https:\/\/schema.org","@graph":[{"@type":"WebPage","@id":"https:\/\/deveho.com\/products\/security\/","url":"https:\/\/deveho.com\/products\/security\/","name":"Bezpe\u010dnos\u0165 - Deveho","isPartOf":{"@id":"https:\/\/deveho.com\/#website"},"datePublished":"2022-05-27T07:38:51+00:00","dateModified":"2022-07-07T14:08:26+00:00","breadcrumb":{"@id":"https:\/\/deveho.com\/products\/security\/#breadcrumb"},"inLanguage":"sk-SK","potentialAction":[{"@type":"ReadAction","target":["https:\/\/deveho.com\/products\/security\/"]}]},{"@type":"BreadcrumbList","@id":"https:\/\/deveho.com\/products\/security\/#breadcrumb","itemListElement":[{"@type":"ListItem","position":1,"name":"Home","item":"https:\/\/deveho.com\/sk\/"},{"@type":"ListItem","position":2,"name":"Produkty","item":"https:\/\/deveho.com\/sk\/produkty\/"},{"@type":"ListItem","position":3,"name":"Bezpe\u010dnos\u0165"}]},{"@type":"WebSite","@id":"https:\/\/deveho.com\/#website","url":"https:\/\/deveho.com\/","name":"Deveho Consulting Group","description":"Let\u2019s boost your growth","publisher":{"@id":"https:\/\/deveho.com\/#organization"},"potentialAction":[{"@type":"SearchAction","target":{"@type":"EntryPoint","urlTemplate":"https:\/\/deveho.com\/?s={search_term_string}"},"query-input":{"@type":"PropertyValueSpecification","valueRequired":true,"valueName":"search_term_string"}}],"inLanguage":"sk-SK"},{"@type":"Organization","@id":"https:\/\/deveho.com\/#organization","name":"Deveho Consulting Group","url":"https:\/\/deveho.com\/","logo":{"@type":"ImageObject","inLanguage":"sk-SK","@id":"https:\/\/deveho.com\/#\/schema\/logo\/image\/","url":"https:\/\/deveho.com\/wp-content\/uploads\/2023\/02\/DEVEHO-LOGO-Baseline-COLOR.png","contentUrl":"https:\/\/deveho.com\/wp-content\/uploads\/2023\/02\/DEVEHO-LOGO-Baseline-COLOR.png","width":2251,"height":585,"caption":"Deveho Consulting Group"},"image":{"@id":"https:\/\/deveho.com\/#\/schema\/logo\/image\/"},"sameAs":["https:\/\/www.facebook.com\/deveho","https:\/\/x.com\/Deveho1","https:\/\/www.linkedin.com\/company\/deveho-consulting\/"]}]}},"_links":{"self":[{"href":"https:\/\/deveho.com\/sk\/wp-json\/wp\/v2\/pages\/10341"}],"collection":[{"href":"https:\/\/deveho.com\/sk\/wp-json\/wp\/v2\/pages"}],"about":[{"href":"https:\/\/deveho.com\/sk\/wp-json\/wp\/v2\/types\/page"}],"author":[{"embeddable":true,"href":"https:\/\/deveho.com\/sk\/wp-json\/wp\/v2\/users\/8"}],"replies":[{"embeddable":true,"href":"https:\/\/deveho.com\/sk\/wp-json\/wp\/v2\/comments?post=10341"}],"version-history":[{"count":0,"href":"https:\/\/deveho.com\/sk\/wp-json\/wp\/v2\/pages\/10341\/revisions"}],"up":[{"embeddable":true,"href":"https:\/\/deveho.com\/sk\/wp-json\/wp\/v2\/pages\/10284"}],"wp:attachment":[{"href":"https:\/\/deveho.com\/sk\/wp-json\/wp\/v2\/media?parent=10341"}],"curies":[{"name":"wp","href":"https:\/\/api.w.org\/{rel}","templated":true}]}}