{"id":28332,"date":"2024-02-27T15:55:51","date_gmt":"2024-02-27T13:55:51","guid":{"rendered":"https:\/\/deveho.com\/sluzby\/e-invoicing\/"},"modified":"2026-01-27T11:39:05","modified_gmt":"2026-01-27T09:39:05","slug":"elektronicka-fakturacia","status":"publish","type":"page","link":"https:\/\/deveho.com\/sk\/sluzby\/elektronicka-fakturacia\/","title":{"rendered":"Elektronick\u00e1 faktur\u00e1cia"},"content":{"rendered":"<br \/>\n<h2><\/h2>\n<h3><red>Eur\u00f3pska <br \/>e-faktur\u00e1cia <br \/><\/red> <\/h3>\n<h3>V\u010faka miestnym t\u00edmom vo Franc\u00fazsku, Holandsku, \u0160vaj\u010diarsku, \u0160panielsku, Maroku, Loty\u0161sku, Litve, Po\u013esku, \u010ceskej republike, Slovensku, Ma\u010farsku a Rumunsku v\u00e1m Deveho Consulting Group m\u00f4\u017ee pom\u00f4c\u0165 spravova\u0165 va\u0161e bezpapierov\u00e9 \u00fa\u010dtovn\u00edctvo a prisp\u00f4sobi\u0165 ho po\u017eiadavk\u00e1m e-faktur\u00e1cie na va\u0161om trhu.<br \/>\n<\/h3>\n<p><p>Implement\u00e1cia e-faktur\u00e1cie sa m\u00f4\u017ee l\u00ed\u0161i\u0165 v z\u00e1vislosti od krajiny, ke\u010f\u017ee miestne da\u0148ov\u00e9 \u00farady \u010dasto stanovuj\u00fa \u0161pecifick\u00e9 normy a po\u017eiadavky.<br \/>\nZistite viac o miestnych po\u017eiadavk\u00e1ch na elektronick\u00fa faktur\u00e1ciu.<br \/>\nN\u00e1jdite viac inform\u00e1ci\u00ed:<\/p><\/p>\n","protected":false},"excerpt":{"rendered":"<p>Zjednodu\u0161te si spr\u00e1vu fakt\u00far a maximalizujte produktivitu v\u010faka elektronickej faktur\u00e1cii. Zverte dematerializ\u00e1ciu va\u0161ich \u00fa\u010dtovn\u00fdch dokumentov spolo\u010dnosti Deveho Consulting Group.<\/p>\n","protected":false},"author":34,"featured_media":0,"parent":10287,"menu_order":0,"comment_status":"closed","ping_status":"closed","template":"templates\/template-prod_serv.php","meta":{"_acf_changed":false,"footnotes":""},"class_list":["post-28332","page","type-page","status-publish","hentry"],"acf":[],"yoast_head":"<!-- This site is optimized with the Yoast SEO plugin v23.5 - https:\/\/yoast.com\/wordpress\/plugins\/seo\/ -->\n<title>Elektronick\u00e1 faktur\u00e1cia- Deveho<\/title>\n<meta name=\"description\" content=\"Find out about the government&#039;s new e-invoicing regulations. Anticipate the regulations and get ready for electronic invoicing.\" \/>\n<meta name=\"robots\" content=\"index, follow, max-snippet:-1, max-image-preview:large, max-video-preview:-1\" \/>\n<link rel=\"canonical\" href=\"https:\/\/deveho.com\/sk\/sluzby\/elektronicka-fakturacia\/\" \/>\n<meta property=\"og:locale\" content=\"sk_SK\" \/>\n<meta property=\"og:type\" content=\"article\" \/>\n<meta property=\"og:title\" content=\"Elektronick\u00e1 faktur\u00e1cia- Deveho\" \/>\n<meta property=\"og:description\" content=\"Find out about the government&#039;s new e-invoicing regulations. Anticipate the regulations and get ready for electronic invoicing.\" \/>\n<meta property=\"og:url\" content=\"https:\/\/deveho.com\/sk\/sluzby\/elektronicka-fakturacia\/\" \/>\n<meta property=\"og:site_name\" content=\"Deveho\" \/>\n<meta property=\"article:publisher\" content=\"https:\/\/www.facebook.com\/deveho\" \/>\n<meta property=\"article:modified_time\" content=\"2026-01-27T09:39:05+00:00\" \/>\n<meta name=\"twitter:card\" content=\"summary_large_image\" \/>\n<meta name=\"twitter:site\" content=\"@Deveho1\" \/>\n<meta name=\"twitter:label1\" content=\"Predpokladan\u00fd \u010das \u010d\u00edtania\" \/>\n\t<meta name=\"twitter:data1\" content=\"1 min\u00fata\" \/>\n<script type=\"application\/ld+json\" class=\"yoast-schema-graph\">{\"@context\":\"https:\/\/schema.org\",\"@graph\":[{\"@type\":\"WebPage\",\"@id\":\"https:\/\/deveho.com\/sk\/sluzby\/elektronicka-fakturacia\/\",\"url\":\"https:\/\/deveho.com\/sk\/sluzby\/elektronicka-fakturacia\/\",\"name\":\"Elektronick\u00e1 faktur\u00e1cia- Deveho\",\"isPartOf\":{\"@id\":\"https:\/\/deveho.com\/#website\"},\"datePublished\":\"2024-02-27T13:55:51+00:00\",\"dateModified\":\"2026-01-27T09:39:05+00:00\",\"description\":\"Find out about the government's new e-invoicing regulations. Anticipate the regulations and get ready for electronic invoicing.\",\"breadcrumb\":{\"@id\":\"https:\/\/deveho.com\/sk\/sluzby\/elektronicka-fakturacia\/#breadcrumb\"},\"inLanguage\":\"sk-SK\",\"potentialAction\":[{\"@type\":\"ReadAction\",\"target\":[\"https:\/\/deveho.com\/sk\/sluzby\/elektronicka-fakturacia\/\"]}]},{\"@type\":\"BreadcrumbList\",\"@id\":\"https:\/\/deveho.com\/sk\/sluzby\/elektronicka-fakturacia\/#breadcrumb\",\"itemListElement\":[{\"@type\":\"ListItem\",\"position\":1,\"name\":\"Home\",\"item\":\"https:\/\/deveho.com\/sk\/\"},{\"@type\":\"ListItem\",\"position\":2,\"name\":\"Slu\u017eby\",\"item\":\"https:\/\/deveho.com\/sk\/sluzby\/\"},{\"@type\":\"ListItem\",\"position\":3,\"name\":\"Elektronick\u00e1 faktur\u00e1cia\"}]},{\"@type\":\"WebSite\",\"@id\":\"https:\/\/deveho.com\/#website\",\"url\":\"https:\/\/deveho.com\/\",\"name\":\"Deveho Consulting Group\",\"description\":\"Let\u2019s boost your growth\",\"publisher\":{\"@id\":\"https:\/\/deveho.com\/#organization\"},\"potentialAction\":[{\"@type\":\"SearchAction\",\"target\":{\"@type\":\"EntryPoint\",\"urlTemplate\":\"https:\/\/deveho.com\/?s={search_term_string}\"},\"query-input\":{\"@type\":\"PropertyValueSpecification\",\"valueRequired\":true,\"valueName\":\"search_term_string\"}}],\"inLanguage\":\"sk-SK\"},{\"@type\":\"Organization\",\"@id\":\"https:\/\/deveho.com\/#organization\",\"name\":\"Deveho Consulting Group\",\"url\":\"https:\/\/deveho.com\/\",\"logo\":{\"@type\":\"ImageObject\",\"inLanguage\":\"sk-SK\",\"@id\":\"https:\/\/deveho.com\/#\/schema\/logo\/image\/\",\"url\":\"https:\/\/deveho.com\/wp-content\/uploads\/2023\/02\/DEVEHO-LOGO-Baseline-COLOR.png\",\"contentUrl\":\"https:\/\/deveho.com\/wp-content\/uploads\/2023\/02\/DEVEHO-LOGO-Baseline-COLOR.png\",\"width\":2251,\"height\":585,\"caption\":\"Deveho Consulting Group\"},\"image\":{\"@id\":\"https:\/\/deveho.com\/#\/schema\/logo\/image\/\"},\"sameAs\":[\"https:\/\/www.facebook.com\/deveho\",\"https:\/\/x.com\/Deveho1\",\"https:\/\/www.linkedin.com\/company\/deveho-consulting\/\"]}]}<\/script>\n<!-- \/ Yoast SEO plugin. -->","yoast_head_json":{"title":"Elektronick\u00e1 faktur\u00e1cia- Deveho","description":"Find out about the government's new e-invoicing regulations. Anticipate the regulations and get ready for electronic invoicing.","robots":{"index":"index","follow":"follow","max-snippet":"max-snippet:-1","max-image-preview":"max-image-preview:large","max-video-preview":"max-video-preview:-1"},"canonical":"https:\/\/deveho.com\/sk\/sluzby\/elektronicka-fakturacia\/","og_locale":"sk_SK","og_type":"article","og_title":"Elektronick\u00e1 faktur\u00e1cia- Deveho","og_description":"Find out about the government's new e-invoicing regulations. Anticipate the regulations and get ready for electronic invoicing.","og_url":"https:\/\/deveho.com\/sk\/sluzby\/elektronicka-fakturacia\/","og_site_name":"Deveho","article_publisher":"https:\/\/www.facebook.com\/deveho","article_modified_time":"2026-01-27T09:39:05+00:00","twitter_card":"summary_large_image","twitter_site":"@Deveho1","twitter_misc":{"Predpokladan\u00fd \u010das \u010d\u00edtania":"1 min\u00fata"},"schema":{"@context":"https:\/\/schema.org","@graph":[{"@type":"WebPage","@id":"https:\/\/deveho.com\/sk\/sluzby\/elektronicka-fakturacia\/","url":"https:\/\/deveho.com\/sk\/sluzby\/elektronicka-fakturacia\/","name":"Elektronick\u00e1 faktur\u00e1cia- Deveho","isPartOf":{"@id":"https:\/\/deveho.com\/#website"},"datePublished":"2024-02-27T13:55:51+00:00","dateModified":"2026-01-27T09:39:05+00:00","description":"Find out about the government's new e-invoicing regulations. Anticipate the regulations and get ready for electronic invoicing.","breadcrumb":{"@id":"https:\/\/deveho.com\/sk\/sluzby\/elektronicka-fakturacia\/#breadcrumb"},"inLanguage":"sk-SK","potentialAction":[{"@type":"ReadAction","target":["https:\/\/deveho.com\/sk\/sluzby\/elektronicka-fakturacia\/"]}]},{"@type":"BreadcrumbList","@id":"https:\/\/deveho.com\/sk\/sluzby\/elektronicka-fakturacia\/#breadcrumb","itemListElement":[{"@type":"ListItem","position":1,"name":"Home","item":"https:\/\/deveho.com\/sk\/"},{"@type":"ListItem","position":2,"name":"Slu\u017eby","item":"https:\/\/deveho.com\/sk\/sluzby\/"},{"@type":"ListItem","position":3,"name":"Elektronick\u00e1 faktur\u00e1cia"}]},{"@type":"WebSite","@id":"https:\/\/deveho.com\/#website","url":"https:\/\/deveho.com\/","name":"Deveho Consulting Group","description":"Let\u2019s boost your growth","publisher":{"@id":"https:\/\/deveho.com\/#organization"},"potentialAction":[{"@type":"SearchAction","target":{"@type":"EntryPoint","urlTemplate":"https:\/\/deveho.com\/?s={search_term_string}"},"query-input":{"@type":"PropertyValueSpecification","valueRequired":true,"valueName":"search_term_string"}}],"inLanguage":"sk-SK"},{"@type":"Organization","@id":"https:\/\/deveho.com\/#organization","name":"Deveho Consulting Group","url":"https:\/\/deveho.com\/","logo":{"@type":"ImageObject","inLanguage":"sk-SK","@id":"https:\/\/deveho.com\/#\/schema\/logo\/image\/","url":"https:\/\/deveho.com\/wp-content\/uploads\/2023\/02\/DEVEHO-LOGO-Baseline-COLOR.png","contentUrl":"https:\/\/deveho.com\/wp-content\/uploads\/2023\/02\/DEVEHO-LOGO-Baseline-COLOR.png","width":2251,"height":585,"caption":"Deveho Consulting Group"},"image":{"@id":"https:\/\/deveho.com\/#\/schema\/logo\/image\/"},"sameAs":["https:\/\/www.facebook.com\/deveho","https:\/\/x.com\/Deveho1","https:\/\/www.linkedin.com\/company\/deveho-consulting\/"]}]}},"_links":{"self":[{"href":"https:\/\/deveho.com\/sk\/wp-json\/wp\/v2\/pages\/28332"}],"collection":[{"href":"https:\/\/deveho.com\/sk\/wp-json\/wp\/v2\/pages"}],"about":[{"href":"https:\/\/deveho.com\/sk\/wp-json\/wp\/v2\/types\/page"}],"author":[{"embeddable":true,"href":"https:\/\/deveho.com\/sk\/wp-json\/wp\/v2\/users\/34"}],"replies":[{"embeddable":true,"href":"https:\/\/deveho.com\/sk\/wp-json\/wp\/v2\/comments?post=28332"}],"version-history":[{"count":9,"href":"https:\/\/deveho.com\/sk\/wp-json\/wp\/v2\/pages\/28332\/revisions"}],"predecessor-version":[{"id":45785,"href":"https:\/\/deveho.com\/sk\/wp-json\/wp\/v2\/pages\/28332\/revisions\/45785"}],"up":[{"embeddable":true,"href":"https:\/\/deveho.com\/sk\/wp-json\/wp\/v2\/pages\/10287"}],"wp:attachment":[{"href":"https:\/\/deveho.com\/sk\/wp-json\/wp\/v2\/media?parent=28332"}],"curies":[{"name":"wp","href":"https:\/\/api.w.org\/{rel}","templated":true}]}}