{"id":28351,"date":"2024-02-27T16:01:48","date_gmt":"2024-02-27T14:01:48","guid":{"rendered":"https:\/\/deveho.com\/?page_id=28351"},"modified":"2025-12-19T17:47:22","modified_gmt":"2025-12-19T15:47:22","slug":"france-e-invoicing-system","status":"publish","type":"page","link":"https:\/\/deveho.com\/sk\/sluzby\/elektronicka-fakturacia\/france-e-invoicing-system\/","title":{"rendered":"Elektronick\u00e1 faktur\u00e1cia vo Franc\u00fazsku"},"content":{"rendered":"<br \/>\n<h2><\/h2>\n<h3>Sage Network: <red>Schv\u00e1len\u00e1 platforma (PA) <\/red>Sage, pre spr\u00e1vu va\u0161ej elektronickej faktur\u00e1cie<\/h3>\n<h3>Sage Network, certifikovan\u00e1 Schv\u00e1len\u00e1 platforma (AP) Sage, v\u00e1m umo\u017e\u0148uje spravova\u0165 v\u0161etky va\u0161e toky elektronick\u00fdch fakt\u00far (vyd\u00e1vanie, prij\u00edmanie, archivovanie, elektronick\u00e9 reportovanie) v 100% s\u00falade, plynulom a bezpe\u010dnom prostred\u00ed.<\/p>\n<p>V\u010faka prepojeniu na verejn\u00fd faktura\u010dn\u00fd port\u00e1l (PPF) sa st\u00e1va centr\u00e1lnym rozhran\u00edm medzi va\u0161imi n\u00e1strojmi na spr\u00e1vu (ERP, \u00fa\u010dtovn\u00edctvo, n\u00e1kup) a va\u0161imi partnermi (z\u00e1kazn\u00edci, dod\u00e1vatelia, banky, \u0161t\u00e1tne org\u00e1ny at\u010f.).<\/h3>\n<p><div class=\"responsive-embed widescreen\"><div class=\"responsive-embed widescreen\"><iframe loading=\"lazy\" title=\"Sage Network, la plateforme de digitalisation au c\u0153ur de l&#039;innovation\" width=\"500\" height=\"281\" src=\"https:\/\/www.youtube.com\/embed\/oQGhl-kYmzM?feature=oembed&#038;enablejsapi=1&#038;origin=https:\/\/deveho.com\" frameborder=\"0\" allow=\"accelerometer; autoplay; clipboard-write; encrypted-media; gyroscope; picture-in-picture; web-share\" referrerpolicy=\"strict-origin-when-cross-origin\" allowfullscreen><\/iframe><\/div><\/div>\n<\/p>\n<h2><\/h2>\n<h3>Ako funguje Sage Network?<\/h3>\n<h3>Priamo napojen\u00fd na verejn\u00fd faktura\u010dn\u00fd port\u00e1l (PPF), Sage Network zabezpe\u010duje vystavovanie, prij\u00edmanie a prenos elektronick\u00fdch fakt\u00far v plnom s\u00falade so z\u00e1konn\u00fdmi po\u017eiadavkami.<\/h3>\n<p><p>Platforma automatizuje cel\u00fd \u017eivotn\u00fd cyklus fakt\u00fary: od vytvorenia a\u017e po prijatie, a\u017e po zos\u00faladenie s objedn\u00e1vkami, \u010do umo\u017e\u0148uje plynulej\u0161ie riadenie a zni\u017euje riziko manu\u00e1lnych ch\u00fdb.<\/p>\n<p>a\u017ed\u00fd vykonan\u00fd krok je plne sledovan\u00fd, \u010do poskytuje podrobn\u00fd auditn\u00fd z\u00e1znam, ktor\u00fd zais\u0165uje transparentnos\u0165, spo\u013eahlivos\u0165 a s\u00falad s predpismi.<\/p>\n<p>V\u010faka hostingu v cloude je Sage Network pr\u00edstupn\u00fd kedyko\u013evek a z ak\u00e9hoko\u013evek pripojen\u00e9ho zariadenia, \u010do u\u013eah\u010duje efekt\u00edvnu spolupr\u00e1cu medzi va\u0161imi intern\u00fdmi t\u00edmami a extern\u00fdmi partnermi.<\/p>\n<\/p>\n<h2>V\u0161etko o elektronickej faktur\u00e1cii<\/h2>\n<h3>D\u00f4le\u017eit\u00e1 pripomienka: elektronick\u00e1 faktur\u00e1cia sa st\u00e1va nevyhnutnos\u0165ou<\/h3>\n<h3>DGFIP ozn\u00e1mil nov\u00e9 term\u00edny zavedenia e-fakt\u00fary vo Franc\u00fazsku od <b><br \/>1. septembra 2026<br \/>\n<br \/><red>Za\u010dnite sa pripravova\u0165 u\u017e teraz. <\/red> <\/b><br \/>\n<br \/> Na\u0161e t\u00edmy s\u00fa tu, aby v\u00e1m pomohli s va\u0161ou cestou e-faktur\u00e1cie.<\/h3>\n<p><p>E-faktur\u00e1cia vo Franc\u00fazsku je s\u00fa\u010das\u0165ou prechodu na bezpapierov\u00e9 transakcie. Od septembra 2026 musia v\u0161etky firmy vo Franc\u00fazsku, bez oh\u013eadu na ve\u013ekos\u0165, vedie\u0165 prij\u00edma\u0165 fakt\u00fary v elektronickom form\u00e1te.<br \/>\nTento projekt vedie franc\u00fazska vl\u00e1da s cie\u013eom zjednodu\u0161i\u0165 proces faktur\u00e1cie a platby a optimalizova\u0165 v\u00fdber DPH. Bude ma\u0165 ve\u013ek\u00fd dopad, preto je d\u00f4le\u017eit\u00e9 pochopi\u0165, ako e-faktur\u00e1cia ovplyvn\u00ed podniky.<\/p>\n<p>M\u00f4\u017eeme hovori\u0165 o mas\u00edvnom n\u00e1raste bezpapierov\u00fdch v\u00fdmen.<\/p>\n<p>Harmonogram implement\u00e1cie reformy znamen\u00e1, \u017ee spolo\u010dnosti a ich partneri (vydavatelia faktura\u010dn\u00e9ho softv\u00e9ru, platformy pre prenos d\u00e1t at\u010f.) sa m\u00f4\u017eu r\u00fdchlo zorganizova\u0165.<\/p>\n<p>Kalend\u00e1r syst\u00e9mu FR e-fakt\u00fara<\/p>\n<p><img loading=\"lazy\" decoding=\"async\" class=\"aligncenter  wp-image-44889\" src=\"https:\/\/deveho.com\/wp-content\/uploads\/2025\/12\/Francuzsky-system-e-fakturacie.png\" alt=\"Franc\u00fazsky syst\u00e9m e-faktur\u00e1cie\" width=\"1014\" height=\"871\" srcset=\"https:\/\/deveho.com\/wp-content\/uploads\/2025\/12\/Francuzsky-system-e-fakturacie.png 1953w, https:\/\/deveho.com\/wp-content\/uploads\/2025\/12\/Francuzsky-system-e-fakturacie-300x258.png 300w, https:\/\/deveho.com\/wp-content\/uploads\/2025\/12\/Francuzsky-system-e-fakturacie-1024x880.png 1024w, https:\/\/deveho.com\/wp-content\/uploads\/2025\/12\/Francuzsky-system-e-fakturacie-150x129.png 150w, https:\/\/deveho.com\/wp-content\/uploads\/2025\/12\/Francuzsky-system-e-fakturacie-768x660.png 768w, https:\/\/deveho.com\/wp-content\/uploads\/2025\/12\/Francuzsky-system-e-fakturacie-1536x1320.png 1536w, https:\/\/deveho.com\/wp-content\/uploads\/2025\/12\/Francuzsky-system-e-fakturacie-1920x1650.png 1920w\" sizes=\"(max-width: 1014px) 100vw, 1014px\" \/><\/p>\n<p>Zistite si miestne po\u017eiadavky na e-faktur\u00e1ciu vo Franc\u00fazsku.\u00a0 Pre viac inform\u00e1ci\u00ed n\u00e1s kontaktujte!<\/p>\n<\/p>\n<h2>Anticip\u00e1cia, Porozumenie, Komunik\u00e1cia<\/h2>\n<p>Aby bolo pre firmy jednoduch\u0161ie dodr\u017eiava\u0165 predpisy, rie\u0161enia pre spr\u00e1vu sa pos\u00favaj\u00fa k v\u00e4\u010d\u0161ej automatiz\u00e1cii zad\u00e1vania d\u00e1t, importu bankov\u00fdch \u00fadajov a bezpapierovej faktur\u00e1cie.<\/p>\n<p><p><strong>\u010co sa men\u00ed s e-faktur\u00e1ciou?<\/strong><\/p>\n<p>Povinn\u00e1 B2B e-faktur\u00e1cia zjednodu\u0161uje spracovanie prich\u00e1dzaj\u00facich a odch\u00e1dzaj\u00facich fakt\u00far, ako aj pod\u00e1vanie da\u0148ov\u00fdch priznan\u00ed k DPH.<\/p>\n<p>&nbsp;<\/p>\n<\/p>\n<p><p>Jednoduch\u0161ia integr\u00e1cia v\u0161etk\u00fdch prich\u00e1dzaj\u00facich fakt\u00far do \u00fa\u010dtovn\u00fdch syst\u00e9mov spolo\u010dnost\u00ed.<br \/>\nA priori kontrola s\u00faladu odoslan\u00fdch fakt\u00far a zamietnutie nevyhovuj\u00facich fakt\u00far pri zdroji.<br \/>\nTransparentnos\u0165 pre z\u00e1kazn\u00edkov oh\u013eadom postupu spracovania fakt\u00far.<\/p>\n<p>Objavte na\u0161e po\u017eiadavky na <strong><a href=\"https:\/\/deveho.com\/sk\/sluzby\/elektronicka-fakturacia\/\">e-faktur\u00e1ciu po celom svete.<\/a><\/strong><\/p>\n<\/p>\n<h2><\/h2>\n<h3>Nov\u00e9 <red>po\u017eiadavky<\/red><\/h3>\n<h3>Od 1. septembra 2026 budete musie\u0165 by\u0165 schopn\u00ed prij\u00edma\u0165 e-fakt\u00fary, nov\u00e9 povinnosti bud\u00fa postupne prid\u00e1van\u00e9 a\u017e do roku 2027.<\/h3>\n<\/p>\n<h2><\/h2>\n<h3> <red>Funkcie<\/red> e-faktur\u00e1cie <\/h3>\n<h3><\/h3>\n<\/p>\n<h2><\/h2>\n<h3><red>V\u00fdhody<\/red> e-faktur\u00e1cie<\/h3>\n<h3><\/h3><\/p>\n","protected":false},"excerpt":{"rendered":"<p>France E-invoicing system page<\/p>\n","protected":false},"author":34,"featured_media":0,"parent":28332,"menu_order":0,"comment_status":"closed","ping_status":"closed","template":"templates\/template-prod_serv.php","meta":{"_acf_changed":false,"footnotes":""},"class_list":["post-28351","page","type-page","status-publish","hentry"],"acf":[],"yoast_head":"<!-- This site is optimized with the Yoast SEO plugin v23.5 - https:\/\/yoast.com\/wordpress\/plugins\/seo\/ -->\n<title>E-faktur\u00e1cia vo Franc\u00fazsku - Deveho<\/title>\n<meta name=\"description\" content=\"Z\u00edskajte inform\u00e1cie o nov\u00fdch nariadeniach franc\u00fazskej vl\u00e1dy o e-faktur\u00e1cii. Predv\u00eddajte a pripravte sa na e-faktur\u00e1ciu vo Franc\u00fazsku.\" \/>\n<meta name=\"robots\" content=\"index, follow, max-snippet:-1, max-image-preview:large, max-video-preview:-1\" \/>\n<link rel=\"canonical\" href=\"https:\/\/deveho.com\/sk\/sluzby\/elektronicka-fakturacia\/france-e-invoicing-system\/\" \/>\n<meta property=\"og:locale\" content=\"sk_SK\" \/>\n<meta property=\"og:type\" content=\"article\" \/>\n<meta property=\"og:title\" content=\"E-faktur\u00e1cia vo Franc\u00fazsku - Deveho\" \/>\n<meta property=\"og:description\" content=\"Z\u00edskajte inform\u00e1cie o nov\u00fdch nariadeniach franc\u00fazskej vl\u00e1dy o e-faktur\u00e1cii. Predv\u00eddajte a pripravte sa na e-faktur\u00e1ciu vo Franc\u00fazsku.\" \/>\n<meta property=\"og:url\" content=\"https:\/\/deveho.com\/sk\/sluzby\/elektronicka-fakturacia\/france-e-invoicing-system\/\" \/>\n<meta property=\"og:site_name\" content=\"Deveho\" \/>\n<meta property=\"article:publisher\" content=\"https:\/\/www.facebook.com\/deveho\" \/>\n<meta property=\"article:modified_time\" content=\"2025-12-19T15:47:22+00:00\" \/>\n<meta property=\"og:image\" content=\"https:\/\/deveho.com\/wp-content\/uploads\/2025\/12\/Francuzsky-system-e-fakturacie.png\" \/>\n<meta name=\"twitter:card\" content=\"summary_large_image\" \/>\n<meta name=\"twitter:site\" content=\"@Deveho1\" \/>\n<meta name=\"twitter:label1\" content=\"Predpokladan\u00fd \u010das \u010d\u00edtania\" \/>\n\t<meta name=\"twitter:data1\" content=\"2 min\u00faty\" \/>\n<script type=\"application\/ld+json\" class=\"yoast-schema-graph\">{\"@context\":\"https:\/\/schema.org\",\"@graph\":[{\"@type\":\"WebPage\",\"@id\":\"https:\/\/deveho.com\/sk\/sluzby\/elektronicka-fakturacia\/france-e-invoicing-system\/\",\"url\":\"https:\/\/deveho.com\/sk\/sluzby\/elektronicka-fakturacia\/france-e-invoicing-system\/\",\"name\":\"E-faktur\u00e1cia vo Franc\u00fazsku - Deveho\",\"isPartOf\":{\"@id\":\"https:\/\/deveho.com\/#website\"},\"primaryImageOfPage\":{\"@id\":\"https:\/\/deveho.com\/sk\/sluzby\/elektronicka-fakturacia\/france-e-invoicing-system\/#primaryimage\"},\"image\":{\"@id\":\"https:\/\/deveho.com\/sk\/sluzby\/elektronicka-fakturacia\/france-e-invoicing-system\/#primaryimage\"},\"thumbnailUrl\":\"https:\/\/deveho.com\/wp-content\/uploads\/2025\/12\/Francuzsky-system-e-fakturacie.png\",\"datePublished\":\"2024-02-27T14:01:48+00:00\",\"dateModified\":\"2025-12-19T15:47:22+00:00\",\"description\":\"Z\u00edskajte inform\u00e1cie o nov\u00fdch nariadeniach franc\u00fazskej vl\u00e1dy o e-faktur\u00e1cii. Predv\u00eddajte a pripravte sa na e-faktur\u00e1ciu vo Franc\u00fazsku.\",\"breadcrumb\":{\"@id\":\"https:\/\/deveho.com\/sk\/sluzby\/elektronicka-fakturacia\/france-e-invoicing-system\/#breadcrumb\"},\"inLanguage\":\"sk-SK\",\"potentialAction\":[{\"@type\":\"ReadAction\",\"target\":[\"https:\/\/deveho.com\/sk\/sluzby\/elektronicka-fakturacia\/france-e-invoicing-system\/\"]}]},{\"@type\":\"ImageObject\",\"inLanguage\":\"sk-SK\",\"@id\":\"https:\/\/deveho.com\/sk\/sluzby\/elektronicka-fakturacia\/france-e-invoicing-system\/#primaryimage\",\"url\":\"https:\/\/deveho.com\/wp-content\/uploads\/2025\/12\/Francuzsky-system-e-fakturacie.png\",\"contentUrl\":\"https:\/\/deveho.com\/wp-content\/uploads\/2025\/12\/Francuzsky-system-e-fakturacie.png\"},{\"@type\":\"BreadcrumbList\",\"@id\":\"https:\/\/deveho.com\/sk\/sluzby\/elektronicka-fakturacia\/france-e-invoicing-system\/#breadcrumb\",\"itemListElement\":[{\"@type\":\"ListItem\",\"position\":1,\"name\":\"Home\",\"item\":\"https:\/\/deveho.com\/sk\/\"},{\"@type\":\"ListItem\",\"position\":2,\"name\":\"Slu\u017eby\",\"item\":\"https:\/\/deveho.com\/sk\/sluzby\/\"},{\"@type\":\"ListItem\",\"position\":3,\"name\":\"Elektronick\u00e1 faktur\u00e1cia\",\"item\":\"https:\/\/deveho.com\/sk\/sluzby\/elektronicka-fakturacia\/\"},{\"@type\":\"ListItem\",\"position\":4,\"name\":\"Elektronick\u00e1 faktur\u00e1cia vo Franc\u00fazsku\"}]},{\"@type\":\"WebSite\",\"@id\":\"https:\/\/deveho.com\/#website\",\"url\":\"https:\/\/deveho.com\/\",\"name\":\"Deveho Consulting Group\",\"description\":\"Let\u2019s boost your growth\",\"publisher\":{\"@id\":\"https:\/\/deveho.com\/#organization\"},\"potentialAction\":[{\"@type\":\"SearchAction\",\"target\":{\"@type\":\"EntryPoint\",\"urlTemplate\":\"https:\/\/deveho.com\/?s={search_term_string}\"},\"query-input\":{\"@type\":\"PropertyValueSpecification\",\"valueRequired\":true,\"valueName\":\"search_term_string\"}}],\"inLanguage\":\"sk-SK\"},{\"@type\":\"Organization\",\"@id\":\"https:\/\/deveho.com\/#organization\",\"name\":\"Deveho Consulting Group\",\"url\":\"https:\/\/deveho.com\/\",\"logo\":{\"@type\":\"ImageObject\",\"inLanguage\":\"sk-SK\",\"@id\":\"https:\/\/deveho.com\/#\/schema\/logo\/image\/\",\"url\":\"https:\/\/deveho.com\/wp-content\/uploads\/2023\/02\/DEVEHO-LOGO-Baseline-COLOR.png\",\"contentUrl\":\"https:\/\/deveho.com\/wp-content\/uploads\/2023\/02\/DEVEHO-LOGO-Baseline-COLOR.png\",\"width\":2251,\"height\":585,\"caption\":\"Deveho Consulting Group\"},\"image\":{\"@id\":\"https:\/\/deveho.com\/#\/schema\/logo\/image\/\"},\"sameAs\":[\"https:\/\/www.facebook.com\/deveho\",\"https:\/\/x.com\/Deveho1\",\"https:\/\/www.linkedin.com\/company\/deveho-consulting\/\"]}]}<\/script>\n<!-- \/ Yoast SEO plugin. -->","yoast_head_json":{"title":"E-faktur\u00e1cia vo Franc\u00fazsku - Deveho","description":"Z\u00edskajte inform\u00e1cie o nov\u00fdch nariadeniach franc\u00fazskej vl\u00e1dy o e-faktur\u00e1cii. Predv\u00eddajte a pripravte sa na e-faktur\u00e1ciu vo Franc\u00fazsku.","robots":{"index":"index","follow":"follow","max-snippet":"max-snippet:-1","max-image-preview":"max-image-preview:large","max-video-preview":"max-video-preview:-1"},"canonical":"https:\/\/deveho.com\/sk\/sluzby\/elektronicka-fakturacia\/france-e-invoicing-system\/","og_locale":"sk_SK","og_type":"article","og_title":"E-faktur\u00e1cia vo Franc\u00fazsku - Deveho","og_description":"Z\u00edskajte inform\u00e1cie o nov\u00fdch nariadeniach franc\u00fazskej vl\u00e1dy o e-faktur\u00e1cii. Predv\u00eddajte a pripravte sa na e-faktur\u00e1ciu vo Franc\u00fazsku.","og_url":"https:\/\/deveho.com\/sk\/sluzby\/elektronicka-fakturacia\/france-e-invoicing-system\/","og_site_name":"Deveho","article_publisher":"https:\/\/www.facebook.com\/deveho","article_modified_time":"2025-12-19T15:47:22+00:00","og_image":[{"url":"https:\/\/deveho.com\/wp-content\/uploads\/2025\/12\/Francuzsky-system-e-fakturacie.png"}],"twitter_card":"summary_large_image","twitter_site":"@Deveho1","twitter_misc":{"Predpokladan\u00fd \u010das \u010d\u00edtania":"2 min\u00faty"},"schema":{"@context":"https:\/\/schema.org","@graph":[{"@type":"WebPage","@id":"https:\/\/deveho.com\/sk\/sluzby\/elektronicka-fakturacia\/france-e-invoicing-system\/","url":"https:\/\/deveho.com\/sk\/sluzby\/elektronicka-fakturacia\/france-e-invoicing-system\/","name":"E-faktur\u00e1cia vo Franc\u00fazsku - Deveho","isPartOf":{"@id":"https:\/\/deveho.com\/#website"},"primaryImageOfPage":{"@id":"https:\/\/deveho.com\/sk\/sluzby\/elektronicka-fakturacia\/france-e-invoicing-system\/#primaryimage"},"image":{"@id":"https:\/\/deveho.com\/sk\/sluzby\/elektronicka-fakturacia\/france-e-invoicing-system\/#primaryimage"},"thumbnailUrl":"https:\/\/deveho.com\/wp-content\/uploads\/2025\/12\/Francuzsky-system-e-fakturacie.png","datePublished":"2024-02-27T14:01:48+00:00","dateModified":"2025-12-19T15:47:22+00:00","description":"Z\u00edskajte inform\u00e1cie o nov\u00fdch nariadeniach franc\u00fazskej vl\u00e1dy o e-faktur\u00e1cii. Predv\u00eddajte a pripravte sa na e-faktur\u00e1ciu vo Franc\u00fazsku.","breadcrumb":{"@id":"https:\/\/deveho.com\/sk\/sluzby\/elektronicka-fakturacia\/france-e-invoicing-system\/#breadcrumb"},"inLanguage":"sk-SK","potentialAction":[{"@type":"ReadAction","target":["https:\/\/deveho.com\/sk\/sluzby\/elektronicka-fakturacia\/france-e-invoicing-system\/"]}]},{"@type":"ImageObject","inLanguage":"sk-SK","@id":"https:\/\/deveho.com\/sk\/sluzby\/elektronicka-fakturacia\/france-e-invoicing-system\/#primaryimage","url":"https:\/\/deveho.com\/wp-content\/uploads\/2025\/12\/Francuzsky-system-e-fakturacie.png","contentUrl":"https:\/\/deveho.com\/wp-content\/uploads\/2025\/12\/Francuzsky-system-e-fakturacie.png"},{"@type":"BreadcrumbList","@id":"https:\/\/deveho.com\/sk\/sluzby\/elektronicka-fakturacia\/france-e-invoicing-system\/#breadcrumb","itemListElement":[{"@type":"ListItem","position":1,"name":"Home","item":"https:\/\/deveho.com\/sk\/"},{"@type":"ListItem","position":2,"name":"Slu\u017eby","item":"https:\/\/deveho.com\/sk\/sluzby\/"},{"@type":"ListItem","position":3,"name":"Elektronick\u00e1 faktur\u00e1cia","item":"https:\/\/deveho.com\/sk\/sluzby\/elektronicka-fakturacia\/"},{"@type":"ListItem","position":4,"name":"Elektronick\u00e1 faktur\u00e1cia vo Franc\u00fazsku"}]},{"@type":"WebSite","@id":"https:\/\/deveho.com\/#website","url":"https:\/\/deveho.com\/","name":"Deveho Consulting Group","description":"Let\u2019s boost your growth","publisher":{"@id":"https:\/\/deveho.com\/#organization"},"potentialAction":[{"@type":"SearchAction","target":{"@type":"EntryPoint","urlTemplate":"https:\/\/deveho.com\/?s={search_term_string}"},"query-input":{"@type":"PropertyValueSpecification","valueRequired":true,"valueName":"search_term_string"}}],"inLanguage":"sk-SK"},{"@type":"Organization","@id":"https:\/\/deveho.com\/#organization","name":"Deveho Consulting Group","url":"https:\/\/deveho.com\/","logo":{"@type":"ImageObject","inLanguage":"sk-SK","@id":"https:\/\/deveho.com\/#\/schema\/logo\/image\/","url":"https:\/\/deveho.com\/wp-content\/uploads\/2023\/02\/DEVEHO-LOGO-Baseline-COLOR.png","contentUrl":"https:\/\/deveho.com\/wp-content\/uploads\/2023\/02\/DEVEHO-LOGO-Baseline-COLOR.png","width":2251,"height":585,"caption":"Deveho Consulting Group"},"image":{"@id":"https:\/\/deveho.com\/#\/schema\/logo\/image\/"},"sameAs":["https:\/\/www.facebook.com\/deveho","https:\/\/x.com\/Deveho1","https:\/\/www.linkedin.com\/company\/deveho-consulting\/"]}]}},"_links":{"self":[{"href":"https:\/\/deveho.com\/sk\/wp-json\/wp\/v2\/pages\/28351"}],"collection":[{"href":"https:\/\/deveho.com\/sk\/wp-json\/wp\/v2\/pages"}],"about":[{"href":"https:\/\/deveho.com\/sk\/wp-json\/wp\/v2\/types\/page"}],"author":[{"embeddable":true,"href":"https:\/\/deveho.com\/sk\/wp-json\/wp\/v2\/users\/34"}],"replies":[{"embeddable":true,"href":"https:\/\/deveho.com\/sk\/wp-json\/wp\/v2\/comments?post=28351"}],"version-history":[{"count":27,"href":"https:\/\/deveho.com\/sk\/wp-json\/wp\/v2\/pages\/28351\/revisions"}],"predecessor-version":[{"id":44903,"href":"https:\/\/deveho.com\/sk\/wp-json\/wp\/v2\/pages\/28351\/revisions\/44903"}],"up":[{"embeddable":true,"href":"https:\/\/deveho.com\/sk\/wp-json\/wp\/v2\/pages\/28332"}],"wp:attachment":[{"href":"https:\/\/deveho.com\/sk\/wp-json\/wp\/v2\/media?parent=28351"}],"curies":[{"name":"wp","href":"https:\/\/api.w.org\/{rel}","templated":true}]}}