{"id":28371,"date":"2024-02-27T16:05:54","date_gmt":"2024-02-27T14:05:54","guid":{"rendered":"https:\/\/deveho.com\/?page_id=28371"},"modified":"2025-12-11T13:29:11","modified_gmt":"2025-12-11T11:29:11","slug":"e-fakturacia-v-rumunsku","status":"publish","type":"page","link":"https:\/\/deveho.com\/sk\/sluzby\/elektronicka-fakturacia\/e-fakturacia-v-rumunsku\/","title":{"rendered":"E-faktur\u00e1cia v Rumunsku"},"content":{"rendered":"<br \/>\n<h2><\/h2>\n<h3>Po\u017eiadavky na <br \/>rumunsk\u00fd syst\u00e9m e-faktur\u00e1cie<\/h3>\n<h3><\/h3>\n<p><p>Elektronick\u00e1 faktur\u00e1cia sa stala modern\u00fdm a efekt\u00edvnym rie\u0161en\u00edm na riadenie obchodn\u00fdch transakci\u00ed v glob\u00e1lnom meradle. V Rumunsku sa pravidl\u00e1 e-faktur\u00e1cie vyv\u00edjali tak, aby reflektovali tento trend a podporovali prijatie efekt\u00edvnej\u0161\u00edch met\u00f3d.<\/p>\n<p>Rumunsko vyvinulo nieko\u013eko rie\u0161en\u00ed na zvl\u00e1dnutie rastu elektronickej faktur\u00e1cie:<\/p>\n<ul>\n<li><a href=\"https:\/\/deveho.com\/sk\/sluzby\/e-invoicing\/e-invoicing-in-romania\/e-factura\/\"><strong>E-FACTURA<\/strong><\/a><\/li>\n<li><strong>E-TRANSPORT<\/strong><\/li>\n<\/ul>\n<p>D\u0148a 15. decembra 2023 vst\u00fapila do platnosti sada zmien syst\u00e9mu E-Transport. Pred publik\u00e1ciou EGO \u010d. 115\/2023 sa syst\u00e9m E-Transport v Rumunsku vz\u0165ahoval iba na cestn\u00fa dopravu tovaru s vysok\u00fdm da\u0148ov\u00fdm rizikom realizovan\u00fa v r\u00e1mci Rumunska. To zah\u0155\u0148alo r\u00f4zne oznamovacie povinnosti pre subjekty zapojen\u00e9 do transakci\u00ed a\/alebo cestnej dopravy tak\u00e9hoto tovaru.<\/p>\n<p>Av\u0161ak s novou publik\u00e1ciou sa rozsah syst\u00e9mu E-Transport roz\u0161\u00edril tak, aby zah\u0155\u0148al aj oznamovaciu povinnos\u0165 pre medzin\u00e1rodn\u00fa cestn\u00fa dopravu tovaru. Tieto prepravy sa musia hl\u00e1si\u0165 bez oh\u013eadu na povahu tovaru (t. j. nielen pre tovar s vysok\u00fdm da\u0148ov\u00fdm rizikom).<\/p>\n<p>Hoci opatrenia t\u00fdkaj\u00face sa oznamovania medzin\u00e1rodnej cestnej prepravy tovaru nadobudli \u00fa\u010dinnos\u0165 15. decembra 2023, sankcie za nedodr\u017eanie nov\u00fdch povinnost\u00ed t\u00fdkaj\u00facich sa medzin\u00e1rodnej cestnej prepravy tovaru vst\u00fapili do platnosti 1. j\u00fala 2024.<\/p>\n<p>Povinnos\u0165 deklarova\u0165 v syst\u00e9me E-Transport \u00fadaje t\u00fdkaj\u00face sa medzin\u00e1rodnej prepravy tovaru spo\u010d\u00edva na nasleduj\u00facich pou\u017e\u00edvate\u013eoch:<\/p>\n<p>-Pr\u00edjemca uveden\u00fd v colnom vyhl\u00e1sen\u00ed pre dovoz alebo odosielate\u013e uveden\u00fd v colnom vyhl\u00e1sen\u00ed pre v\u00fdvoz, pod\u013ea potreby, pre tovar podliehaj\u00faci dovozu alebo v\u00fdvozu;<br \/>\n-Pr\u00edjemca v Rumunsku v pr\u00edpade vn\u00fatrokomunit\u00e1rnych nadobudnut\u00ed tovaru;<br \/>\n-Dod\u00e1vate\u013e v Rumunsku v pr\u00edpade vn\u00fatrokomunit\u00e1rnych dod\u00e1vok tovaru;<br \/>\n-Skladovate\u013e v pr\u00edpade tovaru podliehaj\u00faceho vn\u00fatrokomunit\u00e1rnym transakci\u00e1m v tranzite.<\/p>\n<\/p>\n<h2><\/h2>\n<h3><red>Regula\u010dn\u00e9 prostredie pre e-faktur\u00e1ciu v Rumunsku<\/red><\/h3>\n<h3><\/h3>\n<\/p>\n<h2><\/h2>\n<h3>V\u00fdhody <br \/>e-faktur\u00e1cie v Rumunsku<\/h3>\n<h3><\/h3><\/p>\n","protected":false},"excerpt":{"rendered":"<p>Po\u017eiadavky na rumunsk\u00fd syst\u00e9m e-faktur\u00e1cie Elektronick\u00e1 faktur\u00e1cia sa stala modern\u00fdm a efekt\u00edvnym rie\u0161en\u00edm na riadenie obchodn\u00fdch transakci\u00ed v glob\u00e1lnom meradle. V Rumunsku sa pravidl\u00e1 e-faktur\u00e1cie vyv\u00edjali tak, aby reflektovali tento trend a podporovali prijatie efekt\u00edvnej\u0161\u00edch met\u00f3d. Rumunsko vyvinulo nieko\u013eko rie\u0161en\u00ed na zvl\u00e1dnutie rastu elektronickej faktur\u00e1cie: E-FACTURA E-TRANSPORT D\u0148a 15. decembra 2023 vst\u00fapila do platnosti sada [&hellip;]<\/p>\n","protected":false},"author":34,"featured_media":0,"parent":28332,"menu_order":0,"comment_status":"closed","ping_status":"closed","template":"templates\/template-prod_serv.php","meta":{"_acf_changed":false,"footnotes":""},"class_list":["post-28371","page","type-page","status-publish","hentry"],"acf":[],"yoast_head":"<!-- This site is optimized with the Yoast SEO plugin v23.5 - https:\/\/yoast.com\/wordpress\/plugins\/seo\/ -->\n<title>E-faktur\u00e1cia v Rumunsku - Deveho<\/title>\n<meta name=\"description\" content=\"Zistite si nov\u00e9 nariadenia rumunskej vl\u00e1dy o e-faktur\u00e1cii. Predv\u00eddajte nariadenia a pripravte sa na elektronick\u00fa faktur\u00e1ciu v Rumunsku.\" \/>\n<meta name=\"robots\" content=\"index, follow, max-snippet:-1, max-image-preview:large, max-video-preview:-1\" \/>\n<link rel=\"canonical\" href=\"https:\/\/deveho.com\/sk\/sluzby\/elektronicka-fakturacia\/e-fakturacia-v-rumunsku\/\" \/>\n<meta property=\"og:locale\" content=\"sk_SK\" \/>\n<meta property=\"og:type\" content=\"article\" \/>\n<meta property=\"og:title\" content=\"E-faktur\u00e1cia v Rumunsku - Deveho\" \/>\n<meta property=\"og:description\" content=\"Zistite si nov\u00e9 nariadenia rumunskej vl\u00e1dy o e-faktur\u00e1cii. Predv\u00eddajte nariadenia a pripravte sa na elektronick\u00fa faktur\u00e1ciu v Rumunsku.\" \/>\n<meta property=\"og:url\" content=\"https:\/\/deveho.com\/sk\/sluzby\/elektronicka-fakturacia\/e-fakturacia-v-rumunsku\/\" \/>\n<meta property=\"og:site_name\" content=\"Deveho\" \/>\n<meta property=\"article:publisher\" content=\"https:\/\/www.facebook.com\/deveho\" \/>\n<meta property=\"article:modified_time\" content=\"2025-12-11T11:29:11+00:00\" \/>\n<meta name=\"twitter:card\" content=\"summary_large_image\" \/>\n<meta name=\"twitter:site\" content=\"@Deveho1\" \/>\n<meta name=\"twitter:label1\" content=\"Predpokladan\u00fd \u010das \u010d\u00edtania\" \/>\n\t<meta name=\"twitter:data1\" content=\"2 min\u00faty\" \/>\n<script type=\"application\/ld+json\" class=\"yoast-schema-graph\">{\"@context\":\"https:\/\/schema.org\",\"@graph\":[{\"@type\":\"WebPage\",\"@id\":\"https:\/\/deveho.com\/sk\/sluzby\/elektronicka-fakturacia\/e-fakturacia-v-rumunsku\/\",\"url\":\"https:\/\/deveho.com\/sk\/sluzby\/elektronicka-fakturacia\/e-fakturacia-v-rumunsku\/\",\"name\":\"E-faktur\u00e1cia v Rumunsku - Deveho\",\"isPartOf\":{\"@id\":\"https:\/\/deveho.com\/#website\"},\"datePublished\":\"2024-02-27T14:05:54+00:00\",\"dateModified\":\"2025-12-11T11:29:11+00:00\",\"description\":\"Zistite si nov\u00e9 nariadenia rumunskej vl\u00e1dy o e-faktur\u00e1cii. Predv\u00eddajte nariadenia a pripravte sa na elektronick\u00fa faktur\u00e1ciu v Rumunsku.\",\"breadcrumb\":{\"@id\":\"https:\/\/deveho.com\/sk\/sluzby\/elektronicka-fakturacia\/e-fakturacia-v-rumunsku\/#breadcrumb\"},\"inLanguage\":\"sk-SK\",\"potentialAction\":[{\"@type\":\"ReadAction\",\"target\":[\"https:\/\/deveho.com\/sk\/sluzby\/elektronicka-fakturacia\/e-fakturacia-v-rumunsku\/\"]}]},{\"@type\":\"BreadcrumbList\",\"@id\":\"https:\/\/deveho.com\/sk\/sluzby\/elektronicka-fakturacia\/e-fakturacia-v-rumunsku\/#breadcrumb\",\"itemListElement\":[{\"@type\":\"ListItem\",\"position\":1,\"name\":\"Home\",\"item\":\"https:\/\/deveho.com\/sk\/\"},{\"@type\":\"ListItem\",\"position\":2,\"name\":\"Slu\u017eby\",\"item\":\"https:\/\/deveho.com\/sk\/sluzby\/\"},{\"@type\":\"ListItem\",\"position\":3,\"name\":\"Elektronick\u00e1 faktur\u00e1cia\",\"item\":\"https:\/\/deveho.com\/sk\/sluzby\/elektronicka-fakturacia\/\"},{\"@type\":\"ListItem\",\"position\":4,\"name\":\"E-faktur\u00e1cia v Rumunsku\"}]},{\"@type\":\"WebSite\",\"@id\":\"https:\/\/deveho.com\/#website\",\"url\":\"https:\/\/deveho.com\/\",\"name\":\"Deveho Consulting Group\",\"description\":\"Let\u2019s boost your growth\",\"publisher\":{\"@id\":\"https:\/\/deveho.com\/#organization\"},\"potentialAction\":[{\"@type\":\"SearchAction\",\"target\":{\"@type\":\"EntryPoint\",\"urlTemplate\":\"https:\/\/deveho.com\/?s={search_term_string}\"},\"query-input\":{\"@type\":\"PropertyValueSpecification\",\"valueRequired\":true,\"valueName\":\"search_term_string\"}}],\"inLanguage\":\"sk-SK\"},{\"@type\":\"Organization\",\"@id\":\"https:\/\/deveho.com\/#organization\",\"name\":\"Deveho Consulting Group\",\"url\":\"https:\/\/deveho.com\/\",\"logo\":{\"@type\":\"ImageObject\",\"inLanguage\":\"sk-SK\",\"@id\":\"https:\/\/deveho.com\/#\/schema\/logo\/image\/\",\"url\":\"https:\/\/deveho.com\/wp-content\/uploads\/2023\/02\/DEVEHO-LOGO-Baseline-COLOR.png\",\"contentUrl\":\"https:\/\/deveho.com\/wp-content\/uploads\/2023\/02\/DEVEHO-LOGO-Baseline-COLOR.png\",\"width\":2251,\"height\":585,\"caption\":\"Deveho Consulting Group\"},\"image\":{\"@id\":\"https:\/\/deveho.com\/#\/schema\/logo\/image\/\"},\"sameAs\":[\"https:\/\/www.facebook.com\/deveho\",\"https:\/\/x.com\/Deveho1\",\"https:\/\/www.linkedin.com\/company\/deveho-consulting\/\"]}]}<\/script>\n<!-- \/ Yoast SEO plugin. -->","yoast_head_json":{"title":"E-faktur\u00e1cia v Rumunsku - Deveho","description":"Zistite si nov\u00e9 nariadenia rumunskej vl\u00e1dy o e-faktur\u00e1cii. Predv\u00eddajte nariadenia a pripravte sa na elektronick\u00fa faktur\u00e1ciu v Rumunsku.","robots":{"index":"index","follow":"follow","max-snippet":"max-snippet:-1","max-image-preview":"max-image-preview:large","max-video-preview":"max-video-preview:-1"},"canonical":"https:\/\/deveho.com\/sk\/sluzby\/elektronicka-fakturacia\/e-fakturacia-v-rumunsku\/","og_locale":"sk_SK","og_type":"article","og_title":"E-faktur\u00e1cia v Rumunsku - Deveho","og_description":"Zistite si nov\u00e9 nariadenia rumunskej vl\u00e1dy o e-faktur\u00e1cii. Predv\u00eddajte nariadenia a pripravte sa na elektronick\u00fa faktur\u00e1ciu v Rumunsku.","og_url":"https:\/\/deveho.com\/sk\/sluzby\/elektronicka-fakturacia\/e-fakturacia-v-rumunsku\/","og_site_name":"Deveho","article_publisher":"https:\/\/www.facebook.com\/deveho","article_modified_time":"2025-12-11T11:29:11+00:00","twitter_card":"summary_large_image","twitter_site":"@Deveho1","twitter_misc":{"Predpokladan\u00fd \u010das \u010d\u00edtania":"2 min\u00faty"},"schema":{"@context":"https:\/\/schema.org","@graph":[{"@type":"WebPage","@id":"https:\/\/deveho.com\/sk\/sluzby\/elektronicka-fakturacia\/e-fakturacia-v-rumunsku\/","url":"https:\/\/deveho.com\/sk\/sluzby\/elektronicka-fakturacia\/e-fakturacia-v-rumunsku\/","name":"E-faktur\u00e1cia v Rumunsku - Deveho","isPartOf":{"@id":"https:\/\/deveho.com\/#website"},"datePublished":"2024-02-27T14:05:54+00:00","dateModified":"2025-12-11T11:29:11+00:00","description":"Zistite si nov\u00e9 nariadenia rumunskej vl\u00e1dy o e-faktur\u00e1cii. Predv\u00eddajte nariadenia a pripravte sa na elektronick\u00fa faktur\u00e1ciu v Rumunsku.","breadcrumb":{"@id":"https:\/\/deveho.com\/sk\/sluzby\/elektronicka-fakturacia\/e-fakturacia-v-rumunsku\/#breadcrumb"},"inLanguage":"sk-SK","potentialAction":[{"@type":"ReadAction","target":["https:\/\/deveho.com\/sk\/sluzby\/elektronicka-fakturacia\/e-fakturacia-v-rumunsku\/"]}]},{"@type":"BreadcrumbList","@id":"https:\/\/deveho.com\/sk\/sluzby\/elektronicka-fakturacia\/e-fakturacia-v-rumunsku\/#breadcrumb","itemListElement":[{"@type":"ListItem","position":1,"name":"Home","item":"https:\/\/deveho.com\/sk\/"},{"@type":"ListItem","position":2,"name":"Slu\u017eby","item":"https:\/\/deveho.com\/sk\/sluzby\/"},{"@type":"ListItem","position":3,"name":"Elektronick\u00e1 faktur\u00e1cia","item":"https:\/\/deveho.com\/sk\/sluzby\/elektronicka-fakturacia\/"},{"@type":"ListItem","position":4,"name":"E-faktur\u00e1cia v Rumunsku"}]},{"@type":"WebSite","@id":"https:\/\/deveho.com\/#website","url":"https:\/\/deveho.com\/","name":"Deveho Consulting Group","description":"Let\u2019s boost your growth","publisher":{"@id":"https:\/\/deveho.com\/#organization"},"potentialAction":[{"@type":"SearchAction","target":{"@type":"EntryPoint","urlTemplate":"https:\/\/deveho.com\/?s={search_term_string}"},"query-input":{"@type":"PropertyValueSpecification","valueRequired":true,"valueName":"search_term_string"}}],"inLanguage":"sk-SK"},{"@type":"Organization","@id":"https:\/\/deveho.com\/#organization","name":"Deveho Consulting Group","url":"https:\/\/deveho.com\/","logo":{"@type":"ImageObject","inLanguage":"sk-SK","@id":"https:\/\/deveho.com\/#\/schema\/logo\/image\/","url":"https:\/\/deveho.com\/wp-content\/uploads\/2023\/02\/DEVEHO-LOGO-Baseline-COLOR.png","contentUrl":"https:\/\/deveho.com\/wp-content\/uploads\/2023\/02\/DEVEHO-LOGO-Baseline-COLOR.png","width":2251,"height":585,"caption":"Deveho Consulting Group"},"image":{"@id":"https:\/\/deveho.com\/#\/schema\/logo\/image\/"},"sameAs":["https:\/\/www.facebook.com\/deveho","https:\/\/x.com\/Deveho1","https:\/\/www.linkedin.com\/company\/deveho-consulting\/"]}]}},"_links":{"self":[{"href":"https:\/\/deveho.com\/sk\/wp-json\/wp\/v2\/pages\/28371"}],"collection":[{"href":"https:\/\/deveho.com\/sk\/wp-json\/wp\/v2\/pages"}],"about":[{"href":"https:\/\/deveho.com\/sk\/wp-json\/wp\/v2\/types\/page"}],"author":[{"embeddable":true,"href":"https:\/\/deveho.com\/sk\/wp-json\/wp\/v2\/users\/34"}],"replies":[{"embeddable":true,"href":"https:\/\/deveho.com\/sk\/wp-json\/wp\/v2\/comments?post=28371"}],"version-history":[{"count":6,"href":"https:\/\/deveho.com\/sk\/wp-json\/wp\/v2\/pages\/28371\/revisions"}],"predecessor-version":[{"id":44568,"href":"https:\/\/deveho.com\/sk\/wp-json\/wp\/v2\/pages\/28371\/revisions\/44568"}],"up":[{"embeddable":true,"href":"https:\/\/deveho.com\/sk\/wp-json\/wp\/v2\/pages\/28332"}],"wp:attachment":[{"href":"https:\/\/deveho.com\/sk\/wp-json\/wp\/v2\/media?parent=28371"}],"curies":[{"name":"wp","href":"https:\/\/api.w.org\/{rel}","templated":true}]}}