{"id":28390,"date":"2024-02-27T16:07:54","date_gmt":"2024-02-27T14:07:54","guid":{"rendered":"https:\/\/deveho.com\/?page_id=28390"},"modified":"2025-12-11T10:44:24","modified_gmt":"2025-12-11T08:44:24","slug":"e-factura","status":"publish","type":"page","link":"https:\/\/deveho.com\/sk\/sluzby\/elektronicka-fakturacia\/e-fakturacia-v-rumunsku\/e-factura\/","title":{"rendered":"E-FAKT\u00daRA"},"content":{"rendered":"<br \/>\n<h2>Rumunsk\u00fd syst\u00e9m e-faktur\u00e1cie bude dostupn\u00fd pre najnov\u0161iu verziu Sage X3 a V12.<\/h2>\n<h3><red>Rumunsk\u00fd <br \/> syst\u00e9m E-faktur\u00e1cie a Sage X3<\/red><\/h3>\n<h3>Deveho Software Consulting, v\u00e1\u0161 partner pre Sage X3 na rumunskom trhu, by v\u00e1s chcel informova\u0165, \u017ee E-Faktura bude dostupn\u00e1 v Sage X3.<\/h3>\n<p><p>D\u00f4verujte n\u00e1m pri digitaliz\u00e1cii va\u0161ich \u00fa\u010dtovn\u00fdch dokladov v syst\u00e9me E-Faktura. N\u00e1\u0161 lok\u00e1lny t\u00edm v Rumunsku, <strong>Deveho Software Consulting<\/strong>, v\u00e1m m\u00f4\u017ee pom\u00f4c\u0165 optimalizova\u0165 \u00fa\u010dtovn\u00edctvo.<\/p>\n<p><img loading=\"lazy\" decoding=\"async\" class=\"alignleft wp-image-26779 size-full\" src=\"https:\/\/deveho.com\/wp-content\/uploads\/2024\/01\/Deveho-consulting-group-nectari.jpg\" alt=\"e-Factura system\" width=\"1050\" height=\"350\" srcset=\"https:\/\/deveho.com\/wp-content\/uploads\/2024\/01\/Deveho-consulting-group-nectari.jpg 1050w, https:\/\/deveho.com\/wp-content\/uploads\/2024\/01\/Deveho-consulting-group-nectari-300x100.jpg 300w, https:\/\/deveho.com\/wp-content\/uploads\/2024\/01\/Deveho-consulting-group-nectari-1024x341.jpg 1024w, https:\/\/deveho.com\/wp-content\/uploads\/2024\/01\/Deveho-consulting-group-nectari-150x50.jpg 150w, https:\/\/deveho.com\/wp-content\/uploads\/2024\/01\/Deveho-consulting-group-nectari-768x256.jpg 768w\" sizes=\"(max-width: 1050px) 100vw, 1050px\" \/><\/p>\n<p>&nbsp;<\/p>\n<p>&nbsp;<\/p>\n<p>Pre viac inform\u00e1ci\u00ed n\u00e1s pros\u00edm<strong><a href=\"https:\/\/deveho.com\/sk\/kontakt\/\"> kontaktuje!<\/a><\/strong><\/p>\n<\/p>\n<h2><b><red>RO E-Fakt\u00fara<\/red><\/b>  <br \/> Syst\u00e9m E-faktur\u00e1cie v Rumunsku<\/h2>\n<p>Dod\u00e1vky tovarov uveden\u00e9 v \u010dl. 294 (2) nariadenia bud\u00fa osloboden\u00e9 od povinnosti zasiela\u0165 fakt\u00fary vystaven\u00e9 v n\u00e1rodnom syst\u00e9me e-faktur\u00e1cie, E-Faktura (1) (a) a (b) a (2) z\u00e1kona \u010d. 227\/2015 (vn\u00fatrokomunit\u00e1rne dod\u00e1vky a exporty).<\/p>\n<p><p><strong>Elektronick\u00e1 fakt\u00fara je fakt\u00fara, ktor\u00e1 je vystaven\u00e1, zaslan\u00e1 a prijat\u00e1 v \u0161trukt\u00farovanom XML form\u00e1te. T\u00e1to \u0161trukt\u00fara umo\u017e\u0148uje jej elektronick\u00e9 a automatick\u00e9 spracovanie rumunsk\u00fdm syst\u00e9mom e-faktur\u00e1cie, RO E-Faktura.<\/strong><\/p>\n<p>Po dokon\u010den\u00ed valid\u00e1cie syst\u00e9m automaticky vygeneruje odpove\u010f a ak je valid\u00e1cia \u00faspe\u0161n\u00e1, bude aplikovan\u00fd podpis Ministerstva financi\u00ed. To zabezpe\u010duje, \u017ee obsah fakt\u00fary nebol zmenen\u00fd.<\/p>\n<p>Papierov\u00e1 verzia bola povolen\u00e1 do 30. j\u00fana 2024, s v\u00fdnimkou pr\u00edpadov, ke\u010f s\u00fa dod\u00e1vate\u013e aj pr\u00edjemca registrovan\u00ed v registri e-fakt\u00far.<\/p>\n<p>Od 1. j\u00fala 2024, na z\u00e1klade novely \u010dl. 319 z\u00e1kona \u010d. 227\/2015, bud\u00fa na registr\u00e1ciu pr\u00edjemcom \u2013 da\u0148ov\u00fdm subjektom so s\u00eddlom v Rumunsku, v r\u00e1mci vz\u0165ahu B2B, akceptovan\u00e9 iba fakt\u00fary vystaven\u00e9 elektronicky vo form\u00e1te XML a zaslan\u00e9 prostredn\u00edctvom n\u00e1rodn\u00e9ho syst\u00e9mu elektronickej faktur\u00e1cie RO E-Faktura.<\/p>\n<\/p>\n<p><p>Lehotou na predlo\u017eenie fakt\u00far do n\u00e1rodn\u00e9ho syst\u00e9mu e-faktur\u00e1cie je 5 pracovn\u00fdch dn\u00ed od d\u00e1tumu vystavenia fakt\u00fary, ale najnesk\u00f4r 5 pracovn\u00fdch dn\u00ed od term\u00ednu vystavenia fakt\u00fary uveden\u00e9ho v \u010dl. 319 ods. (16) z\u00e1kona \u010d. 227\/2015. Nedodr\u017eanie t\u00fdchto ustanoven\u00ed predstavuje priestupok a je sankcionovan\u00e9 pokutou. Ako v\u00fdnimka sa sankcie neuplat\u0148uj\u00fa od 1. janu\u00e1ra do 31. marca 2024.<\/p>\n<p>T\u00fdm p\u00e1dom subjekty, ktor\u00e9 nesp\u013a\u0148aj\u00fa po\u017eiadavky, riskuj\u00fa pokuty a zamietnutie odpo\u010dtu DPH.<\/p>\n<p>Da\u0148ov\u00ed poplatn\u00edci by sa mali v\u010das pripravi\u0165 na splnenie t\u00fdchto povinnost\u00ed.<\/p>\n<p>Deveho a Sage X3 s\u00fa pripraven\u00ed reagova\u0165 na nov\u00fd syst\u00e9m hl\u00e1senia e-fakt\u00far.<\/p>\n<\/p>\n<h2><\/h2>\n<h3><red>Obsah <br \/>E-Fakt\u00fary<\/red><\/h3>\n<h3>Hl\u00e1senie e-fakt\u00far bude zah\u0155\u0148a\u0165 podrobn\u00e9 inform\u00e1cie extrahovan\u00e9 od dod\u00e1vate\u013ea, z\u00e1kazn\u00edka, sp\u00f4sobu platby, platobn\u00fdch podmienok, poplatkov a podrobnosti o produktoch alebo slu\u017eb\u00e1ch zapojen\u00fdch do transakcie.<\/h3><\/p>\n","protected":false},"excerpt":{"rendered":"<p>Rumunsk\u00fd syst\u00e9m e-faktur\u00e1cie bude dostupn\u00fd pre najnov\u0161iu verziu Sage X3 a V12. Rumunsk\u00fd syst\u00e9m E-faktur\u00e1cie a Sage X3 Deveho Software Consulting, v\u00e1\u0161 partner pre Sage X3 na rumunskom trhu, by v\u00e1s chcel informova\u0165, \u017ee E-Faktura bude dostupn\u00e1 v Sage X3. D\u00f4verujte n\u00e1m pri digitaliz\u00e1cii va\u0161ich \u00fa\u010dtovn\u00fdch dokladov v syst\u00e9me E-Faktura. N\u00e1\u0161 lok\u00e1lny t\u00edm v Rumunsku, [&hellip;]<\/p>\n","protected":false},"author":34,"featured_media":0,"parent":28371,"menu_order":0,"comment_status":"closed","ping_status":"closed","template":"templates\/template-prod_serv.php","meta":{"_acf_changed":false,"footnotes":""},"class_list":["post-28390","page","type-page","status-publish","hentry"],"acf":[],"yoast_head":"<!-- This site is optimized with the Yoast SEO plugin v23.5 - https:\/\/yoast.com\/wordpress\/plugins\/seo\/ -->\n<title>E-Fakt\u00fara - Deveho<\/title>\n<meta name=\"description\" content=\"Od 01.01.2024 sa e-fakt\u00fara stala v Rumunsku povinnou. Spoznajte syst\u00e9m E-fakt\u00fara a jeho predpisy.\" \/>\n<meta name=\"robots\" content=\"index, follow, max-snippet:-1, max-image-preview:large, max-video-preview:-1\" \/>\n<link rel=\"canonical\" href=\"https:\/\/deveho.com\/sk\/sluzby\/elektronicka-fakturacia\/e-fakturacia-v-rumunsku\/e-factura\/\" \/>\n<meta property=\"og:locale\" content=\"sk_SK\" \/>\n<meta property=\"og:type\" content=\"article\" \/>\n<meta property=\"og:title\" content=\"E-Fakt\u00fara - Deveho\" \/>\n<meta property=\"og:description\" content=\"Od 01.01.2024 sa e-fakt\u00fara stala v Rumunsku povinnou. Spoznajte syst\u00e9m E-fakt\u00fara a jeho predpisy.\" \/>\n<meta property=\"og:url\" content=\"https:\/\/deveho.com\/sk\/sluzby\/elektronicka-fakturacia\/e-fakturacia-v-rumunsku\/e-factura\/\" \/>\n<meta property=\"og:site_name\" content=\"Deveho\" \/>\n<meta property=\"article:publisher\" content=\"https:\/\/www.facebook.com\/deveho\" \/>\n<meta property=\"article:modified_time\" content=\"2025-12-11T08:44:24+00:00\" \/>\n<meta property=\"og:image\" content=\"https:\/\/deveho.com\/wp-content\/uploads\/2024\/01\/Deveho-consulting-group-nectari.jpg\" \/>\n<meta name=\"twitter:card\" content=\"summary_large_image\" \/>\n<meta name=\"twitter:site\" content=\"@Deveho1\" \/>\n<meta name=\"twitter:label1\" content=\"Predpokladan\u00fd \u010das \u010d\u00edtania\" \/>\n\t<meta name=\"twitter:data1\" content=\"3 min\u00faty\" \/>\n<script type=\"application\/ld+json\" class=\"yoast-schema-graph\">{\"@context\":\"https:\/\/schema.org\",\"@graph\":[{\"@type\":\"WebPage\",\"@id\":\"https:\/\/deveho.com\/sk\/sluzby\/elektronicka-fakturacia\/e-fakturacia-v-rumunsku\/e-factura\/\",\"url\":\"https:\/\/deveho.com\/sk\/sluzby\/elektronicka-fakturacia\/e-fakturacia-v-rumunsku\/e-factura\/\",\"name\":\"E-Fakt\u00fara - Deveho\",\"isPartOf\":{\"@id\":\"https:\/\/deveho.com\/#website\"},\"primaryImageOfPage\":{\"@id\":\"https:\/\/deveho.com\/sk\/sluzby\/elektronicka-fakturacia\/e-fakturacia-v-rumunsku\/e-factura\/#primaryimage\"},\"image\":{\"@id\":\"https:\/\/deveho.com\/sk\/sluzby\/elektronicka-fakturacia\/e-fakturacia-v-rumunsku\/e-factura\/#primaryimage\"},\"thumbnailUrl\":\"https:\/\/deveho.com\/wp-content\/uploads\/2024\/01\/Deveho-consulting-group-nectari.jpg\",\"datePublished\":\"2024-02-27T14:07:54+00:00\",\"dateModified\":\"2025-12-11T08:44:24+00:00\",\"description\":\"Od 01.01.2024 sa e-fakt\u00fara stala v Rumunsku povinnou. Spoznajte syst\u00e9m E-fakt\u00fara a jeho predpisy.\",\"breadcrumb\":{\"@id\":\"https:\/\/deveho.com\/sk\/sluzby\/elektronicka-fakturacia\/e-fakturacia-v-rumunsku\/e-factura\/#breadcrumb\"},\"inLanguage\":\"sk-SK\",\"potentialAction\":[{\"@type\":\"ReadAction\",\"target\":[\"https:\/\/deveho.com\/sk\/sluzby\/elektronicka-fakturacia\/e-fakturacia-v-rumunsku\/e-factura\/\"]}]},{\"@type\":\"ImageObject\",\"inLanguage\":\"sk-SK\",\"@id\":\"https:\/\/deveho.com\/sk\/sluzby\/elektronicka-fakturacia\/e-fakturacia-v-rumunsku\/e-factura\/#primaryimage\",\"url\":\"https:\/\/deveho.com\/wp-content\/uploads\/2024\/01\/Deveho-consulting-group-nectari.jpg\",\"contentUrl\":\"https:\/\/deveho.com\/wp-content\/uploads\/2024\/01\/Deveho-consulting-group-nectari.jpg\"},{\"@type\":\"BreadcrumbList\",\"@id\":\"https:\/\/deveho.com\/sk\/sluzby\/elektronicka-fakturacia\/e-fakturacia-v-rumunsku\/e-factura\/#breadcrumb\",\"itemListElement\":[{\"@type\":\"ListItem\",\"position\":1,\"name\":\"Home\",\"item\":\"https:\/\/deveho.com\/sk\/\"},{\"@type\":\"ListItem\",\"position\":2,\"name\":\"Slu\u017eby\",\"item\":\"https:\/\/deveho.com\/sk\/sluzby\/\"},{\"@type\":\"ListItem\",\"position\":3,\"name\":\"Elektronick\u00e1 faktur\u00e1cia\",\"item\":\"https:\/\/deveho.com\/sk\/sluzby\/elektronicka-fakturacia\/\"},{\"@type\":\"ListItem\",\"position\":4,\"name\":\"E-faktur\u00e1cia v Rumunsku\",\"item\":\"https:\/\/deveho.com\/sk\/sluzby\/elektronicka-fakturacia\/e-fakturacia-v-rumunsku\/\"},{\"@type\":\"ListItem\",\"position\":5,\"name\":\"E-FAKT\u00daRA\"}]},{\"@type\":\"WebSite\",\"@id\":\"https:\/\/deveho.com\/#website\",\"url\":\"https:\/\/deveho.com\/\",\"name\":\"Deveho Consulting Group\",\"description\":\"Let\u2019s boost your growth\",\"publisher\":{\"@id\":\"https:\/\/deveho.com\/#organization\"},\"potentialAction\":[{\"@type\":\"SearchAction\",\"target\":{\"@type\":\"EntryPoint\",\"urlTemplate\":\"https:\/\/deveho.com\/?s={search_term_string}\"},\"query-input\":{\"@type\":\"PropertyValueSpecification\",\"valueRequired\":true,\"valueName\":\"search_term_string\"}}],\"inLanguage\":\"sk-SK\"},{\"@type\":\"Organization\",\"@id\":\"https:\/\/deveho.com\/#organization\",\"name\":\"Deveho Consulting Group\",\"url\":\"https:\/\/deveho.com\/\",\"logo\":{\"@type\":\"ImageObject\",\"inLanguage\":\"sk-SK\",\"@id\":\"https:\/\/deveho.com\/#\/schema\/logo\/image\/\",\"url\":\"https:\/\/deveho.com\/wp-content\/uploads\/2023\/02\/DEVEHO-LOGO-Baseline-COLOR.png\",\"contentUrl\":\"https:\/\/deveho.com\/wp-content\/uploads\/2023\/02\/DEVEHO-LOGO-Baseline-COLOR.png\",\"width\":2251,\"height\":585,\"caption\":\"Deveho Consulting Group\"},\"image\":{\"@id\":\"https:\/\/deveho.com\/#\/schema\/logo\/image\/\"},\"sameAs\":[\"https:\/\/www.facebook.com\/deveho\",\"https:\/\/x.com\/Deveho1\",\"https:\/\/www.linkedin.com\/company\/deveho-consulting\/\"]}]}<\/script>\n<!-- \/ Yoast SEO plugin. -->","yoast_head_json":{"title":"E-Fakt\u00fara - Deveho","description":"Od 01.01.2024 sa e-fakt\u00fara stala v Rumunsku povinnou. Spoznajte syst\u00e9m E-fakt\u00fara a jeho predpisy.","robots":{"index":"index","follow":"follow","max-snippet":"max-snippet:-1","max-image-preview":"max-image-preview:large","max-video-preview":"max-video-preview:-1"},"canonical":"https:\/\/deveho.com\/sk\/sluzby\/elektronicka-fakturacia\/e-fakturacia-v-rumunsku\/e-factura\/","og_locale":"sk_SK","og_type":"article","og_title":"E-Fakt\u00fara - Deveho","og_description":"Od 01.01.2024 sa e-fakt\u00fara stala v Rumunsku povinnou. Spoznajte syst\u00e9m E-fakt\u00fara a jeho predpisy.","og_url":"https:\/\/deveho.com\/sk\/sluzby\/elektronicka-fakturacia\/e-fakturacia-v-rumunsku\/e-factura\/","og_site_name":"Deveho","article_publisher":"https:\/\/www.facebook.com\/deveho","article_modified_time":"2025-12-11T08:44:24+00:00","og_image":[{"url":"https:\/\/deveho.com\/wp-content\/uploads\/2024\/01\/Deveho-consulting-group-nectari.jpg"}],"twitter_card":"summary_large_image","twitter_site":"@Deveho1","twitter_misc":{"Predpokladan\u00fd \u010das \u010d\u00edtania":"3 min\u00faty"},"schema":{"@context":"https:\/\/schema.org","@graph":[{"@type":"WebPage","@id":"https:\/\/deveho.com\/sk\/sluzby\/elektronicka-fakturacia\/e-fakturacia-v-rumunsku\/e-factura\/","url":"https:\/\/deveho.com\/sk\/sluzby\/elektronicka-fakturacia\/e-fakturacia-v-rumunsku\/e-factura\/","name":"E-Fakt\u00fara - Deveho","isPartOf":{"@id":"https:\/\/deveho.com\/#website"},"primaryImageOfPage":{"@id":"https:\/\/deveho.com\/sk\/sluzby\/elektronicka-fakturacia\/e-fakturacia-v-rumunsku\/e-factura\/#primaryimage"},"image":{"@id":"https:\/\/deveho.com\/sk\/sluzby\/elektronicka-fakturacia\/e-fakturacia-v-rumunsku\/e-factura\/#primaryimage"},"thumbnailUrl":"https:\/\/deveho.com\/wp-content\/uploads\/2024\/01\/Deveho-consulting-group-nectari.jpg","datePublished":"2024-02-27T14:07:54+00:00","dateModified":"2025-12-11T08:44:24+00:00","description":"Od 01.01.2024 sa e-fakt\u00fara stala v Rumunsku povinnou. Spoznajte syst\u00e9m E-fakt\u00fara a jeho predpisy.","breadcrumb":{"@id":"https:\/\/deveho.com\/sk\/sluzby\/elektronicka-fakturacia\/e-fakturacia-v-rumunsku\/e-factura\/#breadcrumb"},"inLanguage":"sk-SK","potentialAction":[{"@type":"ReadAction","target":["https:\/\/deveho.com\/sk\/sluzby\/elektronicka-fakturacia\/e-fakturacia-v-rumunsku\/e-factura\/"]}]},{"@type":"ImageObject","inLanguage":"sk-SK","@id":"https:\/\/deveho.com\/sk\/sluzby\/elektronicka-fakturacia\/e-fakturacia-v-rumunsku\/e-factura\/#primaryimage","url":"https:\/\/deveho.com\/wp-content\/uploads\/2024\/01\/Deveho-consulting-group-nectari.jpg","contentUrl":"https:\/\/deveho.com\/wp-content\/uploads\/2024\/01\/Deveho-consulting-group-nectari.jpg"},{"@type":"BreadcrumbList","@id":"https:\/\/deveho.com\/sk\/sluzby\/elektronicka-fakturacia\/e-fakturacia-v-rumunsku\/e-factura\/#breadcrumb","itemListElement":[{"@type":"ListItem","position":1,"name":"Home","item":"https:\/\/deveho.com\/sk\/"},{"@type":"ListItem","position":2,"name":"Slu\u017eby","item":"https:\/\/deveho.com\/sk\/sluzby\/"},{"@type":"ListItem","position":3,"name":"Elektronick\u00e1 faktur\u00e1cia","item":"https:\/\/deveho.com\/sk\/sluzby\/elektronicka-fakturacia\/"},{"@type":"ListItem","position":4,"name":"E-faktur\u00e1cia v Rumunsku","item":"https:\/\/deveho.com\/sk\/sluzby\/elektronicka-fakturacia\/e-fakturacia-v-rumunsku\/"},{"@type":"ListItem","position":5,"name":"E-FAKT\u00daRA"}]},{"@type":"WebSite","@id":"https:\/\/deveho.com\/#website","url":"https:\/\/deveho.com\/","name":"Deveho Consulting Group","description":"Let\u2019s boost your growth","publisher":{"@id":"https:\/\/deveho.com\/#organization"},"potentialAction":[{"@type":"SearchAction","target":{"@type":"EntryPoint","urlTemplate":"https:\/\/deveho.com\/?s={search_term_string}"},"query-input":{"@type":"PropertyValueSpecification","valueRequired":true,"valueName":"search_term_string"}}],"inLanguage":"sk-SK"},{"@type":"Organization","@id":"https:\/\/deveho.com\/#organization","name":"Deveho Consulting Group","url":"https:\/\/deveho.com\/","logo":{"@type":"ImageObject","inLanguage":"sk-SK","@id":"https:\/\/deveho.com\/#\/schema\/logo\/image\/","url":"https:\/\/deveho.com\/wp-content\/uploads\/2023\/02\/DEVEHO-LOGO-Baseline-COLOR.png","contentUrl":"https:\/\/deveho.com\/wp-content\/uploads\/2023\/02\/DEVEHO-LOGO-Baseline-COLOR.png","width":2251,"height":585,"caption":"Deveho Consulting Group"},"image":{"@id":"https:\/\/deveho.com\/#\/schema\/logo\/image\/"},"sameAs":["https:\/\/www.facebook.com\/deveho","https:\/\/x.com\/Deveho1","https:\/\/www.linkedin.com\/company\/deveho-consulting\/"]}]}},"_links":{"self":[{"href":"https:\/\/deveho.com\/sk\/wp-json\/wp\/v2\/pages\/28390"}],"collection":[{"href":"https:\/\/deveho.com\/sk\/wp-json\/wp\/v2\/pages"}],"about":[{"href":"https:\/\/deveho.com\/sk\/wp-json\/wp\/v2\/types\/page"}],"author":[{"embeddable":true,"href":"https:\/\/deveho.com\/sk\/wp-json\/wp\/v2\/users\/34"}],"replies":[{"embeddable":true,"href":"https:\/\/deveho.com\/sk\/wp-json\/wp\/v2\/comments?post=28390"}],"version-history":[{"count":4,"href":"https:\/\/deveho.com\/sk\/wp-json\/wp\/v2\/pages\/28390\/revisions"}],"predecessor-version":[{"id":44544,"href":"https:\/\/deveho.com\/sk\/wp-json\/wp\/v2\/pages\/28390\/revisions\/44544"}],"up":[{"embeddable":true,"href":"https:\/\/deveho.com\/sk\/wp-json\/wp\/v2\/pages\/28371"}],"wp:attachment":[{"href":"https:\/\/deveho.com\/sk\/wp-json\/wp\/v2\/media?parent=28390"}],"curies":[{"name":"wp","href":"https:\/\/api.w.org\/{rel}","templated":true}]}}