{"id":32079,"date":"2024-07-17T15:41:28","date_gmt":"2024-07-17T13:41:28","guid":{"rendered":"https:\/\/deveho.com\/?page_id=32079"},"modified":"2025-12-23T15:28:22","modified_gmt":"2025-12-23T13:28:22","slug":"yooz-solution","status":"publish","type":"page","link":"https:\/\/deveho.com\/sk\/produkty\/sage-x3-marketplace\/yooz-solution\/","title":{"rendered":"Yooz"},"content":{"rendered":"<br \/>\n<h2><\/h2>\n<h3>\u010co je Yooz?<\/h3>\n<h3><\/h3>\n<p><p>Rie\u0161enie Yooz je efekt\u00edvne rie\u0161enie typu Software as a Service (SaaS) na spracovanie a dematerializ\u00e1ciu dod\u00e1vate\u013esk\u00fdch fakt\u00far. Od n\u00e1kupn\u00fdch objedn\u00e1vok a\u017e po prijatie fakt\u00fary automatizuje cel\u00fd proces od n\u00e1kupu po platbu (P2P). To zah\u0155\u0148a integr\u00e1ciu s ERP, schva\u013eovacie postupy a spracovanie platieb, pri\u010dom v\u0161etko je riaden\u00e9 jedin\u00fdm, ucelen\u00fdm syst\u00e9mom.<\/p>\n<\/p>\n<h2><\/h2>\n<h3>Deveho integruje rie\u0161enie Yooz so Sage X3<\/h3>\n<h3>Na\u0161a platforma na automatiz\u00e1ciu z\u00e1v\u00e4zkov sp\u00e1ja technol\u00f3giu s jednoduchos\u0165ou a cenovou dostupnos\u0165ou. U\u0161etrite \u010das aj peniaze a automatizujte svoje procesy spracovania z\u00e1v\u00e4zkov s Yooz.<\/h3>\n<p><div style=\"width: 640px;\" class=\"wp-video\"><video class=\"wp-video-shortcode\" id=\"video-32079-2\" width=\"640\" height=\"360\" poster=\"https:\/\/deveho.com\/wp-content\/uploads\/2024\/07\/yooz-video.png\" preload=\"metadata\" controls=\"controls\"><source type=\"video\/mp4\" src=\"https:\/\/deveho.com\/wp-content\/uploads\/2024\/07\/We-Are-Yooz-EN.mp4?_=2\" \/><a href=\"https:\/\/deveho.com\/wp-content\/uploads\/2024\/07\/We-Are-Yooz-EN.mp4\">https:\/\/deveho.com\/wp-content\/uploads\/2024\/07\/We-Are-Yooz-EN.mp4<\/a><\/video><\/div>\n<\/p>\n<h3><red><b>Zistite, pre\u010do si na\u0161i z\u00e1kazn\u00edci vyberaj\u00fa Yooz!<\/red><\/b><\/h3>\n<p><p>Rie\u0161enie na automatiz\u00e1ciu fakt\u00far <strong>Yooz<\/strong> rie\u0161i va\u0161e v\u00fdzvy v oblasti produktivity, efektivity a s\u00faladu s predpismi. Automatizujte svoje n\u00e1kupn\u00e9 a faktura\u010dn\u00e9 procesy pomocou jedin\u00e9ho rie\u0161enia.<\/p>\n<\/p>\n<p>Jednoduch\u00e9 nastavenie.<\/p>\n<p>80 % zn\u00ed\u017eenie n\u00e1kladov.<\/p>\n<p>Krat\u0161ie \u010dasy schva\u013eovania.<\/p>\n<p>Zv\u00fd\u0161en\u00e1 preh\u013eadnos\u0165 procesov.<\/p>\n<p>Detekcia podvodov a zabezpe\u010denie dokumentov.<\/p>\n<p>Nulov\u00e9 riziko pri dematerializ\u00e1cii va\u0161ich fakt\u00far.<\/p>\n<h2><\/h2>\n<h3>V\u00fdhody Yooz<\/h3>\n<h3><\/h3>\n<\/p>\n<h2><red>EU Business School<\/red> sa pos\u00fava na vy\u0161\u0161iu \u00farove\u0148 finan\u010dn\u00e9ho riadenia so Sage X3 od Deveho.<\/h2>\n<\/p>\n<p>\u201ePrepojili sme sa s Yooz, platformou na automatiz\u00e1ciu z\u00e1v\u00e4zkov, a s na\u0161\u00edm akademick\u00fdm softv\u00e9rom.\u201c _ Anne-Claire Aubert, finan\u010dn\u00e1 riadite\u013eka skupiny v EU Business School.<\/p>\n<h2><\/h2>\n<h3>Related Pages<\/h3>\n<\/p>\n<h3><\/h3>\n<\/p>\n<h3><\/h3><\/p>\n","protected":false},"excerpt":{"rendered":"<p>Yooz solution provides the smartest, most powerful, and easiest-to-use cloud-based E-invoicing and Purchase-to-Pay (P2P) automation solution. It delivers unmatched savings, speed, and security with affordable zero-risk subscriptions to more than 5,000 customers and 300,000 users worldwide.<\/p>\n","protected":false},"author":34,"featured_media":0,"parent":9565,"menu_order":0,"comment_status":"closed","ping_status":"closed","template":"templates\/template-prod_serv.php","meta":{"_acf_changed":false,"footnotes":""},"class_list":["post-32079","page","type-page","status-publish","hentry"],"acf":[],"yoast_head":"<!-- This site is optimized with the Yoast SEO plugin v23.5 - https:\/\/yoast.com\/wordpress\/plugins\/seo\/ -->\n<title>Rie\u0161enie Yooz, dematerializ\u00e1cia dod\u00e1vate\u013esk\u00fdch fakt\u00far \u2013 Deveho<\/title>\n<meta name=\"description\" content=\"Rie\u0161enie Yooz je r\u00fdchlo rast\u00faci, oce\u0148ovan\u00fd SaaS inov\u00e1tor, ktor\u00fd sa dokonale hod\u00ed pre stredne ve\u013ek\u00e9 organiz\u00e1cie vo v\u0161etk\u00fdch odvetviach.\" \/>\n<meta name=\"robots\" content=\"index, follow, max-snippet:-1, max-image-preview:large, max-video-preview:-1\" \/>\n<link rel=\"canonical\" href=\"https:\/\/deveho.com\/sk\/produkty\/sage-x3-marketplace\/yooz-solution\/\" \/>\n<meta property=\"og:locale\" content=\"sk_SK\" \/>\n<meta property=\"og:type\" content=\"article\" \/>\n<meta property=\"og:title\" content=\"Rie\u0161enie Yooz, dematerializ\u00e1cia dod\u00e1vate\u013esk\u00fdch fakt\u00far \u2013 Deveho\" \/>\n<meta property=\"og:description\" content=\"Rie\u0161enie Yooz je r\u00fdchlo rast\u00faci, oce\u0148ovan\u00fd SaaS inov\u00e1tor, ktor\u00fd sa dokonale hod\u00ed pre stredne ve\u013ek\u00e9 organiz\u00e1cie vo v\u0161etk\u00fdch odvetviach.\" \/>\n<meta property=\"og:url\" content=\"https:\/\/deveho.com\/sk\/produkty\/sage-x3-marketplace\/yooz-solution\/\" \/>\n<meta property=\"og:site_name\" content=\"Deveho\" \/>\n<meta property=\"article:publisher\" content=\"https:\/\/www.facebook.com\/deveho\" \/>\n<meta property=\"article:modified_time\" content=\"2025-12-23T13:28:22+00:00\" \/>\n<meta name=\"twitter:card\" content=\"summary_large_image\" \/>\n<meta name=\"twitter:site\" content=\"@Deveho1\" \/>\n<meta name=\"twitter:label1\" content=\"Predpokladan\u00fd \u010das \u010d\u00edtania\" \/>\n\t<meta name=\"twitter:data1\" content=\"1 min\u00fata\" \/>\n<script type=\"application\/ld+json\" class=\"yoast-schema-graph\">{\"@context\":\"https:\/\/schema.org\",\"@graph\":[{\"@type\":\"WebPage\",\"@id\":\"https:\/\/deveho.com\/sk\/produkty\/sage-x3-marketplace\/yooz-solution\/\",\"url\":\"https:\/\/deveho.com\/sk\/produkty\/sage-x3-marketplace\/yooz-solution\/\",\"name\":\"Rie\u0161enie Yooz, dematerializ\u00e1cia dod\u00e1vate\u013esk\u00fdch fakt\u00far \u2013 Deveho\",\"isPartOf\":{\"@id\":\"https:\/\/deveho.com\/#website\"},\"datePublished\":\"2024-07-17T13:41:28+00:00\",\"dateModified\":\"2025-12-23T13:28:22+00:00\",\"description\":\"Rie\u0161enie Yooz je r\u00fdchlo rast\u00faci, oce\u0148ovan\u00fd SaaS inov\u00e1tor, ktor\u00fd sa dokonale hod\u00ed pre stredne ve\u013ek\u00e9 organiz\u00e1cie vo v\u0161etk\u00fdch odvetviach.\",\"breadcrumb\":{\"@id\":\"https:\/\/deveho.com\/sk\/produkty\/sage-x3-marketplace\/yooz-solution\/#breadcrumb\"},\"inLanguage\":\"sk-SK\",\"potentialAction\":[{\"@type\":\"ReadAction\",\"target\":[\"https:\/\/deveho.com\/sk\/produkty\/sage-x3-marketplace\/yooz-solution\/\"]}]},{\"@type\":\"BreadcrumbList\",\"@id\":\"https:\/\/deveho.com\/sk\/produkty\/sage-x3-marketplace\/yooz-solution\/#breadcrumb\",\"itemListElement\":[{\"@type\":\"ListItem\",\"position\":1,\"name\":\"Home\",\"item\":\"https:\/\/deveho.com\/sk\/\"},{\"@type\":\"ListItem\",\"position\":2,\"name\":\"Produkty\",\"item\":\"https:\/\/deveho.com\/sk\/produkty\/\"},{\"@type\":\"ListItem\",\"position\":3,\"name\":\"Sage X3 Marketplace\",\"item\":\"https:\/\/deveho.com\/sk\/produkty\/sage-x3-marketplace\/\"},{\"@type\":\"ListItem\",\"position\":4,\"name\":\"Yooz\"}]},{\"@type\":\"WebSite\",\"@id\":\"https:\/\/deveho.com\/#website\",\"url\":\"https:\/\/deveho.com\/\",\"name\":\"Deveho Consulting Group\",\"description\":\"Let\u2019s boost your growth\",\"publisher\":{\"@id\":\"https:\/\/deveho.com\/#organization\"},\"potentialAction\":[{\"@type\":\"SearchAction\",\"target\":{\"@type\":\"EntryPoint\",\"urlTemplate\":\"https:\/\/deveho.com\/?s={search_term_string}\"},\"query-input\":{\"@type\":\"PropertyValueSpecification\",\"valueRequired\":true,\"valueName\":\"search_term_string\"}}],\"inLanguage\":\"sk-SK\"},{\"@type\":\"Organization\",\"@id\":\"https:\/\/deveho.com\/#organization\",\"name\":\"Deveho Consulting Group\",\"url\":\"https:\/\/deveho.com\/\",\"logo\":{\"@type\":\"ImageObject\",\"inLanguage\":\"sk-SK\",\"@id\":\"https:\/\/deveho.com\/#\/schema\/logo\/image\/\",\"url\":\"https:\/\/deveho.com\/wp-content\/uploads\/2023\/02\/DEVEHO-LOGO-Baseline-COLOR.png\",\"contentUrl\":\"https:\/\/deveho.com\/wp-content\/uploads\/2023\/02\/DEVEHO-LOGO-Baseline-COLOR.png\",\"width\":2251,\"height\":585,\"caption\":\"Deveho Consulting Group\"},\"image\":{\"@id\":\"https:\/\/deveho.com\/#\/schema\/logo\/image\/\"},\"sameAs\":[\"https:\/\/www.facebook.com\/deveho\",\"https:\/\/x.com\/Deveho1\",\"https:\/\/www.linkedin.com\/company\/deveho-consulting\/\"]}]}<\/script>\n<!-- \/ Yoast SEO plugin. -->","yoast_head_json":{"title":"Rie\u0161enie Yooz, dematerializ\u00e1cia dod\u00e1vate\u013esk\u00fdch fakt\u00far \u2013 Deveho","description":"Rie\u0161enie Yooz je r\u00fdchlo rast\u00faci, oce\u0148ovan\u00fd SaaS inov\u00e1tor, ktor\u00fd sa dokonale hod\u00ed pre stredne ve\u013ek\u00e9 organiz\u00e1cie vo v\u0161etk\u00fdch odvetviach.","robots":{"index":"index","follow":"follow","max-snippet":"max-snippet:-1","max-image-preview":"max-image-preview:large","max-video-preview":"max-video-preview:-1"},"canonical":"https:\/\/deveho.com\/sk\/produkty\/sage-x3-marketplace\/yooz-solution\/","og_locale":"sk_SK","og_type":"article","og_title":"Rie\u0161enie Yooz, dematerializ\u00e1cia dod\u00e1vate\u013esk\u00fdch fakt\u00far \u2013 Deveho","og_description":"Rie\u0161enie Yooz je r\u00fdchlo rast\u00faci, oce\u0148ovan\u00fd SaaS inov\u00e1tor, ktor\u00fd sa dokonale hod\u00ed pre stredne ve\u013ek\u00e9 organiz\u00e1cie vo v\u0161etk\u00fdch odvetviach.","og_url":"https:\/\/deveho.com\/sk\/produkty\/sage-x3-marketplace\/yooz-solution\/","og_site_name":"Deveho","article_publisher":"https:\/\/www.facebook.com\/deveho","article_modified_time":"2025-12-23T13:28:22+00:00","twitter_card":"summary_large_image","twitter_site":"@Deveho1","twitter_misc":{"Predpokladan\u00fd \u010das \u010d\u00edtania":"1 min\u00fata"},"schema":{"@context":"https:\/\/schema.org","@graph":[{"@type":"WebPage","@id":"https:\/\/deveho.com\/sk\/produkty\/sage-x3-marketplace\/yooz-solution\/","url":"https:\/\/deveho.com\/sk\/produkty\/sage-x3-marketplace\/yooz-solution\/","name":"Rie\u0161enie Yooz, dematerializ\u00e1cia dod\u00e1vate\u013esk\u00fdch fakt\u00far \u2013 Deveho","isPartOf":{"@id":"https:\/\/deveho.com\/#website"},"datePublished":"2024-07-17T13:41:28+00:00","dateModified":"2025-12-23T13:28:22+00:00","description":"Rie\u0161enie Yooz je r\u00fdchlo rast\u00faci, oce\u0148ovan\u00fd SaaS inov\u00e1tor, ktor\u00fd sa dokonale hod\u00ed pre stredne ve\u013ek\u00e9 organiz\u00e1cie vo v\u0161etk\u00fdch odvetviach.","breadcrumb":{"@id":"https:\/\/deveho.com\/sk\/produkty\/sage-x3-marketplace\/yooz-solution\/#breadcrumb"},"inLanguage":"sk-SK","potentialAction":[{"@type":"ReadAction","target":["https:\/\/deveho.com\/sk\/produkty\/sage-x3-marketplace\/yooz-solution\/"]}]},{"@type":"BreadcrumbList","@id":"https:\/\/deveho.com\/sk\/produkty\/sage-x3-marketplace\/yooz-solution\/#breadcrumb","itemListElement":[{"@type":"ListItem","position":1,"name":"Home","item":"https:\/\/deveho.com\/sk\/"},{"@type":"ListItem","position":2,"name":"Produkty","item":"https:\/\/deveho.com\/sk\/produkty\/"},{"@type":"ListItem","position":3,"name":"Sage X3 Marketplace","item":"https:\/\/deveho.com\/sk\/produkty\/sage-x3-marketplace\/"},{"@type":"ListItem","position":4,"name":"Yooz"}]},{"@type":"WebSite","@id":"https:\/\/deveho.com\/#website","url":"https:\/\/deveho.com\/","name":"Deveho Consulting Group","description":"Let\u2019s boost your growth","publisher":{"@id":"https:\/\/deveho.com\/#organization"},"potentialAction":[{"@type":"SearchAction","target":{"@type":"EntryPoint","urlTemplate":"https:\/\/deveho.com\/?s={search_term_string}"},"query-input":{"@type":"PropertyValueSpecification","valueRequired":true,"valueName":"search_term_string"}}],"inLanguage":"sk-SK"},{"@type":"Organization","@id":"https:\/\/deveho.com\/#organization","name":"Deveho Consulting Group","url":"https:\/\/deveho.com\/","logo":{"@type":"ImageObject","inLanguage":"sk-SK","@id":"https:\/\/deveho.com\/#\/schema\/logo\/image\/","url":"https:\/\/deveho.com\/wp-content\/uploads\/2023\/02\/DEVEHO-LOGO-Baseline-COLOR.png","contentUrl":"https:\/\/deveho.com\/wp-content\/uploads\/2023\/02\/DEVEHO-LOGO-Baseline-COLOR.png","width":2251,"height":585,"caption":"Deveho Consulting Group"},"image":{"@id":"https:\/\/deveho.com\/#\/schema\/logo\/image\/"},"sameAs":["https:\/\/www.facebook.com\/deveho","https:\/\/x.com\/Deveho1","https:\/\/www.linkedin.com\/company\/deveho-consulting\/"]}]}},"_links":{"self":[{"href":"https:\/\/deveho.com\/sk\/wp-json\/wp\/v2\/pages\/32079"}],"collection":[{"href":"https:\/\/deveho.com\/sk\/wp-json\/wp\/v2\/pages"}],"about":[{"href":"https:\/\/deveho.com\/sk\/wp-json\/wp\/v2\/types\/page"}],"author":[{"embeddable":true,"href":"https:\/\/deveho.com\/sk\/wp-json\/wp\/v2\/users\/34"}],"replies":[{"embeddable":true,"href":"https:\/\/deveho.com\/sk\/wp-json\/wp\/v2\/comments?post=32079"}],"version-history":[{"count":12,"href":"https:\/\/deveho.com\/sk\/wp-json\/wp\/v2\/pages\/32079\/revisions"}],"predecessor-version":[{"id":44944,"href":"https:\/\/deveho.com\/sk\/wp-json\/wp\/v2\/pages\/32079\/revisions\/44944"}],"up":[{"embeddable":true,"href":"https:\/\/deveho.com\/sk\/wp-json\/wp\/v2\/pages\/9565"}],"wp:attachment":[{"href":"https:\/\/deveho.com\/sk\/wp-json\/wp\/v2\/media?parent=32079"}],"curies":[{"name":"wp","href":"https:\/\/api.w.org\/{rel}","templated":true}]}}