{"id":33003,"date":"2024-07-25T09:03:19","date_gmt":"2024-07-25T07:03:19","guid":{"rendered":"https:\/\/deveho.com\/?page_id=33003"},"modified":"2025-10-31T14:31:28","modified_gmt":"2025-10-31T12:31:28","slug":"sage-intacct-solution","status":"publish","type":"page","link":"https:\/\/deveho.com\/sk\/produkty\/sage-intacct-solution\/","title":{"rendered":"Sage Intacct"},"content":{"rendered":"<br \/>\n<h2><\/h2>\n<h3><red>Pre\u010do si vybra\u0165 rie\u0161enie Sage Intacct?<\/red><\/h3>\n<h3>Sage Intacct je najvy\u0161\u0161ie hodnoten\u00fd cloudov\u00fd softv\u00e9r pre \u00fa\u010dtovn\u00edctvo a finan\u010dn\u00e9 riadenie z h\u013eadiska spokojnosti z\u00e1kazn\u00edkov!<br \/>\n<\/h3>\n<ul>\n<li>Skr\u00e1\u0165te mesa\u010dn\u00fd \u010das uz\u00e1vierky a\u017e o 66 % v\u010faka automatiz\u00e1cii.<\/li>\n<li>Z\u00edskajte viacrozmern\u00e9 spr\u00e1vy v re\u00e1lnom \u010dase. Skoncujte s n\u00e1rastom mno\u017estva s\u00faborov Excel!<\/li>\n<li>Uvo\u013enite svoje finan\u010dn\u00e9 oddelenie a zamerajte sa na riadenie rastu podnikania.<\/li>\n<li>150 hod\u00edn r\u00fdchlej implement\u00e1cie.<\/li>\n<li>1 miliarda volan\u00ed API mesa\u010dne.<\/li>\n<li>100 subjektov konsolidovan\u00fdch v priebehu nieko\u013ek\u00fdch sek\u00fand.<\/li>\n<\/ul>\n<h2>Cloudov\u00e9 finan\u010dn\u00e9 riadenie pre progres\u00edvnych finan\u010dn\u00fdch l\u00eddrov<\/h2>\n<\/p>\n<p>V\u010faka Sage Intacct maj\u00fa progres\u00edvni finan\u010dn\u00ed riaditelia a mana\u017e\u00e9ri pr\u00edstup k integrovan\u00fdm finan\u010dn\u00fdm a mana\u017e\u00e9rskym reportom zo v\u0161etk\u00fdch obchodn\u00fdch jednotiek za min\u00faty, nie dni, \u010do im umo\u017e\u0148uje efekt\u00edvne rozv\u00edja\u0165 a riadi\u0165 svoje podniky.\n<\/p>\n<h2><\/h2>\n<h3><red><b>V\u00e1\u0161 \u00fa\u010dtovn\u00fd softv\u00e9r pre z\u00e1kazn\u00edkov<\/b><\/red><\/h3>\n<h3><\/h3>\n<p><p>Rie\u0161enie <strong>Sage Intacct<\/strong> poskytuje otvoren\u00fa, komunikuj\u00facu platformu prostredn\u00edctvom svojich API, \u010do u\u013eah\u010duje integr\u00e1ciu a interakciu so \u0161irokou \u0161k\u00e1lou s\u00favisiacich rie\u0161en\u00ed.<br \/>\nV\u010faka tomu sa <strong>Sage Intacct<\/strong> dokonale prisp\u00f4sob\u00ed potreb\u00e1m v\u00e1\u0161ho podnikania a odvetviu.<\/p>\n<p>&nbsp;<\/p>\n<\/p>\n<h2><\/h2>\n<h3>Schopnosti Sage Intacct<\/h3>\n<h3><\/h3>\n<\/p>\n<h2><\/h2>\n<h3>S\u00favisiace str\u00e1nky <\/h3>\n<\/p>\n<h3><\/h3>\n<\/p>\n<h3><\/h3><\/p>\n","protected":false},"excerpt":{"rendered":"<p>Zbierajte poh\u013ead\u00e1vky r\u00fdchlej\u0161ie a zlep\u0161ite tok hotovosti pomocou modulu Poh\u013ead\u00e1vky, ktor\u00fd je s\u00fa\u010das\u0165ou syst\u00e9mu Sage Intacct.<\/p>\n","protected":false},"author":34,"featured_media":0,"parent":10284,"menu_order":0,"comment_status":"closed","ping_status":"closed","template":"templates\/template-prod_serv.php","meta":{"_acf_changed":false,"footnotes":""},"class_list":["post-33003","page","type-page","status-publish","hentry"],"acf":[],"yoast_head":"<!-- This site is optimized with the Yoast SEO plugin v23.5 - https:\/\/yoast.com\/wordpress\/plugins\/seo\/ -->\n<title>Sage Intacct solution - Customer accounting software - Deveho<\/title>\n<meta name=\"description\" content=\"With Accounts Receivable, part of Sage Intacct solution, you can collect payments faster and improve your cash flow.\" \/>\n<meta name=\"robots\" content=\"index, follow, max-snippet:-1, max-image-preview:large, max-video-preview:-1\" \/>\n<link rel=\"canonical\" href=\"https:\/\/deveho.com\/sk\/produkty\/sage-intacct-solution\/\" \/>\n<meta property=\"og:locale\" content=\"sk_SK\" \/>\n<meta property=\"og:type\" content=\"article\" \/>\n<meta property=\"og:title\" content=\"Sage Intacct solution - Customer accounting software - Deveho\" \/>\n<meta property=\"og:description\" content=\"With Accounts Receivable, part of Sage Intacct solution, you can collect payments faster and improve your cash flow.\" \/>\n<meta property=\"og:url\" content=\"https:\/\/deveho.com\/sk\/produkty\/sage-intacct-solution\/\" \/>\n<meta property=\"og:site_name\" content=\"Deveho\" \/>\n<meta property=\"article:publisher\" content=\"https:\/\/www.facebook.com\/deveho\" \/>\n<meta property=\"article:modified_time\" content=\"2025-10-31T12:31:28+00:00\" \/>\n<meta name=\"twitter:card\" content=\"summary_large_image\" \/>\n<meta name=\"twitter:site\" content=\"@Deveho1\" \/>\n<meta name=\"twitter:label1\" content=\"Predpokladan\u00fd \u010das \u010d\u00edtania\" \/>\n\t<meta name=\"twitter:data1\" content=\"1 min\u00fata\" \/>\n<script type=\"application\/ld+json\" class=\"yoast-schema-graph\">{\"@context\":\"https:\/\/schema.org\",\"@graph\":[{\"@type\":\"WebPage\",\"@id\":\"https:\/\/deveho.com\/sk\/produkty\/sage-intacct-solution\/\",\"url\":\"https:\/\/deveho.com\/sk\/produkty\/sage-intacct-solution\/\",\"name\":\"Sage Intacct solution - Customer accounting software - Deveho\",\"isPartOf\":{\"@id\":\"https:\/\/deveho.com\/#website\"},\"datePublished\":\"2024-07-25T07:03:19+00:00\",\"dateModified\":\"2025-10-31T12:31:28+00:00\",\"description\":\"With Accounts Receivable, part of Sage Intacct solution, you can collect payments faster and improve your cash flow.\",\"breadcrumb\":{\"@id\":\"https:\/\/deveho.com\/sk\/produkty\/sage-intacct-solution\/#breadcrumb\"},\"inLanguage\":\"sk-SK\",\"potentialAction\":[{\"@type\":\"ReadAction\",\"target\":[\"https:\/\/deveho.com\/sk\/produkty\/sage-intacct-solution\/\"]}]},{\"@type\":\"BreadcrumbList\",\"@id\":\"https:\/\/deveho.com\/sk\/produkty\/sage-intacct-solution\/#breadcrumb\",\"itemListElement\":[{\"@type\":\"ListItem\",\"position\":1,\"name\":\"Home\",\"item\":\"https:\/\/deveho.com\/sk\/\"},{\"@type\":\"ListItem\",\"position\":2,\"name\":\"Produkty\",\"item\":\"https:\/\/deveho.com\/sk\/produkty\/\"},{\"@type\":\"ListItem\",\"position\":3,\"name\":\"Sage Intacct\"}]},{\"@type\":\"WebSite\",\"@id\":\"https:\/\/deveho.com\/#website\",\"url\":\"https:\/\/deveho.com\/\",\"name\":\"Deveho Consulting Group\",\"description\":\"Let\u2019s boost your growth\",\"publisher\":{\"@id\":\"https:\/\/deveho.com\/#organization\"},\"potentialAction\":[{\"@type\":\"SearchAction\",\"target\":{\"@type\":\"EntryPoint\",\"urlTemplate\":\"https:\/\/deveho.com\/?s={search_term_string}\"},\"query-input\":{\"@type\":\"PropertyValueSpecification\",\"valueRequired\":true,\"valueName\":\"search_term_string\"}}],\"inLanguage\":\"sk-SK\"},{\"@type\":\"Organization\",\"@id\":\"https:\/\/deveho.com\/#organization\",\"name\":\"Deveho Consulting Group\",\"url\":\"https:\/\/deveho.com\/\",\"logo\":{\"@type\":\"ImageObject\",\"inLanguage\":\"sk-SK\",\"@id\":\"https:\/\/deveho.com\/#\/schema\/logo\/image\/\",\"url\":\"https:\/\/deveho.com\/wp-content\/uploads\/2023\/02\/DEVEHO-LOGO-Baseline-COLOR.png\",\"contentUrl\":\"https:\/\/deveho.com\/wp-content\/uploads\/2023\/02\/DEVEHO-LOGO-Baseline-COLOR.png\",\"width\":2251,\"height\":585,\"caption\":\"Deveho Consulting Group\"},\"image\":{\"@id\":\"https:\/\/deveho.com\/#\/schema\/logo\/image\/\"},\"sameAs\":[\"https:\/\/www.facebook.com\/deveho\",\"https:\/\/x.com\/Deveho1\",\"https:\/\/www.linkedin.com\/company\/deveho-consulting\/\"]}]}<\/script>\n<!-- \/ Yoast SEO plugin. -->","yoast_head_json":{"title":"Sage Intacct solution - Customer accounting software - Deveho","description":"With Accounts Receivable, part of Sage Intacct solution, you can collect payments faster and improve your cash flow.","robots":{"index":"index","follow":"follow","max-snippet":"max-snippet:-1","max-image-preview":"max-image-preview:large","max-video-preview":"max-video-preview:-1"},"canonical":"https:\/\/deveho.com\/sk\/produkty\/sage-intacct-solution\/","og_locale":"sk_SK","og_type":"article","og_title":"Sage Intacct solution - Customer accounting software - Deveho","og_description":"With Accounts Receivable, part of Sage Intacct solution, you can collect payments faster and improve your cash flow.","og_url":"https:\/\/deveho.com\/sk\/produkty\/sage-intacct-solution\/","og_site_name":"Deveho","article_publisher":"https:\/\/www.facebook.com\/deveho","article_modified_time":"2025-10-31T12:31:28+00:00","twitter_card":"summary_large_image","twitter_site":"@Deveho1","twitter_misc":{"Predpokladan\u00fd \u010das \u010d\u00edtania":"1 min\u00fata"},"schema":{"@context":"https:\/\/schema.org","@graph":[{"@type":"WebPage","@id":"https:\/\/deveho.com\/sk\/produkty\/sage-intacct-solution\/","url":"https:\/\/deveho.com\/sk\/produkty\/sage-intacct-solution\/","name":"Sage Intacct solution - Customer accounting software - Deveho","isPartOf":{"@id":"https:\/\/deveho.com\/#website"},"datePublished":"2024-07-25T07:03:19+00:00","dateModified":"2025-10-31T12:31:28+00:00","description":"With Accounts Receivable, part of Sage Intacct solution, you can collect payments faster and improve your cash flow.","breadcrumb":{"@id":"https:\/\/deveho.com\/sk\/produkty\/sage-intacct-solution\/#breadcrumb"},"inLanguage":"sk-SK","potentialAction":[{"@type":"ReadAction","target":["https:\/\/deveho.com\/sk\/produkty\/sage-intacct-solution\/"]}]},{"@type":"BreadcrumbList","@id":"https:\/\/deveho.com\/sk\/produkty\/sage-intacct-solution\/#breadcrumb","itemListElement":[{"@type":"ListItem","position":1,"name":"Home","item":"https:\/\/deveho.com\/sk\/"},{"@type":"ListItem","position":2,"name":"Produkty","item":"https:\/\/deveho.com\/sk\/produkty\/"},{"@type":"ListItem","position":3,"name":"Sage Intacct"}]},{"@type":"WebSite","@id":"https:\/\/deveho.com\/#website","url":"https:\/\/deveho.com\/","name":"Deveho Consulting Group","description":"Let\u2019s boost your growth","publisher":{"@id":"https:\/\/deveho.com\/#organization"},"potentialAction":[{"@type":"SearchAction","target":{"@type":"EntryPoint","urlTemplate":"https:\/\/deveho.com\/?s={search_term_string}"},"query-input":{"@type":"PropertyValueSpecification","valueRequired":true,"valueName":"search_term_string"}}],"inLanguage":"sk-SK"},{"@type":"Organization","@id":"https:\/\/deveho.com\/#organization","name":"Deveho Consulting Group","url":"https:\/\/deveho.com\/","logo":{"@type":"ImageObject","inLanguage":"sk-SK","@id":"https:\/\/deveho.com\/#\/schema\/logo\/image\/","url":"https:\/\/deveho.com\/wp-content\/uploads\/2023\/02\/DEVEHO-LOGO-Baseline-COLOR.png","contentUrl":"https:\/\/deveho.com\/wp-content\/uploads\/2023\/02\/DEVEHO-LOGO-Baseline-COLOR.png","width":2251,"height":585,"caption":"Deveho Consulting Group"},"image":{"@id":"https:\/\/deveho.com\/#\/schema\/logo\/image\/"},"sameAs":["https:\/\/www.facebook.com\/deveho","https:\/\/x.com\/Deveho1","https:\/\/www.linkedin.com\/company\/deveho-consulting\/"]}]}},"_links":{"self":[{"href":"https:\/\/deveho.com\/sk\/wp-json\/wp\/v2\/pages\/33003"}],"collection":[{"href":"https:\/\/deveho.com\/sk\/wp-json\/wp\/v2\/pages"}],"about":[{"href":"https:\/\/deveho.com\/sk\/wp-json\/wp\/v2\/types\/page"}],"author":[{"embeddable":true,"href":"https:\/\/deveho.com\/sk\/wp-json\/wp\/v2\/users\/34"}],"replies":[{"embeddable":true,"href":"https:\/\/deveho.com\/sk\/wp-json\/wp\/v2\/comments?post=33003"}],"version-history":[{"count":9,"href":"https:\/\/deveho.com\/sk\/wp-json\/wp\/v2\/pages\/33003\/revisions"}],"predecessor-version":[{"id":43387,"href":"https:\/\/deveho.com\/sk\/wp-json\/wp\/v2\/pages\/33003\/revisions\/43387"}],"up":[{"embeddable":true,"href":"https:\/\/deveho.com\/sk\/wp-json\/wp\/v2\/pages\/10284"}],"wp:attachment":[{"href":"https:\/\/deveho.com\/sk\/wp-json\/wp\/v2\/media?parent=33003"}],"curies":[{"name":"wp","href":"https:\/\/api.w.org\/{rel}","templated":true}]}}