{"id":46193,"date":"2026-01-23T17:16:36","date_gmt":"2026-01-23T15:16:36","guid":{"rendered":"https:\/\/deveho.com\/?page_id=46193"},"modified":"2026-03-13T16:01:55","modified_gmt":"2026-03-13T14:01:55","slug":"lokalizacie","status":"publish","type":"page","link":"https:\/\/deveho.com\/sk\/domov\/lokalizacie\/","title":{"rendered":"Lokaliz\u00e1cie"},"content":{"rendered":"<br \/>\n<h2><\/h2>\n<h3><red>Lokaliza\u010dn\u00e9 bal\u00ed\u010dky <\/red><br \/>Deveho<\/h3>\n<h3>Lokaliza\u010dn\u00fd bal\u00ed\u010dek je s\u00fabor vopred nakonfigurovan\u00fdch aktualiz\u00e1ci\u00ed, modulov a doplnkov navrhnut\u00fdch tak, aby zabezpe\u010dili s\u00falad Sage X3 s miestnymi pr\u00e1vnymi a regula\u010dn\u00fdmi po\u017eiadavkami konkr\u00e9tnej krajiny alebo regi\u00f3nu.<\/h3>\n<p><p>N\u00e1\u0161 lokaliza\u010dn\u00fd bal\u00ed\u010dek u\u013eah\u010duje efekt\u00edvne a v\u010dasn\u00e9 pou\u017e\u00edvanie rie\u0161enia miestnymi pou\u017e\u00edvate\u013emi v r\u00e1mci nadn\u00e1rodn\u00fdch organiz\u00e1ci\u00ed. Okrem povinn\u00fdch regula\u010dn\u00fdch komponentov bal\u00ed\u010dek obsahuje aj volite\u013en\u00e9 funkcie, ktor\u00e9 s\u00edce nie s\u00fa vy\u017eadovan\u00e9 z\u00e1konom, ale miestni pou\u017e\u00edvatelia ich vysoko oce\u0148uj\u00fa. Lokaliza\u010dn\u00fd bal\u00ed\u010dek sa zameriava predov\u0161etk\u00fdm na financie a \u00fa\u010dtovn\u00edctvo, ke\u010f\u017ee tieto oblasti podliehaj\u00fa najv\u00e4\u010d\u0161\u00edm regula\u010dn\u00fdm rozdielom medzi trhmi. Pokr\u00fdva v\u0161ak aj povinn\u00e9 reportingov\u00e9 po\u017eiadavky v in\u00fdch funk\u010dn\u00fdch dom\u00e9nach.<\/p>\n<p>Ka\u017ed\u00e1 dod\u00e1vka zah\u0155\u0148a aj jazykov\u00fa podporu, \u010d\u00edm poskytuje lok\u00e1lny komunika\u010dn\u00fd jazyk a prelo\u017een\u00fd obsah s ur\u010dit\u00fdmi v\u00fdnimkami, ako je online pomocn\u00edk, extern\u00e9 doplnky a vybran\u00e9 reporty.<\/p>\n<p><img loading=\"lazy\" decoding=\"async\" class=\"aligncenter wp-image-45536 size-full\" src=\"https:\/\/deveho.com\/wp-content\/uploads\/2026\/01\/Map-legislations.png\" alt=\"\" width=\"1996\" height=\"1294\" srcset=\"https:\/\/deveho.com\/wp-content\/uploads\/2026\/01\/Map-legislations.png 1996w, https:\/\/deveho.com\/wp-content\/uploads\/2026\/01\/Map-legislations-300x194.png 300w, https:\/\/deveho.com\/wp-content\/uploads\/2026\/01\/Map-legislations-1024x664.png 1024w, https:\/\/deveho.com\/wp-content\/uploads\/2026\/01\/Map-legislations-150x97.png 150w, https:\/\/deveho.com\/wp-content\/uploads\/2026\/01\/Map-legislations-768x498.png 768w, https:\/\/deveho.com\/wp-content\/uploads\/2026\/01\/Map-legislations-1536x996.png 1536w, https:\/\/deveho.com\/wp-content\/uploads\/2026\/01\/Map-legislations-1920x1245.png 1920w\" sizes=\"(max-width: 1996px) 100vw, 1996px\" \/><\/p>\n<p>&nbsp;<\/p>\n<\/p>\n<h2><red>K\u013e\u00fa\u010dov\u00e9 vlastnosti <\/red>lokaliz\u00e1cie<\/h2>\n<h3>Podpora viacer\u00fdch jazykov<\/h3>\n<p><p>N\u00e1\u0161 rozmanit\u00fd t\u00edm zah\u0155\u0148a viac ako 18 n\u00e1rodnost\u00ed a jazykov, v\u010faka \u010domu je komunik\u00e1cia bezprobl\u00e9mov\u00e1 naprie\u010d hranicami a zabezpe\u010duje, \u017ee m\u00f4\u017eeme efekt\u00edvne podporova\u0165 z\u00e1kazn\u00edkov vo viacer\u00fdch regi\u00f3noch.<\/p>\n<\/p>\n<h3>S\u00falad s viacer\u00fdmi legislat\u00edvami<\/h3>\n<p><p>Deveho vyvinulo vlastn\u00fa legislat\u00edvu prostredn\u00edctvom 8 \u0161pecializovan\u00fdch lokaliza\u010dn\u00fdch doplnkov pokr\u00fdvaj\u00facich Holandsko, Rumunsko, \u010cesk\u00fa republiku, Slovensko, Ma\u010farsko, Maroko, Litvu a Loty\u0161sko.<\/p>\n<\/p>\n<h3>P\u00f4sobenie v mnoh\u00fdch krajin\u00e1ch<\/h3>\n<p><p>Deveho Consulting Group podporuje va\u0161e lok\u00e1lne aj medzin\u00e1rodn\u00e9 rozvojov\u00e9 projekty. Na\u0161\u00edm cie\u013eom je by\u0165 skuto\u010dne <strong>\u201eGLOK\u00c1LNI\u201c<\/strong> a p\u00f4sobi\u0165 ako dlhodob\u00fd partner bez oh\u013eadu na to, kde p\u00f4sob\u00edte.<\/p>\n<\/p>\n<h3>Pln\u00fd s\u00falad s medzin\u00e1rodn\u00fdmi \u0161tandardmi<\/h3>\n<p><p>Navrhujeme <strong>lokaliza\u010dn\u00e9 rie\u0161enia<\/strong>, ktor\u00e9 s\u00fa plne v s\u00falade s n\u00e1rodn\u00fdmi pr\u00e1vnymi r\u00e1mcami a z\u00e1rove\u0148 zost\u00e1vaj\u00fa v s\u00falade s glob\u00e1lnymi \u0161tandardmi Sage X3.<\/p>\n<\/p>\n<h2><\/h2>\n<h3>Preh\u013ead <red>lokaliz\u00e1cie <\/red>Deveho<\/h3>\n<h3><red><b>S\u00falad s predpismi<\/red><\/b> <br \/>Na dne\u0161nom glob\u00e1lnom trhu je zabezpe\u010denie s\u00faladu s predpismi k\u013e\u00fa\u010dov\u00e9 pre \u00faspe\u0161n\u00fd vstup a p\u00f4sobenie v nov\u00fdch regi\u00f3noch. V Deveho sa \u0161pecializujeme na orient\u00e1ciu v zlo\u017eit\u00fdch regula\u010dn\u00fdch prostrediach, aby sme zabezpe\u010dili, \u017ee va\u0161a firma sp\u013a\u0148a v\u0161etky pr\u00e1vne a odvetvovo \u0161pecifick\u00e9 po\u017eiadavky na r\u00f4znych trhoch. N\u00e1\u0161 lokaliza\u010dn\u00fd pr\u00edstup integruje s\u00falad s predpismi v ka\u017edej f\u00e1ze, od adapt\u00e1cie obsahu a\u017e po syst\u00e9mov\u00fa integr\u00e1ciu.<\/h3>\n<p><p>&nbsp;<\/p>\n<table style=\"height: 721px;\" width=\"2079\">\n<tbody>\n<tr>\n<td style=\"text-align: center;\" width=\"85\"><strong>Funkcia\/Krajina<\/strong><\/td>\n<td style=\"text-align: center;\" width=\"76\"><strong>Jazyk<\/strong><\/td>\n<td style=\"text-align: center;\" width=\"85\"><strong>Priznanie k DPH<\/strong><\/td>\n<td style=\"text-align: center;\" width=\"85\"><strong>Vyhl\u00e1senie E\u00da<\/strong><\/td>\n<td style=\"text-align: center;\" width=\"66\"><strong>Intrastat<\/strong><\/td>\n<td style=\"text-align: center;\" width=\"57\"><strong>Dlhodob\u00fd majetok<\/strong><\/td>\n<td style=\"text-align: center;\" width=\"47\"><strong>Z\u00e1soby<\/strong><\/td>\n<td style=\"text-align: center;\" width=\"76\"><strong>Import menov\u00fdch kurzov<\/strong><\/td>\n<td style=\"text-align: center;\" width=\"57\"><strong>Kontrola obchodn\u00fdch partnerov (BP)<\/strong><\/td>\n<td style=\"text-align: center;\" width=\"76\"><strong>E-fakt\u00fara<\/strong><\/td>\n<td style=\"text-align: center;\" width=\"47\"><strong>Saf-t<\/strong><\/td>\n<\/tr>\n<tr>\n<td width=\"85\"><strong>\u010cesk\u00e1 republika<\/strong><\/td>\n<td width=\"76\">\u2713<\/td>\n<td width=\"85\">\u2713<\/td>\n<td width=\"85\">\u2713<\/td>\n<td width=\"66\">\u2713<\/td>\n<td width=\"57\">\u2713<\/td>\n<td width=\"47\">\u2713<\/td>\n<td width=\"76\">\u2713<\/td>\n<td width=\"57\">\u2713<\/td>\n<td width=\"76\"><\/td>\n<td width=\"47\"><\/td>\n<\/tr>\n<tr>\n<td width=\"85\"><strong>Ma\u010farsko<\/strong><\/td>\n<td width=\"76\">\u2713<\/td>\n<td width=\"85\">\u2713<\/td>\n<td width=\"85\">\u2713<\/td>\n<td width=\"66\">\u2713<\/td>\n<td width=\"57\">\u2713<\/td>\n<td width=\"47\">\u2713<\/td>\n<td width=\"76\">\u2713<\/td>\n<td width=\"57\">\u2713<\/td>\n<td width=\"76\">\u2713<\/td>\n<td width=\"47\"><\/td>\n<\/tr>\n<tr>\n<td width=\"85\"><strong>Loty\u0161sko<\/strong><\/td>\n<td width=\"76\">\u2713<\/td>\n<td width=\"85\">\u2713<\/td>\n<td width=\"85\">\u2713<\/td>\n<td width=\"66\">\u2713<\/td>\n<td width=\"57\">\u2713<\/td>\n<td width=\"47\">\u2713<\/td>\n<td width=\"76\">\u2713<\/td>\n<td width=\"57\"><\/td>\n<td width=\"76\">1\/1\/2028<\/td>\n<td width=\"47\"><\/td>\n<\/tr>\n<tr>\n<td width=\"85\"><strong>Litva<\/strong><\/td>\n<td width=\"76\">\u2713<\/td>\n<td width=\"85\">\u2713<\/td>\n<td width=\"85\">\u2713<\/td>\n<td width=\"66\">\u2713<\/td>\n<td width=\"57\">\u2713<\/td>\n<td width=\"47\">\u2713<\/td>\n<td width=\"76\">\u2713<\/td>\n<td width=\"57\"><\/td>\n<td width=\"76\">1\/1\/2028<\/td>\n<td width=\"47\">\u2713<\/td>\n<\/tr>\n<tr>\n<td width=\"85\"><strong>Rumunsko<\/strong><\/td>\n<td width=\"76\">\u2713<\/td>\n<td width=\"85\">\u2713<\/td>\n<td width=\"85\">\u2713<\/td>\n<td width=\"66\">\u2713<\/td>\n<td width=\"57\">\u2713<\/td>\n<td width=\"47\">\u2713<\/td>\n<td width=\"76\">\u2713<\/td>\n<td width=\"57\">\u2713<\/td>\n<td width=\"76\">\u2713<\/td>\n<td width=\"47\">\u2713<\/td>\n<\/tr>\n<tr>\n<td width=\"85\"><strong><br \/>\nSlovensko<br \/>\n<\/strong><\/td>\n<td width=\"76\">\u2713<\/td>\n<td width=\"85\">\u2713<\/td>\n<td width=\"85\">\u2713<\/td>\n<td width=\"66\">\u2713<\/td>\n<td width=\"57\">\u2713<\/td>\n<td width=\"47\">\u2713<\/td>\n<td width=\"76\"><\/td>\n<td width=\"57\"><\/td>\n<td width=\"76\">1\/1\/2027<\/td>\n<td width=\"47\"><\/td>\n<\/tr>\n<tr>\n<td width=\"85\"><strong>Holandsko<\/strong><\/td>\n<td width=\"76\">\u2713<\/td>\n<td width=\"85\">\u2713<\/td>\n<td width=\"85\">\u2713<\/td>\n<td width=\"66\">\u2713<\/td>\n<td width=\"57\">\u2713<\/td>\n<td width=\"47\">\u2713<\/td>\n<td width=\"76\"><\/td>\n<td width=\"57\"><\/td>\n<td width=\"76\"><\/td>\n<td width=\"47\"><\/td>\n<\/tr>\n<\/tbody>\n<\/table>\n<h2><\/h2>\n<h3>Na\u0161e<red> legislat\u00edvy<\/red><\/h3>\n<h3>8 \u0161tandardn\u00fdch lokaliz\u00e1ci\u00ed<\/h3>\n<\/p>\n<h2><\/h2>\n<h3><b><red>N\u00e1\u0161 sprievodca legislat\u00edvou tret\u00edch str\u00e1n<\/b><\/red><\/h3>\n<h3>Tento sprievodca v\u00e1m pom\u00f4\u017ee identifikova\u0165 d\u00f4veryhodn\u00e9 rie\u0161enia tret\u00edch str\u00e1n, ktor\u00e9 sp\u013a\u0148aj\u00fa miestne regula\u010dn\u00e9 po\u017eiadavky a z\u00e1rove\u0148 zachov\u00e1vaj\u00fa vysok\u00e9 \u0161tandardy kvality a kompatibility.<\/h3>\n<p><p><a href=\"https:\/\/www.sage.com\/en-gb\/\" target=\"_blank\" rel=\"noopener\"><img loading=\"lazy\" decoding=\"async\" class=\"aligncenter wp-image-44634\" src=\"https:\/\/deveho.com\/wp-content\/uploads\/2025\/12\/Sage_Partner-Badge_Black_RGB.png\" alt=\"Sage partner bagde for Localisations page\" width=\"387\" height=\"117\" srcset=\"https:\/\/deveho.com\/wp-content\/uploads\/2025\/12\/Sage_Partner-Badge_Black_RGB.png 1706w, https:\/\/deveho.com\/wp-content\/uploads\/2025\/12\/Sage_Partner-Badge_Black_RGB-300x91.png 300w, https:\/\/deveho.com\/wp-content\/uploads\/2025\/12\/Sage_Partner-Badge_Black_RGB-1024x310.png 1024w, https:\/\/deveho.com\/wp-content\/uploads\/2025\/12\/Sage_Partner-Badge_Black_RGB-150x45.png 150w, https:\/\/deveho.com\/wp-content\/uploads\/2025\/12\/Sage_Partner-Badge_Black_RGB-768x232.png 768w, https:\/\/deveho.com\/wp-content\/uploads\/2025\/12\/Sage_Partner-Badge_Black_RGB-1536x465.png 1536w\" sizes=\"(max-width: 387px) 100vw, 387px\" \/><\/a><\/p>\n<p>&nbsp;<\/p>\n<p>Pre viac inform\u00e1ci\u00ed kontaktujte n\u00e1\u0161 obchodn\u00fd t\u00edm.<\/p>\n<\/p>\n<h2><\/h2>\n<h3>Ako implementujeme lokaliz\u00e1ciu?<\/h3>\n<h3><\/h3>\n<p><p>Implement\u00e1cia lokaliz\u00e1cie z\u00e1vis\u00ed od pr\u00edslu\u0161nej krajiny aj od zlo\u017eitosti va\u0161ich obchodn\u00fdch procesov. Ku ka\u017ed\u00e9mu projektu sa preto pristupuje individu\u00e1lne.<\/p>\n<p>Na\u0161\u00edm cie\u013eom je dovies\u0165 v\u00e1\u0161 lokaliza\u010dn\u00fd projekt k vz\u00e1jomn\u00e9mu \u00faspechu zabezpe\u010den\u00edm plnej <strong>kontroly nad kvalitou, rozpo\u010dtom a \u010dasov\u00fdmi harmonogramami.<\/strong> \u00dazko spolupracujeme s va\u0161imi t\u00edmami na anal\u00fdze lok\u00e1lnych po\u017eiadaviek, definovan\u00ed vhodn\u00e9ho rozsahu a dodan\u00ed rie\u0161enia, ktor\u00e9 je plne v s\u00falade s predpismi a z\u00e1rove\u0148 zostane v s\u00falade s va\u0161imi prev\u00e1dzkov\u00fdmi potrebami.<\/p>\n<p>Po\u010das cel\u00e9ho projektu na\u0161i sk\u00fasen\u00ed konzultanti pou\u017e\u00edvaj\u00fa overen\u00e9 metodiky a osved\u010den\u00e9 postupy, aby zaru\u010dili hladk\u00fa, spo\u013eahliv\u00fa a efekt\u00edvnu implement\u00e1ciu.<\/p>\n<\/p>\n<h2><\/h2>\n<h3><red>\u010co nasleduje po implement\u00e1cii lokaliz\u00e1cie?<\/red><\/h3>\n<h3><\/h3>\n<p><p>Lokaliz\u00e1cia nie je jednorazov\u00e1 z\u00e1le\u017eitos\u0165. Predpisy sa neust\u00e1le vyv\u00edjaj\u00fa a dodr\u017eiavanie predpisov je nevyhnutn\u00e9.<\/p>\n<p>V spolupr\u00e1ci s renomovanou aud\u00edtorskou spolo\u010dnos\u0165ou poskytujeme priebe\u017en\u00e9 pr\u00e1vne poradenstvo a predv\u00eddame regula\u010dn\u00e9 zmeny poskytovan\u00edm pravideln\u00fdch aktualiz\u00e1ci\u00ed na\u0161ich lokalizovan\u00fdch verzi\u00ed <strong>Sage X3<\/strong>. To zabezpe\u010duje, \u017ee v\u00e1\u0161 syst\u00e9m zostane v s\u00falade s miestnymi pr\u00e1vnymi predpismi a osved\u010den\u00fdmi postupmi na trhu.<\/p>\n<p>N\u00e1\u0161 dlhodob\u00fd pr\u00edstup k podpore v\u00e1m umo\u017e\u0148uje s\u00fastredi\u0165 sa na va\u0161e hlavn\u00e9 podnikanie, zatia\u013e \u010do my sa star\u00e1me o monitorovanie a integr\u00e1ciu pr\u00e1vneho a regula\u010dn\u00e9ho v\u00fdvoja.<\/p>\n<\/p>\n<h2><\/h2>\n<h3>Aktualiz\u00e1cie a rev\u00edzie<\/h3>\n<h3><\/h3>\n<p><p>Aktualiz\u00e1cie lokaliza\u010dn\u00fdch bal\u00edkov s\u00fa prim\u00e1rne motivovan\u00e9 zmenami v miestnych predpisoch. V \u00fazkej spolupr\u00e1ci s na\u0161imi konzultantmi a pr\u00e1vnymi partnermi neust\u00e1le monitorujeme pr\u00e1vne po\u017eiadavky na ka\u017edom trhu a poskytujeme v\u010dasn\u00e9 rie\u0161enia na zabezpe\u010denie s\u00faladu s miestnymi z\u00e1konmi.<\/p>\n<p>S\u00fabe\u017ene s t\u00fdm sledujeme n\u00e1\u0161 intern\u00fd <strong>pl\u00e1n rozvoja produktu (roadmap),<\/strong> aby sme prin\u00e1\u0161ali funk\u010dn\u00e9 vylep\u0161enia a zdokonalenia. Na\u0161\u00edm z\u00e1v\u00e4zkom je priebe\u017ene informova\u0165 z\u00e1kazn\u00edkov o rozsahu a v\u00fdvoji lokaliza\u010dn\u00fdch funkci\u00ed.<\/p>\n<p>Nov\u00e9 regula\u010dn\u00e9 alebo funk\u010dn\u00e9 prvky m\u00f4\u017eu by\u0165 zahrnut\u00e9 do n\u00e1\u0161ho pl\u00e1nu rozvoja a v z\u00e1vislosti od ich povahy m\u00f4\u017eu podlieha\u0165 dodato\u010dn\u00e9mu spoplatneniu.<\/p><\/p>\n","protected":false},"excerpt":{"rendered":"<p>Ako obchodn\u00fd partner spolo\u010dnosti Sage, Deveho Consulting Group vyd\u00e1va \u0161tandardn\u00e9 lokalizovan\u00e9 verzie syst\u00e9mu Sage X3. Pon\u00fakame katal\u00f3g lokaliz\u00e1ci\u00ed pre jadro Sage X3. Na\u0161e legislat\u00edvne verzie pokr\u00fdvaj\u00fa da\u0148ov\u00e9 po\u017eiadavky a miestne zvyklosti. Poskytuj\u00fa tie\u017e vopred nakonfigurovan\u00e9 parametre na zabezpe\u010denie s\u00faladu s pr\u00e1vnymi obmedzeniami a miestnymi \u00fa\u010dtovn\u00fdmi pravidlami.<\/p>\n","protected":false},"author":34,"featured_media":0,"parent":9123,"menu_order":0,"comment_status":"closed","ping_status":"closed","template":"templates\/template-prod_serv.php","meta":{"_acf_changed":false,"footnotes":""},"class_list":["post-46193","page","type-page","status-publish","hentry"],"acf":[],"yoast_head":"<!-- This site is optimized with the Yoast SEO plugin v23.5 - https:\/\/yoast.com\/wordpress\/plugins\/seo\/ -->\n<title>Lokaliz\u00e1cie - Deveho<\/title>\n<meta name=\"description\" content=\"Ako partner spolo\u010dnosti Sage vyd\u00e1va skupina Deveho \u0161tandardn\u00e9 lokaliz\u00e1cie pre Sage X3, vr\u00e1tane na\u0161ich vlastn\u00fdch legislat\u00edvnych bal\u00ed\u010dkov pokr\u00fdvaj\u00facich 8 kraj\u00edn.\" \/>\n<meta name=\"robots\" content=\"index, follow, max-snippet:-1, max-image-preview:large, max-video-preview:-1\" \/>\n<link rel=\"canonical\" href=\"https:\/\/deveho.com\/sk\/domov\/lokalizacie\/\" \/>\n<meta property=\"og:locale\" content=\"sk_SK\" \/>\n<meta property=\"og:type\" content=\"article\" \/>\n<meta property=\"og:title\" content=\"Lokaliz\u00e1cie - Deveho\" \/>\n<meta property=\"og:description\" content=\"Ako partner spolo\u010dnosti Sage vyd\u00e1va skupina Deveho \u0161tandardn\u00e9 lokaliz\u00e1cie pre Sage X3, vr\u00e1tane na\u0161ich vlastn\u00fdch legislat\u00edvnych bal\u00ed\u010dkov pokr\u00fdvaj\u00facich 8 kraj\u00edn.\" \/>\n<meta property=\"og:url\" content=\"https:\/\/deveho.com\/sk\/domov\/lokalizacie\/\" \/>\n<meta property=\"og:site_name\" content=\"Deveho\" \/>\n<meta property=\"article:publisher\" content=\"https:\/\/www.facebook.com\/deveho\" \/>\n<meta property=\"article:modified_time\" content=\"2026-03-13T14:01:55+00:00\" \/>\n<meta property=\"og:image\" content=\"https:\/\/deveho.com\/wp-content\/uploads\/2026\/01\/Map-legislations.png\" \/>\n<meta name=\"twitter:card\" content=\"summary_large_image\" \/>\n<meta name=\"twitter:site\" content=\"@Deveho1\" \/>\n<meta name=\"twitter:label1\" content=\"Predpokladan\u00fd \u010das \u010d\u00edtania\" \/>\n\t<meta name=\"twitter:data1\" content=\"4 min\u00faty\" \/>\n<script type=\"application\/ld+json\" class=\"yoast-schema-graph\">{\"@context\":\"https:\/\/schema.org\",\"@graph\":[{\"@type\":\"WebPage\",\"@id\":\"https:\/\/deveho.com\/sk\/domov\/lokalizacie\/\",\"url\":\"https:\/\/deveho.com\/sk\/domov\/lokalizacie\/\",\"name\":\"Lokaliz\u00e1cie - Deveho\",\"isPartOf\":{\"@id\":\"https:\/\/deveho.com\/#website\"},\"primaryImageOfPage\":{\"@id\":\"https:\/\/deveho.com\/sk\/domov\/lokalizacie\/#primaryimage\"},\"image\":{\"@id\":\"https:\/\/deveho.com\/sk\/domov\/lokalizacie\/#primaryimage\"},\"thumbnailUrl\":\"https:\/\/deveho.com\/wp-content\/uploads\/2026\/01\/Map-legislations.png\",\"datePublished\":\"2026-01-23T15:16:36+00:00\",\"dateModified\":\"2026-03-13T14:01:55+00:00\",\"description\":\"Ako partner spolo\u010dnosti Sage vyd\u00e1va skupina Deveho \u0161tandardn\u00e9 lokaliz\u00e1cie pre Sage X3, vr\u00e1tane na\u0161ich vlastn\u00fdch legislat\u00edvnych bal\u00ed\u010dkov pokr\u00fdvaj\u00facich 8 kraj\u00edn.\",\"breadcrumb\":{\"@id\":\"https:\/\/deveho.com\/sk\/domov\/lokalizacie\/#breadcrumb\"},\"inLanguage\":\"sk-SK\",\"potentialAction\":[{\"@type\":\"ReadAction\",\"target\":[\"https:\/\/deveho.com\/sk\/domov\/lokalizacie\/\"]}]},{\"@type\":\"ImageObject\",\"inLanguage\":\"sk-SK\",\"@id\":\"https:\/\/deveho.com\/sk\/domov\/lokalizacie\/#primaryimage\",\"url\":\"https:\/\/deveho.com\/wp-content\/uploads\/2026\/01\/Map-legislations.png\",\"contentUrl\":\"https:\/\/deveho.com\/wp-content\/uploads\/2026\/01\/Map-legislations.png\"},{\"@type\":\"BreadcrumbList\",\"@id\":\"https:\/\/deveho.com\/sk\/domov\/lokalizacie\/#breadcrumb\",\"itemListElement\":[{\"@type\":\"ListItem\",\"position\":1,\"name\":\"Home\",\"item\":\"https:\/\/deveho.com\/sk\/\"},{\"@type\":\"ListItem\",\"position\":2,\"name\":\"Domov\",\"item\":\"https:\/\/deveho.com\/sk\/\"},{\"@type\":\"ListItem\",\"position\":3,\"name\":\"Lokaliz\u00e1cie\"}]},{\"@type\":\"WebSite\",\"@id\":\"https:\/\/deveho.com\/#website\",\"url\":\"https:\/\/deveho.com\/\",\"name\":\"Deveho Consulting Group\",\"description\":\"Let\u2019s boost your growth\",\"publisher\":{\"@id\":\"https:\/\/deveho.com\/#organization\"},\"potentialAction\":[{\"@type\":\"SearchAction\",\"target\":{\"@type\":\"EntryPoint\",\"urlTemplate\":\"https:\/\/deveho.com\/?s={search_term_string}\"},\"query-input\":{\"@type\":\"PropertyValueSpecification\",\"valueRequired\":true,\"valueName\":\"search_term_string\"}}],\"inLanguage\":\"sk-SK\"},{\"@type\":\"Organization\",\"@id\":\"https:\/\/deveho.com\/#organization\",\"name\":\"Deveho Consulting Group\",\"url\":\"https:\/\/deveho.com\/\",\"logo\":{\"@type\":\"ImageObject\",\"inLanguage\":\"sk-SK\",\"@id\":\"https:\/\/deveho.com\/#\/schema\/logo\/image\/\",\"url\":\"https:\/\/deveho.com\/wp-content\/uploads\/2023\/02\/DEVEHO-LOGO-Baseline-COLOR.png\",\"contentUrl\":\"https:\/\/deveho.com\/wp-content\/uploads\/2023\/02\/DEVEHO-LOGO-Baseline-COLOR.png\",\"width\":2251,\"height\":585,\"caption\":\"Deveho Consulting Group\"},\"image\":{\"@id\":\"https:\/\/deveho.com\/#\/schema\/logo\/image\/\"},\"sameAs\":[\"https:\/\/www.facebook.com\/deveho\",\"https:\/\/x.com\/Deveho1\",\"https:\/\/www.linkedin.com\/company\/deveho-consulting\/\"]}]}<\/script>\n<!-- \/ Yoast SEO plugin. -->","yoast_head_json":{"title":"Lokaliz\u00e1cie - Deveho","description":"Ako partner spolo\u010dnosti Sage vyd\u00e1va skupina Deveho \u0161tandardn\u00e9 lokaliz\u00e1cie pre Sage X3, vr\u00e1tane na\u0161ich vlastn\u00fdch legislat\u00edvnych bal\u00ed\u010dkov pokr\u00fdvaj\u00facich 8 kraj\u00edn.","robots":{"index":"index","follow":"follow","max-snippet":"max-snippet:-1","max-image-preview":"max-image-preview:large","max-video-preview":"max-video-preview:-1"},"canonical":"https:\/\/deveho.com\/sk\/domov\/lokalizacie\/","og_locale":"sk_SK","og_type":"article","og_title":"Lokaliz\u00e1cie - Deveho","og_description":"Ako partner spolo\u010dnosti Sage vyd\u00e1va skupina Deveho \u0161tandardn\u00e9 lokaliz\u00e1cie pre Sage X3, vr\u00e1tane na\u0161ich vlastn\u00fdch legislat\u00edvnych bal\u00ed\u010dkov pokr\u00fdvaj\u00facich 8 kraj\u00edn.","og_url":"https:\/\/deveho.com\/sk\/domov\/lokalizacie\/","og_site_name":"Deveho","article_publisher":"https:\/\/www.facebook.com\/deveho","article_modified_time":"2026-03-13T14:01:55+00:00","og_image":[{"url":"https:\/\/deveho.com\/wp-content\/uploads\/2026\/01\/Map-legislations.png"}],"twitter_card":"summary_large_image","twitter_site":"@Deveho1","twitter_misc":{"Predpokladan\u00fd \u010das \u010d\u00edtania":"4 min\u00faty"},"schema":{"@context":"https:\/\/schema.org","@graph":[{"@type":"WebPage","@id":"https:\/\/deveho.com\/sk\/domov\/lokalizacie\/","url":"https:\/\/deveho.com\/sk\/domov\/lokalizacie\/","name":"Lokaliz\u00e1cie - Deveho","isPartOf":{"@id":"https:\/\/deveho.com\/#website"},"primaryImageOfPage":{"@id":"https:\/\/deveho.com\/sk\/domov\/lokalizacie\/#primaryimage"},"image":{"@id":"https:\/\/deveho.com\/sk\/domov\/lokalizacie\/#primaryimage"},"thumbnailUrl":"https:\/\/deveho.com\/wp-content\/uploads\/2026\/01\/Map-legislations.png","datePublished":"2026-01-23T15:16:36+00:00","dateModified":"2026-03-13T14:01:55+00:00","description":"Ako partner spolo\u010dnosti Sage vyd\u00e1va skupina Deveho \u0161tandardn\u00e9 lokaliz\u00e1cie pre Sage X3, vr\u00e1tane na\u0161ich vlastn\u00fdch legislat\u00edvnych bal\u00ed\u010dkov pokr\u00fdvaj\u00facich 8 kraj\u00edn.","breadcrumb":{"@id":"https:\/\/deveho.com\/sk\/domov\/lokalizacie\/#breadcrumb"},"inLanguage":"sk-SK","potentialAction":[{"@type":"ReadAction","target":["https:\/\/deveho.com\/sk\/domov\/lokalizacie\/"]}]},{"@type":"ImageObject","inLanguage":"sk-SK","@id":"https:\/\/deveho.com\/sk\/domov\/lokalizacie\/#primaryimage","url":"https:\/\/deveho.com\/wp-content\/uploads\/2026\/01\/Map-legislations.png","contentUrl":"https:\/\/deveho.com\/wp-content\/uploads\/2026\/01\/Map-legislations.png"},{"@type":"BreadcrumbList","@id":"https:\/\/deveho.com\/sk\/domov\/lokalizacie\/#breadcrumb","itemListElement":[{"@type":"ListItem","position":1,"name":"Home","item":"https:\/\/deveho.com\/sk\/"},{"@type":"ListItem","position":2,"name":"Domov","item":"https:\/\/deveho.com\/sk\/"},{"@type":"ListItem","position":3,"name":"Lokaliz\u00e1cie"}]},{"@type":"WebSite","@id":"https:\/\/deveho.com\/#website","url":"https:\/\/deveho.com\/","name":"Deveho Consulting Group","description":"Let\u2019s boost your growth","publisher":{"@id":"https:\/\/deveho.com\/#organization"},"potentialAction":[{"@type":"SearchAction","target":{"@type":"EntryPoint","urlTemplate":"https:\/\/deveho.com\/?s={search_term_string}"},"query-input":{"@type":"PropertyValueSpecification","valueRequired":true,"valueName":"search_term_string"}}],"inLanguage":"sk-SK"},{"@type":"Organization","@id":"https:\/\/deveho.com\/#organization","name":"Deveho Consulting Group","url":"https:\/\/deveho.com\/","logo":{"@type":"ImageObject","inLanguage":"sk-SK","@id":"https:\/\/deveho.com\/#\/schema\/logo\/image\/","url":"https:\/\/deveho.com\/wp-content\/uploads\/2023\/02\/DEVEHO-LOGO-Baseline-COLOR.png","contentUrl":"https:\/\/deveho.com\/wp-content\/uploads\/2023\/02\/DEVEHO-LOGO-Baseline-COLOR.png","width":2251,"height":585,"caption":"Deveho Consulting Group"},"image":{"@id":"https:\/\/deveho.com\/#\/schema\/logo\/image\/"},"sameAs":["https:\/\/www.facebook.com\/deveho","https:\/\/x.com\/Deveho1","https:\/\/www.linkedin.com\/company\/deveho-consulting\/"]}]}},"_links":{"self":[{"href":"https:\/\/deveho.com\/sk\/wp-json\/wp\/v2\/pages\/46193"}],"collection":[{"href":"https:\/\/deveho.com\/sk\/wp-json\/wp\/v2\/pages"}],"about":[{"href":"https:\/\/deveho.com\/sk\/wp-json\/wp\/v2\/types\/page"}],"author":[{"embeddable":true,"href":"https:\/\/deveho.com\/sk\/wp-json\/wp\/v2\/users\/34"}],"replies":[{"embeddable":true,"href":"https:\/\/deveho.com\/sk\/wp-json\/wp\/v2\/comments?post=46193"}],"version-history":[{"count":15,"href":"https:\/\/deveho.com\/sk\/wp-json\/wp\/v2\/pages\/46193\/revisions"}],"predecessor-version":[{"id":47248,"href":"https:\/\/deveho.com\/sk\/wp-json\/wp\/v2\/pages\/46193\/revisions\/47248"}],"up":[{"embeddable":true,"href":"https:\/\/deveho.com\/sk\/wp-json\/wp\/v2\/pages\/9123"}],"wp:attachment":[{"href":"https:\/\/deveho.com\/sk\/wp-json\/wp\/v2\/media?parent=46193"}],"curies":[{"name":"wp","href":"https:\/\/api.w.org\/{rel}","templated":true}]}}