{"id":47619,"date":"2026-03-03T14:51:51","date_gmt":"2026-03-03T12:51:51","guid":{"rendered":"https:\/\/deveho.com\/?page_id=47619"},"modified":"2026-04-15T19:06:24","modified_gmt":"2026-04-15T17:06:24","slug":"sage-copilot","status":"publish","type":"page","link":"https:\/\/deveho.com\/sk\/produkty\/sage-x3\/sage-copilot\/","title":{"rendered":"Sage Copilot"},"content":{"rendered":"<br \/>\n<h2>Asistent pre produktivitu poh\u00e1\u0148an\u00fd generat\u00edvnou umelou inteligenciou<\/h2>\n<p>Sage Copilot: Nov\u00fd sp\u00f4sob interakcie s va\u0161imi d\u00e1tami, ktor\u00fd v\u00e1m umo\u017en\u00ed r\u00fdchlej\u0161ie analyzova\u0165, rozhodova\u0165 sa a okam\u017eite kona\u0165.<\/p>\n<\/p>\n<h2><\/h2>\n<h3>Generat\u00edvna umel\u00e1 inteligencia je srdcom rie\u0161enia Sage Copilot.<\/h3>\n<h3><b>Sage Copilot, navrhnut\u00fd pre bezprobl\u00e9mov\u00fa integr\u00e1ciu s va\u0161imi n\u00e1strojmi Sage,<\/b> v\u00e1m pom\u00e1ha pri ka\u017edodennej pr\u00e1ci t\u00fdm, \u017ee zjednodu\u0161uje pr\u00edstup k inform\u00e1ci\u00e1m, automatizuje \u00falohy a u\u013eah\u010duje rozhodovanie.<\/h3>\n<p><p>Analyzuje va\u0161e prostredie, pon\u00faka odpor\u00fa\u010dania \u0161it\u00e9 na mieru v\u00e1\u0161mu podnikaniu a upozor\u0148uje na priority. Je v\u00e1m k dispoz\u00edcii nepretr\u017eite a funguje ako operat\u00edvny asistent, ktor\u00fd sa prisp\u00f4sobuje va\u0161im zvyklostiam, tak\u017ee je postupom \u010dasu \u010doraz relevantnej\u0161\u00ed.<\/p>\n<\/p>\n<h2><\/h2>\n<h3><red>Integr\u00e1cia, interakcia a inteligencia<\/red> <br \/>Sage AI v ka\u017edodennom \u017eivote<\/h3>\n<h3>V\u00fdkonn\u00e9 funkcie pre okam\u017eit\u00e9 v\u00fdsledky<\/h3>\n<\/p>\n<h2><\/h2>\n<h3><red>Pomaly obr\u00e1tkov\u00e9 a zastaran\u00e9 riadenie z\u00e1sob<\/red><\/h3>\n<h3>Zistite, ako Sage Copilot premie\u0148a zlo\u017eit\u00fd a \u010dasovo n\u00e1ro\u010dn\u00fd proces na <b>jasn\u00fd a okam\u017eit\u00fd ak\u010dn\u00fd pl\u00e1n.<\/b><\/h3>\n<p><p data-start=\"136\" data-end=\"152\"><span style=\"text-decoration: underline;\"><strong data-start=\"136\" data-end=\"152\">Predt\u00fdm:<\/strong><\/span><\/p>\n<p data-start=\"154\" data-end=\"382\">Identifik\u00e1cia a rie\u0161enie pomaly obr\u00e1tkov\u00fdch a zastaran\u00fdch z\u00e1sob trvali cel\u00e9 t\u00fd\u017edne. Vy\u017eadovalo si to zlo\u017eit\u00e9 exporty do Excelu, pr\u00e1cne sp\u00e1janie d\u00e1t z r\u00f4znych oddelen\u00ed a organizovanie mno\u017estva stretnut\u00ed, aby sa v\u00f4bec rozhodlo o \u010fal\u0161om postupe.<\/p>\n<p data-start=\"384\" data-end=\"406\"><span style=\"text-decoration: underline;\"><strong data-start=\"384\" data-end=\"406\">So Sage Copilot:<\/strong><\/span><\/p>\n<p data-start=\"408\" data-end=\"771\">AI poskytuje okam\u017eit\u00fa diagnostiku. Identifikuje <b data-path-to-node=\"2\" data-index-in-node=\"65\">\u201e\u010do\u201c<\/b> (napr. 220 kusov iPhone 7 le\u017eiacich na sklade bez pohybu) a analyzuje <b data-path-to-node=\"2\" data-index-in-node=\"140\">\u201epre\u010do\u201c<\/b> (technologick\u00e1 zastaranos\u0165, klesaj\u00faci dopyt \u010di trhov\u00e9 obmedzenia). Asistent n\u00e1sledne automaticky vygeneruje prioritizovan\u00fd 90-d\u0148ov\u00fd pl\u00e1n na zn\u00ed\u017eenie z\u00e1sob: likvid\u00e1ciu, odpredaj alebo recykl\u00e1ciu v z\u00e1vislosti od va\u0161ich prior\u00edt.<\/p>\n<p data-start=\"773\" data-end=\"793\"><span style=\"text-decoration: underline;\"><strong data-start=\"773\" data-end=\"793\">Merate\u013en\u00fd pr\u00ednos:<\/strong><\/span><\/p>\n<ul data-start=\"795\" data-end=\"915\">\n<li data-section-id=\"1cm3p9n\" data-start=\"795\" data-end=\"846\">40 % zn\u00ed\u017eenie objemu pomaly obr\u00e1tkov\u00fdch a zastaran\u00fdch z\u00e1sob<\/li>\n<li data-section-id=\"1e6xfto\" data-start=\"847\" data-end=\"888\">25 % zlep\u0161enie obratu z\u00e1sob<\/li>\n<li data-section-id=\"rg70g2\" data-start=\"889\" data-end=\"915\">\u20ac2M zachr\u00e1nenej hodnoty<\/li>\n<\/ul>\n<blockquote>\n<p data-start=\"917\" data-end=\"1056\"><strong>Preme\u0148te zlo\u017eit\u00fd proces na okam\u017eit\u00e9 a merate\u013en\u00e9 kroky \u2013 a z\u00e1rove\u0148 z\u00edskajte viac \u010dasu a zv\u00fd\u0161te hodnotu, ktor\u00fa generuj\u00fa va\u0161e prev\u00e1dzkov\u00e9 \u010dinnosti.<\/strong><\/p>\n<\/blockquote>\n<h2>Sage X3 a umel\u00e1 inteligencia<\/h2>\n<h3><red>Sp\u00e4tn\u00e1 v\u00e4zba od z\u00e1kazn\u00edkov<\/red> na Sage Copilot<\/h3>\n<h3>Zistite, ako z\u00e1kazn\u00edci Sage X3 vn\u00edmaj\u00fa vplyv umelej inteligencie a Sage Copilot na svoje podnikov\u00e9 procesy a riadenie firmy.<\/h3>\n<p><div class=\"responsive-embed widescreen\"><div class=\"responsive-embed widescreen\"><iframe loading=\"lazy\" title=\"Sage X3 et l\u2019IA : des clients partagent leurs retours sur Sage Copilot | Cas clients Sage\" width=\"500\" height=\"281\" src=\"https:\/\/www.youtube.com\/embed\/RO0ZwPg2-YQ?feature=oembed\" frameborder=\"0\" allow=\"accelerometer; autoplay; clipboard-write; encrypted-media; gyroscope; picture-in-picture; web-share\" referrerpolicy=\"strict-origin-when-cross-origin\" allowfullscreen><\/iframe><\/div><\/div>\n<\/p>\n<h2><\/h2>\n<h3>FAQ<\/h3>\n<h3>Funkcie, integr\u00e1cia, bezpe\u010dnos\u0165, prisp\u00f4sobenie&#8230; tieto FAQ v\u00e1m pom\u00f4\u017eu lep\u0161ie pochopi\u0165, ako sa tento inteligentn\u00fd asistent prisp\u00f4sobuje v\u00e1\u0161mu prostrediu a pom\u00e1ha v\u00e1m v ka\u017edodennom \u017eivote.<\/h3><\/p>\n","protected":false},"excerpt":{"rendered":"<p>Sage Copilot, your dedicated productivity assistant, powered by generative artificial intelligence.<\/p>\n","protected":false},"author":34,"featured_media":0,"parent":9497,"menu_order":0,"comment_status":"closed","ping_status":"closed","template":"templates\/template-prod_serv.php","meta":{"_acf_changed":false,"footnotes":""},"class_list":["post-47619","page","type-page","status-publish","hentry"],"acf":[],"yoast_head":"<!-- This site is optimized with the Yoast SEO plugin v23.5 - https:\/\/yoast.com\/wordpress\/plugins\/seo\/ -->\n<title>Sage Copilot - Deveho<\/title>\n<meta name=\"description\" content=\"Sage Copilot. v\u00e1\u0161 d\u00f4veryhodn\u00fd asistent navrhnut\u00fd tak, aby od z\u00e1kladov zmenil sp\u00f4sob, ak\u00fdm pracujete s d\u00e1tami a riadite svoje podnikanie.\" \/>\n<meta name=\"robots\" content=\"index, follow, max-snippet:-1, max-image-preview:large, max-video-preview:-1\" \/>\n<link rel=\"canonical\" href=\"https:\/\/deveho.com\/sk\/produkty\/sage-x3\/sage-copilot\/\" \/>\n<meta property=\"og:locale\" content=\"sk_SK\" \/>\n<meta property=\"og:type\" content=\"article\" \/>\n<meta property=\"og:title\" content=\"Sage Copilot - Deveho\" \/>\n<meta property=\"og:description\" content=\"Sage Copilot. v\u00e1\u0161 d\u00f4veryhodn\u00fd asistent navrhnut\u00fd tak, aby od z\u00e1kladov zmenil sp\u00f4sob, ak\u00fdm pracujete s d\u00e1tami a riadite svoje podnikanie.\" \/>\n<meta property=\"og:url\" content=\"https:\/\/deveho.com\/sk\/produkty\/sage-x3\/sage-copilot\/\" \/>\n<meta property=\"og:site_name\" content=\"Deveho\" \/>\n<meta property=\"article:publisher\" content=\"https:\/\/www.facebook.com\/deveho\" \/>\n<meta property=\"article:modified_time\" content=\"2026-04-15T17:06:24+00:00\" \/>\n<meta name=\"twitter:card\" content=\"summary_large_image\" \/>\n<meta name=\"twitter:site\" content=\"@Deveho1\" \/>\n<meta name=\"twitter:label1\" content=\"Predpokladan\u00fd \u010das \u010d\u00edtania\" \/>\n\t<meta name=\"twitter:data1\" content=\"2 min\u00faty\" \/>\n<script type=\"application\/ld+json\" class=\"yoast-schema-graph\">{\"@context\":\"https:\/\/schema.org\",\"@graph\":[{\"@type\":\"WebPage\",\"@id\":\"https:\/\/deveho.com\/sk\/produkty\/sage-x3\/sage-copilot\/\",\"url\":\"https:\/\/deveho.com\/sk\/produkty\/sage-x3\/sage-copilot\/\",\"name\":\"Sage Copilot - Deveho\",\"isPartOf\":{\"@id\":\"https:\/\/deveho.com\/#website\"},\"datePublished\":\"2026-03-03T12:51:51+00:00\",\"dateModified\":\"2026-04-15T17:06:24+00:00\",\"description\":\"Sage Copilot. v\u00e1\u0161 d\u00f4veryhodn\u00fd asistent navrhnut\u00fd tak, aby od z\u00e1kladov zmenil sp\u00f4sob, ak\u00fdm pracujete s d\u00e1tami a riadite svoje podnikanie.\",\"breadcrumb\":{\"@id\":\"https:\/\/deveho.com\/sk\/produkty\/sage-x3\/sage-copilot\/#breadcrumb\"},\"inLanguage\":\"sk-SK\",\"potentialAction\":[{\"@type\":\"ReadAction\",\"target\":[\"https:\/\/deveho.com\/sk\/produkty\/sage-x3\/sage-copilot\/\"]}]},{\"@type\":\"BreadcrumbList\",\"@id\":\"https:\/\/deveho.com\/sk\/produkty\/sage-x3\/sage-copilot\/#breadcrumb\",\"itemListElement\":[{\"@type\":\"ListItem\",\"position\":1,\"name\":\"Home\",\"item\":\"https:\/\/deveho.com\/sk\/\"},{\"@type\":\"ListItem\",\"position\":2,\"name\":\"Produkty\",\"item\":\"https:\/\/deveho.com\/sk\/produkty\/\"},{\"@type\":\"ListItem\",\"position\":3,\"name\":\"Sage X3\",\"item\":\"https:\/\/deveho.com\/sk\/produkty\/sage-x3\/\"},{\"@type\":\"ListItem\",\"position\":4,\"name\":\"Sage Copilot\"}]},{\"@type\":\"WebSite\",\"@id\":\"https:\/\/deveho.com\/#website\",\"url\":\"https:\/\/deveho.com\/\",\"name\":\"Deveho Consulting Group\",\"description\":\"Let\u2019s boost your growth\",\"publisher\":{\"@id\":\"https:\/\/deveho.com\/#organization\"},\"potentialAction\":[{\"@type\":\"SearchAction\",\"target\":{\"@type\":\"EntryPoint\",\"urlTemplate\":\"https:\/\/deveho.com\/?s={search_term_string}\"},\"query-input\":{\"@type\":\"PropertyValueSpecification\",\"valueRequired\":true,\"valueName\":\"search_term_string\"}}],\"inLanguage\":\"sk-SK\"},{\"@type\":\"Organization\",\"@id\":\"https:\/\/deveho.com\/#organization\",\"name\":\"Deveho Consulting Group\",\"url\":\"https:\/\/deveho.com\/\",\"logo\":{\"@type\":\"ImageObject\",\"inLanguage\":\"sk-SK\",\"@id\":\"https:\/\/deveho.com\/#\/schema\/logo\/image\/\",\"url\":\"https:\/\/deveho.com\/wp-content\/uploads\/2023\/02\/DEVEHO-LOGO-Baseline-COLOR.png\",\"contentUrl\":\"https:\/\/deveho.com\/wp-content\/uploads\/2023\/02\/DEVEHO-LOGO-Baseline-COLOR.png\",\"width\":2251,\"height\":585,\"caption\":\"Deveho Consulting Group\"},\"image\":{\"@id\":\"https:\/\/deveho.com\/#\/schema\/logo\/image\/\"},\"sameAs\":[\"https:\/\/www.facebook.com\/deveho\",\"https:\/\/x.com\/Deveho1\",\"https:\/\/www.linkedin.com\/company\/deveho-consulting\/\"]}]}<\/script>\n<!-- \/ Yoast SEO plugin. -->","yoast_head_json":{"title":"Sage Copilot - Deveho","description":"Sage Copilot. v\u00e1\u0161 d\u00f4veryhodn\u00fd asistent navrhnut\u00fd tak, aby od z\u00e1kladov zmenil sp\u00f4sob, ak\u00fdm pracujete s d\u00e1tami a riadite svoje podnikanie.","robots":{"index":"index","follow":"follow","max-snippet":"max-snippet:-1","max-image-preview":"max-image-preview:large","max-video-preview":"max-video-preview:-1"},"canonical":"https:\/\/deveho.com\/sk\/produkty\/sage-x3\/sage-copilot\/","og_locale":"sk_SK","og_type":"article","og_title":"Sage Copilot - Deveho","og_description":"Sage Copilot. v\u00e1\u0161 d\u00f4veryhodn\u00fd asistent navrhnut\u00fd tak, aby od z\u00e1kladov zmenil sp\u00f4sob, ak\u00fdm pracujete s d\u00e1tami a riadite svoje podnikanie.","og_url":"https:\/\/deveho.com\/sk\/produkty\/sage-x3\/sage-copilot\/","og_site_name":"Deveho","article_publisher":"https:\/\/www.facebook.com\/deveho","article_modified_time":"2026-04-15T17:06:24+00:00","twitter_card":"summary_large_image","twitter_site":"@Deveho1","twitter_misc":{"Predpokladan\u00fd \u010das \u010d\u00edtania":"2 min\u00faty"},"schema":{"@context":"https:\/\/schema.org","@graph":[{"@type":"WebPage","@id":"https:\/\/deveho.com\/sk\/produkty\/sage-x3\/sage-copilot\/","url":"https:\/\/deveho.com\/sk\/produkty\/sage-x3\/sage-copilot\/","name":"Sage Copilot - Deveho","isPartOf":{"@id":"https:\/\/deveho.com\/#website"},"datePublished":"2026-03-03T12:51:51+00:00","dateModified":"2026-04-15T17:06:24+00:00","description":"Sage Copilot. v\u00e1\u0161 d\u00f4veryhodn\u00fd asistent navrhnut\u00fd tak, aby od z\u00e1kladov zmenil sp\u00f4sob, ak\u00fdm pracujete s d\u00e1tami a riadite svoje podnikanie.","breadcrumb":{"@id":"https:\/\/deveho.com\/sk\/produkty\/sage-x3\/sage-copilot\/#breadcrumb"},"inLanguage":"sk-SK","potentialAction":[{"@type":"ReadAction","target":["https:\/\/deveho.com\/sk\/produkty\/sage-x3\/sage-copilot\/"]}]},{"@type":"BreadcrumbList","@id":"https:\/\/deveho.com\/sk\/produkty\/sage-x3\/sage-copilot\/#breadcrumb","itemListElement":[{"@type":"ListItem","position":1,"name":"Home","item":"https:\/\/deveho.com\/sk\/"},{"@type":"ListItem","position":2,"name":"Produkty","item":"https:\/\/deveho.com\/sk\/produkty\/"},{"@type":"ListItem","position":3,"name":"Sage X3","item":"https:\/\/deveho.com\/sk\/produkty\/sage-x3\/"},{"@type":"ListItem","position":4,"name":"Sage Copilot"}]},{"@type":"WebSite","@id":"https:\/\/deveho.com\/#website","url":"https:\/\/deveho.com\/","name":"Deveho Consulting Group","description":"Let\u2019s boost your growth","publisher":{"@id":"https:\/\/deveho.com\/#organization"},"potentialAction":[{"@type":"SearchAction","target":{"@type":"EntryPoint","urlTemplate":"https:\/\/deveho.com\/?s={search_term_string}"},"query-input":{"@type":"PropertyValueSpecification","valueRequired":true,"valueName":"search_term_string"}}],"inLanguage":"sk-SK"},{"@type":"Organization","@id":"https:\/\/deveho.com\/#organization","name":"Deveho Consulting Group","url":"https:\/\/deveho.com\/","logo":{"@type":"ImageObject","inLanguage":"sk-SK","@id":"https:\/\/deveho.com\/#\/schema\/logo\/image\/","url":"https:\/\/deveho.com\/wp-content\/uploads\/2023\/02\/DEVEHO-LOGO-Baseline-COLOR.png","contentUrl":"https:\/\/deveho.com\/wp-content\/uploads\/2023\/02\/DEVEHO-LOGO-Baseline-COLOR.png","width":2251,"height":585,"caption":"Deveho Consulting Group"},"image":{"@id":"https:\/\/deveho.com\/#\/schema\/logo\/image\/"},"sameAs":["https:\/\/www.facebook.com\/deveho","https:\/\/x.com\/Deveho1","https:\/\/www.linkedin.com\/company\/deveho-consulting\/"]}]}},"_links":{"self":[{"href":"https:\/\/deveho.com\/sk\/wp-json\/wp\/v2\/pages\/47619"}],"collection":[{"href":"https:\/\/deveho.com\/sk\/wp-json\/wp\/v2\/pages"}],"about":[{"href":"https:\/\/deveho.com\/sk\/wp-json\/wp\/v2\/types\/page"}],"author":[{"embeddable":true,"href":"https:\/\/deveho.com\/sk\/wp-json\/wp\/v2\/users\/34"}],"replies":[{"embeddable":true,"href":"https:\/\/deveho.com\/sk\/wp-json\/wp\/v2\/comments?post=47619"}],"version-history":[{"count":57,"href":"https:\/\/deveho.com\/sk\/wp-json\/wp\/v2\/pages\/47619\/revisions"}],"predecessor-version":[{"id":48702,"href":"https:\/\/deveho.com\/sk\/wp-json\/wp\/v2\/pages\/47619\/revisions\/48702"}],"up":[{"embeddable":true,"href":"https:\/\/deveho.com\/sk\/wp-json\/wp\/v2\/pages\/9497"}],"wp:attachment":[{"href":"https:\/\/deveho.com\/sk\/wp-json\/wp\/v2\/media?parent=47619"}],"curies":[{"name":"wp","href":"https:\/\/api.w.org\/{rel}","templated":true}]}}