{"id":8944,"date":"2022-02-07T13:34:53","date_gmt":"2022-02-07T13:34:53","guid":{"rendered":"https:\/\/deveho2.sfdbeta.be\/financny-manazer\/"},"modified":"2025-12-23T15:37:09","modified_gmt":"2025-12-23T13:37:09","slug":"financny-manazer","status":"publish","type":"page","link":"https:\/\/deveho.com\/sk\/profily\/financny-manazer\/","title":{"rendered":"Finan\u010dn\u00fd mana\u017e\u00e9r"},"content":{"rendered":"<br \/>\n<h2><b> <red>Je \u010das zmeni\u0165 sp\u00f4sob, ak\u00fdm va\u0161a firma riadi svoje financie? <\/red>   <\/b><\/h2>\n<h3>Va\u0161e ciele <\/h3>\n<ul>\n<li>Harmoniz\u00e1cia procesov<\/li>\n<li>Zefekt\u00edvnen\u00ede faktur\u00e1cie a ink\u00e1s<\/li>\n<li>Odstr\u00e1nenie ch\u00fdb v \u00fa\u010dtovn\u00edctve a nadbyto\u010dn\u00e9ho vedenia z\u00e1znamov<\/li>\n<li>Zabezpe\u010denie dodr\u017eiavania da\u0148ov\u00fdch a \u00fa\u010dtovn\u00fdch predpisov<\/li>\n<li>Poskytnutie flexibility a priestoru na expanziu<\/li>\n<\/ul>\n<h3>V\u00fdhody ERP softv\u00e9ru<\/h3>\n<ul>\n<li>Riadenie prenosu \u00fadajov (vr\u00e1tane pl\u00e1novania, organizovania, \u0161trukt\u00farovania, spracovania, kontroly, vyhodnocovania a vykazovania informa\u010dn\u00fdch aktiv\u00edt)<\/li>\n<li>Kontrola a riadenie riz\u00edk<\/li>\n<li>Podpora rastu a medzin\u00e1rodn\u00fdch oper\u00e1ci\u00ed<\/li>\n<li>Inteligentn\u00e9 d\u00e1ta pre anal\u00fdzy a audity<\/li>\n<\/ul>\n<h2><\/h2>\n<h3>S\u00favisiace str\u00e1nky<\/h3>\n<\/p>\n<h3><\/h3>\n<\/p>\n<h3><\/h3><\/p>\n","protected":false},"excerpt":{"rendered":"<p>Efekt\u00edvne syst\u00e9my finan\u010dn\u00e9ho riadenia zlep\u0161uj\u00fa v\u00fdkonnos\u0165 podniku v\u00fdberom SAGE X3.<\/p>\n","protected":false},"author":6,"featured_media":0,"parent":10289,"menu_order":0,"comment_status":"closed","ping_status":"closed","template":"templates\/template-inner.php","meta":{"_acf_changed":false,"footnotes":""},"class_list":["post-8944","page","type-page","status-publish","hentry"],"acf":[],"yoast_head":"<!-- This site is optimized with the Yoast SEO plugin v23.5 - https:\/\/yoast.com\/wordpress\/plugins\/seo\/ -->\n<title>Finan\u010dn\u00fd mana\u017e\u00e9r - Deveho<\/title>\n<meta name=\"robots\" content=\"index, follow, max-snippet:-1, max-image-preview:large, max-video-preview:-1\" \/>\n<link rel=\"canonical\" href=\"https:\/\/deveho.com\/sk\/profily\/financny-manazer\/\" \/>\n<meta property=\"og:locale\" content=\"sk_SK\" \/>\n<meta property=\"og:type\" content=\"article\" \/>\n<meta property=\"og:title\" content=\"Finan\u010dn\u00fd mana\u017e\u00e9r - Deveho\" \/>\n<meta property=\"og:description\" content=\"Efekt\u00edvne syst\u00e9my finan\u010dn\u00e9ho riadenia zlep\u0161uj\u00fa v\u00fdkonnos\u0165 podniku v\u00fdberom SAGE X3.\" \/>\n<meta property=\"og:url\" content=\"https:\/\/deveho.com\/sk\/profily\/financny-manazer\/\" \/>\n<meta property=\"og:site_name\" content=\"Deveho\" \/>\n<meta property=\"article:publisher\" content=\"https:\/\/www.facebook.com\/deveho\" \/>\n<meta property=\"article:modified_time\" content=\"2025-12-23T13:37:09+00:00\" \/>\n<meta name=\"twitter:card\" content=\"summary_large_image\" \/>\n<meta name=\"twitter:site\" content=\"@Deveho1\" \/>\n<meta name=\"twitter:label1\" content=\"Predpokladan\u00fd \u010das \u010d\u00edtania\" \/>\n\t<meta name=\"twitter:data1\" content=\"1 min\u00fata\" \/>\n<script type=\"application\/ld+json\" class=\"yoast-schema-graph\">{\"@context\":\"https:\/\/schema.org\",\"@graph\":[{\"@type\":\"WebPage\",\"@id\":\"https:\/\/deveho.com\/sk\/profily\/financny-manazer\/\",\"url\":\"https:\/\/deveho.com\/sk\/profily\/financny-manazer\/\",\"name\":\"Finan\u010dn\u00fd mana\u017e\u00e9r - Deveho\",\"isPartOf\":{\"@id\":\"https:\/\/deveho.com\/#website\"},\"datePublished\":\"2022-02-07T13:34:53+00:00\",\"dateModified\":\"2025-12-23T13:37:09+00:00\",\"breadcrumb\":{\"@id\":\"https:\/\/deveho.com\/sk\/profily\/financny-manazer\/#breadcrumb\"},\"inLanguage\":\"sk-SK\",\"potentialAction\":[{\"@type\":\"ReadAction\",\"target\":[\"https:\/\/deveho.com\/sk\/profily\/financny-manazer\/\"]}]},{\"@type\":\"BreadcrumbList\",\"@id\":\"https:\/\/deveho.com\/sk\/profily\/financny-manazer\/#breadcrumb\",\"itemListElement\":[{\"@type\":\"ListItem\",\"position\":1,\"name\":\"Home\",\"item\":\"https:\/\/deveho.com\/sk\/\"},{\"@type\":\"ListItem\",\"position\":2,\"name\":\"Profily\",\"item\":\"https:\/\/deveho.com\/sk\/profily\/\"},{\"@type\":\"ListItem\",\"position\":3,\"name\":\"Finan\u010dn\u00fd mana\u017e\u00e9r\"}]},{\"@type\":\"WebSite\",\"@id\":\"https:\/\/deveho.com\/#website\",\"url\":\"https:\/\/deveho.com\/\",\"name\":\"Deveho Consulting Group\",\"description\":\"Let\u2019s boost your growth\",\"publisher\":{\"@id\":\"https:\/\/deveho.com\/#organization\"},\"potentialAction\":[{\"@type\":\"SearchAction\",\"target\":{\"@type\":\"EntryPoint\",\"urlTemplate\":\"https:\/\/deveho.com\/?s={search_term_string}\"},\"query-input\":{\"@type\":\"PropertyValueSpecification\",\"valueRequired\":true,\"valueName\":\"search_term_string\"}}],\"inLanguage\":\"sk-SK\"},{\"@type\":\"Organization\",\"@id\":\"https:\/\/deveho.com\/#organization\",\"name\":\"Deveho Consulting Group\",\"url\":\"https:\/\/deveho.com\/\",\"logo\":{\"@type\":\"ImageObject\",\"inLanguage\":\"sk-SK\",\"@id\":\"https:\/\/deveho.com\/#\/schema\/logo\/image\/\",\"url\":\"https:\/\/deveho.com\/wp-content\/uploads\/2023\/02\/DEVEHO-LOGO-Baseline-COLOR.png\",\"contentUrl\":\"https:\/\/deveho.com\/wp-content\/uploads\/2023\/02\/DEVEHO-LOGO-Baseline-COLOR.png\",\"width\":2251,\"height\":585,\"caption\":\"Deveho Consulting Group\"},\"image\":{\"@id\":\"https:\/\/deveho.com\/#\/schema\/logo\/image\/\"},\"sameAs\":[\"https:\/\/www.facebook.com\/deveho\",\"https:\/\/x.com\/Deveho1\",\"https:\/\/www.linkedin.com\/company\/deveho-consulting\/\"]}]}<\/script>\n<!-- \/ Yoast SEO plugin. -->","yoast_head_json":{"title":"Finan\u010dn\u00fd mana\u017e\u00e9r - Deveho","robots":{"index":"index","follow":"follow","max-snippet":"max-snippet:-1","max-image-preview":"max-image-preview:large","max-video-preview":"max-video-preview:-1"},"canonical":"https:\/\/deveho.com\/sk\/profily\/financny-manazer\/","og_locale":"sk_SK","og_type":"article","og_title":"Finan\u010dn\u00fd mana\u017e\u00e9r - Deveho","og_description":"Efekt\u00edvne syst\u00e9my finan\u010dn\u00e9ho riadenia zlep\u0161uj\u00fa v\u00fdkonnos\u0165 podniku v\u00fdberom SAGE X3.","og_url":"https:\/\/deveho.com\/sk\/profily\/financny-manazer\/","og_site_name":"Deveho","article_publisher":"https:\/\/www.facebook.com\/deveho","article_modified_time":"2025-12-23T13:37:09+00:00","twitter_card":"summary_large_image","twitter_site":"@Deveho1","twitter_misc":{"Predpokladan\u00fd \u010das \u010d\u00edtania":"1 min\u00fata"},"schema":{"@context":"https:\/\/schema.org","@graph":[{"@type":"WebPage","@id":"https:\/\/deveho.com\/sk\/profily\/financny-manazer\/","url":"https:\/\/deveho.com\/sk\/profily\/financny-manazer\/","name":"Finan\u010dn\u00fd mana\u017e\u00e9r - Deveho","isPartOf":{"@id":"https:\/\/deveho.com\/#website"},"datePublished":"2022-02-07T13:34:53+00:00","dateModified":"2025-12-23T13:37:09+00:00","breadcrumb":{"@id":"https:\/\/deveho.com\/sk\/profily\/financny-manazer\/#breadcrumb"},"inLanguage":"sk-SK","potentialAction":[{"@type":"ReadAction","target":["https:\/\/deveho.com\/sk\/profily\/financny-manazer\/"]}]},{"@type":"BreadcrumbList","@id":"https:\/\/deveho.com\/sk\/profily\/financny-manazer\/#breadcrumb","itemListElement":[{"@type":"ListItem","position":1,"name":"Home","item":"https:\/\/deveho.com\/sk\/"},{"@type":"ListItem","position":2,"name":"Profily","item":"https:\/\/deveho.com\/sk\/profily\/"},{"@type":"ListItem","position":3,"name":"Finan\u010dn\u00fd mana\u017e\u00e9r"}]},{"@type":"WebSite","@id":"https:\/\/deveho.com\/#website","url":"https:\/\/deveho.com\/","name":"Deveho Consulting Group","description":"Let\u2019s boost your growth","publisher":{"@id":"https:\/\/deveho.com\/#organization"},"potentialAction":[{"@type":"SearchAction","target":{"@type":"EntryPoint","urlTemplate":"https:\/\/deveho.com\/?s={search_term_string}"},"query-input":{"@type":"PropertyValueSpecification","valueRequired":true,"valueName":"search_term_string"}}],"inLanguage":"sk-SK"},{"@type":"Organization","@id":"https:\/\/deveho.com\/#organization","name":"Deveho Consulting Group","url":"https:\/\/deveho.com\/","logo":{"@type":"ImageObject","inLanguage":"sk-SK","@id":"https:\/\/deveho.com\/#\/schema\/logo\/image\/","url":"https:\/\/deveho.com\/wp-content\/uploads\/2023\/02\/DEVEHO-LOGO-Baseline-COLOR.png","contentUrl":"https:\/\/deveho.com\/wp-content\/uploads\/2023\/02\/DEVEHO-LOGO-Baseline-COLOR.png","width":2251,"height":585,"caption":"Deveho Consulting Group"},"image":{"@id":"https:\/\/deveho.com\/#\/schema\/logo\/image\/"},"sameAs":["https:\/\/www.facebook.com\/deveho","https:\/\/x.com\/Deveho1","https:\/\/www.linkedin.com\/company\/deveho-consulting\/"]}]}},"_links":{"self":[{"href":"https:\/\/deveho.com\/sk\/wp-json\/wp\/v2\/pages\/8944"}],"collection":[{"href":"https:\/\/deveho.com\/sk\/wp-json\/wp\/v2\/pages"}],"about":[{"href":"https:\/\/deveho.com\/sk\/wp-json\/wp\/v2\/types\/page"}],"author":[{"embeddable":true,"href":"https:\/\/deveho.com\/sk\/wp-json\/wp\/v2\/users\/6"}],"replies":[{"embeddable":true,"href":"https:\/\/deveho.com\/sk\/wp-json\/wp\/v2\/comments?post=8944"}],"version-history":[{"count":3,"href":"https:\/\/deveho.com\/sk\/wp-json\/wp\/v2\/pages\/8944\/revisions"}],"predecessor-version":[{"id":44945,"href":"https:\/\/deveho.com\/sk\/wp-json\/wp\/v2\/pages\/8944\/revisions\/44945"}],"up":[{"embeddable":true,"href":"https:\/\/deveho.com\/sk\/wp-json\/wp\/v2\/pages\/10289"}],"wp:attachment":[{"href":"https:\/\/deveho.com\/sk\/wp-json\/wp\/v2\/media?parent=8944"}],"curies":[{"name":"wp","href":"https:\/\/api.w.org\/{rel}","templated":true}]}}