{"id":9124,"date":"2022-02-22T11:43:31","date_gmt":"2022-02-22T11:43:31","guid":{"rendered":"https:\/\/deveho2.sfdbeta.be\/profesionalne-sluzby\/"},"modified":"2025-12-11T11:57:08","modified_gmt":"2025-12-11T09:57:08","slug":"profesionalne-sluzby","status":"publish","type":"page","link":"https:\/\/deveho.com\/sk\/sektory\/profesionalne-sluzby\/","title":{"rendered":"Profesion\u00e1lne slu\u017eby"},"content":{"rendered":"<br \/>\n<h3>Va\u0161e <b><red>v\u00fdhody<\/b><\/red>   <\/h3>\n<p><p>Sage X3 sl\u00fa\u017ei na zjednodu\u0161enie riadenia servisn\u00fdch aktiv\u00edt a na d\u00f4kladn\u00e9 monitorovanie prev\u00e1dzkov\u00fdch, obchodn\u00fdch a finan\u010dn\u00fdch aspektov projektov. Vo v\u0161eobecnosti sa Sage X3 d\u00e1 pou\u017ei\u0165 na riadenie cel\u00e9ho \u017eivotn\u00e9ho cyklu projektu (cenov\u00e1 ponuka, spustenie, alok\u00e1cia, monitorovanie, pravideln\u00e1 anal\u00fdza, faktur\u00e1cia a \u00fa\u010dtovn\u00edctvo) a na r\u00fdchlu reakciu na zmeny na trhu, \u010do v\u00e1m umo\u017e\u0148uje s\u00fastredi\u0165 sa na kvalitu z\u00e1kazn\u00edckej sk\u00fasenosti.<\/p>\n<\/p>\n<p>R\u00fdchlej\u0161ie odpovedajte na ot\u00e1zky z\u00e1kazn\u00edkov s presn\u00fdmi inform\u00e1ciami o kalkul\u00e1cii projektu a cen\u00e1ch.<\/p>\n<p>Sledujte \u010das a v\u00fddavky vynalo\u017een\u00e9 prostredn\u00edctvom mobiln\u00fdch zariaden\u00ed, aby ste z\u00edskali preh\u013ead o vykonan\u00fdch \u00faloh\u00e1ch v re\u00e1lnom \u010dase.<\/p>\n<p>Zlep\u0161ite \u00fa\u010dtovn\u00e9 procesy prostredn\u00edctvom automatizovan\u00e9ho vytv\u00e1rania fakt\u00far od z\u00e1kazn\u00edkov, \u00fa\u010dtovania v\u00fdnosov a \u00faprav rozpo\u010dtu.<\/p>\n<p>Zv\u00fd\u0161te obchodn\u00fa agilitu a flexibilitu<\/p>\n<p>Zabezpe\u010dte svoje slu\u017eby do bud\u00facnosti<\/p>\n<p>Zlep\u0161ite cash flow vo svojom podnikan\u00ed v oblasti slu\u017eieb<\/p>\n<h2><b>Sage X3<\/b> <b><red>vlastnosti<\/b><\/red><\/h2>\n<h3><\/h3>\n<p><p>Viacer\u00e9 \u0161abl\u00f3ny projektov<\/p>\n<\/p>\n<h3><\/h3>\n<p><p>Cel\u00fd \u017eivotn\u00fd cyklus projektov\u00e9ho mana\u017ementu<\/p>\n<\/p>\n<h3><\/h3>\n<p><p>Automatick\u00fd v\u00fdpo\u010det odpor\u00fa\u010danej ceny<\/p>\n<\/p>\n<h3><\/h3>\n<p><p>Progn\u00f3za rozpo\u010dtu na \u00falohu a na projekt<\/p>\n<\/p>\n<h3><\/h3>\n<p><p>Z\u00e1znam v\u0161etk\u00fdch rev\u00edzi\u00ed a \u00faprav projektu<\/p>\n<\/p>\n<h3><\/h3>\n<p><p>Viacer\u00e9 sp\u00f4soby faktur\u00e1cie<\/p>\n<\/p>\n<h2><\/h2>\n<h3>S\u00favisiace str\u00e1nky<\/h3>\n<\/p>\n<h3><\/h3>\n<\/p>\n<h3><\/h3><\/p>\n","protected":false},"excerpt":{"rendered":"<p>Va\u0161e v\u00fdhody Sage X3 sl\u00fa\u017ei na zjednodu\u0161enie riadenia servisn\u00fdch aktiv\u00edt a na d\u00f4kladn\u00e9 monitorovanie prev\u00e1dzkov\u00fdch, obchodn\u00fdch a finan\u010dn\u00fdch aspektov projektov. Vo v\u0161eobecnosti sa Sage X3 d\u00e1 pou\u017ei\u0165 na riadenie cel\u00e9ho \u017eivotn\u00e9ho cyklu projektu (cenov\u00e1 ponuka, spustenie, alok\u00e1cia, monitorovanie, pravideln\u00e1 anal\u00fdza, faktur\u00e1cia a \u00fa\u010dtovn\u00edctvo) a na r\u00fdchlu reakciu na zmeny na trhu, \u010do v\u00e1m umo\u017e\u0148uje s\u00fastredi\u0165 [&hellip;]<\/p>\n","protected":false},"author":3,"featured_media":0,"parent":10209,"menu_order":0,"comment_status":"closed","ping_status":"closed","template":"templates\/template-inner.php","meta":{"_acf_changed":false,"footnotes":""},"class_list":["post-9124","page","type-page","status-publish","hentry"],"acf":[],"yoast_head":"<!-- This site is optimized with the Yoast SEO plugin v23.5 - https:\/\/yoast.com\/wordpress\/plugins\/seo\/ -->\n<title>Profesion\u00e1lne slu\u017eby - Deveho<\/title>\n<meta name=\"robots\" content=\"index, follow, max-snippet:-1, max-image-preview:large, max-video-preview:-1\" \/>\n<link rel=\"canonical\" href=\"https:\/\/deveho.com\/sk\/sektory\/profesionalne-sluzby\/\" \/>\n<meta property=\"og:locale\" content=\"sk_SK\" \/>\n<meta property=\"og:type\" content=\"article\" \/>\n<meta property=\"og:title\" content=\"Profesion\u00e1lne slu\u017eby - Deveho\" \/>\n<meta property=\"og:description\" content=\"Va\u0161e v\u00fdhody Sage X3 sl\u00fa\u017ei na zjednodu\u0161enie riadenia servisn\u00fdch aktiv\u00edt a na d\u00f4kladn\u00e9 monitorovanie prev\u00e1dzkov\u00fdch, obchodn\u00fdch a finan\u010dn\u00fdch aspektov projektov. Vo v\u0161eobecnosti sa Sage X3 d\u00e1 pou\u017ei\u0165 na riadenie cel\u00e9ho \u017eivotn\u00e9ho cyklu projektu (cenov\u00e1 ponuka, spustenie, alok\u00e1cia, monitorovanie, pravideln\u00e1 anal\u00fdza, faktur\u00e1cia a \u00fa\u010dtovn\u00edctvo) a na r\u00fdchlu reakciu na zmeny na trhu, \u010do v\u00e1m umo\u017e\u0148uje s\u00fastredi\u0165 [&hellip;]\" \/>\n<meta property=\"og:url\" content=\"https:\/\/deveho.com\/sk\/sektory\/profesionalne-sluzby\/\" \/>\n<meta property=\"og:site_name\" content=\"Deveho\" \/>\n<meta property=\"article:publisher\" content=\"https:\/\/www.facebook.com\/deveho\" \/>\n<meta property=\"article:modified_time\" content=\"2025-12-11T09:57:08+00:00\" \/>\n<meta name=\"twitter:card\" content=\"summary_large_image\" \/>\n<meta name=\"twitter:site\" content=\"@Deveho1\" \/>\n<meta name=\"twitter:label1\" content=\"Predpokladan\u00fd \u010das \u010d\u00edtania\" \/>\n\t<meta name=\"twitter:data1\" content=\"1 min\u00fata\" \/>\n<script type=\"application\/ld+json\" class=\"yoast-schema-graph\">{\"@context\":\"https:\/\/schema.org\",\"@graph\":[{\"@type\":\"WebPage\",\"@id\":\"https:\/\/deveho.com\/sk\/sektory\/profesionalne-sluzby\/\",\"url\":\"https:\/\/deveho.com\/sk\/sektory\/profesionalne-sluzby\/\",\"name\":\"Profesion\u00e1lne slu\u017eby - Deveho\",\"isPartOf\":{\"@id\":\"https:\/\/deveho.com\/#website\"},\"datePublished\":\"2022-02-22T11:43:31+00:00\",\"dateModified\":\"2025-12-11T09:57:08+00:00\",\"breadcrumb\":{\"@id\":\"https:\/\/deveho.com\/sk\/sektory\/profesionalne-sluzby\/#breadcrumb\"},\"inLanguage\":\"sk-SK\",\"potentialAction\":[{\"@type\":\"ReadAction\",\"target\":[\"https:\/\/deveho.com\/sk\/sektory\/profesionalne-sluzby\/\"]}]},{\"@type\":\"BreadcrumbList\",\"@id\":\"https:\/\/deveho.com\/sk\/sektory\/profesionalne-sluzby\/#breadcrumb\",\"itemListElement\":[{\"@type\":\"ListItem\",\"position\":1,\"name\":\"Home\",\"item\":\"https:\/\/deveho.com\/sk\/\"},{\"@type\":\"ListItem\",\"position\":2,\"name\":\"Sektory\",\"item\":\"https:\/\/deveho.com\/sk\/sektory\/\"},{\"@type\":\"ListItem\",\"position\":3,\"name\":\"Profesion\u00e1lne slu\u017eby\"}]},{\"@type\":\"WebSite\",\"@id\":\"https:\/\/deveho.com\/#website\",\"url\":\"https:\/\/deveho.com\/\",\"name\":\"Deveho Consulting Group\",\"description\":\"Let\u2019s boost your growth\",\"publisher\":{\"@id\":\"https:\/\/deveho.com\/#organization\"},\"potentialAction\":[{\"@type\":\"SearchAction\",\"target\":{\"@type\":\"EntryPoint\",\"urlTemplate\":\"https:\/\/deveho.com\/?s={search_term_string}\"},\"query-input\":{\"@type\":\"PropertyValueSpecification\",\"valueRequired\":true,\"valueName\":\"search_term_string\"}}],\"inLanguage\":\"sk-SK\"},{\"@type\":\"Organization\",\"@id\":\"https:\/\/deveho.com\/#organization\",\"name\":\"Deveho Consulting Group\",\"url\":\"https:\/\/deveho.com\/\",\"logo\":{\"@type\":\"ImageObject\",\"inLanguage\":\"sk-SK\",\"@id\":\"https:\/\/deveho.com\/#\/schema\/logo\/image\/\",\"url\":\"https:\/\/deveho.com\/wp-content\/uploads\/2023\/02\/DEVEHO-LOGO-Baseline-COLOR.png\",\"contentUrl\":\"https:\/\/deveho.com\/wp-content\/uploads\/2023\/02\/DEVEHO-LOGO-Baseline-COLOR.png\",\"width\":2251,\"height\":585,\"caption\":\"Deveho Consulting Group\"},\"image\":{\"@id\":\"https:\/\/deveho.com\/#\/schema\/logo\/image\/\"},\"sameAs\":[\"https:\/\/www.facebook.com\/deveho\",\"https:\/\/x.com\/Deveho1\",\"https:\/\/www.linkedin.com\/company\/deveho-consulting\/\"]}]}<\/script>\n<!-- \/ Yoast SEO plugin. -->","yoast_head_json":{"title":"Profesion\u00e1lne slu\u017eby - Deveho","robots":{"index":"index","follow":"follow","max-snippet":"max-snippet:-1","max-image-preview":"max-image-preview:large","max-video-preview":"max-video-preview:-1"},"canonical":"https:\/\/deveho.com\/sk\/sektory\/profesionalne-sluzby\/","og_locale":"sk_SK","og_type":"article","og_title":"Profesion\u00e1lne slu\u017eby - Deveho","og_description":"Va\u0161e v\u00fdhody Sage X3 sl\u00fa\u017ei na zjednodu\u0161enie riadenia servisn\u00fdch aktiv\u00edt a na d\u00f4kladn\u00e9 monitorovanie prev\u00e1dzkov\u00fdch, obchodn\u00fdch a finan\u010dn\u00fdch aspektov projektov. Vo v\u0161eobecnosti sa Sage X3 d\u00e1 pou\u017ei\u0165 na riadenie cel\u00e9ho \u017eivotn\u00e9ho cyklu projektu (cenov\u00e1 ponuka, spustenie, alok\u00e1cia, monitorovanie, pravideln\u00e1 anal\u00fdza, faktur\u00e1cia a \u00fa\u010dtovn\u00edctvo) a na r\u00fdchlu reakciu na zmeny na trhu, \u010do v\u00e1m umo\u017e\u0148uje s\u00fastredi\u0165 [&hellip;]","og_url":"https:\/\/deveho.com\/sk\/sektory\/profesionalne-sluzby\/","og_site_name":"Deveho","article_publisher":"https:\/\/www.facebook.com\/deveho","article_modified_time":"2025-12-11T09:57:08+00:00","twitter_card":"summary_large_image","twitter_site":"@Deveho1","twitter_misc":{"Predpokladan\u00fd \u010das \u010d\u00edtania":"1 min\u00fata"},"schema":{"@context":"https:\/\/schema.org","@graph":[{"@type":"WebPage","@id":"https:\/\/deveho.com\/sk\/sektory\/profesionalne-sluzby\/","url":"https:\/\/deveho.com\/sk\/sektory\/profesionalne-sluzby\/","name":"Profesion\u00e1lne slu\u017eby - Deveho","isPartOf":{"@id":"https:\/\/deveho.com\/#website"},"datePublished":"2022-02-22T11:43:31+00:00","dateModified":"2025-12-11T09:57:08+00:00","breadcrumb":{"@id":"https:\/\/deveho.com\/sk\/sektory\/profesionalne-sluzby\/#breadcrumb"},"inLanguage":"sk-SK","potentialAction":[{"@type":"ReadAction","target":["https:\/\/deveho.com\/sk\/sektory\/profesionalne-sluzby\/"]}]},{"@type":"BreadcrumbList","@id":"https:\/\/deveho.com\/sk\/sektory\/profesionalne-sluzby\/#breadcrumb","itemListElement":[{"@type":"ListItem","position":1,"name":"Home","item":"https:\/\/deveho.com\/sk\/"},{"@type":"ListItem","position":2,"name":"Sektory","item":"https:\/\/deveho.com\/sk\/sektory\/"},{"@type":"ListItem","position":3,"name":"Profesion\u00e1lne slu\u017eby"}]},{"@type":"WebSite","@id":"https:\/\/deveho.com\/#website","url":"https:\/\/deveho.com\/","name":"Deveho Consulting Group","description":"Let\u2019s boost your growth","publisher":{"@id":"https:\/\/deveho.com\/#organization"},"potentialAction":[{"@type":"SearchAction","target":{"@type":"EntryPoint","urlTemplate":"https:\/\/deveho.com\/?s={search_term_string}"},"query-input":{"@type":"PropertyValueSpecification","valueRequired":true,"valueName":"search_term_string"}}],"inLanguage":"sk-SK"},{"@type":"Organization","@id":"https:\/\/deveho.com\/#organization","name":"Deveho Consulting Group","url":"https:\/\/deveho.com\/","logo":{"@type":"ImageObject","inLanguage":"sk-SK","@id":"https:\/\/deveho.com\/#\/schema\/logo\/image\/","url":"https:\/\/deveho.com\/wp-content\/uploads\/2023\/02\/DEVEHO-LOGO-Baseline-COLOR.png","contentUrl":"https:\/\/deveho.com\/wp-content\/uploads\/2023\/02\/DEVEHO-LOGO-Baseline-COLOR.png","width":2251,"height":585,"caption":"Deveho Consulting Group"},"image":{"@id":"https:\/\/deveho.com\/#\/schema\/logo\/image\/"},"sameAs":["https:\/\/www.facebook.com\/deveho","https:\/\/x.com\/Deveho1","https:\/\/www.linkedin.com\/company\/deveho-consulting\/"]}]}},"_links":{"self":[{"href":"https:\/\/deveho.com\/sk\/wp-json\/wp\/v2\/pages\/9124"}],"collection":[{"href":"https:\/\/deveho.com\/sk\/wp-json\/wp\/v2\/pages"}],"about":[{"href":"https:\/\/deveho.com\/sk\/wp-json\/wp\/v2\/types\/page"}],"author":[{"embeddable":true,"href":"https:\/\/deveho.com\/sk\/wp-json\/wp\/v2\/users\/3"}],"replies":[{"embeddable":true,"href":"https:\/\/deveho.com\/sk\/wp-json\/wp\/v2\/comments?post=9124"}],"version-history":[{"count":2,"href":"https:\/\/deveho.com\/sk\/wp-json\/wp\/v2\/pages\/9124\/revisions"}],"predecessor-version":[{"id":44557,"href":"https:\/\/deveho.com\/sk\/wp-json\/wp\/v2\/pages\/9124\/revisions\/44557"}],"up":[{"embeddable":true,"href":"https:\/\/deveho.com\/sk\/wp-json\/wp\/v2\/pages\/10209"}],"wp:attachment":[{"href":"https:\/\/deveho.com\/sk\/wp-json\/wp\/v2\/media?parent=9124"}],"curies":[{"name":"wp","href":"https:\/\/api.w.org\/{rel}","templated":true}]}}