{"id":9194,"date":"2022-02-23T10:52:57","date_gmt":"2022-02-23T10:52:57","guid":{"rendered":"https:\/\/deveho2.sfdbeta.be\/potraviny-napoje\/"},"modified":"2025-01-27T14:59:18","modified_gmt":"2025-01-27T12:59:18","slug":"potraviny-napoje","status":"publish","type":"page","link":"https:\/\/deveho.com\/sk\/sektory\/potraviny-napoje\/","title":{"rendered":"Potraviny &amp; N\u00e1poje"},"content":{"rendered":"<br \/>\n<h2>Sage X3 pre spolo\u010dnosti zaoberaj\u00face sa v\u00fdrobou potrav\u00edn a n\u00e1pojov<\/h2>\n<p>Sage X3 je ur\u010den\u00fd pre potravin\u00e1rsky a n\u00e1pojov\u00fd priemysel. Sage X3 sa zameriava na minimaliz\u00e1ciu odpadu a zni\u017eovanie rizika pri s\u00fa\u010dasnom zabezpe\u010den\u00ed kvality, sledovate\u013enosti a bezpe\u010dnosti va\u0161ich materi\u00e1lov.<\/p>\n<\/p>\n<h3>Va\u0161e <b><red>v\u00fdhody<\/red><\/b> <\/h3>\n<p><p>Sage X3 je vyladen\u00fd tak, aby vyhovoval va\u0161im \u0161pecifick\u00fdm po\u017eiadavk\u00e1m v odvetv\u00ed, poskytuje pokro\u010dil\u00e9 funkcie, ktor\u00e9 potrebujete, aby ste zostali konkurencieschopn\u00ed tv\u00e1rou v tv\u00e1r t\u00fdmto n\u00e1ro\u010dn\u00fdm v\u00fdzvam.<\/p>\n<p>&#8211; Oper\u00e1cie<br \/>\n&#8211; Z\u00e1sobovac\u00ed re\u0165azec<br \/>\n&#8211; Sklad a z\u00e1soby<br \/>\n&#8211; Financie a \u00fa\u010dtovn\u00edctvo<br \/>\n&#8211; Predaj a marketing<br \/>\n&#8211; Z\u00e1kazn\u00edcky servis<\/p>\n<\/p>\n<p>Dosiahnu\u0165 s\u00falad a z\u00e1rove\u0148 riadi\u0165 n\u00e1klady<\/p>\n<p>Pripravte sa na mo\u017en\u00e9 vr\u00e1tenia<\/p>\n<p>U\u0161etrite \u010das (a peniaze!) a z\u00e1rove\u0148 zachovajte s\u00falad<\/p>\n<p>Z\u00edskajte lep\u0161\u00ed preh\u013ead o oper\u00e1ci\u00e1ch vo svojom obchode s potravinami a n\u00e1pojmi<\/p>\n<p>Kontrolujte n\u00e1klady a zni\u017eujte mno\u017estvo odpadu<\/p>\n<p>Vzbu\u010fte d\u00f4veru spotrebite\u013eov pomocou sledovate\u013enosti<\/p>\n<p>Minimalizujte odpad, aby ste zn\u00ed\u017eili n\u00e1klady a rizik\u00e1<\/p>\n<p>Ur\u00fdchli\u0165 s\u00falad s predpismi<\/p>\n<h2>Sage X3 vlastnosti<\/h2>\n<h3><\/h3>\n<p><p>PREV\u00c1DZKY<\/p>\n<p>Vyu\u017eite rie\u0161enia pre bezpe\u010dnos\u0165 potrav\u00edn, sledovate\u013enos\u0165, riadenie stiahnutia z trhu, hl\u00e1senie alerg\u00e9nov a \u010fal\u0161ie.<\/p>\n<\/p>\n<h3><\/h3>\n<p><p>Z\u00c1SOBOVAC\u00cd RE\u0164AZEC<\/p>\n<p>Spravujte, spolupracujte a zabezpe\u010dte s\u00falad vo svojej pr\u00e1ci s va\u0161imi medzin\u00e1rodn\u00fdmi dod\u00e1vate\u013emi.<\/p>\n<\/p>\n<h3><\/h3>\n<p><p>SKLAD A Z\u00c1SOBY<\/p>\n<p>Spravujte sledovanie z\u00e1sob potrav\u00edn a ziskovos\u0165 produktov, zn\u00ed\u017ete straty tovaru podliehaj\u00faceho skaze.<\/p>\n<\/p>\n<h3><\/h3>\n<p><p>\u00da\u010cTOVN\u00cdCTVO A FINANCIE<\/p>\n<p>Spravujte pe\u0148a\u017en\u00fd tok, dodr\u017eiavanie predpisov, ziskovos\u0165, dlhodob\u00fd majetok a \u00fa\u010dtovn\u00e9 postupy.<\/p>\n<\/p>\n<h3><\/h3>\n<p><p>PREDAJ A MARKETING<\/p>\n<p>Spojte CRM so silou mobiln\u00fdch aplik\u00e1ci\u00ed, aby ste uvo\u013enili potenci\u00e1l svojich predajn\u00fdch a marketingov\u00fdch aktiv\u00edt.<\/p>\n<\/p>\n<h3><\/h3>\n<p><p>Z\u00c1KAZN\u00cdCKY SERVIS<\/p>\n<p>Z\u00edskajte r\u00fdchly pr\u00edstup k \u00fadajom a mo\u017enos\u0165 spravova\u0165 po\u017eiadavky z\u00e1kazn\u00edkov.<\/p>\n<\/p>\n<h2><\/h2>\n<h3>S\u00favisiace str\u00e1nky<\/h3>\n<\/p>\n<h3><\/h3>\n<\/p>\n<h3><\/h3><\/p>\n","protected":false},"excerpt":{"rendered":"<p>Sage X3 pre spolo\u010dnosti zaoberaj\u00face sa v\u00fdrobou potrav\u00edn a n\u00e1pojov Sage X3 je ur\u010den\u00fd pre potravin\u00e1rsky a n\u00e1pojov\u00fd priemysel. Sage X3 sa zameriava na minimaliz\u00e1ciu odpadu a zni\u017eovanie rizika pri s\u00fa\u010dasnom zabezpe\u010den\u00ed kvality, sledovate\u013enosti a bezpe\u010dnosti va\u0161ich materi\u00e1lov. Va\u0161e v\u00fdhody Sage X3 je vyladen\u00fd tak, aby vyhovoval va\u0161im \u0161pecifick\u00fdm po\u017eiadavk\u00e1m v odvetv\u00ed, poskytuje pokro\u010dil\u00e9 funkcie, [&hellip;]<\/p>\n","protected":false},"author":3,"featured_media":0,"parent":10209,"menu_order":0,"comment_status":"closed","ping_status":"closed","template":"templates\/template-inner.php","meta":{"_acf_changed":false,"footnotes":""},"class_list":["post-9194","page","type-page","status-publish","hentry"],"acf":[],"yoast_head":"<!-- This site is optimized with the Yoast SEO plugin v23.5 - https:\/\/yoast.com\/wordpress\/plugins\/seo\/ -->\n<title>Potraviny &amp; N\u00e1poje - Deveho<\/title>\n<meta name=\"robots\" content=\"index, follow, max-snippet:-1, max-image-preview:large, max-video-preview:-1\" \/>\n<link rel=\"canonical\" href=\"https:\/\/deveho.com\/sk\/sektory\/potraviny-napoje\/\" \/>\n<meta property=\"og:locale\" content=\"sk_SK\" \/>\n<meta property=\"og:type\" content=\"article\" \/>\n<meta property=\"og:title\" content=\"Potraviny &amp; N\u00e1poje - Deveho\" \/>\n<meta property=\"og:description\" content=\"Sage X3 pre spolo\u010dnosti zaoberaj\u00face sa v\u00fdrobou potrav\u00edn a n\u00e1pojov Sage X3 je ur\u010den\u00fd pre potravin\u00e1rsky a n\u00e1pojov\u00fd priemysel. Sage X3 sa zameriava na minimaliz\u00e1ciu odpadu a zni\u017eovanie rizika pri s\u00fa\u010dasnom zabezpe\u010den\u00ed kvality, sledovate\u013enosti a bezpe\u010dnosti va\u0161ich materi\u00e1lov. Va\u0161e v\u00fdhody Sage X3 je vyladen\u00fd tak, aby vyhovoval va\u0161im \u0161pecifick\u00fdm po\u017eiadavk\u00e1m v odvetv\u00ed, poskytuje pokro\u010dil\u00e9 funkcie, [&hellip;]\" \/>\n<meta property=\"og:url\" content=\"https:\/\/deveho.com\/sk\/sektory\/potraviny-napoje\/\" \/>\n<meta property=\"og:site_name\" content=\"Deveho\" \/>\n<meta property=\"article:publisher\" content=\"https:\/\/www.facebook.com\/deveho\" \/>\n<meta property=\"article:modified_time\" content=\"2025-01-27T12:59:18+00:00\" \/>\n<meta name=\"twitter:card\" content=\"summary_large_image\" \/>\n<meta name=\"twitter:site\" content=\"@Deveho1\" \/>\n<meta name=\"twitter:label1\" content=\"Predpokladan\u00fd \u010das \u010d\u00edtania\" \/>\n\t<meta name=\"twitter:data1\" content=\"1 min\u00fata\" \/>\n<script type=\"application\/ld+json\" class=\"yoast-schema-graph\">{\"@context\":\"https:\/\/schema.org\",\"@graph\":[{\"@type\":\"WebPage\",\"@id\":\"https:\/\/deveho.com\/sk\/sektory\/potraviny-napoje\/\",\"url\":\"https:\/\/deveho.com\/sk\/sektory\/potraviny-napoje\/\",\"name\":\"Potraviny &amp; N\u00e1poje - Deveho\",\"isPartOf\":{\"@id\":\"https:\/\/deveho.com\/#website\"},\"datePublished\":\"2022-02-23T10:52:57+00:00\",\"dateModified\":\"2025-01-27T12:59:18+00:00\",\"breadcrumb\":{\"@id\":\"https:\/\/deveho.com\/sk\/sektory\/potraviny-napoje\/#breadcrumb\"},\"inLanguage\":\"sk-SK\",\"potentialAction\":[{\"@type\":\"ReadAction\",\"target\":[\"https:\/\/deveho.com\/sk\/sektory\/potraviny-napoje\/\"]}]},{\"@type\":\"BreadcrumbList\",\"@id\":\"https:\/\/deveho.com\/sk\/sektory\/potraviny-napoje\/#breadcrumb\",\"itemListElement\":[{\"@type\":\"ListItem\",\"position\":1,\"name\":\"Home\",\"item\":\"https:\/\/deveho.com\/sk\/\"},{\"@type\":\"ListItem\",\"position\":2,\"name\":\"Sektory\",\"item\":\"https:\/\/deveho.com\/sk\/sektory\/\"},{\"@type\":\"ListItem\",\"position\":3,\"name\":\"Potraviny &amp; N\u00e1poje\"}]},{\"@type\":\"WebSite\",\"@id\":\"https:\/\/deveho.com\/#website\",\"url\":\"https:\/\/deveho.com\/\",\"name\":\"Deveho Consulting Group\",\"description\":\"Let\u2019s boost your growth\",\"publisher\":{\"@id\":\"https:\/\/deveho.com\/#organization\"},\"potentialAction\":[{\"@type\":\"SearchAction\",\"target\":{\"@type\":\"EntryPoint\",\"urlTemplate\":\"https:\/\/deveho.com\/?s={search_term_string}\"},\"query-input\":{\"@type\":\"PropertyValueSpecification\",\"valueRequired\":true,\"valueName\":\"search_term_string\"}}],\"inLanguage\":\"sk-SK\"},{\"@type\":\"Organization\",\"@id\":\"https:\/\/deveho.com\/#organization\",\"name\":\"Deveho Consulting Group\",\"url\":\"https:\/\/deveho.com\/\",\"logo\":{\"@type\":\"ImageObject\",\"inLanguage\":\"sk-SK\",\"@id\":\"https:\/\/deveho.com\/#\/schema\/logo\/image\/\",\"url\":\"https:\/\/deveho.com\/wp-content\/uploads\/2023\/02\/DEVEHO-LOGO-Baseline-COLOR.png\",\"contentUrl\":\"https:\/\/deveho.com\/wp-content\/uploads\/2023\/02\/DEVEHO-LOGO-Baseline-COLOR.png\",\"width\":2251,\"height\":585,\"caption\":\"Deveho Consulting Group\"},\"image\":{\"@id\":\"https:\/\/deveho.com\/#\/schema\/logo\/image\/\"},\"sameAs\":[\"https:\/\/www.facebook.com\/deveho\",\"https:\/\/x.com\/Deveho1\",\"https:\/\/www.linkedin.com\/company\/deveho-consulting\/\"]}]}<\/script>\n<!-- \/ Yoast SEO plugin. -->","yoast_head_json":{"title":"Potraviny &amp; N\u00e1poje - Deveho","robots":{"index":"index","follow":"follow","max-snippet":"max-snippet:-1","max-image-preview":"max-image-preview:large","max-video-preview":"max-video-preview:-1"},"canonical":"https:\/\/deveho.com\/sk\/sektory\/potraviny-napoje\/","og_locale":"sk_SK","og_type":"article","og_title":"Potraviny &amp; N\u00e1poje - Deveho","og_description":"Sage X3 pre spolo\u010dnosti zaoberaj\u00face sa v\u00fdrobou potrav\u00edn a n\u00e1pojov Sage X3 je ur\u010den\u00fd pre potravin\u00e1rsky a n\u00e1pojov\u00fd priemysel. Sage X3 sa zameriava na minimaliz\u00e1ciu odpadu a zni\u017eovanie rizika pri s\u00fa\u010dasnom zabezpe\u010den\u00ed kvality, sledovate\u013enosti a bezpe\u010dnosti va\u0161ich materi\u00e1lov. Va\u0161e v\u00fdhody Sage X3 je vyladen\u00fd tak, aby vyhovoval va\u0161im \u0161pecifick\u00fdm po\u017eiadavk\u00e1m v odvetv\u00ed, poskytuje pokro\u010dil\u00e9 funkcie, [&hellip;]","og_url":"https:\/\/deveho.com\/sk\/sektory\/potraviny-napoje\/","og_site_name":"Deveho","article_publisher":"https:\/\/www.facebook.com\/deveho","article_modified_time":"2025-01-27T12:59:18+00:00","twitter_card":"summary_large_image","twitter_site":"@Deveho1","twitter_misc":{"Predpokladan\u00fd \u010das \u010d\u00edtania":"1 min\u00fata"},"schema":{"@context":"https:\/\/schema.org","@graph":[{"@type":"WebPage","@id":"https:\/\/deveho.com\/sk\/sektory\/potraviny-napoje\/","url":"https:\/\/deveho.com\/sk\/sektory\/potraviny-napoje\/","name":"Potraviny &amp; N\u00e1poje - Deveho","isPartOf":{"@id":"https:\/\/deveho.com\/#website"},"datePublished":"2022-02-23T10:52:57+00:00","dateModified":"2025-01-27T12:59:18+00:00","breadcrumb":{"@id":"https:\/\/deveho.com\/sk\/sektory\/potraviny-napoje\/#breadcrumb"},"inLanguage":"sk-SK","potentialAction":[{"@type":"ReadAction","target":["https:\/\/deveho.com\/sk\/sektory\/potraviny-napoje\/"]}]},{"@type":"BreadcrumbList","@id":"https:\/\/deveho.com\/sk\/sektory\/potraviny-napoje\/#breadcrumb","itemListElement":[{"@type":"ListItem","position":1,"name":"Home","item":"https:\/\/deveho.com\/sk\/"},{"@type":"ListItem","position":2,"name":"Sektory","item":"https:\/\/deveho.com\/sk\/sektory\/"},{"@type":"ListItem","position":3,"name":"Potraviny &amp; N\u00e1poje"}]},{"@type":"WebSite","@id":"https:\/\/deveho.com\/#website","url":"https:\/\/deveho.com\/","name":"Deveho Consulting Group","description":"Let\u2019s boost your growth","publisher":{"@id":"https:\/\/deveho.com\/#organization"},"potentialAction":[{"@type":"SearchAction","target":{"@type":"EntryPoint","urlTemplate":"https:\/\/deveho.com\/?s={search_term_string}"},"query-input":{"@type":"PropertyValueSpecification","valueRequired":true,"valueName":"search_term_string"}}],"inLanguage":"sk-SK"},{"@type":"Organization","@id":"https:\/\/deveho.com\/#organization","name":"Deveho Consulting Group","url":"https:\/\/deveho.com\/","logo":{"@type":"ImageObject","inLanguage":"sk-SK","@id":"https:\/\/deveho.com\/#\/schema\/logo\/image\/","url":"https:\/\/deveho.com\/wp-content\/uploads\/2023\/02\/DEVEHO-LOGO-Baseline-COLOR.png","contentUrl":"https:\/\/deveho.com\/wp-content\/uploads\/2023\/02\/DEVEHO-LOGO-Baseline-COLOR.png","width":2251,"height":585,"caption":"Deveho Consulting Group"},"image":{"@id":"https:\/\/deveho.com\/#\/schema\/logo\/image\/"},"sameAs":["https:\/\/www.facebook.com\/deveho","https:\/\/x.com\/Deveho1","https:\/\/www.linkedin.com\/company\/deveho-consulting\/"]}]}},"_links":{"self":[{"href":"https:\/\/deveho.com\/sk\/wp-json\/wp\/v2\/pages\/9194"}],"collection":[{"href":"https:\/\/deveho.com\/sk\/wp-json\/wp\/v2\/pages"}],"about":[{"href":"https:\/\/deveho.com\/sk\/wp-json\/wp\/v2\/types\/page"}],"author":[{"embeddable":true,"href":"https:\/\/deveho.com\/sk\/wp-json\/wp\/v2\/users\/3"}],"replies":[{"embeddable":true,"href":"https:\/\/deveho.com\/sk\/wp-json\/wp\/v2\/comments?post=9194"}],"version-history":[{"count":3,"href":"https:\/\/deveho.com\/sk\/wp-json\/wp\/v2\/pages\/9194\/revisions"}],"predecessor-version":[{"id":37124,"href":"https:\/\/deveho.com\/sk\/wp-json\/wp\/v2\/pages\/9194\/revisions\/37124"}],"up":[{"embeddable":true,"href":"https:\/\/deveho.com\/sk\/wp-json\/wp\/v2\/pages\/10209"}],"wp:attachment":[{"href":"https:\/\/deveho.com\/sk\/wp-json\/wp\/v2\/media?parent=9194"}],"curies":[{"name":"wp","href":"https:\/\/api.w.org\/{rel}","templated":true}]}}