{"id":9253,"date":"2022-02-24T09:36:37","date_gmt":"2022-02-24T09:36:37","guid":{"rendered":"https:\/\/deveho2.sfdbeta.be\/distribucia\/"},"modified":"2023-01-06T15:38:28","modified_gmt":"2023-01-06T13:38:28","slug":"distribucia","status":"publish","type":"page","link":"https:\/\/deveho.com\/sk\/sektory\/distribucia\/","title":{"rendered":"Distrib\u00facia"},"content":{"rendered":"<br \/>\n<h2>Sage X3 pre distrib\u00faciu<\/h2>\n<p>Pre v\u00e1\u0161 distribu\u010dn\u00fd podnik idea &#8222;jedna ve\u013ekos\u0165 sa hod\u00ed v\u00e4\u010d\u0161ine&#8220; jednoducho nebude sta\u010di\u0165. Pozrite sa, ako m\u00f4\u017eete transformova\u0165 sledovanie distrib\u00facie a doru\u010dovanie pomocou Sage X3. <\/p>\n<\/p>\n<h2><\/h2>\n<h3><\/h3>\n<h3>Od n\u00e1kupu a skladovania a\u017e po predaj a financie, Sage X3 v\u00e1m d\u00e1va preh\u013ead a kontrolu, ktor\u00fa potrebujete na r\u00fdchlej\u0161ie prev\u00e1dzkovanie distribu\u010dn\u00e9ho podnikania doma aj v zahrani\u010d\u00ed. Presne odhadnite n\u00e1klady a mar\u017ee a z\u00e1rove\u0148 zlep\u0161ite mobilitu svojich predajcov.<\/h3>\n<\/p>\n<h2><b>Sage X3<\/b> <b><red>vlastnosti<\/b><\/red><\/h2>\n<h3><\/h3>\n<p><p>Plne integrovan\u00e9 distribu\u010dn\u00e9 funkcie<\/p>\n<\/p>\n<h3><\/h3>\n<p><p>Glob\u00e1lne obstar\u00e1vanie, import a export a riadenie z\u00e1sob<\/p>\n<\/p>\n<h3><\/h3>\n<p><p>Monitorovanie rokovan\u00ed s dod\u00e1vate\u013emi s cie\u013eom zabezpe\u010di\u0165 kvalitu a s\u00falad<\/p>\n<\/p>\n<h3><\/h3>\n<p><p>Monitorovanie a optimaliz\u00e1cia z\u00e1sob v re\u00e1lnom \u010dase<\/p>\n<\/p>\n<h3><\/h3>\n<p><p>Nat\u00edvne mobiln\u00e9 aplik\u00e1cie na predaj a n\u00e1kup<\/p>\n<\/p>\n<h3>Va\u0161e <b><red>v\u00fdhody<\/b><\/red>   <\/h3>\n<p><p>Teraz m\u00f4\u017eete z\u00edska\u0165 lep\u0161\u00ed preh\u013ead o n\u00e1kladoch a mar\u017eiach a z\u00e1rove\u0148 umo\u017eni\u0165 mobiln\u00fd predaj. Je nemo\u017en\u00e9 zefekt\u00edvni\u0165 va\u0161e oper\u00e1cie, ke\u010f s\u00fa va\u0161e procesy ERP, CRM a dod\u00e1vate\u013esk\u00e9ho re\u0165azca za\u0165a\u017een\u00e9.<\/p>\n<p>&#8211; Maloobchod<br \/>\n&#8211; Transport and logistika<br \/>\n&#8211; Ve\u013ekoobchod<br \/>\n&#8211; V\u00fdroba komponentov<\/p>\n<\/p>\n<p>Optimalizujte svoje logistick\u00e9 procesy<\/p>\n<p>Sp\u013a\u0148ajte po\u017eiadavky z\u00e1kazn\u00edkov<\/p>\n<p>Zn\u00ed\u017ete n\u00e1klady a dodacie lehoty<\/p>\n<p>Zlep\u0161ite ziskovos\u0165 produktov<\/p>\n<p>Zefekt\u00edvnite svoj logistick\u00fd re\u0165azec<\/p>\n<p>Zlep\u0161ite spokojnos\u0165 z\u00e1kazn\u00edkov<\/p>\n<p>Zv\u00fd\u0161te predaj<\/p>\n<p>Zv\u00fd\u0161te lojalitu z\u00e1kazn\u00edkov<\/p>\n<p>Pridajte hodnotu prostredn\u00edctvom spolupr\u00e1ce<\/p>\n<p>Zjednodu\u0161i\u0165 rozhodovanie<\/p>\n<h2><\/h2>\n<h3>S\u00favisiace Str\u00e1nky<\/h3>\n<\/p>\n<h3><\/h3>\n<\/p>\n<h3><\/h3><\/p>\n","protected":false},"excerpt":{"rendered":"<p>Od obstar\u00e1vania cez skladovanie a\u017e po predaj a financie, Sage X3 poskytuje preh\u013ead a kontrolu, ktor\u00fa potrebujete na r\u00fdchlej\u0161ie riadenie svojho distribu\u010dn\u00e9ho podniku, \u010di u\u017e p\u00f4sob\u00edte doma alebo v zahrani\u010d\u00ed. <\/p>\n","protected":false},"author":6,"featured_media":0,"parent":10209,"menu_order":0,"comment_status":"closed","ping_status":"closed","template":"templates\/template-inner.php","meta":{"_acf_changed":false,"footnotes":""},"class_list":["post-9253","page","type-page","status-publish","hentry"],"acf":[],"yoast_head":"<!-- This site is optimized with the Yoast SEO plugin v23.5 - https:\/\/yoast.com\/wordpress\/plugins\/seo\/ -->\n<title>Distrib\u00facia - Deveho<\/title>\n<meta name=\"robots\" content=\"index, follow, max-snippet:-1, max-image-preview:large, max-video-preview:-1\" \/>\n<link rel=\"canonical\" href=\"https:\/\/deveho.com\/sk\/sektory\/distribucia\/\" \/>\n<meta property=\"og:locale\" content=\"sk_SK\" \/>\n<meta property=\"og:type\" content=\"article\" \/>\n<meta property=\"og:title\" content=\"Distrib\u00facia - Deveho\" \/>\n<meta property=\"og:description\" content=\"Od obstar\u00e1vania cez skladovanie a\u017e po predaj a financie, Sage X3 poskytuje preh\u013ead a kontrolu, ktor\u00fa potrebujete na r\u00fdchlej\u0161ie riadenie svojho distribu\u010dn\u00e9ho podniku, \u010di u\u017e p\u00f4sob\u00edte doma alebo v zahrani\u010d\u00ed.\" \/>\n<meta property=\"og:url\" content=\"https:\/\/deveho.com\/sk\/sektory\/distribucia\/\" \/>\n<meta property=\"og:site_name\" content=\"Deveho\" \/>\n<meta property=\"article:publisher\" content=\"https:\/\/www.facebook.com\/deveho\" \/>\n<meta property=\"article:modified_time\" content=\"2023-01-06T13:38:28+00:00\" \/>\n<meta name=\"twitter:card\" content=\"summary_large_image\" \/>\n<meta name=\"twitter:site\" content=\"@Deveho1\" \/>\n<meta name=\"twitter:label1\" content=\"Predpokladan\u00fd \u010das \u010d\u00edtania\" \/>\n\t<meta name=\"twitter:data1\" content=\"1 min\u00fata\" \/>\n<script type=\"application\/ld+json\" class=\"yoast-schema-graph\">{\"@context\":\"https:\/\/schema.org\",\"@graph\":[{\"@type\":\"WebPage\",\"@id\":\"https:\/\/deveho.com\/sk\/sektory\/distribucia\/\",\"url\":\"https:\/\/deveho.com\/sk\/sektory\/distribucia\/\",\"name\":\"Distrib\u00facia - Deveho\",\"isPartOf\":{\"@id\":\"https:\/\/deveho.com\/#website\"},\"datePublished\":\"2022-02-24T09:36:37+00:00\",\"dateModified\":\"2023-01-06T13:38:28+00:00\",\"breadcrumb\":{\"@id\":\"https:\/\/deveho.com\/sk\/sektory\/distribucia\/#breadcrumb\"},\"inLanguage\":\"sk-SK\",\"potentialAction\":[{\"@type\":\"ReadAction\",\"target\":[\"https:\/\/deveho.com\/sk\/sektory\/distribucia\/\"]}]},{\"@type\":\"BreadcrumbList\",\"@id\":\"https:\/\/deveho.com\/sk\/sektory\/distribucia\/#breadcrumb\",\"itemListElement\":[{\"@type\":\"ListItem\",\"position\":1,\"name\":\"Home\",\"item\":\"https:\/\/deveho.com\/sk\/\"},{\"@type\":\"ListItem\",\"position\":2,\"name\":\"Sektory\",\"item\":\"https:\/\/deveho.com\/sk\/sektory\/\"},{\"@type\":\"ListItem\",\"position\":3,\"name\":\"Distrib\u00facia\"}]},{\"@type\":\"WebSite\",\"@id\":\"https:\/\/deveho.com\/#website\",\"url\":\"https:\/\/deveho.com\/\",\"name\":\"Deveho Consulting Group\",\"description\":\"Let\u2019s boost your growth\",\"publisher\":{\"@id\":\"https:\/\/deveho.com\/#organization\"},\"potentialAction\":[{\"@type\":\"SearchAction\",\"target\":{\"@type\":\"EntryPoint\",\"urlTemplate\":\"https:\/\/deveho.com\/?s={search_term_string}\"},\"query-input\":{\"@type\":\"PropertyValueSpecification\",\"valueRequired\":true,\"valueName\":\"search_term_string\"}}],\"inLanguage\":\"sk-SK\"},{\"@type\":\"Organization\",\"@id\":\"https:\/\/deveho.com\/#organization\",\"name\":\"Deveho Consulting Group\",\"url\":\"https:\/\/deveho.com\/\",\"logo\":{\"@type\":\"ImageObject\",\"inLanguage\":\"sk-SK\",\"@id\":\"https:\/\/deveho.com\/#\/schema\/logo\/image\/\",\"url\":\"https:\/\/deveho.com\/wp-content\/uploads\/2023\/02\/DEVEHO-LOGO-Baseline-COLOR.png\",\"contentUrl\":\"https:\/\/deveho.com\/wp-content\/uploads\/2023\/02\/DEVEHO-LOGO-Baseline-COLOR.png\",\"width\":2251,\"height\":585,\"caption\":\"Deveho Consulting Group\"},\"image\":{\"@id\":\"https:\/\/deveho.com\/#\/schema\/logo\/image\/\"},\"sameAs\":[\"https:\/\/www.facebook.com\/deveho\",\"https:\/\/x.com\/Deveho1\",\"https:\/\/www.linkedin.com\/company\/deveho-consulting\/\"]}]}<\/script>\n<!-- \/ Yoast SEO plugin. -->","yoast_head_json":{"title":"Distrib\u00facia - Deveho","robots":{"index":"index","follow":"follow","max-snippet":"max-snippet:-1","max-image-preview":"max-image-preview:large","max-video-preview":"max-video-preview:-1"},"canonical":"https:\/\/deveho.com\/sk\/sektory\/distribucia\/","og_locale":"sk_SK","og_type":"article","og_title":"Distrib\u00facia - Deveho","og_description":"Od obstar\u00e1vania cez skladovanie a\u017e po predaj a financie, Sage X3 poskytuje preh\u013ead a kontrolu, ktor\u00fa potrebujete na r\u00fdchlej\u0161ie riadenie svojho distribu\u010dn\u00e9ho podniku, \u010di u\u017e p\u00f4sob\u00edte doma alebo v zahrani\u010d\u00ed.","og_url":"https:\/\/deveho.com\/sk\/sektory\/distribucia\/","og_site_name":"Deveho","article_publisher":"https:\/\/www.facebook.com\/deveho","article_modified_time":"2023-01-06T13:38:28+00:00","twitter_card":"summary_large_image","twitter_site":"@Deveho1","twitter_misc":{"Predpokladan\u00fd \u010das \u010d\u00edtania":"1 min\u00fata"},"schema":{"@context":"https:\/\/schema.org","@graph":[{"@type":"WebPage","@id":"https:\/\/deveho.com\/sk\/sektory\/distribucia\/","url":"https:\/\/deveho.com\/sk\/sektory\/distribucia\/","name":"Distrib\u00facia - Deveho","isPartOf":{"@id":"https:\/\/deveho.com\/#website"},"datePublished":"2022-02-24T09:36:37+00:00","dateModified":"2023-01-06T13:38:28+00:00","breadcrumb":{"@id":"https:\/\/deveho.com\/sk\/sektory\/distribucia\/#breadcrumb"},"inLanguage":"sk-SK","potentialAction":[{"@type":"ReadAction","target":["https:\/\/deveho.com\/sk\/sektory\/distribucia\/"]}]},{"@type":"BreadcrumbList","@id":"https:\/\/deveho.com\/sk\/sektory\/distribucia\/#breadcrumb","itemListElement":[{"@type":"ListItem","position":1,"name":"Home","item":"https:\/\/deveho.com\/sk\/"},{"@type":"ListItem","position":2,"name":"Sektory","item":"https:\/\/deveho.com\/sk\/sektory\/"},{"@type":"ListItem","position":3,"name":"Distrib\u00facia"}]},{"@type":"WebSite","@id":"https:\/\/deveho.com\/#website","url":"https:\/\/deveho.com\/","name":"Deveho Consulting Group","description":"Let\u2019s boost your growth","publisher":{"@id":"https:\/\/deveho.com\/#organization"},"potentialAction":[{"@type":"SearchAction","target":{"@type":"EntryPoint","urlTemplate":"https:\/\/deveho.com\/?s={search_term_string}"},"query-input":{"@type":"PropertyValueSpecification","valueRequired":true,"valueName":"search_term_string"}}],"inLanguage":"sk-SK"},{"@type":"Organization","@id":"https:\/\/deveho.com\/#organization","name":"Deveho Consulting Group","url":"https:\/\/deveho.com\/","logo":{"@type":"ImageObject","inLanguage":"sk-SK","@id":"https:\/\/deveho.com\/#\/schema\/logo\/image\/","url":"https:\/\/deveho.com\/wp-content\/uploads\/2023\/02\/DEVEHO-LOGO-Baseline-COLOR.png","contentUrl":"https:\/\/deveho.com\/wp-content\/uploads\/2023\/02\/DEVEHO-LOGO-Baseline-COLOR.png","width":2251,"height":585,"caption":"Deveho Consulting Group"},"image":{"@id":"https:\/\/deveho.com\/#\/schema\/logo\/image\/"},"sameAs":["https:\/\/www.facebook.com\/deveho","https:\/\/x.com\/Deveho1","https:\/\/www.linkedin.com\/company\/deveho-consulting\/"]}]}},"_links":{"self":[{"href":"https:\/\/deveho.com\/sk\/wp-json\/wp\/v2\/pages\/9253"}],"collection":[{"href":"https:\/\/deveho.com\/sk\/wp-json\/wp\/v2\/pages"}],"about":[{"href":"https:\/\/deveho.com\/sk\/wp-json\/wp\/v2\/types\/page"}],"author":[{"embeddable":true,"href":"https:\/\/deveho.com\/sk\/wp-json\/wp\/v2\/users\/6"}],"replies":[{"embeddable":true,"href":"https:\/\/deveho.com\/sk\/wp-json\/wp\/v2\/comments?post=9253"}],"version-history":[{"count":0,"href":"https:\/\/deveho.com\/sk\/wp-json\/wp\/v2\/pages\/9253\/revisions"}],"up":[{"embeddable":true,"href":"https:\/\/deveho.com\/sk\/wp-json\/wp\/v2\/pages\/10209"}],"wp:attachment":[{"href":"https:\/\/deveho.com\/sk\/wp-json\/wp\/v2\/media?parent=9253"}],"curies":[{"name":"wp","href":"https:\/\/api.w.org\/{rel}","templated":true}]}}