{"id":9305,"date":"2022-02-28T12:58:27","date_gmt":"2022-02-28T12:58:27","guid":{"rendered":"https:\/\/deveho2.sfdbeta.be\/chemikalie-a-farmaceuticky-priemysel\/"},"modified":"2025-12-11T11:50:48","modified_gmt":"2025-12-11T09:50:48","slug":"chemikalie-a-farmaceuticky-priemysel","status":"publish","type":"page","link":"https:\/\/deveho.com\/sk\/sektory\/chemikalie-a-farmaceuticky-priemysel\/","title":{"rendered":"Chemick\u00fd a farmaceutick\u00fd priemysel"},"content":{"rendered":"<br \/>\n<h2>Sage X3 pre chemick\u00fd priemysel<\/h2>\n<p>Sage X3 poskytuje integrovan\u00e9 funkcie, ako je kontrola kvality, dodr\u017eiavanie predpisov a sledovanie \u0161ar\u017e\u00ed, ktor\u00e9 pom\u00e1haj\u00fa podnikom v chemickom priemysle udr\u017ea\u0165 si zisky a prisp\u00f4sobi\u0165 sa neistej bud\u00facnosti.<\/p>\n<\/p>\n<h3>Va\u0161e <b><red>v\u00fdhody<\/b><\/red>   <\/h3>\n<p><p>Sage X3 je rie\u0161enie podnikov\u00e9ho riadenia novej gener\u00e1cie navrhnut\u00e9 \u0161peci\u00e1lne pre potreby v\u00fdrobcov chemik\u00e1li\u00ed. Sp\u00e1ja v\u0161etky d\u00f4le\u017eit\u00e9 \u00fadaje a zni\u017euje neefekt\u00edvnos\u0165 prev\u00e1dzky diskr\u00e9tnych laborat\u00f3rnych, dod\u00e1vate\u013esk\u00fdch, v\u00fdrobn\u00fdch a finan\u010dn\u00fdch syst\u00e9mov.<br \/>\nSage X3 poskytuje integrovan\u00e9 funkcie, ako je kontrola kvality, dodr\u017eiavanie predpisov a sledovanie \u0161ar\u017e\u00ed, ktor\u00e9 pom\u00e1haj\u00fa podnikom v chemickom priemysle udr\u017ea\u0165 si zisky a prisp\u00f4sobi\u0165 sa neistej bud\u00facnosti.<\/p>\n<p>&#8211; Optimaliz\u00e1cia dod\u00e1vok<br \/>\n&#8211; Neomyln\u00e9 dodr\u017eiavanie predpisov na v\u0161etk\u00fdch \u00farovniach<br \/>\n&#8211; Pr\u00edstup k \u00fadajom kedyko\u013evek a odkia\u013eko\u013evek<br \/>\n&#8211; Konzistentnos\u0165 produktov a procesov<\/p>\n<\/p>\n<p>Optimaliz\u00e1cia dod\u00e1vok<\/p>\n<p>Konzistentnos\u0165 v\u00fdrobkov a procesov<\/p>\n<p>\u00dapln\u00fd glob\u00e1lny s\u00falad<\/p>\n<p>Zv\u00fd\u0161en\u00e1 schopnos\u0165 reagova\u0165<\/p>\n<p>Zn\u00ed\u017eenie rizika<\/p>\n<p>Zn\u00ed\u017ete svoje n\u00e1klady a odpad<\/p>\n<p>Pr\u00edstup odkia\u013eko\u013evek a kedyko\u013evek <\/p>\n<h2><b>Sage X3<\/b> <b><red>vlastnosti<\/b><\/red><\/h2>\n<h3><\/h3>\n<p><p><strong>Optimaliz\u00e1cia z\u00e1sobovania<\/strong><\/p>\n<p>R\u00fdchlej\u0161ie reagujte na r\u00f4znorod\u00e9 po\u017eiadavky z\u00e1kazn\u00edkov a lep\u0161ie zvl\u00e1dnite nepredv\u00eddan\u00e9 udalosti v oblasti n\u00e1kupu, v\u00fdroby a prepravy.<\/p>\n<\/p>\n<h3><\/h3>\n<p><p><strong>Konzistentnos\u0165 produktov a procesov<\/strong><\/p>\n<p>Uistite sa, \u017ee technol\u00f3gia je v\u017edy v slu\u017eb\u00e1ch kvality, bezpe\u010dnosti a \u00fa\u010dinnosti va\u0161ich v\u00fdrobkov a z\u00e1rove\u0148 v\u00e1m poskytuje flexibilitu, aby ste mohli vyu\u017ei\u0165 ka\u017ed\u00fa pr\u00edle\u017eitos\u0165.<\/p>\n<\/p>\n<h3><\/h3>\n<p><p><strong>Neomyln\u00e9 dodr\u017eiavanie predpisov na v\u0161etk\u00fdch \u00farovniach<\/strong><\/p>\n<p>Overte, \u010di syst\u00e9m \u00fa\u010dinne zah\u0155\u0148a sple\u0165 medzin\u00e1rodn\u00fdch z\u00e1konov a predpisov s cie\u013eom zjednodu\u0161i\u0165 ich dodr\u017eiavanie bez oh\u013eadu na meny, regi\u00f3ny a normy.<\/p>\n<\/p>\n<h3><\/h3>\n<p><p><strong>Pr\u00edstup k \u00fadajom kedyko\u013evek a odkia\u013eko\u013evek<\/strong><\/p>\n<p>Vyberte si rie\u0161enie, ktor\u00e9 sa r\u00fdchlo nasadzuje a \u013eahko spravuje a ktor\u00e9 v\u00e1m u\u013eah\u010d\u00ed \u010dinnosti spr\u00e1vy v\u010faka webov\u00e9mu rozhraniu dostupn\u00e9mu z ak\u00e9hoko\u013evek pripojen\u00e9ho zariadenia.<\/p>\n<\/p>\n<h2><\/h2>\n<h3>S\u00favisiace str\u00e1nky<\/h3>\n<\/p>\n<h3><\/h3>\n<\/p>\n<h3><\/h3><\/p>\n","protected":false},"excerpt":{"rendered":"<p>Vedenie chemick\u00e9ho podniku m\u00f4\u017ee by\u0165 zlo\u017eit\u00e9. Glob\u00e1lny harmonizovan\u00fd syst\u00e9m (GHS), ot\u00e1zky s\u00favisiace s prepravou a prepravou, bezpe\u010dnos\u0165 na pracovisku a \u010fal\u0161ie aspekty s\u00fa v\u00fdzvami, s ktor\u00fdmi sa treba denne vyrovn\u00e1va\u0165. Aby ste odolali konkuren\u010dn\u00e9mu tlaku a optimalizovali svoje najcennej\u0161ie zdroje, potrebujete rie\u0161enie, ktor\u00e9 radik\u00e1lne zjednodu\u0161\u00ed va\u0161e oper\u00e1cie namiesto prid\u00e1vania zlo\u017eitej\u0161\u00edch syst\u00e9mov a nepru\u017en\u00fdch procesov.<\/p>\n","protected":false},"author":3,"featured_media":0,"parent":10209,"menu_order":0,"comment_status":"closed","ping_status":"closed","template":"templates\/template-inner.php","meta":{"_acf_changed":false,"footnotes":""},"class_list":["post-9305","page","type-page","status-publish","hentry"],"acf":[],"yoast_head":"<!-- This site is optimized with the Yoast SEO plugin v23.5 - https:\/\/yoast.com\/wordpress\/plugins\/seo\/ -->\n<title>Chemick\u00fd a farmaceutick\u00fd priemysel - Deveho<\/title>\n<meta name=\"robots\" content=\"index, follow, max-snippet:-1, max-image-preview:large, max-video-preview:-1\" \/>\n<link rel=\"canonical\" href=\"https:\/\/deveho.com\/sk\/sektory\/chemikalie-a-farmaceuticky-priemysel\/\" \/>\n<meta property=\"og:locale\" content=\"sk_SK\" \/>\n<meta property=\"og:type\" content=\"article\" \/>\n<meta property=\"og:title\" content=\"Chemick\u00fd a farmaceutick\u00fd priemysel - Deveho\" \/>\n<meta property=\"og:description\" content=\"Vedenie chemick\u00e9ho podniku m\u00f4\u017ee by\u0165 zlo\u017eit\u00e9. Glob\u00e1lny harmonizovan\u00fd syst\u00e9m (GHS), ot\u00e1zky s\u00favisiace s prepravou a prepravou, bezpe\u010dnos\u0165 na pracovisku a \u010fal\u0161ie aspekty s\u00fa v\u00fdzvami, s ktor\u00fdmi sa treba denne vyrovn\u00e1va\u0165. Aby ste odolali konkuren\u010dn\u00e9mu tlaku a optimalizovali svoje najcennej\u0161ie zdroje, potrebujete rie\u0161enie, ktor\u00e9 radik\u00e1lne zjednodu\u0161\u00ed va\u0161e oper\u00e1cie namiesto prid\u00e1vania zlo\u017eitej\u0161\u00edch syst\u00e9mov a nepru\u017en\u00fdch procesov.\" \/>\n<meta property=\"og:url\" content=\"https:\/\/deveho.com\/sk\/sektory\/chemikalie-a-farmaceuticky-priemysel\/\" \/>\n<meta property=\"og:site_name\" content=\"Deveho\" \/>\n<meta property=\"article:publisher\" content=\"https:\/\/www.facebook.com\/deveho\" \/>\n<meta property=\"article:modified_time\" content=\"2025-12-11T09:50:48+00:00\" \/>\n<meta name=\"twitter:card\" content=\"summary_large_image\" \/>\n<meta name=\"twitter:site\" content=\"@Deveho1\" \/>\n<meta name=\"twitter:label1\" content=\"Predpokladan\u00fd \u010das \u010d\u00edtania\" \/>\n\t<meta name=\"twitter:data1\" content=\"2 min\u00faty\" \/>\n<script type=\"application\/ld+json\" class=\"yoast-schema-graph\">{\"@context\":\"https:\/\/schema.org\",\"@graph\":[{\"@type\":\"WebPage\",\"@id\":\"https:\/\/deveho.com\/sk\/sektory\/chemikalie-a-farmaceuticky-priemysel\/\",\"url\":\"https:\/\/deveho.com\/sk\/sektory\/chemikalie-a-farmaceuticky-priemysel\/\",\"name\":\"Chemick\u00fd a farmaceutick\u00fd priemysel - Deveho\",\"isPartOf\":{\"@id\":\"https:\/\/deveho.com\/#website\"},\"datePublished\":\"2022-02-28T12:58:27+00:00\",\"dateModified\":\"2025-12-11T09:50:48+00:00\",\"breadcrumb\":{\"@id\":\"https:\/\/deveho.com\/sk\/sektory\/chemikalie-a-farmaceuticky-priemysel\/#breadcrumb\"},\"inLanguage\":\"sk-SK\",\"potentialAction\":[{\"@type\":\"ReadAction\",\"target\":[\"https:\/\/deveho.com\/sk\/sektory\/chemikalie-a-farmaceuticky-priemysel\/\"]}]},{\"@type\":\"BreadcrumbList\",\"@id\":\"https:\/\/deveho.com\/sk\/sektory\/chemikalie-a-farmaceuticky-priemysel\/#breadcrumb\",\"itemListElement\":[{\"@type\":\"ListItem\",\"position\":1,\"name\":\"Home\",\"item\":\"https:\/\/deveho.com\/sk\/\"},{\"@type\":\"ListItem\",\"position\":2,\"name\":\"Sektory\",\"item\":\"https:\/\/deveho.com\/sk\/sektory\/\"},{\"@type\":\"ListItem\",\"position\":3,\"name\":\"Chemick\u00fd a farmaceutick\u00fd priemysel\"}]},{\"@type\":\"WebSite\",\"@id\":\"https:\/\/deveho.com\/#website\",\"url\":\"https:\/\/deveho.com\/\",\"name\":\"Deveho Consulting Group\",\"description\":\"Let\u2019s boost your growth\",\"publisher\":{\"@id\":\"https:\/\/deveho.com\/#organization\"},\"potentialAction\":[{\"@type\":\"SearchAction\",\"target\":{\"@type\":\"EntryPoint\",\"urlTemplate\":\"https:\/\/deveho.com\/?s={search_term_string}\"},\"query-input\":{\"@type\":\"PropertyValueSpecification\",\"valueRequired\":true,\"valueName\":\"search_term_string\"}}],\"inLanguage\":\"sk-SK\"},{\"@type\":\"Organization\",\"@id\":\"https:\/\/deveho.com\/#organization\",\"name\":\"Deveho Consulting Group\",\"url\":\"https:\/\/deveho.com\/\",\"logo\":{\"@type\":\"ImageObject\",\"inLanguage\":\"sk-SK\",\"@id\":\"https:\/\/deveho.com\/#\/schema\/logo\/image\/\",\"url\":\"https:\/\/deveho.com\/wp-content\/uploads\/2023\/02\/DEVEHO-LOGO-Baseline-COLOR.png\",\"contentUrl\":\"https:\/\/deveho.com\/wp-content\/uploads\/2023\/02\/DEVEHO-LOGO-Baseline-COLOR.png\",\"width\":2251,\"height\":585,\"caption\":\"Deveho Consulting Group\"},\"image\":{\"@id\":\"https:\/\/deveho.com\/#\/schema\/logo\/image\/\"},\"sameAs\":[\"https:\/\/www.facebook.com\/deveho\",\"https:\/\/x.com\/Deveho1\",\"https:\/\/www.linkedin.com\/company\/deveho-consulting\/\"]}]}<\/script>\n<!-- \/ Yoast SEO plugin. -->","yoast_head_json":{"title":"Chemick\u00fd a farmaceutick\u00fd priemysel - Deveho","robots":{"index":"index","follow":"follow","max-snippet":"max-snippet:-1","max-image-preview":"max-image-preview:large","max-video-preview":"max-video-preview:-1"},"canonical":"https:\/\/deveho.com\/sk\/sektory\/chemikalie-a-farmaceuticky-priemysel\/","og_locale":"sk_SK","og_type":"article","og_title":"Chemick\u00fd a farmaceutick\u00fd priemysel - Deveho","og_description":"Vedenie chemick\u00e9ho podniku m\u00f4\u017ee by\u0165 zlo\u017eit\u00e9. Glob\u00e1lny harmonizovan\u00fd syst\u00e9m (GHS), ot\u00e1zky s\u00favisiace s prepravou a prepravou, bezpe\u010dnos\u0165 na pracovisku a \u010fal\u0161ie aspekty s\u00fa v\u00fdzvami, s ktor\u00fdmi sa treba denne vyrovn\u00e1va\u0165. Aby ste odolali konkuren\u010dn\u00e9mu tlaku a optimalizovali svoje najcennej\u0161ie zdroje, potrebujete rie\u0161enie, ktor\u00e9 radik\u00e1lne zjednodu\u0161\u00ed va\u0161e oper\u00e1cie namiesto prid\u00e1vania zlo\u017eitej\u0161\u00edch syst\u00e9mov a nepru\u017en\u00fdch procesov.","og_url":"https:\/\/deveho.com\/sk\/sektory\/chemikalie-a-farmaceuticky-priemysel\/","og_site_name":"Deveho","article_publisher":"https:\/\/www.facebook.com\/deveho","article_modified_time":"2025-12-11T09:50:48+00:00","twitter_card":"summary_large_image","twitter_site":"@Deveho1","twitter_misc":{"Predpokladan\u00fd \u010das \u010d\u00edtania":"2 min\u00faty"},"schema":{"@context":"https:\/\/schema.org","@graph":[{"@type":"WebPage","@id":"https:\/\/deveho.com\/sk\/sektory\/chemikalie-a-farmaceuticky-priemysel\/","url":"https:\/\/deveho.com\/sk\/sektory\/chemikalie-a-farmaceuticky-priemysel\/","name":"Chemick\u00fd a farmaceutick\u00fd priemysel - Deveho","isPartOf":{"@id":"https:\/\/deveho.com\/#website"},"datePublished":"2022-02-28T12:58:27+00:00","dateModified":"2025-12-11T09:50:48+00:00","breadcrumb":{"@id":"https:\/\/deveho.com\/sk\/sektory\/chemikalie-a-farmaceuticky-priemysel\/#breadcrumb"},"inLanguage":"sk-SK","potentialAction":[{"@type":"ReadAction","target":["https:\/\/deveho.com\/sk\/sektory\/chemikalie-a-farmaceuticky-priemysel\/"]}]},{"@type":"BreadcrumbList","@id":"https:\/\/deveho.com\/sk\/sektory\/chemikalie-a-farmaceuticky-priemysel\/#breadcrumb","itemListElement":[{"@type":"ListItem","position":1,"name":"Home","item":"https:\/\/deveho.com\/sk\/"},{"@type":"ListItem","position":2,"name":"Sektory","item":"https:\/\/deveho.com\/sk\/sektory\/"},{"@type":"ListItem","position":3,"name":"Chemick\u00fd a farmaceutick\u00fd priemysel"}]},{"@type":"WebSite","@id":"https:\/\/deveho.com\/#website","url":"https:\/\/deveho.com\/","name":"Deveho Consulting Group","description":"Let\u2019s boost your growth","publisher":{"@id":"https:\/\/deveho.com\/#organization"},"potentialAction":[{"@type":"SearchAction","target":{"@type":"EntryPoint","urlTemplate":"https:\/\/deveho.com\/?s={search_term_string}"},"query-input":{"@type":"PropertyValueSpecification","valueRequired":true,"valueName":"search_term_string"}}],"inLanguage":"sk-SK"},{"@type":"Organization","@id":"https:\/\/deveho.com\/#organization","name":"Deveho Consulting Group","url":"https:\/\/deveho.com\/","logo":{"@type":"ImageObject","inLanguage":"sk-SK","@id":"https:\/\/deveho.com\/#\/schema\/logo\/image\/","url":"https:\/\/deveho.com\/wp-content\/uploads\/2023\/02\/DEVEHO-LOGO-Baseline-COLOR.png","contentUrl":"https:\/\/deveho.com\/wp-content\/uploads\/2023\/02\/DEVEHO-LOGO-Baseline-COLOR.png","width":2251,"height":585,"caption":"Deveho Consulting Group"},"image":{"@id":"https:\/\/deveho.com\/#\/schema\/logo\/image\/"},"sameAs":["https:\/\/www.facebook.com\/deveho","https:\/\/x.com\/Deveho1","https:\/\/www.linkedin.com\/company\/deveho-consulting\/"]}]}},"_links":{"self":[{"href":"https:\/\/deveho.com\/sk\/wp-json\/wp\/v2\/pages\/9305"}],"collection":[{"href":"https:\/\/deveho.com\/sk\/wp-json\/wp\/v2\/pages"}],"about":[{"href":"https:\/\/deveho.com\/sk\/wp-json\/wp\/v2\/types\/page"}],"author":[{"embeddable":true,"href":"https:\/\/deveho.com\/sk\/wp-json\/wp\/v2\/users\/3"}],"replies":[{"embeddable":true,"href":"https:\/\/deveho.com\/sk\/wp-json\/wp\/v2\/comments?post=9305"}],"version-history":[{"count":2,"href":"https:\/\/deveho.com\/sk\/wp-json\/wp\/v2\/pages\/9305\/revisions"}],"predecessor-version":[{"id":44555,"href":"https:\/\/deveho.com\/sk\/wp-json\/wp\/v2\/pages\/9305\/revisions\/44555"}],"up":[{"embeddable":true,"href":"https:\/\/deveho.com\/sk\/wp-json\/wp\/v2\/pages\/10209"}],"wp:attachment":[{"href":"https:\/\/deveho.com\/sk\/wp-json\/wp\/v2\/media?parent=9305"}],"curies":[{"name":"wp","href":"https:\/\/api.w.org\/{rel}","templated":true}]}}