{"id":9306,"date":"2022-02-28T12:59:37","date_gmt":"2022-02-28T12:59:37","guid":{"rendered":"https:\/\/deveho2.sfdbeta.be\/priemysel\/"},"modified":"2025-12-11T11:22:54","modified_gmt":"2025-12-11T09:22:54","slug":"priemysel","status":"publish","type":"page","link":"https:\/\/deveho.com\/sk\/sektory\/priemysel\/","title":{"rendered":"Priemysel"},"content":{"rendered":"<br \/>\n<h3>Va\u0161e <b><red>v\u00fdhody<\/b><\/red>   <\/h3>\n<p><p>Sage X3 riadi v\u0161etky va\u0161e \u010dinnosti (n\u00e1kup, skladovanie, predaj a finan\u010dn\u00e9 aspekty) r\u00fdchlej\u0161ie a efekt\u00edvnej\u0161ie a objas\u0148uje n\u00e1klady a mar\u017ee. V\u00fdsledkom je zefekt\u00edvnenie predajn\u00fdch procesov, zv\u00fd\u0161enie pr\u00edjmov, presnej\u0161\u00ed preh\u013ead o z\u00e1sob\u00e1ch a lep\u0161ie pl\u00e1novanie dopytu.<\/p>\n<p>&#8211; \u0160pi\u010dkov\u00e9 technol\u00f3gie<br \/>\n&#8211; Priemyseln\u00e9 zariadenia<br \/>\n&#8211; Zdravotn\u00edcke pr\u00edstroje<br \/>\n&#8211; V\u00fdroba kovov\u00fdch v\u00fdrobkov<\/p>\n<\/p>\n<p>R\u00fdchlej\u0161ie reakcie na meniace sa po\u017eiadavky z\u00e1kazn\u00edkov a lep\u0161ie zvl\u00e1danie v\u00fdkyvov.<\/p>\n<p>R\u00fdchle prisp\u00f4sobenie sa nov\u00fdm predpisom a po\u017eiadavk\u00e1m na dodr\u017eiavanie predpisov.<\/p>\n<p>Minimalizujte mno\u017estvo odpadu, riziko kr\u00ed\u017eovej kontamin\u00e1cie a n\u00e1klady sp\u00f4soben\u00e9 rozliat\u00edm.<\/p>\n<p>Zn\u00ed\u017ete riziko a rozsah vr\u00e1tenia tovaru t\u00fdm, \u017ee zaist\u00edte st\u00e1lu kvalitu a bezpe\u010dnos\u0165 svojich v\u00fdrobkov.<\/p>\n<h2><b>Sage X3<\/b> <b><red>vlastnosti<\/b><\/red><\/h2>\n<h3><\/h3>\n<p><p>Riadenie v\u00fdrobn\u00fdch procesov (d\u00e1vkov\u00e9\/kontinu\u00e1lne)<\/p>\n<\/p>\n<h3><\/h3>\n<p><p>Pl\u00e1novanie kapacitn\u00fdch po\u017eiadaviek (CRP) a hlavn\u00fd pl\u00e1n v\u00fdroby (MPS)<\/p>\n<\/p>\n<h3><\/h3>\n<p><p>Pl\u00e1novanie v\u00fdrobn\u00fdch procesov v zmie\u0161an\u00fdch re\u017eimoch<\/p>\n<\/p>\n<h3><\/h3>\n<p><p>Mana\u017ement vzorcov\/receptov a \u00fa\u010dinnosti<\/p>\n<\/p>\n<h3><\/h3>\n<p><p>Rozsiahla kontrola kvality a vysledovate\u013enos\u0165 \u0161ar\u017e\u00ed, \u010diastkov\u00fdch \u0161ar\u017e\u00ed, zlo\u017eiek a alerg\u00e9nov<\/p>\n<\/p>\n<h3><\/h3>\n<p><p>Pl\u00e1novanie dopredu\/dozadu na z\u00e1klade va\u0161ich prior\u00edt<\/p>\n<\/p>\n<h3><\/h3>\n<p><p>Stav z\u00e1sob, riadenie doby skladovania a sledovanie d\u00e1tumu spotreby na zabezpe\u010denie kvality v celom dod\u00e1vate\u013eskom re\u0165azci<\/p>\n<\/p>\n<h3><\/h3>\n<p><p>Dop\u013a\u0148anie z\u00e1sob a presuny medzi lokalitami<\/p>\n<\/p>\n<h2><\/h2>\n<h3>S\u00favisiace Str\u00e1nky<\/h3>\n<\/p>\n<h3><\/h3>\n<\/p>\n<h3><\/h3><\/p>\n","protected":false},"excerpt":{"rendered":"<p>Na \u010doraz glob\u00e1lnej\u0161om trhu s\u00fa hlavn\u00fdmi probl\u00e9mami distribu\u010dn\u00fdch spolo\u010dnost\u00ed z\u00edskavanie nov\u00fdch trhov, uspokojovanie z\u00e1kazn\u00edkov, poskytovanie vysokokvalitn\u00fdch produktov a slu\u017eieb a riadenie podniku spr\u00e1vnym smerom. <\/p>\n","protected":false},"author":3,"featured_media":0,"parent":10209,"menu_order":0,"comment_status":"closed","ping_status":"closed","template":"templates\/template-inner.php","meta":{"_acf_changed":false,"footnotes":""},"class_list":["post-9306","page","type-page","status-publish","hentry"],"acf":[],"yoast_head":"<!-- This site is optimized with the Yoast SEO plugin v23.5 - https:\/\/yoast.com\/wordpress\/plugins\/seo\/ -->\n<title>Priemysel - Deveho<\/title>\n<meta name=\"robots\" content=\"index, follow, max-snippet:-1, max-image-preview:large, max-video-preview:-1\" \/>\n<link rel=\"canonical\" href=\"https:\/\/deveho.com\/sk\/sektory\/priemysel\/\" \/>\n<meta property=\"og:locale\" content=\"sk_SK\" \/>\n<meta property=\"og:type\" content=\"article\" \/>\n<meta property=\"og:title\" content=\"Priemysel - Deveho\" \/>\n<meta property=\"og:description\" content=\"Na \u010doraz glob\u00e1lnej\u0161om trhu s\u00fa hlavn\u00fdmi probl\u00e9mami distribu\u010dn\u00fdch spolo\u010dnost\u00ed z\u00edskavanie nov\u00fdch trhov, uspokojovanie z\u00e1kazn\u00edkov, poskytovanie vysokokvalitn\u00fdch produktov a slu\u017eieb a riadenie podniku spr\u00e1vnym smerom.\" \/>\n<meta property=\"og:url\" content=\"https:\/\/deveho.com\/sk\/sektory\/priemysel\/\" \/>\n<meta property=\"og:site_name\" content=\"Deveho\" \/>\n<meta property=\"article:publisher\" content=\"https:\/\/www.facebook.com\/deveho\" \/>\n<meta property=\"article:modified_time\" content=\"2025-12-11T09:22:54+00:00\" \/>\n<meta name=\"twitter:card\" content=\"summary_large_image\" \/>\n<meta name=\"twitter:site\" content=\"@Deveho1\" \/>\n<meta name=\"twitter:label1\" content=\"Predpokladan\u00fd \u010das \u010d\u00edtania\" \/>\n\t<meta name=\"twitter:data1\" content=\"1 min\u00fata\" \/>\n<script type=\"application\/ld+json\" class=\"yoast-schema-graph\">{\"@context\":\"https:\/\/schema.org\",\"@graph\":[{\"@type\":\"WebPage\",\"@id\":\"https:\/\/deveho.com\/sk\/sektory\/priemysel\/\",\"url\":\"https:\/\/deveho.com\/sk\/sektory\/priemysel\/\",\"name\":\"Priemysel - Deveho\",\"isPartOf\":{\"@id\":\"https:\/\/deveho.com\/#website\"},\"datePublished\":\"2022-02-28T12:59:37+00:00\",\"dateModified\":\"2025-12-11T09:22:54+00:00\",\"breadcrumb\":{\"@id\":\"https:\/\/deveho.com\/sk\/sektory\/priemysel\/#breadcrumb\"},\"inLanguage\":\"sk-SK\",\"potentialAction\":[{\"@type\":\"ReadAction\",\"target\":[\"https:\/\/deveho.com\/sk\/sektory\/priemysel\/\"]}]},{\"@type\":\"BreadcrumbList\",\"@id\":\"https:\/\/deveho.com\/sk\/sektory\/priemysel\/#breadcrumb\",\"itemListElement\":[{\"@type\":\"ListItem\",\"position\":1,\"name\":\"Home\",\"item\":\"https:\/\/deveho.com\/sk\/\"},{\"@type\":\"ListItem\",\"position\":2,\"name\":\"Sektory\",\"item\":\"https:\/\/deveho.com\/sk\/sektory\/\"},{\"@type\":\"ListItem\",\"position\":3,\"name\":\"Priemysel\"}]},{\"@type\":\"WebSite\",\"@id\":\"https:\/\/deveho.com\/#website\",\"url\":\"https:\/\/deveho.com\/\",\"name\":\"Deveho Consulting Group\",\"description\":\"Let\u2019s boost your growth\",\"publisher\":{\"@id\":\"https:\/\/deveho.com\/#organization\"},\"potentialAction\":[{\"@type\":\"SearchAction\",\"target\":{\"@type\":\"EntryPoint\",\"urlTemplate\":\"https:\/\/deveho.com\/?s={search_term_string}\"},\"query-input\":{\"@type\":\"PropertyValueSpecification\",\"valueRequired\":true,\"valueName\":\"search_term_string\"}}],\"inLanguage\":\"sk-SK\"},{\"@type\":\"Organization\",\"@id\":\"https:\/\/deveho.com\/#organization\",\"name\":\"Deveho Consulting Group\",\"url\":\"https:\/\/deveho.com\/\",\"logo\":{\"@type\":\"ImageObject\",\"inLanguage\":\"sk-SK\",\"@id\":\"https:\/\/deveho.com\/#\/schema\/logo\/image\/\",\"url\":\"https:\/\/deveho.com\/wp-content\/uploads\/2023\/02\/DEVEHO-LOGO-Baseline-COLOR.png\",\"contentUrl\":\"https:\/\/deveho.com\/wp-content\/uploads\/2023\/02\/DEVEHO-LOGO-Baseline-COLOR.png\",\"width\":2251,\"height\":585,\"caption\":\"Deveho Consulting Group\"},\"image\":{\"@id\":\"https:\/\/deveho.com\/#\/schema\/logo\/image\/\"},\"sameAs\":[\"https:\/\/www.facebook.com\/deveho\",\"https:\/\/x.com\/Deveho1\",\"https:\/\/www.linkedin.com\/company\/deveho-consulting\/\"]}]}<\/script>\n<!-- \/ Yoast SEO plugin. -->","yoast_head_json":{"title":"Priemysel - Deveho","robots":{"index":"index","follow":"follow","max-snippet":"max-snippet:-1","max-image-preview":"max-image-preview:large","max-video-preview":"max-video-preview:-1"},"canonical":"https:\/\/deveho.com\/sk\/sektory\/priemysel\/","og_locale":"sk_SK","og_type":"article","og_title":"Priemysel - Deveho","og_description":"Na \u010doraz glob\u00e1lnej\u0161om trhu s\u00fa hlavn\u00fdmi probl\u00e9mami distribu\u010dn\u00fdch spolo\u010dnost\u00ed z\u00edskavanie nov\u00fdch trhov, uspokojovanie z\u00e1kazn\u00edkov, poskytovanie vysokokvalitn\u00fdch produktov a slu\u017eieb a riadenie podniku spr\u00e1vnym smerom.","og_url":"https:\/\/deveho.com\/sk\/sektory\/priemysel\/","og_site_name":"Deveho","article_publisher":"https:\/\/www.facebook.com\/deveho","article_modified_time":"2025-12-11T09:22:54+00:00","twitter_card":"summary_large_image","twitter_site":"@Deveho1","twitter_misc":{"Predpokladan\u00fd \u010das \u010d\u00edtania":"1 min\u00fata"},"schema":{"@context":"https:\/\/schema.org","@graph":[{"@type":"WebPage","@id":"https:\/\/deveho.com\/sk\/sektory\/priemysel\/","url":"https:\/\/deveho.com\/sk\/sektory\/priemysel\/","name":"Priemysel - Deveho","isPartOf":{"@id":"https:\/\/deveho.com\/#website"},"datePublished":"2022-02-28T12:59:37+00:00","dateModified":"2025-12-11T09:22:54+00:00","breadcrumb":{"@id":"https:\/\/deveho.com\/sk\/sektory\/priemysel\/#breadcrumb"},"inLanguage":"sk-SK","potentialAction":[{"@type":"ReadAction","target":["https:\/\/deveho.com\/sk\/sektory\/priemysel\/"]}]},{"@type":"BreadcrumbList","@id":"https:\/\/deveho.com\/sk\/sektory\/priemysel\/#breadcrumb","itemListElement":[{"@type":"ListItem","position":1,"name":"Home","item":"https:\/\/deveho.com\/sk\/"},{"@type":"ListItem","position":2,"name":"Sektory","item":"https:\/\/deveho.com\/sk\/sektory\/"},{"@type":"ListItem","position":3,"name":"Priemysel"}]},{"@type":"WebSite","@id":"https:\/\/deveho.com\/#website","url":"https:\/\/deveho.com\/","name":"Deveho Consulting Group","description":"Let\u2019s boost your growth","publisher":{"@id":"https:\/\/deveho.com\/#organization"},"potentialAction":[{"@type":"SearchAction","target":{"@type":"EntryPoint","urlTemplate":"https:\/\/deveho.com\/?s={search_term_string}"},"query-input":{"@type":"PropertyValueSpecification","valueRequired":true,"valueName":"search_term_string"}}],"inLanguage":"sk-SK"},{"@type":"Organization","@id":"https:\/\/deveho.com\/#organization","name":"Deveho Consulting Group","url":"https:\/\/deveho.com\/","logo":{"@type":"ImageObject","inLanguage":"sk-SK","@id":"https:\/\/deveho.com\/#\/schema\/logo\/image\/","url":"https:\/\/deveho.com\/wp-content\/uploads\/2023\/02\/DEVEHO-LOGO-Baseline-COLOR.png","contentUrl":"https:\/\/deveho.com\/wp-content\/uploads\/2023\/02\/DEVEHO-LOGO-Baseline-COLOR.png","width":2251,"height":585,"caption":"Deveho Consulting Group"},"image":{"@id":"https:\/\/deveho.com\/#\/schema\/logo\/image\/"},"sameAs":["https:\/\/www.facebook.com\/deveho","https:\/\/x.com\/Deveho1","https:\/\/www.linkedin.com\/company\/deveho-consulting\/"]}]}},"_links":{"self":[{"href":"https:\/\/deveho.com\/sk\/wp-json\/wp\/v2\/pages\/9306"}],"collection":[{"href":"https:\/\/deveho.com\/sk\/wp-json\/wp\/v2\/pages"}],"about":[{"href":"https:\/\/deveho.com\/sk\/wp-json\/wp\/v2\/types\/page"}],"author":[{"embeddable":true,"href":"https:\/\/deveho.com\/sk\/wp-json\/wp\/v2\/users\/3"}],"replies":[{"embeddable":true,"href":"https:\/\/deveho.com\/sk\/wp-json\/wp\/v2\/comments?post=9306"}],"version-history":[{"count":2,"href":"https:\/\/deveho.com\/sk\/wp-json\/wp\/v2\/pages\/9306\/revisions"}],"predecessor-version":[{"id":44553,"href":"https:\/\/deveho.com\/sk\/wp-json\/wp\/v2\/pages\/9306\/revisions\/44553"}],"up":[{"embeddable":true,"href":"https:\/\/deveho.com\/sk\/wp-json\/wp\/v2\/pages\/10209"}],"wp:attachment":[{"href":"https:\/\/deveho.com\/sk\/wp-json\/wp\/v2\/media?parent=9306"}],"curies":[{"name":"wp","href":"https:\/\/api.w.org\/{rel}","templated":true}]}}