{"id":9308,"date":"2022-02-28T13:35:06","date_gmt":"2022-02-28T13:35:06","guid":{"rendered":"https:\/\/deveho2.sfdbeta.be\/stavebnictvo\/"},"modified":"2022-10-28T10:51:27","modified_gmt":"2022-10-28T08:51:27","slug":"stavebnictvo","status":"publish","type":"page","link":"https:\/\/deveho.com\/sk\/sektory\/stavebnictvo\/","title":{"rendered":"Stavebn\u00edctvo"},"content":{"rendered":"<br \/>\n<h3>Va\u0161e <b><red>v\u00fdhody<\/b><\/red>   <\/h3>\n<p><p>N\u00e1\u0161 kompletn\u00fd, intuit\u00edvny a efekt\u00edvny softv\u00e9r na riadenie v\u00fdstavby v\u00e1s podporuje vo v\u0161etk\u00fdch va\u0161ich ka\u017edodenn\u00fdch \u00faloh\u00e1ch. Vyu\u017eite v\u00fdhody v\u00fdvoja softv\u00e9ru na vytv\u00e1ranie cenov\u00fdch pon\u00fak, \u00fapravu a odosielanie fakt\u00far a zabezpe\u010denie spr\u00e1vy a monitorovania va\u0161ich prev\u00e1dzok.<\/p>\n<\/p>\n<p>Umo\u017eni\u0165 projektov\u00fdm mana\u017e\u00e9rom prij\u00edma\u0165 lep\u0161ie rozhodnutia v\u010faka aktu\u00e1lnym inform\u00e1ci\u00e1m o v\u0161etk\u00fdch rizik\u00e1ch a n\u00e1kladoch projektu<\/p>\n<p>Zdie\u013eanie a zachyt\u00e1vanie \u00fadajov o lokalite na akomko\u013evek mobilnom zariaden\u00ed s cie\u013eom zlep\u0161i\u0165 komunik\u00e1ciu a spolupr\u00e1cu<\/p>\n<p>Zn\u00ed\u017eenie riz\u00edk projektu a ochrana ziskovosti projektu prostredn\u00edctvom r\u00fdchlej\u0161ieho rozpoznania probl\u00e9mov s\u00favisiacich s projektom<\/p>\n<p>Analyzova\u0165 odch\u00fdlky v pl\u00e1novan\u00fdch n\u00e1kladoch oproti skuto\u010dn\u00fdm n\u00e1kladom na akejko\u013evek \u00farovni uzla pomocou osved\u010den\u00fdch postupov EVM a vizualiz\u00e1ci\u00ed WBS.<\/p>\n<p>Zn\u00ed\u017eenie n\u00e1kladov na z\u00e1soby a kontrola obstar\u00e1vania obmedzen\u00edm v\u00fdrobkov, ktor\u00e9 je mo\u017en\u00e9 zaobstara\u0165 pre stavebn\u00fd projekt.<\/p>\n<p>Riadenie a predpovedanie pe\u0148a\u017en\u00fdch tokov v r\u00e1mci viacer\u00fdch medzin\u00e1rodn\u00fdch projektov s cie\u013eom zn\u00ed\u017ei\u0165 finan\u010dn\u00e9 rizik\u00e1 a s v\u00e4\u010d\u0161ou istotou sa uch\u00e1dza\u0165 o nov\u00e9 pr\u00edle\u017eitosti.<\/p>\n<p>Pou\u017e\u00edvanie jedn\u00e9ho syst\u00e9mu na projektov\u00fdch pracovisk\u00e1ch a vo viacer\u00fdch obchodn\u00fdch subjektoch vr\u00e1tane projektov vo viacer\u00fdch krajin\u00e1ch a men\u00e1ch<\/p>\n<p>Rozv\u00edjajte sa s istotou v\u010faka integrovan\u00e9mu syst\u00e9mu riadenia v\u00fdstavby, ktor\u00fd dok\u00e1\u017ee obsiahnu\u0165 aj tie najzlo\u017eitej\u0161ie megaprojekty<\/p>\n<h2><b><red>Funkcie<\/b><\/red> <b>Sage X3<\/b><\/h2>\n<h3><\/h3>\n<p><p>Anal\u00fdza projektov a k\u013e\u00fa\u010dov\u00e9 ukazovatele v\u00fdkonnosti v odvetv\u00ed<\/p>\n<\/p>\n<h3><\/h3>\n<p><p>Riadenie pokladnice a pe\u0148a\u017en\u00fdch tokov<\/p>\n<\/p>\n<h3><\/h3>\n<p><p>Sledovanie pracovn\u00e9ho \u010dasu<\/p>\n<\/p>\n<h3><\/h3>\n<p><p>Spravovanie dokumentov<\/p>\n<\/p>\n<h3><\/h3>\n<p><p>Riadenie zml\u00fav a subdod\u00e1vok<\/p>\n<\/p>\n<h3><\/h3>\n<p><p>Riadenie z\u00e1sob a n\u00e1kupu<\/p>\n<\/p>\n<h3><\/h3>\n<p><p>Vy\u010d\u00edslenie n\u00e1kladov na projekt a finan\u010dn\u00e9 riadenie<\/p>\n<\/p>\n<h3><\/h3>\n<p><p>Vizualiz\u00e1cia projektu WBS s mo\u017enos\u0165ou rozpracovania<\/p>\n<\/p>\n<h3><\/h3>\n<p><p>Mana\u017ement stavebn\u00fdch projektov<\/p>\n<\/p>\n<h3><\/h3>\n<p><p>Integrovan\u00e9 odhadovanie a riadenie pon\u00fak<\/p>\n<\/p>\n<h2><\/h2>\n<h3>S\u00favisiace str\u00e1nky<\/h3><\/p>\n","protected":false},"excerpt":{"rendered":"<p>Sage X3 Construction je \u00faplne modern\u00e1, mobiln\u00e1, d\u00e1tovo orientovan\u00e1 platforma na riadenie podniku, ktor\u00e1 bola od z\u00e1kladu vytvoren\u00e1 profesion\u00e1lmi v stavebn\u00edctve pre profesion\u00e1lov v stavebn\u00edctve. Prevezmite kontrolu aj nad najzlo\u017eitej\u0161\u00edmi stavebn\u00fdmi projektmi, minimalizujte prekro\u010denie n\u00e1kladov a chr\u00e1\u0148te ziskovos\u0165 projektu pomocou aktu\u00e1lnych \u00fadajov o rozpracovanosti, ktor\u00e9 sa z\u00edskavaj\u00fa priamo v ter\u00e9ne.<\/p>\n","protected":false},"author":3,"featured_media":0,"parent":10209,"menu_order":0,"comment_status":"closed","ping_status":"closed","template":"templates\/template-inner.php","meta":{"_acf_changed":false,"footnotes":""},"class_list":["post-9308","page","type-page","status-publish","hentry"],"acf":[],"yoast_head":"<!-- This site is optimized with the Yoast SEO plugin v23.5 - https:\/\/yoast.com\/wordpress\/plugins\/seo\/ -->\n<title>Stavebn\u00edctvo - Deveho<\/title>\n<meta name=\"robots\" content=\"index, follow, max-snippet:-1, max-image-preview:large, max-video-preview:-1\" \/>\n<link rel=\"canonical\" href=\"https:\/\/deveho.com\/sectors\/construction\/\" \/>\n<meta property=\"og:locale\" content=\"sk_SK\" \/>\n<meta property=\"og:type\" content=\"article\" \/>\n<meta property=\"og:title\" content=\"Stavebn\u00edctvo - Deveho\" \/>\n<meta property=\"og:description\" content=\"Sage X3 Construction je \u00faplne modern\u00e1, mobiln\u00e1, d\u00e1tovo orientovan\u00e1 platforma na riadenie podniku, ktor\u00e1 bola od z\u00e1kladu vytvoren\u00e1 profesion\u00e1lmi v stavebn\u00edctve pre profesion\u00e1lov v stavebn\u00edctve. Prevezmite kontrolu aj nad najzlo\u017eitej\u0161\u00edmi stavebn\u00fdmi projektmi, minimalizujte prekro\u010denie n\u00e1kladov a chr\u00e1\u0148te ziskovos\u0165 projektu pomocou aktu\u00e1lnych \u00fadajov o rozpracovanosti, ktor\u00e9 sa z\u00edskavaj\u00fa priamo v ter\u00e9ne.\" \/>\n<meta property=\"og:url\" content=\"https:\/\/deveho.com\/sectors\/construction\/\" \/>\n<meta property=\"og:site_name\" content=\"Deveho\" \/>\n<meta property=\"article:publisher\" content=\"https:\/\/www.facebook.com\/deveho\" \/>\n<meta property=\"article:modified_time\" content=\"2022-10-28T08:51:27+00:00\" \/>\n<meta name=\"twitter:card\" content=\"summary_large_image\" \/>\n<meta name=\"twitter:site\" content=\"@Deveho1\" \/>\n<meta name=\"twitter:label1\" content=\"Predpokladan\u00fd \u010das \u010d\u00edtania\" \/>\n\t<meta name=\"twitter:data1\" content=\"2 min\u00faty\" \/>\n<script type=\"application\/ld+json\" class=\"yoast-schema-graph\">{\"@context\":\"https:\/\/schema.org\",\"@graph\":[{\"@type\":\"WebPage\",\"@id\":\"https:\/\/deveho.com\/sectors\/construction\/\",\"url\":\"https:\/\/deveho.com\/sectors\/construction\/\",\"name\":\"Stavebn\u00edctvo - Deveho\",\"isPartOf\":{\"@id\":\"https:\/\/deveho.com\/#website\"},\"datePublished\":\"2022-02-28T13:35:06+00:00\",\"dateModified\":\"2022-10-28T08:51:27+00:00\",\"breadcrumb\":{\"@id\":\"https:\/\/deveho.com\/sectors\/construction\/#breadcrumb\"},\"inLanguage\":\"sk-SK\",\"potentialAction\":[{\"@type\":\"ReadAction\",\"target\":[\"https:\/\/deveho.com\/sectors\/construction\/\"]}]},{\"@type\":\"BreadcrumbList\",\"@id\":\"https:\/\/deveho.com\/sectors\/construction\/#breadcrumb\",\"itemListElement\":[{\"@type\":\"ListItem\",\"position\":1,\"name\":\"Home\",\"item\":\"https:\/\/deveho.com\/sk\/\"},{\"@type\":\"ListItem\",\"position\":2,\"name\":\"Sektory\",\"item\":\"https:\/\/deveho.com\/sk\/sektory\/\"},{\"@type\":\"ListItem\",\"position\":3,\"name\":\"Stavebn\u00edctvo\"}]},{\"@type\":\"WebSite\",\"@id\":\"https:\/\/deveho.com\/#website\",\"url\":\"https:\/\/deveho.com\/\",\"name\":\"Deveho Consulting Group\",\"description\":\"Let\u2019s boost your growth\",\"publisher\":{\"@id\":\"https:\/\/deveho.com\/#organization\"},\"potentialAction\":[{\"@type\":\"SearchAction\",\"target\":{\"@type\":\"EntryPoint\",\"urlTemplate\":\"https:\/\/deveho.com\/?s={search_term_string}\"},\"query-input\":{\"@type\":\"PropertyValueSpecification\",\"valueRequired\":true,\"valueName\":\"search_term_string\"}}],\"inLanguage\":\"sk-SK\"},{\"@type\":\"Organization\",\"@id\":\"https:\/\/deveho.com\/#organization\",\"name\":\"Deveho Consulting Group\",\"url\":\"https:\/\/deveho.com\/\",\"logo\":{\"@type\":\"ImageObject\",\"inLanguage\":\"sk-SK\",\"@id\":\"https:\/\/deveho.com\/#\/schema\/logo\/image\/\",\"url\":\"https:\/\/deveho.com\/wp-content\/uploads\/2023\/02\/DEVEHO-LOGO-Baseline-COLOR.png\",\"contentUrl\":\"https:\/\/deveho.com\/wp-content\/uploads\/2023\/02\/DEVEHO-LOGO-Baseline-COLOR.png\",\"width\":2251,\"height\":585,\"caption\":\"Deveho Consulting Group\"},\"image\":{\"@id\":\"https:\/\/deveho.com\/#\/schema\/logo\/image\/\"},\"sameAs\":[\"https:\/\/www.facebook.com\/deveho\",\"https:\/\/x.com\/Deveho1\",\"https:\/\/www.linkedin.com\/company\/deveho-consulting\/\"]}]}<\/script>\n<!-- \/ Yoast SEO plugin. -->","yoast_head_json":{"title":"Stavebn\u00edctvo - Deveho","robots":{"index":"index","follow":"follow","max-snippet":"max-snippet:-1","max-image-preview":"max-image-preview:large","max-video-preview":"max-video-preview:-1"},"canonical":"https:\/\/deveho.com\/sectors\/construction\/","og_locale":"sk_SK","og_type":"article","og_title":"Stavebn\u00edctvo - Deveho","og_description":"Sage X3 Construction je \u00faplne modern\u00e1, mobiln\u00e1, d\u00e1tovo orientovan\u00e1 platforma na riadenie podniku, ktor\u00e1 bola od z\u00e1kladu vytvoren\u00e1 profesion\u00e1lmi v stavebn\u00edctve pre profesion\u00e1lov v stavebn\u00edctve. Prevezmite kontrolu aj nad najzlo\u017eitej\u0161\u00edmi stavebn\u00fdmi projektmi, minimalizujte prekro\u010denie n\u00e1kladov a chr\u00e1\u0148te ziskovos\u0165 projektu pomocou aktu\u00e1lnych \u00fadajov o rozpracovanosti, ktor\u00e9 sa z\u00edskavaj\u00fa priamo v ter\u00e9ne.","og_url":"https:\/\/deveho.com\/sectors\/construction\/","og_site_name":"Deveho","article_publisher":"https:\/\/www.facebook.com\/deveho","article_modified_time":"2022-10-28T08:51:27+00:00","twitter_card":"summary_large_image","twitter_site":"@Deveho1","twitter_misc":{"Predpokladan\u00fd \u010das \u010d\u00edtania":"2 min\u00faty"},"schema":{"@context":"https:\/\/schema.org","@graph":[{"@type":"WebPage","@id":"https:\/\/deveho.com\/sectors\/construction\/","url":"https:\/\/deveho.com\/sectors\/construction\/","name":"Stavebn\u00edctvo - Deveho","isPartOf":{"@id":"https:\/\/deveho.com\/#website"},"datePublished":"2022-02-28T13:35:06+00:00","dateModified":"2022-10-28T08:51:27+00:00","breadcrumb":{"@id":"https:\/\/deveho.com\/sectors\/construction\/#breadcrumb"},"inLanguage":"sk-SK","potentialAction":[{"@type":"ReadAction","target":["https:\/\/deveho.com\/sectors\/construction\/"]}]},{"@type":"BreadcrumbList","@id":"https:\/\/deveho.com\/sectors\/construction\/#breadcrumb","itemListElement":[{"@type":"ListItem","position":1,"name":"Home","item":"https:\/\/deveho.com\/sk\/"},{"@type":"ListItem","position":2,"name":"Sektory","item":"https:\/\/deveho.com\/sk\/sektory\/"},{"@type":"ListItem","position":3,"name":"Stavebn\u00edctvo"}]},{"@type":"WebSite","@id":"https:\/\/deveho.com\/#website","url":"https:\/\/deveho.com\/","name":"Deveho Consulting Group","description":"Let\u2019s boost your growth","publisher":{"@id":"https:\/\/deveho.com\/#organization"},"potentialAction":[{"@type":"SearchAction","target":{"@type":"EntryPoint","urlTemplate":"https:\/\/deveho.com\/?s={search_term_string}"},"query-input":{"@type":"PropertyValueSpecification","valueRequired":true,"valueName":"search_term_string"}}],"inLanguage":"sk-SK"},{"@type":"Organization","@id":"https:\/\/deveho.com\/#organization","name":"Deveho Consulting Group","url":"https:\/\/deveho.com\/","logo":{"@type":"ImageObject","inLanguage":"sk-SK","@id":"https:\/\/deveho.com\/#\/schema\/logo\/image\/","url":"https:\/\/deveho.com\/wp-content\/uploads\/2023\/02\/DEVEHO-LOGO-Baseline-COLOR.png","contentUrl":"https:\/\/deveho.com\/wp-content\/uploads\/2023\/02\/DEVEHO-LOGO-Baseline-COLOR.png","width":2251,"height":585,"caption":"Deveho Consulting Group"},"image":{"@id":"https:\/\/deveho.com\/#\/schema\/logo\/image\/"},"sameAs":["https:\/\/www.facebook.com\/deveho","https:\/\/x.com\/Deveho1","https:\/\/www.linkedin.com\/company\/deveho-consulting\/"]}]}},"_links":{"self":[{"href":"https:\/\/deveho.com\/sk\/wp-json\/wp\/v2\/pages\/9308"}],"collection":[{"href":"https:\/\/deveho.com\/sk\/wp-json\/wp\/v2\/pages"}],"about":[{"href":"https:\/\/deveho.com\/sk\/wp-json\/wp\/v2\/types\/page"}],"author":[{"embeddable":true,"href":"https:\/\/deveho.com\/sk\/wp-json\/wp\/v2\/users\/3"}],"replies":[{"embeddable":true,"href":"https:\/\/deveho.com\/sk\/wp-json\/wp\/v2\/comments?post=9308"}],"version-history":[{"count":0,"href":"https:\/\/deveho.com\/sk\/wp-json\/wp\/v2\/pages\/9308\/revisions"}],"up":[{"embeddable":true,"href":"https:\/\/deveho.com\/sk\/wp-json\/wp\/v2\/pages\/10209"}],"wp:attachment":[{"href":"https:\/\/deveho.com\/sk\/wp-json\/wp\/v2\/media?parent=9308"}],"curies":[{"name":"wp","href":"https:\/\/api.w.org\/{rel}","templated":true}]}}