{"id":9497,"date":"2022-03-17T09:47:57","date_gmt":"2022-03-17T09:47:57","guid":{"rendered":"https:\/\/deveho2.sfdbeta.be\/sage-x3\/"},"modified":"2025-12-09T20:33:21","modified_gmt":"2025-12-09T18:33:21","slug":"sage-x3","status":"publish","type":"page","link":"https:\/\/deveho.com\/sk\/produkty\/sage-x3\/","title":{"rendered":"Sage X3"},"content":{"rendered":"<br \/>\n<h2>Najr\u00fdchlej\u0161\u00ed, najjednoduch\u0161\u00ed a <b>najflexibilnej\u0161\u00ed ERP<\/b><\/h2>\n<p>Sage X3 ERP v\u00e1m d\u00e1va kontrolu nad cel\u00fdm va\u0161im podnikan\u00edm, od dod\u00e1vate\u013esk\u00e9ho re\u0165azca, cez predaj, v\u00fdrobu, slu\u017eby a financie. Toto rie\u0161enie je ur\u010den\u00e9 pre spolo\u010dnosti, ktor\u00e9 chc\u00fa zv\u00fd\u0161i\u0165 svoju efektivitu, flexibilitu a odbornos\u0165.<\/p>\n<p>Jeho schopnos\u0165 dodr\u017eiava\u0165 ve\u013ek\u00e9 mno\u017estvo z\u00e1konov a integrova\u0165 \u0161irok\u00fa \u0161k\u00e1lu obchodn\u00fdch vz\u0165ahov mu umo\u017e\u0148uje podporova\u0165 komplexcn\u00e9 organiz\u00e1cie na medzin\u00e1rodnej \u00farovni.<\/p>\n<p>Sage X3 umo\u017e\u0148uje spolo\u010dnostiam riadi\u0165 svoju \u010dinnos\u0165 v re\u00e1lnom \u010dase z prev\u00e1dzkov\u00fdch aj finan\u010dn\u00fdch aspektov.<\/p>\n<h2>\u010co prin\u00e1\u0161a najnov\u0161ia aktualiz\u00e1cia Sage X3 V12 ?<\/h2>\n<h3>Nov\u00e1 verzia <red>Sage X3 2025<\/red><\/h3>\n<h3>2025 R2 (12.0.38)<\/h3>\n<\/p>\n<h2>POU\u017d\u00cdVATE STAR\u0160IU VERZIU SAGE X3?<\/h2>\n<h3><red>Presu\u0148te sa na<\/red> <br \/>Sage X3 V12 <\/h3>\n<h3>Presun na najnov\u0161iu verziu v\u00e1\u0161ho ERP Sage X3 je pr\u00edle\u017eitos\u0165ou na digitaliz\u00e1ciu va\u0161ich procesov a vyu\u017eitie \u0161irokej \u0161k\u00e1ly automatiz\u00e1ci\u00ed, testovania bez regresi\u00ed po\u010das aktualiz\u00e1cie, \u0161pecifick\u00fdch v\u00fdvojov, industrializ\u00e1cie doplnkov, rovnako ako testovania bez regresi\u00ed pre konfigur\u00e1ciu nov\u00e9ho z\u00e1kladn\u00e9ho modelu a jeho nasadenie.<\/h3>\n<p><p>&nbsp;<\/p>\n<p style=\"margin: 0in; font-family: Calibri; font-size: 11.0pt;\">Chcete sa dozvedie\u0165 viac? Pre \u010fal\u0161ie inform\u00e1cie <a href=\"https:\/\/deveho.com\/sk\/kontakt\/\">n\u00e1s kontaktujte.<\/a><\/p>\n<p>&nbsp;<\/p>\n<p><img loading=\"lazy\" decoding=\"async\" class=\"alignnone wp-image-33382\" src=\"https:\/\/deveho.com\/wp-content\/uploads\/2024\/09\/Posts-LinkedIn-e1726040958656.png\" alt=\"Migration Sage X3\" width=\"400\" height=\"297\" \/><\/p>\n<\/p>\n<h2>Viac ako len &#8222;ERP&#8220;<\/h2>\n<h3>Sage X3 <red>mo\u017enosti rie\u0161enia <\/red>    <\/h3>\n<h3><\/h3>\n<\/p>\n<h2>Sage X3 V\u00e1m dovol\u00ed r\u00fdchlej\u0161ie r\u00e1s\u0165 vo Va\u0161om podnikan\u00ed<\/h2>\n<p>Sage X3 sa l\u00ed\u0161i od be\u017en\u00fdch ERP syst\u00e9mov a umo\u017e\u0148uje v\u00e1m zefekt\u00edvni\u0165 riadenie Va\u0161ej spolo\u010dnosti, zjednodu\u0161en\u00edm v\u0161etk\u00fdch Va\u0161ich intern\u00fdch procesov<\/p>\n<p><p>Jedine\u010dn\u00e9 a medzin\u00e1rodn\u00e9 rie\u0161enie zameran\u00e9 na stredne ve\u013ek\u00e9 spolo\u010dnosti na celom svete, Sage X3 je benchmarkov\u00e9 rie\u0161enie pre mal\u00e9 a stredn\u00e9 podniky, ako aj dc\u00e9rske spolo\u010dnosti \u010di korpor\u00e1cie. Sage X3 je k dispoz\u00edcii vo viac ako 100 krajin\u00e1ch a je rie\u0161en\u00edm pre viac ako 5200 spolo\u010dnost\u00ed a 240 000 pou\u017e\u00edvate\u013eov v\u010faka jednoduch\u00e9mu pou\u017eitiu a r\u00fdchlej a n\u00e1kladovo efekt\u00edvnej implement\u00e1cii.<\/p>\n<\/p>\n<p><p>Sage X3 je zameran\u00fd predov\u0161etk\u00fdm na spolo\u010dnosti so 100 a\u017e 500 zamestnancami v odvetv\u00ed distrib\u00facie, v\u00fdroby a slu\u017eieb. Sage X3 m\u00f4\u017ee podporova\u0165 spolo\u010dnosti p\u00f4sobiace na lok\u00e1lnom alebo medzin\u00e1rodnom trhu, \u010di u\u017e s\u00fa nez\u00e1visl\u00e9 alebo s\u00fa s\u00fa\u010das\u0165ou v\u00e4\u010d\u0161ej skupiny. V\u00fdsledky: zjednodu\u0161en\u00e9 oper\u00e1cie, inform\u00e1cie o va\u0161ej firme v re\u00e1lnom \u010dase a lep\u0161ie v\u00fdkonnostn\u00e9 ukazovatele. V\u00fdsledky: zjednodu\u0161en\u00e9 oper\u00e1cie, inform\u00e1cie o va\u0161ej firme v re\u00e1lnom \u010dase a lep\u0161ie v\u00fdkonnostn\u00e9 ukazovatele.<\/p>\n<\/p>\n<h2>D\u00f4le\u017eitos\u0165 spr\u00e1vneho v\u00fdbeu V\u00e1\u0161ho ERP rei\u0161enia<\/h2>\n<p>Stredne ve\u013ek\u00e9 spolo\u010dnosti s\u00fa opakovane konfrontovan\u00e9 s probl\u00e9mom, \u017ee sa musia uspokoji\u0165 len s intern\u00fdmi \u00fadajmi. Tie maj\u00fa n\u00edzku kvalitu a v\u00fdpoden\u00fa hodnotu a s\u00fa \u0165a\u017eko dostupn\u00e9 a interpretovate\u013en\u00e9, \u010do brzd\u00ed rast a ziskovos\u0165 firmy<\/p>\n<p>Ak spolo\u010dnos\u0165 vlastn\u00ed zastaran\u00fd syst\u00e9m a rie\u0161enia nevhodn\u00e9 pre jej \u010dinnos\u0165, \u010dasto sa st\u00e1va \u017ee mus\u00ed zabezpe\u010di\u0165 a implementova\u0165 mno\u017estvo manu\u00e1lnych procesov v celej firme, aby bola spolo\u010dnos\u0165 aspo\u0148 trochu efekt\u00edvna.\n<\/p>\n<h2><red>\u010co o\u010dak\u00e1vate od ERP?<\/red>   <\/h2>\n<p>Spolo\u010dnos\u0165 potrebuje integrovan\u00fd softv\u00e9rov\u00fd bal\u00edk na riadenie, aby optimalizovala a zjednodu\u0161ila v\u0161etky mana\u017e\u00e9rske procesy, svoju produktivitu a dokonca aj zdroje. Z\u00edskanie ERP n\u00e1stroja prin\u00e1\u0161a mnoh\u00e9 v\u00fdhody pre ak\u00fako\u013evek \u0161trukt\u00faru.<\/p>\n<h2><\/h2>\n<h3>S\u00favisiace str\u00e1nky <\/h3>\n<\/p>\n<h3><\/h3>\n<\/p>\n<h3><\/h3>\n<\/p>\n<h2>Absolvujte interakt\u00edvnu prehliadku produktu Sage X3<\/h2>\n<p>Pozrite si video a dozviete sa, ako Sage X3 podporuje a posil\u0148uje distribu\u010dn\u00fd, v\u00fdrobn\u00fd a servisn\u00fd priemysel.<\/p><\/p>\n","protected":false},"excerpt":{"rendered":"<p>Sage X3 poskytuje r\u00fdchlej\u0161ie, intuit\u00edvnej\u0161ie a na mieru \u0161it\u00e9 rie\u0161enia riadenia podniku ne\u017e \u0161tandardn\u00e9 ERP pre firmy zameran\u00e9 na produkty, ktor\u00e9 chc\u00fa prosperova\u0165 a zosta\u0165 konkurencieschopn\u00e9 aj v \u010dase rast\u00facej komplexity. Sage X3 men\u00ed a zefekt\u00edv\u0148uje riadenie \u013eud\u00ed, procesov a oper\u00e1ci\u00ed a umo\u017e\u0148uje podnikom r\u00fdchlo sa prisp\u00f4sobova\u0165 zmen\u00e1m.<\/p>\n","protected":false},"author":8,"featured_media":0,"parent":10284,"menu_order":0,"comment_status":"closed","ping_status":"closed","template":"templates\/template-prod_serv.php","meta":{"_acf_changed":false,"footnotes":""},"class_list":["post-9497","page","type-page","status-publish","hentry"],"acf":[],"yoast_head":"<!-- This site is optimized with the Yoast SEO plugin v23.5 - https:\/\/yoast.com\/wordpress\/plugins\/seo\/ -->\n<title>Sage X3 - Deveho<\/title>\n<meta name=\"robots\" content=\"index, follow, max-snippet:-1, max-image-preview:large, max-video-preview:-1\" \/>\n<link rel=\"canonical\" href=\"https:\/\/deveho.com\/sk\/produkty\/sage-x3\/\" \/>\n<meta property=\"og:locale\" content=\"sk_SK\" \/>\n<meta property=\"og:type\" content=\"article\" \/>\n<meta property=\"og:title\" content=\"Sage X3 - Deveho\" \/>\n<meta property=\"og:description\" content=\"Sage X3 poskytuje r\u00fdchlej\u0161ie, intuit\u00edvnej\u0161ie a na mieru \u0161it\u00e9 rie\u0161enia riadenia podniku ne\u017e \u0161tandardn\u00e9 ERP pre firmy zameran\u00e9 na produkty, ktor\u00e9 chc\u00fa prosperova\u0165 a zosta\u0165 konkurencieschopn\u00e9 aj v \u010dase rast\u00facej komplexity. Sage X3 men\u00ed a zefekt\u00edv\u0148uje riadenie \u013eud\u00ed, procesov a oper\u00e1ci\u00ed a umo\u017e\u0148uje podnikom r\u00fdchlo sa prisp\u00f4sobova\u0165 zmen\u00e1m.\" \/>\n<meta property=\"og:url\" content=\"https:\/\/deveho.com\/sk\/produkty\/sage-x3\/\" \/>\n<meta property=\"og:site_name\" content=\"Deveho\" \/>\n<meta property=\"article:publisher\" content=\"https:\/\/www.facebook.com\/deveho\" \/>\n<meta property=\"article:modified_time\" content=\"2025-12-09T18:33:21+00:00\" \/>\n<meta property=\"og:image\" content=\"https:\/\/deveho.com\/wp-content\/uploads\/2024\/09\/Posts-LinkedIn-e1726040958656.png\" \/>\n<meta name=\"twitter:card\" content=\"summary_large_image\" \/>\n<meta name=\"twitter:site\" content=\"@Deveho1\" \/>\n<meta name=\"twitter:label1\" content=\"Predpokladan\u00fd \u010das \u010d\u00edtania\" \/>\n\t<meta name=\"twitter:data1\" content=\"3 min\u00faty\" \/>\n<script type=\"application\/ld+json\" class=\"yoast-schema-graph\">{\"@context\":\"https:\/\/schema.org\",\"@graph\":[{\"@type\":\"WebPage\",\"@id\":\"https:\/\/deveho.com\/sk\/produkty\/sage-x3\/\",\"url\":\"https:\/\/deveho.com\/sk\/produkty\/sage-x3\/\",\"name\":\"Sage X3 - Deveho\",\"isPartOf\":{\"@id\":\"https:\/\/deveho.com\/#website\"},\"primaryImageOfPage\":{\"@id\":\"https:\/\/deveho.com\/sk\/produkty\/sage-x3\/#primaryimage\"},\"image\":{\"@id\":\"https:\/\/deveho.com\/sk\/produkty\/sage-x3\/#primaryimage\"},\"thumbnailUrl\":\"https:\/\/deveho.com\/wp-content\/uploads\/2024\/09\/Posts-LinkedIn-e1726040958656.png\",\"datePublished\":\"2022-03-17T09:47:57+00:00\",\"dateModified\":\"2025-12-09T18:33:21+00:00\",\"breadcrumb\":{\"@id\":\"https:\/\/deveho.com\/sk\/produkty\/sage-x3\/#breadcrumb\"},\"inLanguage\":\"sk-SK\",\"potentialAction\":[{\"@type\":\"ReadAction\",\"target\":[\"https:\/\/deveho.com\/sk\/produkty\/sage-x3\/\"]}]},{\"@type\":\"ImageObject\",\"inLanguage\":\"sk-SK\",\"@id\":\"https:\/\/deveho.com\/sk\/produkty\/sage-x3\/#primaryimage\",\"url\":\"https:\/\/deveho.com\/wp-content\/uploads\/2024\/09\/Posts-LinkedIn-e1726040958656.png\",\"contentUrl\":\"https:\/\/deveho.com\/wp-content\/uploads\/2024\/09\/Posts-LinkedIn-e1726040958656.png\"},{\"@type\":\"BreadcrumbList\",\"@id\":\"https:\/\/deveho.com\/sk\/produkty\/sage-x3\/#breadcrumb\",\"itemListElement\":[{\"@type\":\"ListItem\",\"position\":1,\"name\":\"Home\",\"item\":\"https:\/\/deveho.com\/sk\/\"},{\"@type\":\"ListItem\",\"position\":2,\"name\":\"Produkty\",\"item\":\"https:\/\/deveho.com\/sk\/produkty\/\"},{\"@type\":\"ListItem\",\"position\":3,\"name\":\"Sage X3\"}]},{\"@type\":\"WebSite\",\"@id\":\"https:\/\/deveho.com\/#website\",\"url\":\"https:\/\/deveho.com\/\",\"name\":\"Deveho Consulting Group\",\"description\":\"Let\u2019s boost your growth\",\"publisher\":{\"@id\":\"https:\/\/deveho.com\/#organization\"},\"potentialAction\":[{\"@type\":\"SearchAction\",\"target\":{\"@type\":\"EntryPoint\",\"urlTemplate\":\"https:\/\/deveho.com\/?s={search_term_string}\"},\"query-input\":{\"@type\":\"PropertyValueSpecification\",\"valueRequired\":true,\"valueName\":\"search_term_string\"}}],\"inLanguage\":\"sk-SK\"},{\"@type\":\"Organization\",\"@id\":\"https:\/\/deveho.com\/#organization\",\"name\":\"Deveho Consulting Group\",\"url\":\"https:\/\/deveho.com\/\",\"logo\":{\"@type\":\"ImageObject\",\"inLanguage\":\"sk-SK\",\"@id\":\"https:\/\/deveho.com\/#\/schema\/logo\/image\/\",\"url\":\"https:\/\/deveho.com\/wp-content\/uploads\/2023\/02\/DEVEHO-LOGO-Baseline-COLOR.png\",\"contentUrl\":\"https:\/\/deveho.com\/wp-content\/uploads\/2023\/02\/DEVEHO-LOGO-Baseline-COLOR.png\",\"width\":2251,\"height\":585,\"caption\":\"Deveho Consulting Group\"},\"image\":{\"@id\":\"https:\/\/deveho.com\/#\/schema\/logo\/image\/\"},\"sameAs\":[\"https:\/\/www.facebook.com\/deveho\",\"https:\/\/x.com\/Deveho1\",\"https:\/\/www.linkedin.com\/company\/deveho-consulting\/\"]}]}<\/script>\n<!-- \/ Yoast SEO plugin. -->","yoast_head_json":{"title":"Sage X3 - Deveho","robots":{"index":"index","follow":"follow","max-snippet":"max-snippet:-1","max-image-preview":"max-image-preview:large","max-video-preview":"max-video-preview:-1"},"canonical":"https:\/\/deveho.com\/sk\/produkty\/sage-x3\/","og_locale":"sk_SK","og_type":"article","og_title":"Sage X3 - Deveho","og_description":"Sage X3 poskytuje r\u00fdchlej\u0161ie, intuit\u00edvnej\u0161ie a na mieru \u0161it\u00e9 rie\u0161enia riadenia podniku ne\u017e \u0161tandardn\u00e9 ERP pre firmy zameran\u00e9 na produkty, ktor\u00e9 chc\u00fa prosperova\u0165 a zosta\u0165 konkurencieschopn\u00e9 aj v \u010dase rast\u00facej komplexity. Sage X3 men\u00ed a zefekt\u00edv\u0148uje riadenie \u013eud\u00ed, procesov a oper\u00e1ci\u00ed a umo\u017e\u0148uje podnikom r\u00fdchlo sa prisp\u00f4sobova\u0165 zmen\u00e1m.","og_url":"https:\/\/deveho.com\/sk\/produkty\/sage-x3\/","og_site_name":"Deveho","article_publisher":"https:\/\/www.facebook.com\/deveho","article_modified_time":"2025-12-09T18:33:21+00:00","og_image":[{"url":"https:\/\/deveho.com\/wp-content\/uploads\/2024\/09\/Posts-LinkedIn-e1726040958656.png"}],"twitter_card":"summary_large_image","twitter_site":"@Deveho1","twitter_misc":{"Predpokladan\u00fd \u010das \u010d\u00edtania":"3 min\u00faty"},"schema":{"@context":"https:\/\/schema.org","@graph":[{"@type":"WebPage","@id":"https:\/\/deveho.com\/sk\/produkty\/sage-x3\/","url":"https:\/\/deveho.com\/sk\/produkty\/sage-x3\/","name":"Sage X3 - Deveho","isPartOf":{"@id":"https:\/\/deveho.com\/#website"},"primaryImageOfPage":{"@id":"https:\/\/deveho.com\/sk\/produkty\/sage-x3\/#primaryimage"},"image":{"@id":"https:\/\/deveho.com\/sk\/produkty\/sage-x3\/#primaryimage"},"thumbnailUrl":"https:\/\/deveho.com\/wp-content\/uploads\/2024\/09\/Posts-LinkedIn-e1726040958656.png","datePublished":"2022-03-17T09:47:57+00:00","dateModified":"2025-12-09T18:33:21+00:00","breadcrumb":{"@id":"https:\/\/deveho.com\/sk\/produkty\/sage-x3\/#breadcrumb"},"inLanguage":"sk-SK","potentialAction":[{"@type":"ReadAction","target":["https:\/\/deveho.com\/sk\/produkty\/sage-x3\/"]}]},{"@type":"ImageObject","inLanguage":"sk-SK","@id":"https:\/\/deveho.com\/sk\/produkty\/sage-x3\/#primaryimage","url":"https:\/\/deveho.com\/wp-content\/uploads\/2024\/09\/Posts-LinkedIn-e1726040958656.png","contentUrl":"https:\/\/deveho.com\/wp-content\/uploads\/2024\/09\/Posts-LinkedIn-e1726040958656.png"},{"@type":"BreadcrumbList","@id":"https:\/\/deveho.com\/sk\/produkty\/sage-x3\/#breadcrumb","itemListElement":[{"@type":"ListItem","position":1,"name":"Home","item":"https:\/\/deveho.com\/sk\/"},{"@type":"ListItem","position":2,"name":"Produkty","item":"https:\/\/deveho.com\/sk\/produkty\/"},{"@type":"ListItem","position":3,"name":"Sage X3"}]},{"@type":"WebSite","@id":"https:\/\/deveho.com\/#website","url":"https:\/\/deveho.com\/","name":"Deveho Consulting Group","description":"Let\u2019s boost your growth","publisher":{"@id":"https:\/\/deveho.com\/#organization"},"potentialAction":[{"@type":"SearchAction","target":{"@type":"EntryPoint","urlTemplate":"https:\/\/deveho.com\/?s={search_term_string}"},"query-input":{"@type":"PropertyValueSpecification","valueRequired":true,"valueName":"search_term_string"}}],"inLanguage":"sk-SK"},{"@type":"Organization","@id":"https:\/\/deveho.com\/#organization","name":"Deveho Consulting Group","url":"https:\/\/deveho.com\/","logo":{"@type":"ImageObject","inLanguage":"sk-SK","@id":"https:\/\/deveho.com\/#\/schema\/logo\/image\/","url":"https:\/\/deveho.com\/wp-content\/uploads\/2023\/02\/DEVEHO-LOGO-Baseline-COLOR.png","contentUrl":"https:\/\/deveho.com\/wp-content\/uploads\/2023\/02\/DEVEHO-LOGO-Baseline-COLOR.png","width":2251,"height":585,"caption":"Deveho Consulting Group"},"image":{"@id":"https:\/\/deveho.com\/#\/schema\/logo\/image\/"},"sameAs":["https:\/\/www.facebook.com\/deveho","https:\/\/x.com\/Deveho1","https:\/\/www.linkedin.com\/company\/deveho-consulting\/"]}]}},"_links":{"self":[{"href":"https:\/\/deveho.com\/sk\/wp-json\/wp\/v2\/pages\/9497"}],"collection":[{"href":"https:\/\/deveho.com\/sk\/wp-json\/wp\/v2\/pages"}],"about":[{"href":"https:\/\/deveho.com\/sk\/wp-json\/wp\/v2\/types\/page"}],"author":[{"embeddable":true,"href":"https:\/\/deveho.com\/sk\/wp-json\/wp\/v2\/users\/8"}],"replies":[{"embeddable":true,"href":"https:\/\/deveho.com\/sk\/wp-json\/wp\/v2\/comments?post=9497"}],"version-history":[{"count":39,"href":"https:\/\/deveho.com\/sk\/wp-json\/wp\/v2\/pages\/9497\/revisions"}],"predecessor-version":[{"id":44541,"href":"https:\/\/deveho.com\/sk\/wp-json\/wp\/v2\/pages\/9497\/revisions\/44541"}],"up":[{"embeddable":true,"href":"https:\/\/deveho.com\/sk\/wp-json\/wp\/v2\/pages\/10284"}],"wp:attachment":[{"href":"https:\/\/deveho.com\/sk\/wp-json\/wp\/v2\/media?parent=9497"}],"curies":[{"name":"wp","href":"https:\/\/api.w.org\/{rel}","templated":true}]}}