{"id":9515,"date":"2022-03-18T13:44:30","date_gmt":"2022-03-18T13:44:30","guid":{"rendered":"https:\/\/deveho2.sfdbeta.be\/integracia-doplnkov-pre-firmy\/"},"modified":"2026-04-07T09:46:06","modified_gmt":"2026-04-07T07:46:06","slug":"integracia-doplnkov-pre-firmy","status":"publish","type":"page","link":"https:\/\/deveho.com\/sk\/produkty\/integracia-doplnkov-pre-firmy\/","title":{"rendered":"Integr\u00e1cia doplnkov pre firmy"},"content":{"rendered":"<br \/>\n<h2><\/h2>\n<h3><red> Automatizovan\u00e9 \u00fa\u010dtovanie dod\u00e1vate\u013esk\u00fdch fakt\u00far<\/red>   <\/h3>\n<h3><\/h3>\n<p><p>Integr\u00e1cia so syst\u00e9mom Sage X3 spo\u010d\u00edva v zdie\u013ean\u00ed kme\u0148ov\u00fdch \u00fadajov (dod\u00e1vatelia, \u00fa\u010dtovn\u00e1 osnova, sp\u00f4soby platby&#8230;), objedn\u00e1vok a\/alebo potvrdeniek, po\u010dn\u00fac syst\u00e9mom Sage X3. Rie\u0161enie dematerializovanej dod\u00e1vate\u013eskej faktur\u00e1cie zasa zasiela fakt\u00fary zodpovedaj\u00face objedn\u00e1vkam\/prijat\u00fdm fakt\u00faram. Nakoniec je syst\u00e9m Sage X3 schopn\u00fd odosla\u0165 inform\u00e1cie o platbe do dematerializa\u010dn\u00e9ho rie\u0161enia.<\/p>\n<p>Na z\u00e1klade po\u017eiadaviek z\u00e1kazn\u00edkov spolo\u010dnos\u0165 Deveho pravidelne zav\u00e1dza integra\u010dn\u00e9 projekty s nasleduj\u00facim softv\u00e9rom:<\/p>\n<\/p>\n<h2><\/h2>\n<h3>STRIPE<\/h3>\n<p><p>Platobn\u00e1 infra\u0161trukt\u00fara pre elektronick\u00fd obchod. Pomocou softv\u00e9ru a rozhran\u00ed API spolo\u010dnosti Stripe m\u00f4\u017eete prij\u00edma\u0165 platby, vykon\u00e1va\u0165 prevody a spravova\u0165 svoje podniky online.<\/p>\n<p><a href=\"https:\/\/stripe.com\/\">https:\/\/stripe.com\/<\/a><\/p>\n<\/p>\n<h3><red>DEVEHO add-on integr\u00e1cie pre Sage X3 <\/red>      <\/h3>\n<p><p>Spolo\u010dnos\u0165 Deveho vytvorila ur\u010dit\u00e9 doplnky na \u010fal\u0161ie vylep\u0161enie v\u00e1\u0161ho rie\u0161enia X3. Ide o nasleduj\u00face polo\u017eky:<\/p>\n<\/p>\n<p>Jeden sklad pre viacer\u00fdch predajcov <\/p>\n<p>Automatick\u00e1 integr\u00e1cia v\u00fdmenn\u00fdch kurzov<\/p>\n<p>Odosielanie predajn\u00fdch fakt\u00far e-mailom v d\u00e1vkovom re\u017eime<\/p>\n<p>Spr\u00e1va dod\u00e1vate\u013ea pod\u013ea lokality produktu pre POS<\/p>\n<p>Vytv\u00e1ranie progn\u00f3z replikovan\u00edm spotreby materi\u00e1lu (MRP)<\/p>\n<p>Pomenovanie s\u00faborov zost\u00e1v<\/p>\n<p>Spr\u00e1va pr\u00edznaku Akt\u00edvne\/neakt\u00edvne v podmienkach platieb<\/p>\n<p>Spr\u00e1va o z\u00e1sob\u00e1ch s po\u010diato\u010dn\u00fdm a kone\u010dn\u00fdm mno\u017estvom a hodnotou<\/p>\n<p>Stav z\u00e1sob (po\u010diato\u010dn\u00fd, obdobie +\/-, kone\u010dn\u00fd) v mno\u017estv\u00e1ch a sum\u00e1ch<\/p>\n<p>EDI Edifact (spr\u00e1vy INVRPT, DESADV, ANMOV, INVOIC, ORDER, IFTMIN)<\/p>\n<p>Doplnok Deveho sFTP (spr\u00e1va prenosu s\u00faborov pomocou sFTP)<\/p>\n<h3>Integr\u00e1cia s Treasury rie\u0161eniami <\/h3>\n<p><p>Spolo\u010dnos\u0165 Deveho pravidelne integruje rie\u0161enia Sage X3 Treasury ako Kyriba a Sage XRT pre nasleduj\u00face toky :<\/p>\n<\/p>\n<p>Bankov\u00e9 s\u00fabory<\/p>\n<p>V\u00fdmenn\u00e9 kurzy<\/p>\n<p>Hlavn\u00e9 \u00fadaje (obchodn\u00ed partneri)<\/p>\n<p>Uskuto\u010dnen\u00e9 platby<\/p>\n<p>V\u00fdpisy z bankov\u00fdch \u00fa\u010dtov<\/p>\n<h3><red>Integr\u00e1cia so softv\u00e9rom na spr\u00e1vu miezd a v\u00fddavkov<\/red>   <\/h3>\n<\/p>\n<p>Deveho integruje mzdov\u00e9 toky ako \u00fa\u010dtovn\u00e9 z\u00e1znamy na z\u00e1klade \u0161tandardizovan\u00fdch importn\u00fdch \u0161abl\u00f3n.<\/p>\n<p>Pomocou rovnak\u00e9ho typu \u0161abl\u00f3n importu Deveho integruje v\u00fddavky zamestnancov ako \u00fa\u010dtovn\u00e9 z\u00e1znamy.<\/p>\n<h3>Konsolida\u010dn\u00e9 aplik\u00e1cie<\/h3>\n<\/p>\n<p>Spolo\u010dnos\u0165 Deveho \u010dasto vyu\u017e\u00edva \u0161tandardizovan\u00e9 \u0161abl\u00f3ny exportu pomocou bilanci\u00ed a integr\u00e1cie s konsolida\u010dn\u00fdmi rie\u0161eniami.<\/p>\n<h2><\/h2>\n<h3>S\u00favisiace str\u00e1nky<\/h3>\n<\/p>\n<h3><\/h3>\n<\/p>\n<h3><\/h3><\/p>\n","protected":false},"excerpt":{"rendered":"<p>Ako integr\u00e1tor syst\u00e9mu Sage X3 spolo\u010dnos\u0165 Deveho pravidelne zav\u00e1dza \u0161irok\u00fa \u0161k\u00e1lu rozhran\u00ed s rie\u0161eniami tret\u00edch str\u00e1n. Spolo\u010dnos\u0165 Deveho m\u00e1 bohat\u00e9 sk\u00fasenosti s r\u00f4znymi softv\u00e9rmi na trhu alebo s vlastn\u00fdmi aplik\u00e1ciami.<\/p>\n","protected":false},"author":3,"featured_media":0,"parent":10284,"menu_order":0,"comment_status":"closed","ping_status":"closed","template":"templates\/template-prod_serv.php","meta":{"_acf_changed":false,"footnotes":""},"class_list":["post-9515","page","type-page","status-publish","hentry"],"acf":[],"yoast_head":"<!-- This site is optimized with the Yoast SEO plugin v23.5 - https:\/\/yoast.com\/wordpress\/plugins\/seo\/ -->\n<title>Integr\u00e1cia doplnkov pre firmy - Deveho<\/title>\n<meta name=\"robots\" content=\"index, follow, max-snippet:-1, max-image-preview:large, max-video-preview:-1\" \/>\n<link rel=\"canonical\" href=\"https:\/\/deveho.com\/sk\/produkty\/integracia-doplnkov-pre-firmy\/\" \/>\n<meta property=\"og:locale\" content=\"sk_SK\" \/>\n<meta property=\"og:type\" content=\"article\" \/>\n<meta property=\"og:title\" content=\"Integr\u00e1cia doplnkov pre firmy - Deveho\" \/>\n<meta property=\"og:description\" content=\"Ako integr\u00e1tor syst\u00e9mu Sage X3 spolo\u010dnos\u0165 Deveho pravidelne zav\u00e1dza \u0161irok\u00fa \u0161k\u00e1lu rozhran\u00ed s rie\u0161eniami tret\u00edch str\u00e1n. Spolo\u010dnos\u0165 Deveho m\u00e1 bohat\u00e9 sk\u00fasenosti s r\u00f4znymi softv\u00e9rmi na trhu alebo s vlastn\u00fdmi aplik\u00e1ciami.\" \/>\n<meta property=\"og:url\" content=\"https:\/\/deveho.com\/sk\/produkty\/integracia-doplnkov-pre-firmy\/\" \/>\n<meta property=\"og:site_name\" content=\"Deveho\" \/>\n<meta property=\"article:publisher\" content=\"https:\/\/www.facebook.com\/deveho\" \/>\n<meta property=\"article:modified_time\" content=\"2026-04-07T07:46:06+00:00\" \/>\n<meta name=\"twitter:card\" content=\"summary_large_image\" \/>\n<meta name=\"twitter:site\" content=\"@Deveho1\" \/>\n<meta name=\"twitter:label1\" content=\"Predpokladan\u00fd \u010das \u010d\u00edtania\" \/>\n\t<meta name=\"twitter:data1\" content=\"2 min\u00faty\" \/>\n<script type=\"application\/ld+json\" class=\"yoast-schema-graph\">{\"@context\":\"https:\/\/schema.org\",\"@graph\":[{\"@type\":\"WebPage\",\"@id\":\"https:\/\/deveho.com\/sk\/produkty\/integracia-doplnkov-pre-firmy\/\",\"url\":\"https:\/\/deveho.com\/sk\/produkty\/integracia-doplnkov-pre-firmy\/\",\"name\":\"Integr\u00e1cia doplnkov pre firmy - Deveho\",\"isPartOf\":{\"@id\":\"https:\/\/deveho.com\/#website\"},\"datePublished\":\"2022-03-18T13:44:30+00:00\",\"dateModified\":\"2026-04-07T07:46:06+00:00\",\"breadcrumb\":{\"@id\":\"https:\/\/deveho.com\/sk\/produkty\/integracia-doplnkov-pre-firmy\/#breadcrumb\"},\"inLanguage\":\"sk-SK\",\"potentialAction\":[{\"@type\":\"ReadAction\",\"target\":[\"https:\/\/deveho.com\/sk\/produkty\/integracia-doplnkov-pre-firmy\/\"]}]},{\"@type\":\"BreadcrumbList\",\"@id\":\"https:\/\/deveho.com\/sk\/produkty\/integracia-doplnkov-pre-firmy\/#breadcrumb\",\"itemListElement\":[{\"@type\":\"ListItem\",\"position\":1,\"name\":\"Home\",\"item\":\"https:\/\/deveho.com\/sk\/\"},{\"@type\":\"ListItem\",\"position\":2,\"name\":\"Produkty\",\"item\":\"https:\/\/deveho.com\/sk\/produkty\/\"},{\"@type\":\"ListItem\",\"position\":3,\"name\":\"Integr\u00e1cia doplnkov pre firmy\"}]},{\"@type\":\"WebSite\",\"@id\":\"https:\/\/deveho.com\/#website\",\"url\":\"https:\/\/deveho.com\/\",\"name\":\"Deveho Consulting Group\",\"description\":\"Let\u2019s boost your growth\",\"publisher\":{\"@id\":\"https:\/\/deveho.com\/#organization\"},\"potentialAction\":[{\"@type\":\"SearchAction\",\"target\":{\"@type\":\"EntryPoint\",\"urlTemplate\":\"https:\/\/deveho.com\/?s={search_term_string}\"},\"query-input\":{\"@type\":\"PropertyValueSpecification\",\"valueRequired\":true,\"valueName\":\"search_term_string\"}}],\"inLanguage\":\"sk-SK\"},{\"@type\":\"Organization\",\"@id\":\"https:\/\/deveho.com\/#organization\",\"name\":\"Deveho Consulting Group\",\"url\":\"https:\/\/deveho.com\/\",\"logo\":{\"@type\":\"ImageObject\",\"inLanguage\":\"sk-SK\",\"@id\":\"https:\/\/deveho.com\/#\/schema\/logo\/image\/\",\"url\":\"https:\/\/deveho.com\/wp-content\/uploads\/2023\/02\/DEVEHO-LOGO-Baseline-COLOR.png\",\"contentUrl\":\"https:\/\/deveho.com\/wp-content\/uploads\/2023\/02\/DEVEHO-LOGO-Baseline-COLOR.png\",\"width\":2251,\"height\":585,\"caption\":\"Deveho Consulting Group\"},\"image\":{\"@id\":\"https:\/\/deveho.com\/#\/schema\/logo\/image\/\"},\"sameAs\":[\"https:\/\/www.facebook.com\/deveho\",\"https:\/\/x.com\/Deveho1\",\"https:\/\/www.linkedin.com\/company\/deveho-consulting\/\"]}]}<\/script>\n<!-- \/ Yoast SEO plugin. -->","yoast_head_json":{"title":"Integr\u00e1cia doplnkov pre firmy - Deveho","robots":{"index":"index","follow":"follow","max-snippet":"max-snippet:-1","max-image-preview":"max-image-preview:large","max-video-preview":"max-video-preview:-1"},"canonical":"https:\/\/deveho.com\/sk\/produkty\/integracia-doplnkov-pre-firmy\/","og_locale":"sk_SK","og_type":"article","og_title":"Integr\u00e1cia doplnkov pre firmy - Deveho","og_description":"Ako integr\u00e1tor syst\u00e9mu Sage X3 spolo\u010dnos\u0165 Deveho pravidelne zav\u00e1dza \u0161irok\u00fa \u0161k\u00e1lu rozhran\u00ed s rie\u0161eniami tret\u00edch str\u00e1n. Spolo\u010dnos\u0165 Deveho m\u00e1 bohat\u00e9 sk\u00fasenosti s r\u00f4znymi softv\u00e9rmi na trhu alebo s vlastn\u00fdmi aplik\u00e1ciami.","og_url":"https:\/\/deveho.com\/sk\/produkty\/integracia-doplnkov-pre-firmy\/","og_site_name":"Deveho","article_publisher":"https:\/\/www.facebook.com\/deveho","article_modified_time":"2026-04-07T07:46:06+00:00","twitter_card":"summary_large_image","twitter_site":"@Deveho1","twitter_misc":{"Predpokladan\u00fd \u010das \u010d\u00edtania":"2 min\u00faty"},"schema":{"@context":"https:\/\/schema.org","@graph":[{"@type":"WebPage","@id":"https:\/\/deveho.com\/sk\/produkty\/integracia-doplnkov-pre-firmy\/","url":"https:\/\/deveho.com\/sk\/produkty\/integracia-doplnkov-pre-firmy\/","name":"Integr\u00e1cia doplnkov pre firmy - Deveho","isPartOf":{"@id":"https:\/\/deveho.com\/#website"},"datePublished":"2022-03-18T13:44:30+00:00","dateModified":"2026-04-07T07:46:06+00:00","breadcrumb":{"@id":"https:\/\/deveho.com\/sk\/produkty\/integracia-doplnkov-pre-firmy\/#breadcrumb"},"inLanguage":"sk-SK","potentialAction":[{"@type":"ReadAction","target":["https:\/\/deveho.com\/sk\/produkty\/integracia-doplnkov-pre-firmy\/"]}]},{"@type":"BreadcrumbList","@id":"https:\/\/deveho.com\/sk\/produkty\/integracia-doplnkov-pre-firmy\/#breadcrumb","itemListElement":[{"@type":"ListItem","position":1,"name":"Home","item":"https:\/\/deveho.com\/sk\/"},{"@type":"ListItem","position":2,"name":"Produkty","item":"https:\/\/deveho.com\/sk\/produkty\/"},{"@type":"ListItem","position":3,"name":"Integr\u00e1cia doplnkov pre firmy"}]},{"@type":"WebSite","@id":"https:\/\/deveho.com\/#website","url":"https:\/\/deveho.com\/","name":"Deveho Consulting Group","description":"Let\u2019s boost your growth","publisher":{"@id":"https:\/\/deveho.com\/#organization"},"potentialAction":[{"@type":"SearchAction","target":{"@type":"EntryPoint","urlTemplate":"https:\/\/deveho.com\/?s={search_term_string}"},"query-input":{"@type":"PropertyValueSpecification","valueRequired":true,"valueName":"search_term_string"}}],"inLanguage":"sk-SK"},{"@type":"Organization","@id":"https:\/\/deveho.com\/#organization","name":"Deveho Consulting Group","url":"https:\/\/deveho.com\/","logo":{"@type":"ImageObject","inLanguage":"sk-SK","@id":"https:\/\/deveho.com\/#\/schema\/logo\/image\/","url":"https:\/\/deveho.com\/wp-content\/uploads\/2023\/02\/DEVEHO-LOGO-Baseline-COLOR.png","contentUrl":"https:\/\/deveho.com\/wp-content\/uploads\/2023\/02\/DEVEHO-LOGO-Baseline-COLOR.png","width":2251,"height":585,"caption":"Deveho Consulting Group"},"image":{"@id":"https:\/\/deveho.com\/#\/schema\/logo\/image\/"},"sameAs":["https:\/\/www.facebook.com\/deveho","https:\/\/x.com\/Deveho1","https:\/\/www.linkedin.com\/company\/deveho-consulting\/"]}]}},"_links":{"self":[{"href":"https:\/\/deveho.com\/sk\/wp-json\/wp\/v2\/pages\/9515"}],"collection":[{"href":"https:\/\/deveho.com\/sk\/wp-json\/wp\/v2\/pages"}],"about":[{"href":"https:\/\/deveho.com\/sk\/wp-json\/wp\/v2\/types\/page"}],"author":[{"embeddable":true,"href":"https:\/\/deveho.com\/sk\/wp-json\/wp\/v2\/users\/3"}],"replies":[{"embeddable":true,"href":"https:\/\/deveho.com\/sk\/wp-json\/wp\/v2\/comments?post=9515"}],"version-history":[{"count":7,"href":"https:\/\/deveho.com\/sk\/wp-json\/wp\/v2\/pages\/9515\/revisions"}],"predecessor-version":[{"id":48080,"href":"https:\/\/deveho.com\/sk\/wp-json\/wp\/v2\/pages\/9515\/revisions\/48080"}],"up":[{"embeddable":true,"href":"https:\/\/deveho.com\/sk\/wp-json\/wp\/v2\/pages\/10284"}],"wp:attachment":[{"href":"https:\/\/deveho.com\/sk\/wp-json\/wp\/v2\/media?parent=9515"}],"curies":[{"name":"wp","href":"https:\/\/api.w.org\/{rel}","templated":true}]}}