{"id":9551,"date":"2022-03-24T10:52:36","date_gmt":"2022-03-24T10:52:36","guid":{"rendered":"https:\/\/deveho2.sfdbeta.be\/sage-enterprise-intelligence\/"},"modified":"2025-03-28T12:17:22","modified_gmt":"2025-03-28T10:17:22","slug":"sage-enterprise-intelligence","status":"publish","type":"page","link":"https:\/\/deveho.com\/sk\/produkty\/sage-x3-marketplace\/sage-enterprise-intelligence\/","title":{"rendered":"Sage Enterprise Intelligence"},"content":{"rendered":"<br \/>\n<h2><\/h2>\n<h3>Sage Enterprise Intelligence v\u00e1m m\u00f4\u017ee pom\u00f4c\u0165<\/h3>\n<h3>Ak\u00e9 s\u00fa v\u00fdhody modulu ERP Business Intelligence?<\/h3>\n<\/p>\n<h3><red><b>V\u00fdhody<\/b><\/red> Sage Enterprise Intelligence<\/h3>\n<\/p>\n<p><b>Jednoduch\u00e9<\/b>: Umo\u017enite pou\u017e\u00edvate\u013eom analyzova\u0165 a hl\u00e1si\u0165 inform\u00e1cie samoobslu\u017en\u00fdm sp\u00f4sobom t\u00fdm, \u017ee im poskytnete intuit\u00edvne a \u013eahko pou\u017eite\u013en\u00e9 rie\u0161enie Business Intelligence.<\/p>\n<p><b>R\u00fdchle<\/b>: Zn\u00ed\u017ete \u010das str\u00e1ven\u00fd anal\u00fdzou a reportovan\u00edm a umo\u017enite r\u00fdchlej\u0161ie a informovanej\u0161ie rozhodovanie vo va\u0161ej organiz\u00e1cii t\u00fdm, \u017ee pou\u017e\u00edvate\u013eom poskytnete r\u00fdchly pr\u00edstup k inform\u00e1ci\u00e1m.<\/p>\n<p><b>Komplexn\u00e9<\/b>: Z\u00edskajte jasn\u00fd obraz o celom svojom podnikan\u00ed a rozv\u00edjajte spolupr\u00e1cu medzi oddeleniami. Tesn\u00e1 a bezpe\u010dn\u00e1 integr\u00e1cia so Sage Business Cloud X3 zais\u0165uje spo\u013eahlivos\u0165 d\u00f4le\u017eit\u00fdch obchodn\u00fdch inform\u00e1ci\u00ed, poskytuje podnikov\u00fdm pou\u017e\u00edvate\u013eom ucelen\u00fd preh\u013ead o podnikov\u00fdch \u00fadajoch v re\u00e1lnom \u010dase, podporuje koherentn\u00e9 rozhodovanie a podporuje neust\u00e1le zlep\u0161ovanie medzi jednotliv\u00fdmi funkciami.<\/p>\n<h3><red><b>Vlastnosti<\/b><\/red> Sage Enterprise Intelligence<\/h3>\n<\/p>\n<p>Intuit\u00edvne UI<\/p>\n<p>Mo\u017enosti viacer\u00fdch prehliada\u010dov<\/p>\n<p>\u00dadaje v re\u00e1lnom \u010dase, plne integrovan\u00e9 so Sage X3<\/p>\n<p>R\u00fdchle spracovanie ve\u013ek\u00e9ho mno\u017estva \u00fadajov<\/p>\n<p>KPI a \u0161abl\u00f3ny pripraven\u00e9 na pou\u017eitie<\/p>\n<p>Rozsiahla vizualiz\u00e1cia d\u00e1t (meradl\u00e1, mapy, grafy)<\/p>\n<p>Rozsiahle mo\u017enosti vyh\u013ead\u00e1vania<\/p>\n<p>Mo\u017enosti mobility<\/p>\n<p>Doplnok Microsoft\u00ae Excel\u00ae<\/p>\n<p>Integr\u00e1cia s va\u0161\u00edm rie\u0161en\u00edm pre riadenie podniku a in\u00fdmi zdrojmi<\/p>\n<p>Anal\u00fdzy pripraven\u00e9 na zdie\u013eanie<\/p>\n<h3>Sage Enterprise Intelligence je v s\u00falade s: <\/h3>\n<p><p>Sage Enterprise Intelligence (SEI) is a fully integrated business intelligence and data management solution that helps organisations make informed decisions based on real-time data. It empowers all users with a simple interface to access and analyse data in a self-sufficient manner and eliminates the need for disparate tools and specialised skills.<\/p>\n<\/p>\n<p>Sage X3<\/p>\n<p>Sage 100<\/p>\n<p>Sage 200<\/p>\n<p>Sage 500<\/p>\n<p>Sage 300<\/p>\n<p>Sage CRM<\/p>\n<p>Sage XRT<\/p>\n<h2><\/h2>\n<h3>S\u00favisiace str\u00e1nky<\/h3><\/p>\n","protected":false},"excerpt":{"rendered":"<p>Integrovan\u00e9 rie\u0161enie BI Sage Enterprise Intelligence pom\u00e1ha va\u0161im pou\u017e\u00edvate\u013eom robi\u0165 tie najlep\u0161ie rozhodnutia r\u00fdchlej\u0161ie so v\u0161etk\u00fdmi relevantn\u00fdmi \u00fadajmi, ktor\u00e9 potrebuj\u00fa.<br \/>\nPomocou SEI s\u00fa \u00fadaje extrahovan\u00e9, transformovan\u00e9, konsolidovan\u00e9, migrovan\u00e9 a prezentovan\u00e9 v jednoduchej forme, dostupn\u00e9 v re\u00e1lnom \u010dase, v samoobslu\u017enom re\u017eime a nieko\u013ek\u00fdmi kliknutiami.<br \/>\nErgonomick\u00e9 rie\u0161enie SEI podporuje auton\u00f3miu pou\u017e\u00edvate\u013ea bez potreby \u0161peci\u00e1lnych zru\u010dnost\u00ed.<\/p>\n","protected":false},"author":3,"featured_media":0,"parent":9565,"menu_order":0,"comment_status":"closed","ping_status":"closed","template":"templates\/template-prod_serv.php","meta":{"_acf_changed":false,"footnotes":""},"class_list":["post-9551","page","type-page","status-publish","hentry"],"acf":[],"yoast_head":"<!-- This site is optimized with the Yoast SEO plugin v23.5 - https:\/\/yoast.com\/wordpress\/plugins\/seo\/ -->\n<title>Sage Enterprise Intelligence - Deveho<\/title>\n<meta name=\"robots\" content=\"index, follow, max-snippet:-1, max-image-preview:large, max-video-preview:-1\" \/>\n<link rel=\"canonical\" href=\"https:\/\/deveho.com\/sk\/produkty\/sage-x3-marketplace\/sage-enterprise-intelligence\/\" \/>\n<meta property=\"og:locale\" content=\"sk_SK\" \/>\n<meta property=\"og:type\" content=\"article\" \/>\n<meta property=\"og:title\" content=\"Sage Enterprise Intelligence - Deveho\" \/>\n<meta property=\"og:description\" content=\"Integrovan\u00e9 rie\u0161enie BI Sage Enterprise Intelligence pom\u00e1ha va\u0161im pou\u017e\u00edvate\u013eom robi\u0165 tie najlep\u0161ie rozhodnutia r\u00fdchlej\u0161ie so v\u0161etk\u00fdmi relevantn\u00fdmi \u00fadajmi, ktor\u00e9 potrebuj\u00fa. Pomocou SEI s\u00fa \u00fadaje extrahovan\u00e9, transformovan\u00e9, konsolidovan\u00e9, migrovan\u00e9 a prezentovan\u00e9 v jednoduchej forme, dostupn\u00e9 v re\u00e1lnom \u010dase, v samoobslu\u017enom re\u017eime a nieko\u013ek\u00fdmi kliknutiami. Ergonomick\u00e9 rie\u0161enie SEI podporuje auton\u00f3miu pou\u017e\u00edvate\u013ea bez potreby \u0161peci\u00e1lnych zru\u010dnost\u00ed.\" \/>\n<meta property=\"og:url\" content=\"https:\/\/deveho.com\/sk\/produkty\/sage-x3-marketplace\/sage-enterprise-intelligence\/\" \/>\n<meta property=\"og:site_name\" content=\"Deveho\" \/>\n<meta property=\"article:publisher\" content=\"https:\/\/www.facebook.com\/deveho\" \/>\n<meta property=\"article:modified_time\" content=\"2025-03-28T10:17:22+00:00\" \/>\n<meta name=\"twitter:card\" content=\"summary_large_image\" \/>\n<meta name=\"twitter:site\" content=\"@Deveho1\" \/>\n<meta name=\"twitter:label1\" content=\"Predpokladan\u00fd \u010das \u010d\u00edtania\" \/>\n\t<meta name=\"twitter:data1\" content=\"2 min\u00faty\" \/>\n<script type=\"application\/ld+json\" class=\"yoast-schema-graph\">{\"@context\":\"https:\/\/schema.org\",\"@graph\":[{\"@type\":\"WebPage\",\"@id\":\"https:\/\/deveho.com\/sk\/produkty\/sage-x3-marketplace\/sage-enterprise-intelligence\/\",\"url\":\"https:\/\/deveho.com\/sk\/produkty\/sage-x3-marketplace\/sage-enterprise-intelligence\/\",\"name\":\"Sage Enterprise Intelligence - Deveho\",\"isPartOf\":{\"@id\":\"https:\/\/deveho.com\/#website\"},\"datePublished\":\"2022-03-24T10:52:36+00:00\",\"dateModified\":\"2025-03-28T10:17:22+00:00\",\"breadcrumb\":{\"@id\":\"https:\/\/deveho.com\/sk\/produkty\/sage-x3-marketplace\/sage-enterprise-intelligence\/#breadcrumb\"},\"inLanguage\":\"sk-SK\",\"potentialAction\":[{\"@type\":\"ReadAction\",\"target\":[\"https:\/\/deveho.com\/sk\/produkty\/sage-x3-marketplace\/sage-enterprise-intelligence\/\"]}]},{\"@type\":\"BreadcrumbList\",\"@id\":\"https:\/\/deveho.com\/sk\/produkty\/sage-x3-marketplace\/sage-enterprise-intelligence\/#breadcrumb\",\"itemListElement\":[{\"@type\":\"ListItem\",\"position\":1,\"name\":\"Home\",\"item\":\"https:\/\/deveho.com\/sk\/\"},{\"@type\":\"ListItem\",\"position\":2,\"name\":\"Produkty\",\"item\":\"https:\/\/deveho.com\/sk\/produkty\/\"},{\"@type\":\"ListItem\",\"position\":3,\"name\":\"Sage X3 Marketplace\",\"item\":\"https:\/\/deveho.com\/sk\/produkty\/sage-x3-marketplace\/\"},{\"@type\":\"ListItem\",\"position\":4,\"name\":\"Sage Enterprise Intelligence\"}]},{\"@type\":\"WebSite\",\"@id\":\"https:\/\/deveho.com\/#website\",\"url\":\"https:\/\/deveho.com\/\",\"name\":\"Deveho Consulting Group\",\"description\":\"Let\u2019s boost your growth\",\"publisher\":{\"@id\":\"https:\/\/deveho.com\/#organization\"},\"potentialAction\":[{\"@type\":\"SearchAction\",\"target\":{\"@type\":\"EntryPoint\",\"urlTemplate\":\"https:\/\/deveho.com\/?s={search_term_string}\"},\"query-input\":{\"@type\":\"PropertyValueSpecification\",\"valueRequired\":true,\"valueName\":\"search_term_string\"}}],\"inLanguage\":\"sk-SK\"},{\"@type\":\"Organization\",\"@id\":\"https:\/\/deveho.com\/#organization\",\"name\":\"Deveho Consulting Group\",\"url\":\"https:\/\/deveho.com\/\",\"logo\":{\"@type\":\"ImageObject\",\"inLanguage\":\"sk-SK\",\"@id\":\"https:\/\/deveho.com\/#\/schema\/logo\/image\/\",\"url\":\"https:\/\/deveho.com\/wp-content\/uploads\/2023\/02\/DEVEHO-LOGO-Baseline-COLOR.png\",\"contentUrl\":\"https:\/\/deveho.com\/wp-content\/uploads\/2023\/02\/DEVEHO-LOGO-Baseline-COLOR.png\",\"width\":2251,\"height\":585,\"caption\":\"Deveho Consulting Group\"},\"image\":{\"@id\":\"https:\/\/deveho.com\/#\/schema\/logo\/image\/\"},\"sameAs\":[\"https:\/\/www.facebook.com\/deveho\",\"https:\/\/x.com\/Deveho1\",\"https:\/\/www.linkedin.com\/company\/deveho-consulting\/\"]}]}<\/script>\n<!-- \/ Yoast SEO plugin. -->","yoast_head_json":{"title":"Sage Enterprise Intelligence - Deveho","robots":{"index":"index","follow":"follow","max-snippet":"max-snippet:-1","max-image-preview":"max-image-preview:large","max-video-preview":"max-video-preview:-1"},"canonical":"https:\/\/deveho.com\/sk\/produkty\/sage-x3-marketplace\/sage-enterprise-intelligence\/","og_locale":"sk_SK","og_type":"article","og_title":"Sage Enterprise Intelligence - Deveho","og_description":"Integrovan\u00e9 rie\u0161enie BI Sage Enterprise Intelligence pom\u00e1ha va\u0161im pou\u017e\u00edvate\u013eom robi\u0165 tie najlep\u0161ie rozhodnutia r\u00fdchlej\u0161ie so v\u0161etk\u00fdmi relevantn\u00fdmi \u00fadajmi, ktor\u00e9 potrebuj\u00fa. Pomocou SEI s\u00fa \u00fadaje extrahovan\u00e9, transformovan\u00e9, konsolidovan\u00e9, migrovan\u00e9 a prezentovan\u00e9 v jednoduchej forme, dostupn\u00e9 v re\u00e1lnom \u010dase, v samoobslu\u017enom re\u017eime a nieko\u013ek\u00fdmi kliknutiami. Ergonomick\u00e9 rie\u0161enie SEI podporuje auton\u00f3miu pou\u017e\u00edvate\u013ea bez potreby \u0161peci\u00e1lnych zru\u010dnost\u00ed.","og_url":"https:\/\/deveho.com\/sk\/produkty\/sage-x3-marketplace\/sage-enterprise-intelligence\/","og_site_name":"Deveho","article_publisher":"https:\/\/www.facebook.com\/deveho","article_modified_time":"2025-03-28T10:17:22+00:00","twitter_card":"summary_large_image","twitter_site":"@Deveho1","twitter_misc":{"Predpokladan\u00fd \u010das \u010d\u00edtania":"2 min\u00faty"},"schema":{"@context":"https:\/\/schema.org","@graph":[{"@type":"WebPage","@id":"https:\/\/deveho.com\/sk\/produkty\/sage-x3-marketplace\/sage-enterprise-intelligence\/","url":"https:\/\/deveho.com\/sk\/produkty\/sage-x3-marketplace\/sage-enterprise-intelligence\/","name":"Sage Enterprise Intelligence - Deveho","isPartOf":{"@id":"https:\/\/deveho.com\/#website"},"datePublished":"2022-03-24T10:52:36+00:00","dateModified":"2025-03-28T10:17:22+00:00","breadcrumb":{"@id":"https:\/\/deveho.com\/sk\/produkty\/sage-x3-marketplace\/sage-enterprise-intelligence\/#breadcrumb"},"inLanguage":"sk-SK","potentialAction":[{"@type":"ReadAction","target":["https:\/\/deveho.com\/sk\/produkty\/sage-x3-marketplace\/sage-enterprise-intelligence\/"]}]},{"@type":"BreadcrumbList","@id":"https:\/\/deveho.com\/sk\/produkty\/sage-x3-marketplace\/sage-enterprise-intelligence\/#breadcrumb","itemListElement":[{"@type":"ListItem","position":1,"name":"Home","item":"https:\/\/deveho.com\/sk\/"},{"@type":"ListItem","position":2,"name":"Produkty","item":"https:\/\/deveho.com\/sk\/produkty\/"},{"@type":"ListItem","position":3,"name":"Sage X3 Marketplace","item":"https:\/\/deveho.com\/sk\/produkty\/sage-x3-marketplace\/"},{"@type":"ListItem","position":4,"name":"Sage Enterprise Intelligence"}]},{"@type":"WebSite","@id":"https:\/\/deveho.com\/#website","url":"https:\/\/deveho.com\/","name":"Deveho Consulting Group","description":"Let\u2019s boost your growth","publisher":{"@id":"https:\/\/deveho.com\/#organization"},"potentialAction":[{"@type":"SearchAction","target":{"@type":"EntryPoint","urlTemplate":"https:\/\/deveho.com\/?s={search_term_string}"},"query-input":{"@type":"PropertyValueSpecification","valueRequired":true,"valueName":"search_term_string"}}],"inLanguage":"sk-SK"},{"@type":"Organization","@id":"https:\/\/deveho.com\/#organization","name":"Deveho Consulting Group","url":"https:\/\/deveho.com\/","logo":{"@type":"ImageObject","inLanguage":"sk-SK","@id":"https:\/\/deveho.com\/#\/schema\/logo\/image\/","url":"https:\/\/deveho.com\/wp-content\/uploads\/2023\/02\/DEVEHO-LOGO-Baseline-COLOR.png","contentUrl":"https:\/\/deveho.com\/wp-content\/uploads\/2023\/02\/DEVEHO-LOGO-Baseline-COLOR.png","width":2251,"height":585,"caption":"Deveho Consulting Group"},"image":{"@id":"https:\/\/deveho.com\/#\/schema\/logo\/image\/"},"sameAs":["https:\/\/www.facebook.com\/deveho","https:\/\/x.com\/Deveho1","https:\/\/www.linkedin.com\/company\/deveho-consulting\/"]}]}},"_links":{"self":[{"href":"https:\/\/deveho.com\/sk\/wp-json\/wp\/v2\/pages\/9551"}],"collection":[{"href":"https:\/\/deveho.com\/sk\/wp-json\/wp\/v2\/pages"}],"about":[{"href":"https:\/\/deveho.com\/sk\/wp-json\/wp\/v2\/types\/page"}],"author":[{"embeddable":true,"href":"https:\/\/deveho.com\/sk\/wp-json\/wp\/v2\/users\/3"}],"replies":[{"embeddable":true,"href":"https:\/\/deveho.com\/sk\/wp-json\/wp\/v2\/comments?post=9551"}],"version-history":[{"count":2,"href":"https:\/\/deveho.com\/sk\/wp-json\/wp\/v2\/pages\/9551\/revisions"}],"predecessor-version":[{"id":39018,"href":"https:\/\/deveho.com\/sk\/wp-json\/wp\/v2\/pages\/9551\/revisions\/39018"}],"up":[{"embeddable":true,"href":"https:\/\/deveho.com\/sk\/wp-json\/wp\/v2\/pages\/9565"}],"wp:attachment":[{"href":"https:\/\/deveho.com\/sk\/wp-json\/wp\/v2\/media?parent=9551"}],"curies":[{"name":"wp","href":"https:\/\/api.w.org\/{rel}","templated":true}]}}