{"id":9554,"date":"2022-03-24T15:48:12","date_gmt":"2022-03-24T15:48:12","guid":{"rendered":"https:\/\/deveho2.sfdbeta.be\/sage-web-scheduling\/"},"modified":"2023-09-28T15:28:12","modified_gmt":"2023-09-28T13:28:12","slug":"sage-web-scheduling","status":"publish","type":"page","link":"https:\/\/deveho.com\/sk\/produkty\/sage-x3-marketplace\/sage-web-scheduling\/","title":{"rendered":"Sage Web Scheduling"},"content":{"rendered":"<br \/>\n<h2><\/h2>\n<h3><red>Pr\u00ednosy <\/red> z Sage Web Scheduling<\/h3>\n<h3>Sage X3 Web Scheduling automatizuje cel\u00fd v\u00fdrobn\u00fd re\u0165azec, po\u010dn\u00fac z\u00e1kazn\u00edkmi a v\u00fdrobn\u00fdmi objedn\u00e1vkami, identifikuje materi\u00e1lov\u00e9 a n\u00e1strojov\u00e9 obmedzenia a \u00fazke miesta v\u00fdroby. V\u010faka dashboardom, ktor\u00e9 u\u013eah\u010duj\u00fa anal\u00fdzu a simul\u00e1cie, m\u00f4\u017eete efekt\u00edvne riadi\u0165 zmeny a priority ide\u00e1lnych v\u00fdrobn\u00fdch sekvenci\u00ed.<\/h3>\n<ul>\n<li>Pl\u00e1nova\u010d s viacer\u00fdmi faktormi vplyvu na celkov\u00fa v\u00fdrobu a vytv\u00e1ranie viacer\u00fdch simul\u00e1ci\u00ed s\u00fa\u010dasne<\/li>\n<li>Vytvorte realistick\u00e9 a optimalizovan\u00e9 pl\u00e1ny v\u00fdroby v Sage X3<\/li>\n<li>Dodr\u017eiavajte term\u00edny dod\u00e1vok a z\u00e1rove\u0148 vyu\u017e\u00edvajte v\u00fdrobn\u00e9 zdroje \u010do najefekt\u00edvnej\u0161ie<\/li>\n<li>Zn\u00ed\u017eenie neprodukt\u00edvneho \u010dasu<\/li>\n<li>Synchroniz\u00e1cia cel\u00e9ho dod\u00e1vate\u013esk\u00e9ho re\u0165azca<\/li>\n<li>Identifik\u00e1cia a mana\u017ement \u00fazkych miest a ch\u00fdbaj\u00facich materi\u00e1lov alebo zdrojov<\/li>\n<li>Zlep\u0161en\u00e1 odozva na nepredv\u00eddan\u00e9 udalosti<\/li>\n<li>U\u017e\u00edvate\u013esky pr\u00edvetiv\u00e9 a prisp\u00f4sobite\u013en\u00e9 webov\u00e9 rozhranie pre v\u00fdrobn\u00e9 pl\u00e1ny, monitorovanie a vykon\u00e1vanie \u00faprav<\/li>\n<li>Vytv\u00e1ranie simul\u00e1ci\u00ed a multi-simul\u00e1ci\u00ed s anal\u00fdzami pod\u013ea scen\u00e1rov zalo\u017een\u00fdch na r\u00f4znych heuristick\u00fdch predpokladoch<\/li>\n<li>Konfigurovate\u013en\u00e9 reporty pre simula\u010dn\u00fa anal\u00fdzu<\/li>\n<\/ul>\n<h2><\/h2>\n<h3><red>Hlavn\u00e9 \u010dasti rie\u0161enia <\/red>Sage Web Scheduling <\/h3>\n<h3><\/h3>\n<\/p>\n<h2>Nav\u0161t\u00edvte n\u00e1\u0161 blog a z\u00edskajte pr\u00edstup k \u010dl\u00e1nkom a inform\u00e1ci\u00e1m zameran\u00fdm na k\u013e\u00fa\u010dov\u00e9 t\u00e9my v\u00e1\u0161ho podnikania.<\/h2>\n<h3><red>Zdroje<\/red>      <\/h3><\/p>\n","protected":false},"excerpt":{"rendered":"<p>Sage X3 Web Scheduling je kompletn\u00e9 webov\u00e9 pl\u00e1novacie rie\u0161enie, ktor\u00e9 optimalizuje va\u0161e v\u00fdrobn\u00e9 pl\u00e1ny, skracuje \u010das pr\u00edpravy, synchronizuje va\u0161u v\u00fdrobn\u00fa linku a d\u00e1tumy dodania. Web Scheduling automatizuje cel\u00fd v\u00fdrobn\u00fd re\u0165azec, po\u010dn\u00fac z\u00e1kazn\u00edkmi a v\u00fdrobn\u00fdmi objedn\u00e1vkami, identifikuje materi\u00e1lov\u00e9 a n\u00e1strojov\u00e9 obmedzenia a \u00fazke miesta v\u00fdroby.<\/p>\n","protected":false},"author":3,"featured_media":0,"parent":9565,"menu_order":0,"comment_status":"closed","ping_status":"closed","template":"templates\/template-prod_serv.php","meta":{"_acf_changed":false,"footnotes":""},"class_list":["post-9554","page","type-page","status-publish","hentry"],"acf":[],"yoast_head":"<!-- This site is optimized with the Yoast SEO plugin v23.5 - https:\/\/yoast.com\/wordpress\/plugins\/seo\/ -->\n<title>Sage Web Scheduling - Deveho<\/title>\n<meta name=\"robots\" content=\"index, follow, max-snippet:-1, max-image-preview:large, max-video-preview:-1\" \/>\n<link rel=\"canonical\" href=\"https:\/\/deveho.com\/sk\/produkty\/sage-x3-marketplace\/sage-web-scheduling\/\" \/>\n<meta property=\"og:locale\" content=\"sk_SK\" \/>\n<meta property=\"og:type\" content=\"article\" \/>\n<meta property=\"og:title\" content=\"Sage Web Scheduling - Deveho\" \/>\n<meta property=\"og:description\" content=\"Sage X3 Web Scheduling je kompletn\u00e9 webov\u00e9 pl\u00e1novacie rie\u0161enie, ktor\u00e9 optimalizuje va\u0161e v\u00fdrobn\u00e9 pl\u00e1ny, skracuje \u010das pr\u00edpravy, synchronizuje va\u0161u v\u00fdrobn\u00fa linku a d\u00e1tumy dodania. Web Scheduling automatizuje cel\u00fd v\u00fdrobn\u00fd re\u0165azec, po\u010dn\u00fac z\u00e1kazn\u00edkmi a v\u00fdrobn\u00fdmi objedn\u00e1vkami, identifikuje materi\u00e1lov\u00e9 a n\u00e1strojov\u00e9 obmedzenia a \u00fazke miesta v\u00fdroby.\" \/>\n<meta property=\"og:url\" content=\"https:\/\/deveho.com\/sk\/produkty\/sage-x3-marketplace\/sage-web-scheduling\/\" \/>\n<meta property=\"og:site_name\" content=\"Deveho\" \/>\n<meta property=\"article:publisher\" content=\"https:\/\/www.facebook.com\/deveho\" \/>\n<meta property=\"article:modified_time\" content=\"2023-09-28T13:28:12+00:00\" \/>\n<meta name=\"twitter:card\" content=\"summary_large_image\" \/>\n<meta name=\"twitter:site\" content=\"@Deveho1\" \/>\n<meta name=\"twitter:label1\" content=\"Predpokladan\u00fd \u010das \u010d\u00edtania\" \/>\n\t<meta name=\"twitter:data1\" content=\"1 min\u00fata\" \/>\n<script type=\"application\/ld+json\" class=\"yoast-schema-graph\">{\"@context\":\"https:\/\/schema.org\",\"@graph\":[{\"@type\":\"WebPage\",\"@id\":\"https:\/\/deveho.com\/sk\/produkty\/sage-x3-marketplace\/sage-web-scheduling\/\",\"url\":\"https:\/\/deveho.com\/sk\/produkty\/sage-x3-marketplace\/sage-web-scheduling\/\",\"name\":\"Sage Web Scheduling - Deveho\",\"isPartOf\":{\"@id\":\"https:\/\/deveho.com\/#website\"},\"datePublished\":\"2022-03-24T15:48:12+00:00\",\"dateModified\":\"2023-09-28T13:28:12+00:00\",\"breadcrumb\":{\"@id\":\"https:\/\/deveho.com\/sk\/produkty\/sage-x3-marketplace\/sage-web-scheduling\/#breadcrumb\"},\"inLanguage\":\"sk-SK\",\"potentialAction\":[{\"@type\":\"ReadAction\",\"target\":[\"https:\/\/deveho.com\/sk\/produkty\/sage-x3-marketplace\/sage-web-scheduling\/\"]}]},{\"@type\":\"BreadcrumbList\",\"@id\":\"https:\/\/deveho.com\/sk\/produkty\/sage-x3-marketplace\/sage-web-scheduling\/#breadcrumb\",\"itemListElement\":[{\"@type\":\"ListItem\",\"position\":1,\"name\":\"Home\",\"item\":\"https:\/\/deveho.com\/sk\/\"},{\"@type\":\"ListItem\",\"position\":2,\"name\":\"Produkty\",\"item\":\"https:\/\/deveho.com\/sk\/produkty\/\"},{\"@type\":\"ListItem\",\"position\":3,\"name\":\"Sage X3 Marketplace\",\"item\":\"https:\/\/deveho.com\/sk\/produkty\/sage-x3-marketplace\/\"},{\"@type\":\"ListItem\",\"position\":4,\"name\":\"Sage Web Scheduling\"}]},{\"@type\":\"WebSite\",\"@id\":\"https:\/\/deveho.com\/#website\",\"url\":\"https:\/\/deveho.com\/\",\"name\":\"Deveho Consulting Group\",\"description\":\"Let\u2019s boost your growth\",\"publisher\":{\"@id\":\"https:\/\/deveho.com\/#organization\"},\"potentialAction\":[{\"@type\":\"SearchAction\",\"target\":{\"@type\":\"EntryPoint\",\"urlTemplate\":\"https:\/\/deveho.com\/?s={search_term_string}\"},\"query-input\":{\"@type\":\"PropertyValueSpecification\",\"valueRequired\":true,\"valueName\":\"search_term_string\"}}],\"inLanguage\":\"sk-SK\"},{\"@type\":\"Organization\",\"@id\":\"https:\/\/deveho.com\/#organization\",\"name\":\"Deveho Consulting Group\",\"url\":\"https:\/\/deveho.com\/\",\"logo\":{\"@type\":\"ImageObject\",\"inLanguage\":\"sk-SK\",\"@id\":\"https:\/\/deveho.com\/#\/schema\/logo\/image\/\",\"url\":\"https:\/\/deveho.com\/wp-content\/uploads\/2023\/02\/DEVEHO-LOGO-Baseline-COLOR.png\",\"contentUrl\":\"https:\/\/deveho.com\/wp-content\/uploads\/2023\/02\/DEVEHO-LOGO-Baseline-COLOR.png\",\"width\":2251,\"height\":585,\"caption\":\"Deveho Consulting Group\"},\"image\":{\"@id\":\"https:\/\/deveho.com\/#\/schema\/logo\/image\/\"},\"sameAs\":[\"https:\/\/www.facebook.com\/deveho\",\"https:\/\/x.com\/Deveho1\",\"https:\/\/www.linkedin.com\/company\/deveho-consulting\/\"]}]}<\/script>\n<!-- \/ Yoast SEO plugin. -->","yoast_head_json":{"title":"Sage Web Scheduling - Deveho","robots":{"index":"index","follow":"follow","max-snippet":"max-snippet:-1","max-image-preview":"max-image-preview:large","max-video-preview":"max-video-preview:-1"},"canonical":"https:\/\/deveho.com\/sk\/produkty\/sage-x3-marketplace\/sage-web-scheduling\/","og_locale":"sk_SK","og_type":"article","og_title":"Sage Web Scheduling - Deveho","og_description":"Sage X3 Web Scheduling je kompletn\u00e9 webov\u00e9 pl\u00e1novacie rie\u0161enie, ktor\u00e9 optimalizuje va\u0161e v\u00fdrobn\u00e9 pl\u00e1ny, skracuje \u010das pr\u00edpravy, synchronizuje va\u0161u v\u00fdrobn\u00fa linku a d\u00e1tumy dodania. Web Scheduling automatizuje cel\u00fd v\u00fdrobn\u00fd re\u0165azec, po\u010dn\u00fac z\u00e1kazn\u00edkmi a v\u00fdrobn\u00fdmi objedn\u00e1vkami, identifikuje materi\u00e1lov\u00e9 a n\u00e1strojov\u00e9 obmedzenia a \u00fazke miesta v\u00fdroby.","og_url":"https:\/\/deveho.com\/sk\/produkty\/sage-x3-marketplace\/sage-web-scheduling\/","og_site_name":"Deveho","article_publisher":"https:\/\/www.facebook.com\/deveho","article_modified_time":"2023-09-28T13:28:12+00:00","twitter_card":"summary_large_image","twitter_site":"@Deveho1","twitter_misc":{"Predpokladan\u00fd \u010das \u010d\u00edtania":"1 min\u00fata"},"schema":{"@context":"https:\/\/schema.org","@graph":[{"@type":"WebPage","@id":"https:\/\/deveho.com\/sk\/produkty\/sage-x3-marketplace\/sage-web-scheduling\/","url":"https:\/\/deveho.com\/sk\/produkty\/sage-x3-marketplace\/sage-web-scheduling\/","name":"Sage Web Scheduling - Deveho","isPartOf":{"@id":"https:\/\/deveho.com\/#website"},"datePublished":"2022-03-24T15:48:12+00:00","dateModified":"2023-09-28T13:28:12+00:00","breadcrumb":{"@id":"https:\/\/deveho.com\/sk\/produkty\/sage-x3-marketplace\/sage-web-scheduling\/#breadcrumb"},"inLanguage":"sk-SK","potentialAction":[{"@type":"ReadAction","target":["https:\/\/deveho.com\/sk\/produkty\/sage-x3-marketplace\/sage-web-scheduling\/"]}]},{"@type":"BreadcrumbList","@id":"https:\/\/deveho.com\/sk\/produkty\/sage-x3-marketplace\/sage-web-scheduling\/#breadcrumb","itemListElement":[{"@type":"ListItem","position":1,"name":"Home","item":"https:\/\/deveho.com\/sk\/"},{"@type":"ListItem","position":2,"name":"Produkty","item":"https:\/\/deveho.com\/sk\/produkty\/"},{"@type":"ListItem","position":3,"name":"Sage X3 Marketplace","item":"https:\/\/deveho.com\/sk\/produkty\/sage-x3-marketplace\/"},{"@type":"ListItem","position":4,"name":"Sage Web Scheduling"}]},{"@type":"WebSite","@id":"https:\/\/deveho.com\/#website","url":"https:\/\/deveho.com\/","name":"Deveho Consulting Group","description":"Let\u2019s boost your growth","publisher":{"@id":"https:\/\/deveho.com\/#organization"},"potentialAction":[{"@type":"SearchAction","target":{"@type":"EntryPoint","urlTemplate":"https:\/\/deveho.com\/?s={search_term_string}"},"query-input":{"@type":"PropertyValueSpecification","valueRequired":true,"valueName":"search_term_string"}}],"inLanguage":"sk-SK"},{"@type":"Organization","@id":"https:\/\/deveho.com\/#organization","name":"Deveho Consulting Group","url":"https:\/\/deveho.com\/","logo":{"@type":"ImageObject","inLanguage":"sk-SK","@id":"https:\/\/deveho.com\/#\/schema\/logo\/image\/","url":"https:\/\/deveho.com\/wp-content\/uploads\/2023\/02\/DEVEHO-LOGO-Baseline-COLOR.png","contentUrl":"https:\/\/deveho.com\/wp-content\/uploads\/2023\/02\/DEVEHO-LOGO-Baseline-COLOR.png","width":2251,"height":585,"caption":"Deveho Consulting Group"},"image":{"@id":"https:\/\/deveho.com\/#\/schema\/logo\/image\/"},"sameAs":["https:\/\/www.facebook.com\/deveho","https:\/\/x.com\/Deveho1","https:\/\/www.linkedin.com\/company\/deveho-consulting\/"]}]}},"_links":{"self":[{"href":"https:\/\/deveho.com\/sk\/wp-json\/wp\/v2\/pages\/9554"}],"collection":[{"href":"https:\/\/deveho.com\/sk\/wp-json\/wp\/v2\/pages"}],"about":[{"href":"https:\/\/deveho.com\/sk\/wp-json\/wp\/v2\/types\/page"}],"author":[{"embeddable":true,"href":"https:\/\/deveho.com\/sk\/wp-json\/wp\/v2\/users\/3"}],"replies":[{"embeddable":true,"href":"https:\/\/deveho.com\/sk\/wp-json\/wp\/v2\/comments?post=9554"}],"version-history":[{"count":0,"href":"https:\/\/deveho.com\/sk\/wp-json\/wp\/v2\/pages\/9554\/revisions"}],"up":[{"embeddable":true,"href":"https:\/\/deveho.com\/sk\/wp-json\/wp\/v2\/pages\/9565"}],"wp:attachment":[{"href":"https:\/\/deveho.com\/sk\/wp-json\/wp\/v2\/media?parent=9554"}],"curies":[{"name":"wp","href":"https:\/\/api.w.org\/{rel}","templated":true}]}}