{"id":9564,"date":"2022-03-25T14:21:41","date_gmt":"2022-03-25T14:21:41","guid":{"rendered":"https:\/\/deveho2.sfdbeta.be\/bezpapierovy-system\/"},"modified":"2025-10-30T12:35:28","modified_gmt":"2025-10-30T10:35:28","slug":"bezpapierovy-system","status":"publish","type":"page","link":"https:\/\/deveho.com\/sk\/produkty\/bezpapierovy-system\/","title":{"rendered":"Bezpapierov\u00fd syst\u00e9m"},"content":{"rendered":"<br \/>\n<h2>Bezpapierov\u00fd syst\u00e9m je snaha zn\u00ed\u017ei\u0165 \u010das a n\u00e1klady spojen\u00e9 so syst\u00e9mami zalo\u017een\u00fdmi na papieri. <\/h2>\n<h3><\/h3>\n<h3>Okrem vytv\u00e1rania elektronick\u00fdch dokumentov pon\u00faka prechod na bezpapierov\u00fd syst\u00e9m aj potenci\u00e1l na optimaliz\u00e1ciu zdie\u013eania \u00fadajov a procesov vo svete, kde s\u00fa digit\u00e1lne prostriedky hlavn\u00fdm vektorom inform\u00e1ci\u00ed a komunik\u00e1cie. Objedn\u00e1vky, cenov\u00e9 ponuky, fakt\u00fary a in\u00e9 dokumenty sa tak vyr\u00e1baj\u00fa elektronicky, \u010do u\u013eah\u010duje ich zdie\u013eanie, prezeranie a ukladanie.<\/h3>\n<p><p>Pomocou \u0161tandardn\u00fdch prepojen\u00ed s hlavn\u00fdmi trhov\u00fdmi rie\u0161eniami pon\u00faka Sage X3 mo\u017enos\u0165 efekt\u00edvneho a bezpe\u010dn\u00e9ho vstavan\u00e9ho elektronick\u00e9ho syst\u00e9mu spr\u00e1vy dokumentov (EDMS).<\/p>\n<p>V\u0161etky va\u0161e dokumenty s\u00fa prepojen\u00e9 v zodpovedaj\u00facich funkci\u00e1ch Sage X3, \u010d\u00edm sa eliminuj\u00fa probl\u00e9my s\u00favisiace s duplik\u00e1tmi a r\u00f4znymi verziami a z\u00e1rove\u0148 sa optimalizuj\u00fa medziodborov\u00e9 procesy medzi r\u00f4znymi oddeleniami vo va\u0161ej spolo\u010dnosti.<\/p>\n<\/p>\n<h2><\/h2>\n<h3>S\u00favisiace str\u00e1nky<\/h3>\n<\/p>\n<h3><\/h3>\n<\/p>\n<h3><\/h3><\/p>\n","protected":false},"excerpt":{"rendered":"<p>Optimalizujte a zabezpe\u010dte zdie\u013eanie dokumentov a \u00fadajov s partnermi, aby ste zv\u00fd\u0161ili efektivitu a dosiahli \u00faspory. Vzh\u013eadom na rast\u00face objemy \u00fadajov je prechod na bezpapierov\u00e9 met\u00f3dy hlavn\u00fdm z\u00e1ujmom spolo\u010dnost\u00ed.<\/p>\n","protected":false},"author":3,"featured_media":0,"parent":10284,"menu_order":0,"comment_status":"closed","ping_status":"closed","template":"templates\/template-prod_serv.php","meta":{"_acf_changed":false,"footnotes":""},"class_list":["post-9564","page","type-page","status-publish","hentry"],"acf":[],"yoast_head":"<!-- This site is optimized with the Yoast SEO plugin v23.5 - https:\/\/yoast.com\/wordpress\/plugins\/seo\/ -->\n<title>Bezpapierov\u00fd syst\u00e9m - Deveho<\/title>\n<meta name=\"robots\" content=\"index, follow, max-snippet:-1, max-image-preview:large, max-video-preview:-1\" \/>\n<link rel=\"canonical\" href=\"https:\/\/deveho.com\/sk\/produkty\/bezpapierovy-system\/\" \/>\n<meta property=\"og:locale\" content=\"sk_SK\" \/>\n<meta property=\"og:type\" content=\"article\" \/>\n<meta property=\"og:title\" content=\"Bezpapierov\u00fd syst\u00e9m - Deveho\" \/>\n<meta property=\"og:description\" content=\"Optimalizujte a zabezpe\u010dte zdie\u013eanie dokumentov a \u00fadajov s partnermi, aby ste zv\u00fd\u0161ili efektivitu a dosiahli \u00faspory. Vzh\u013eadom na rast\u00face objemy \u00fadajov je prechod na bezpapierov\u00e9 met\u00f3dy hlavn\u00fdm z\u00e1ujmom spolo\u010dnost\u00ed.\" \/>\n<meta property=\"og:url\" content=\"https:\/\/deveho.com\/sk\/produkty\/bezpapierovy-system\/\" \/>\n<meta property=\"og:site_name\" content=\"Deveho\" \/>\n<meta property=\"article:publisher\" content=\"https:\/\/www.facebook.com\/deveho\" \/>\n<meta property=\"article:modified_time\" content=\"2025-10-30T10:35:28+00:00\" \/>\n<meta name=\"twitter:card\" content=\"summary_large_image\" \/>\n<meta name=\"twitter:site\" content=\"@Deveho1\" \/>\n<meta name=\"twitter:label1\" content=\"Predpokladan\u00fd \u010das \u010d\u00edtania\" \/>\n\t<meta name=\"twitter:data1\" content=\"1 min\u00fata\" \/>\n<script type=\"application\/ld+json\" class=\"yoast-schema-graph\">{\"@context\":\"https:\/\/schema.org\",\"@graph\":[{\"@type\":\"WebPage\",\"@id\":\"https:\/\/deveho.com\/sk\/produkty\/bezpapierovy-system\/\",\"url\":\"https:\/\/deveho.com\/sk\/produkty\/bezpapierovy-system\/\",\"name\":\"Bezpapierov\u00fd syst\u00e9m - Deveho\",\"isPartOf\":{\"@id\":\"https:\/\/deveho.com\/#website\"},\"datePublished\":\"2022-03-25T14:21:41+00:00\",\"dateModified\":\"2025-10-30T10:35:28+00:00\",\"breadcrumb\":{\"@id\":\"https:\/\/deveho.com\/sk\/produkty\/bezpapierovy-system\/#breadcrumb\"},\"inLanguage\":\"sk-SK\",\"potentialAction\":[{\"@type\":\"ReadAction\",\"target\":[\"https:\/\/deveho.com\/sk\/produkty\/bezpapierovy-system\/\"]}]},{\"@type\":\"BreadcrumbList\",\"@id\":\"https:\/\/deveho.com\/sk\/produkty\/bezpapierovy-system\/#breadcrumb\",\"itemListElement\":[{\"@type\":\"ListItem\",\"position\":1,\"name\":\"Home\",\"item\":\"https:\/\/deveho.com\/sk\/\"},{\"@type\":\"ListItem\",\"position\":2,\"name\":\"Produkty\",\"item\":\"https:\/\/deveho.com\/sk\/produkty\/\"},{\"@type\":\"ListItem\",\"position\":3,\"name\":\"Bezpapierov\u00fd syst\u00e9m\"}]},{\"@type\":\"WebSite\",\"@id\":\"https:\/\/deveho.com\/#website\",\"url\":\"https:\/\/deveho.com\/\",\"name\":\"Deveho Consulting Group\",\"description\":\"Let\u2019s boost your growth\",\"publisher\":{\"@id\":\"https:\/\/deveho.com\/#organization\"},\"potentialAction\":[{\"@type\":\"SearchAction\",\"target\":{\"@type\":\"EntryPoint\",\"urlTemplate\":\"https:\/\/deveho.com\/?s={search_term_string}\"},\"query-input\":{\"@type\":\"PropertyValueSpecification\",\"valueRequired\":true,\"valueName\":\"search_term_string\"}}],\"inLanguage\":\"sk-SK\"},{\"@type\":\"Organization\",\"@id\":\"https:\/\/deveho.com\/#organization\",\"name\":\"Deveho Consulting Group\",\"url\":\"https:\/\/deveho.com\/\",\"logo\":{\"@type\":\"ImageObject\",\"inLanguage\":\"sk-SK\",\"@id\":\"https:\/\/deveho.com\/#\/schema\/logo\/image\/\",\"url\":\"https:\/\/deveho.com\/wp-content\/uploads\/2023\/02\/DEVEHO-LOGO-Baseline-COLOR.png\",\"contentUrl\":\"https:\/\/deveho.com\/wp-content\/uploads\/2023\/02\/DEVEHO-LOGO-Baseline-COLOR.png\",\"width\":2251,\"height\":585,\"caption\":\"Deveho Consulting Group\"},\"image\":{\"@id\":\"https:\/\/deveho.com\/#\/schema\/logo\/image\/\"},\"sameAs\":[\"https:\/\/www.facebook.com\/deveho\",\"https:\/\/x.com\/Deveho1\",\"https:\/\/www.linkedin.com\/company\/deveho-consulting\/\"]}]}<\/script>\n<!-- \/ Yoast SEO plugin. -->","yoast_head_json":{"title":"Bezpapierov\u00fd syst\u00e9m - Deveho","robots":{"index":"index","follow":"follow","max-snippet":"max-snippet:-1","max-image-preview":"max-image-preview:large","max-video-preview":"max-video-preview:-1"},"canonical":"https:\/\/deveho.com\/sk\/produkty\/bezpapierovy-system\/","og_locale":"sk_SK","og_type":"article","og_title":"Bezpapierov\u00fd syst\u00e9m - Deveho","og_description":"Optimalizujte a zabezpe\u010dte zdie\u013eanie dokumentov a \u00fadajov s partnermi, aby ste zv\u00fd\u0161ili efektivitu a dosiahli \u00faspory. Vzh\u013eadom na rast\u00face objemy \u00fadajov je prechod na bezpapierov\u00e9 met\u00f3dy hlavn\u00fdm z\u00e1ujmom spolo\u010dnost\u00ed.","og_url":"https:\/\/deveho.com\/sk\/produkty\/bezpapierovy-system\/","og_site_name":"Deveho","article_publisher":"https:\/\/www.facebook.com\/deveho","article_modified_time":"2025-10-30T10:35:28+00:00","twitter_card":"summary_large_image","twitter_site":"@Deveho1","twitter_misc":{"Predpokladan\u00fd \u010das \u010d\u00edtania":"1 min\u00fata"},"schema":{"@context":"https:\/\/schema.org","@graph":[{"@type":"WebPage","@id":"https:\/\/deveho.com\/sk\/produkty\/bezpapierovy-system\/","url":"https:\/\/deveho.com\/sk\/produkty\/bezpapierovy-system\/","name":"Bezpapierov\u00fd syst\u00e9m - Deveho","isPartOf":{"@id":"https:\/\/deveho.com\/#website"},"datePublished":"2022-03-25T14:21:41+00:00","dateModified":"2025-10-30T10:35:28+00:00","breadcrumb":{"@id":"https:\/\/deveho.com\/sk\/produkty\/bezpapierovy-system\/#breadcrumb"},"inLanguage":"sk-SK","potentialAction":[{"@type":"ReadAction","target":["https:\/\/deveho.com\/sk\/produkty\/bezpapierovy-system\/"]}]},{"@type":"BreadcrumbList","@id":"https:\/\/deveho.com\/sk\/produkty\/bezpapierovy-system\/#breadcrumb","itemListElement":[{"@type":"ListItem","position":1,"name":"Home","item":"https:\/\/deveho.com\/sk\/"},{"@type":"ListItem","position":2,"name":"Produkty","item":"https:\/\/deveho.com\/sk\/produkty\/"},{"@type":"ListItem","position":3,"name":"Bezpapierov\u00fd syst\u00e9m"}]},{"@type":"WebSite","@id":"https:\/\/deveho.com\/#website","url":"https:\/\/deveho.com\/","name":"Deveho Consulting Group","description":"Let\u2019s boost your growth","publisher":{"@id":"https:\/\/deveho.com\/#organization"},"potentialAction":[{"@type":"SearchAction","target":{"@type":"EntryPoint","urlTemplate":"https:\/\/deveho.com\/?s={search_term_string}"},"query-input":{"@type":"PropertyValueSpecification","valueRequired":true,"valueName":"search_term_string"}}],"inLanguage":"sk-SK"},{"@type":"Organization","@id":"https:\/\/deveho.com\/#organization","name":"Deveho Consulting Group","url":"https:\/\/deveho.com\/","logo":{"@type":"ImageObject","inLanguage":"sk-SK","@id":"https:\/\/deveho.com\/#\/schema\/logo\/image\/","url":"https:\/\/deveho.com\/wp-content\/uploads\/2023\/02\/DEVEHO-LOGO-Baseline-COLOR.png","contentUrl":"https:\/\/deveho.com\/wp-content\/uploads\/2023\/02\/DEVEHO-LOGO-Baseline-COLOR.png","width":2251,"height":585,"caption":"Deveho Consulting Group"},"image":{"@id":"https:\/\/deveho.com\/#\/schema\/logo\/image\/"},"sameAs":["https:\/\/www.facebook.com\/deveho","https:\/\/x.com\/Deveho1","https:\/\/www.linkedin.com\/company\/deveho-consulting\/"]}]}},"_links":{"self":[{"href":"https:\/\/deveho.com\/sk\/wp-json\/wp\/v2\/pages\/9564"}],"collection":[{"href":"https:\/\/deveho.com\/sk\/wp-json\/wp\/v2\/pages"}],"about":[{"href":"https:\/\/deveho.com\/sk\/wp-json\/wp\/v2\/types\/page"}],"author":[{"embeddable":true,"href":"https:\/\/deveho.com\/sk\/wp-json\/wp\/v2\/users\/3"}],"replies":[{"embeddable":true,"href":"https:\/\/deveho.com\/sk\/wp-json\/wp\/v2\/comments?post=9564"}],"version-history":[{"count":2,"href":"https:\/\/deveho.com\/sk\/wp-json\/wp\/v2\/pages\/9564\/revisions"}],"predecessor-version":[{"id":43367,"href":"https:\/\/deveho.com\/sk\/wp-json\/wp\/v2\/pages\/9564\/revisions\/43367"}],"up":[{"embeddable":true,"href":"https:\/\/deveho.com\/sk\/wp-json\/wp\/v2\/pages\/10284"}],"wp:attachment":[{"href":"https:\/\/deveho.com\/sk\/wp-json\/wp\/v2\/media?parent=9564"}],"curies":[{"name":"wp","href":"https:\/\/api.w.org\/{rel}","templated":true}]}}