{"id":9651,"date":"2022-04-04T15:21:02","date_gmt":"2022-04-04T15:21:02","guid":{"rendered":"https:\/\/deveho2.sfdbeta.be\/sage-x3-marketplace-isv\/sage-eloficash\/"},"modified":"2023-09-28T16:17:34","modified_gmt":"2023-09-28T14:17:34","slug":"sage-eloficash","status":"publish","type":"page","link":"https:\/\/deveho.com\/sk\/produkty\/sage-x3-marketplace\/sage-eloficash\/","title":{"rendered":"Sage Eloficash"},"content":{"rendered":"<br \/>\n<h2><\/h2>\n<h3>Optimalizujte svoje poh\u013ead\u00e1vky<\/h3>\n<h3>Ergonomick\u00e9, bezpe\u010dn\u00e9, kolaborat\u00edvne a intuit\u00edvne rie\u0161enie Sage Eloficash automatizuje v\u0161etky va\u0161e \u010dinnosti a u\u013eah\u010duje rozhodovanie s cie\u013eom zlep\u0161i\u0165 v\u00fdkonnos\u0165 a ziskovos\u0165. <\/h3>\n<p><p>Rie\u0161enie Sage Eloficash, ktor\u00e9 je doplnen\u00e9 skuto\u010dn\u00fdm funk\u010dn\u00fdm bohatstvom, je skuto\u010dn\u00fdm finan\u010dn\u00fdm CRM, pokr\u00fdva v\u0161etky procesy riadenia pracov\u00edsk z\u00e1kazn\u00edkov, od centraliz\u00e1cie s\u00faborov z\u00e1kazn\u00edkov, anal\u00fdzy v re\u00e1lnom \u010dase a personalizovan\u00fdch a konsolidovan\u00fdch informa\u010dn\u00fdch panelov a\u017e po u\u013eah\u010denie rie\u0161enia sporov.<\/p>\n<p>V\u010faka komplexn\u00e9mu poh\u013eadu na cyklus spr\u00e1vy poh\u013ead\u00e1vok je tok inform\u00e1ci\u00ed plynulej\u0161\u00ed, v\u0161etky va\u0161e procesy s\u00fa spo\u013eahlivej\u0161ie a skracuje sa cyklus vym\u00e1hania hotovosti.<\/p>\n<\/p>\n<h2><\/h2>\n<h3> <red>V\u00fdhody <\/red>slu\u017eby Sage Eloficash<\/h3>\n<h3><\/h3>\n<ul>\n<li>Prierezov\u00fd pr\u00edstup k spolo\u010dnosti a 360\u00b0 poh\u013ead na spr\u00e1vu poh\u013ead\u00e1vok<\/li>\n<li>Lok\u00e1lna integr\u00e1cia so SAGE X3, SAGE FRP 1000<\/li>\n<li>V\u00fdznamn\u00e9 zn\u00ed\u017eenie DSO<\/li>\n<li>Riadiace panely s viacrozmern\u00fdmi anal\u00fdzami<\/li>\n<li>Optimalizovan\u00e9 scen\u00e1re upomienok prisp\u00f4soben\u00e9 ka\u017ed\u00e9mu typu z\u00e1kazn\u00edka<\/li>\n<li>S\u00falad s bezpe\u010dnostn\u00fdmi normami OWASP<\/li>\n<li>Funk\u010dn\u00e1 a \u0161truktur\u00e1lna \u0161k\u00e1lovate\u013enos\u0165 bez objemov\u00fdch obmedzen\u00ed<\/li>\n<li>Syst\u00e9m varovania na predv\u00eddanie a riadenie \u00faverov\u00e9ho rizika<\/li>\n<li>Pr\u00edstup pod\u013ea profilov pou\u017e\u00edvate\u013eov a prisp\u00f4sobenie obrazovky<\/li>\n<li>Pou\u017e\u00edvanie mobiln\u00fdch zariaden\u00ed (smartf\u00f3n, tablet)<\/li>\n<\/ul>\n<h2> <red>Hlavn\u00e9 funkcie<\/red>aplik\u00e1cie Sage Eloficash<\/h2>\n<h3><\/h3>\n<p><p>Rie\u0161enie s viacer\u00fdmi jazykmi, viacer\u00fdmi datab\u00e1zami, viacer\u00fdmi subjektmi, viacer\u00fdmi menami, viacer\u00fdmi pou\u017e\u00edvate\u013emi a viacer\u00fdmi rel\u00e1ciami.<\/p>\n<\/p>\n<h3><\/h3>\n<p><p>Prisp\u00f4sobite\u013en\u00e9 informa\u010dn\u00e9 panely pod\u013ea profilu pou\u017e\u00edvate\u013ea.<\/p>\n<\/p>\n<h3><\/h3>\n<p><p>Multidimenzion\u00e1lna anal\u00fdza.<\/p>\n<\/p>\n<h3><\/h3>\n<p><p>Anal\u00fdza s bodovan\u00edm a hodnoten\u00edm.<\/p>\n<\/p>\n<h3><\/h3>\n<p><p>Integr\u00e1cia extern\u00fdch finan\u010dn\u00fdch \u00fadajov.<\/p>\n<\/p>\n<h3><\/h3>\n<p><p>Intern\u00fd editor zost\u00e1v (dynamick\u00e9 zostavy, vytv\u00e1ranie, prisp\u00f4sobovanie a pl\u00e1novan\u00e9 odosielanie zost\u00e1v).<\/p>\n<\/p>\n<h2><\/h2>\n<h3>S\u00favisiace Str\u00e1nky<\/h3>\n<\/p>\n<h3><\/h3>\n<\/p>\n<h3><\/h3><\/p>\n","protected":false},"excerpt":{"rendered":"<p>Aenean eu leo quam. Pellentesque ornare sem lacinia quam venenatis vestibulum. Morbi leo risus, porta ac.<\/p>\n","protected":false},"author":3,"featured_media":0,"parent":9565,"menu_order":0,"comment_status":"closed","ping_status":"closed","template":"templates\/template-prod_serv.php","meta":{"_acf_changed":false,"footnotes":""},"class_list":["post-9651","page","type-page","status-publish","hentry"],"acf":[],"yoast_head":"<!-- This site is optimized with the Yoast SEO plugin v23.5 - https:\/\/yoast.com\/wordpress\/plugins\/seo\/ -->\n<title>Sage Eloficash - Deveho<\/title>\n<meta name=\"robots\" content=\"index, follow, max-snippet:-1, max-image-preview:large, max-video-preview:-1\" \/>\n<link rel=\"canonical\" href=\"https:\/\/deveho.com\/sk\/produkty\/sage-x3-marketplace\/sage-eloficash\/\" \/>\n<meta property=\"og:locale\" content=\"sk_SK\" \/>\n<meta property=\"og:type\" content=\"article\" \/>\n<meta property=\"og:title\" content=\"Sage Eloficash - Deveho\" \/>\n<meta property=\"og:description\" content=\"Aenean eu leo quam. Pellentesque ornare sem lacinia quam venenatis vestibulum. Morbi leo risus, porta ac.\" \/>\n<meta property=\"og:url\" content=\"https:\/\/deveho.com\/sk\/produkty\/sage-x3-marketplace\/sage-eloficash\/\" \/>\n<meta property=\"og:site_name\" content=\"Deveho\" \/>\n<meta property=\"article:publisher\" content=\"https:\/\/www.facebook.com\/deveho\" \/>\n<meta property=\"article:modified_time\" content=\"2023-09-28T14:17:34+00:00\" \/>\n<meta name=\"twitter:card\" content=\"summary_large_image\" \/>\n<meta name=\"twitter:site\" content=\"@Deveho1\" \/>\n<meta name=\"twitter:label1\" content=\"Predpokladan\u00fd \u010das \u010d\u00edtania\" \/>\n\t<meta name=\"twitter:data1\" content=\"1 min\u00fata\" \/>\n<script type=\"application\/ld+json\" class=\"yoast-schema-graph\">{\"@context\":\"https:\/\/schema.org\",\"@graph\":[{\"@type\":\"WebPage\",\"@id\":\"https:\/\/deveho.com\/sk\/produkty\/sage-x3-marketplace\/sage-eloficash\/\",\"url\":\"https:\/\/deveho.com\/sk\/produkty\/sage-x3-marketplace\/sage-eloficash\/\",\"name\":\"Sage Eloficash - Deveho\",\"isPartOf\":{\"@id\":\"https:\/\/deveho.com\/#website\"},\"datePublished\":\"2022-04-04T15:21:02+00:00\",\"dateModified\":\"2023-09-28T14:17:34+00:00\",\"breadcrumb\":{\"@id\":\"https:\/\/deveho.com\/sk\/produkty\/sage-x3-marketplace\/sage-eloficash\/#breadcrumb\"},\"inLanguage\":\"sk-SK\",\"potentialAction\":[{\"@type\":\"ReadAction\",\"target\":[\"https:\/\/deveho.com\/sk\/produkty\/sage-x3-marketplace\/sage-eloficash\/\"]}]},{\"@type\":\"BreadcrumbList\",\"@id\":\"https:\/\/deveho.com\/sk\/produkty\/sage-x3-marketplace\/sage-eloficash\/#breadcrumb\",\"itemListElement\":[{\"@type\":\"ListItem\",\"position\":1,\"name\":\"Home\",\"item\":\"https:\/\/deveho.com\/sk\/\"},{\"@type\":\"ListItem\",\"position\":2,\"name\":\"Produkty\",\"item\":\"https:\/\/deveho.com\/sk\/produkty\/\"},{\"@type\":\"ListItem\",\"position\":3,\"name\":\"Sage X3 Marketplace\",\"item\":\"https:\/\/deveho.com\/sk\/produkty\/sage-x3-marketplace\/\"},{\"@type\":\"ListItem\",\"position\":4,\"name\":\"Sage Eloficash\"}]},{\"@type\":\"WebSite\",\"@id\":\"https:\/\/deveho.com\/#website\",\"url\":\"https:\/\/deveho.com\/\",\"name\":\"Deveho Consulting Group\",\"description\":\"Let\u2019s boost your growth\",\"publisher\":{\"@id\":\"https:\/\/deveho.com\/#organization\"},\"potentialAction\":[{\"@type\":\"SearchAction\",\"target\":{\"@type\":\"EntryPoint\",\"urlTemplate\":\"https:\/\/deveho.com\/?s={search_term_string}\"},\"query-input\":{\"@type\":\"PropertyValueSpecification\",\"valueRequired\":true,\"valueName\":\"search_term_string\"}}],\"inLanguage\":\"sk-SK\"},{\"@type\":\"Organization\",\"@id\":\"https:\/\/deveho.com\/#organization\",\"name\":\"Deveho Consulting Group\",\"url\":\"https:\/\/deveho.com\/\",\"logo\":{\"@type\":\"ImageObject\",\"inLanguage\":\"sk-SK\",\"@id\":\"https:\/\/deveho.com\/#\/schema\/logo\/image\/\",\"url\":\"https:\/\/deveho.com\/wp-content\/uploads\/2023\/02\/DEVEHO-LOGO-Baseline-COLOR.png\",\"contentUrl\":\"https:\/\/deveho.com\/wp-content\/uploads\/2023\/02\/DEVEHO-LOGO-Baseline-COLOR.png\",\"width\":2251,\"height\":585,\"caption\":\"Deveho Consulting Group\"},\"image\":{\"@id\":\"https:\/\/deveho.com\/#\/schema\/logo\/image\/\"},\"sameAs\":[\"https:\/\/www.facebook.com\/deveho\",\"https:\/\/x.com\/Deveho1\",\"https:\/\/www.linkedin.com\/company\/deveho-consulting\/\"]}]}<\/script>\n<!-- \/ Yoast SEO plugin. -->","yoast_head_json":{"title":"Sage Eloficash - Deveho","robots":{"index":"index","follow":"follow","max-snippet":"max-snippet:-1","max-image-preview":"max-image-preview:large","max-video-preview":"max-video-preview:-1"},"canonical":"https:\/\/deveho.com\/sk\/produkty\/sage-x3-marketplace\/sage-eloficash\/","og_locale":"sk_SK","og_type":"article","og_title":"Sage Eloficash - Deveho","og_description":"Aenean eu leo quam. Pellentesque ornare sem lacinia quam venenatis vestibulum. Morbi leo risus, porta ac.","og_url":"https:\/\/deveho.com\/sk\/produkty\/sage-x3-marketplace\/sage-eloficash\/","og_site_name":"Deveho","article_publisher":"https:\/\/www.facebook.com\/deveho","article_modified_time":"2023-09-28T14:17:34+00:00","twitter_card":"summary_large_image","twitter_site":"@Deveho1","twitter_misc":{"Predpokladan\u00fd \u010das \u010d\u00edtania":"1 min\u00fata"},"schema":{"@context":"https:\/\/schema.org","@graph":[{"@type":"WebPage","@id":"https:\/\/deveho.com\/sk\/produkty\/sage-x3-marketplace\/sage-eloficash\/","url":"https:\/\/deveho.com\/sk\/produkty\/sage-x3-marketplace\/sage-eloficash\/","name":"Sage Eloficash - Deveho","isPartOf":{"@id":"https:\/\/deveho.com\/#website"},"datePublished":"2022-04-04T15:21:02+00:00","dateModified":"2023-09-28T14:17:34+00:00","breadcrumb":{"@id":"https:\/\/deveho.com\/sk\/produkty\/sage-x3-marketplace\/sage-eloficash\/#breadcrumb"},"inLanguage":"sk-SK","potentialAction":[{"@type":"ReadAction","target":["https:\/\/deveho.com\/sk\/produkty\/sage-x3-marketplace\/sage-eloficash\/"]}]},{"@type":"BreadcrumbList","@id":"https:\/\/deveho.com\/sk\/produkty\/sage-x3-marketplace\/sage-eloficash\/#breadcrumb","itemListElement":[{"@type":"ListItem","position":1,"name":"Home","item":"https:\/\/deveho.com\/sk\/"},{"@type":"ListItem","position":2,"name":"Produkty","item":"https:\/\/deveho.com\/sk\/produkty\/"},{"@type":"ListItem","position":3,"name":"Sage X3 Marketplace","item":"https:\/\/deveho.com\/sk\/produkty\/sage-x3-marketplace\/"},{"@type":"ListItem","position":4,"name":"Sage Eloficash"}]},{"@type":"WebSite","@id":"https:\/\/deveho.com\/#website","url":"https:\/\/deveho.com\/","name":"Deveho Consulting Group","description":"Let\u2019s boost your growth","publisher":{"@id":"https:\/\/deveho.com\/#organization"},"potentialAction":[{"@type":"SearchAction","target":{"@type":"EntryPoint","urlTemplate":"https:\/\/deveho.com\/?s={search_term_string}"},"query-input":{"@type":"PropertyValueSpecification","valueRequired":true,"valueName":"search_term_string"}}],"inLanguage":"sk-SK"},{"@type":"Organization","@id":"https:\/\/deveho.com\/#organization","name":"Deveho Consulting Group","url":"https:\/\/deveho.com\/","logo":{"@type":"ImageObject","inLanguage":"sk-SK","@id":"https:\/\/deveho.com\/#\/schema\/logo\/image\/","url":"https:\/\/deveho.com\/wp-content\/uploads\/2023\/02\/DEVEHO-LOGO-Baseline-COLOR.png","contentUrl":"https:\/\/deveho.com\/wp-content\/uploads\/2023\/02\/DEVEHO-LOGO-Baseline-COLOR.png","width":2251,"height":585,"caption":"Deveho Consulting Group"},"image":{"@id":"https:\/\/deveho.com\/#\/schema\/logo\/image\/"},"sameAs":["https:\/\/www.facebook.com\/deveho","https:\/\/x.com\/Deveho1","https:\/\/www.linkedin.com\/company\/deveho-consulting\/"]}]}},"_links":{"self":[{"href":"https:\/\/deveho.com\/sk\/wp-json\/wp\/v2\/pages\/9651"}],"collection":[{"href":"https:\/\/deveho.com\/sk\/wp-json\/wp\/v2\/pages"}],"about":[{"href":"https:\/\/deveho.com\/sk\/wp-json\/wp\/v2\/types\/page"}],"author":[{"embeddable":true,"href":"https:\/\/deveho.com\/sk\/wp-json\/wp\/v2\/users\/3"}],"replies":[{"embeddable":true,"href":"https:\/\/deveho.com\/sk\/wp-json\/wp\/v2\/comments?post=9651"}],"version-history":[{"count":0,"href":"https:\/\/deveho.com\/sk\/wp-json\/wp\/v2\/pages\/9651\/revisions"}],"up":[{"embeddable":true,"href":"https:\/\/deveho.com\/sk\/wp-json\/wp\/v2\/pages\/9565"}],"wp:attachment":[{"href":"https:\/\/deveho.com\/sk\/wp-json\/wp\/v2\/media?parent=9651"}],"curies":[{"name":"wp","href":"https:\/\/api.w.org\/{rel}","templated":true}]}}